{"id":229,"date":"2022-01-17T12:33:27","date_gmt":"2022-01-17T15:33:27","guid":{"rendered":"https:\/\/adesampa.com.br\/vaitec7\/?page_id=229"},"modified":"2024-02-09T14:45:01","modified_gmt":"2024-02-09T17:45:01","slug":"sobre","status":"publish","type":"page","link":"https:\/\/adesampa.com.br\/vaitec9\/sobre\/","title":{"rendered":"Sobre"},"content":{"rendered":"\t\t<div data-elementor-type=\"wp-page\" data-elementor-id=\"229\" class=\"elementor elementor-229\">\n\t\t\t\t\t\t<section class=\"elementor-section elementor-top-section elementor-element elementor-element-ea81bea elementor-section-boxed elementor-section-height-default elementor-section-height-default\" data-id=\"ea81bea\" data-element_type=\"section\">\n\t\t\t\t\t\t<div class=\"elementor-container elementor-column-gap-default\">\n\t\t\t\t\t<div class=\"elementor-column elementor-col-100 elementor-top-column elementor-element elementor-element-bb027cb\" data-id=\"bb027cb\" data-element_type=\"column\">\n\t\t\t<div class=\"elementor-widget-wrap elementor-element-populated\">\n\t\t\t\t\t\t<div class=\"elementor-element elementor-element-7d11edc elementor-widget elementor-widget-spacer\" data-id=\"7d11edc\" data-element_type=\"widget\" data-widget_type=\"spacer.default\">\n\t\t\t\t<div class=\"elementor-widget-container\">\n\t\t\t\t\t\t\t<div class=\"elementor-spacer\">\n\t\t\t<div class=\"elementor-spacer-inner\"><\/div>\n\t\t<\/div>\n\t\t\t\t\t\t<\/div>\n\t\t\t\t<\/div>\n\t\t\t\t<div class=\"elementor-element elementor-element-8517731 elementor-widget elementor-widget-text-editor\" data-id=\"8517731\" data-element_type=\"widget\" data-widget_type=\"text-editor.default\">\n\t\t\t\t<div class=\"elementor-widget-container\">\n\t\t\t\t\t\t\t\t\t<h3><span style=\"color: #9b5fff;\"><em>A<b>\u00a0nona edi\u00e7\u00e3o<\/b><\/em><\/span><\/h3><p><span style=\"font-weight: 400;\">O Programa de Valoriza\u00e7\u00e3o de Iniciativas Tecnol\u00f3gicas (VAI TEC) auxilia empreendedores perif\u00e9ricos a desenvolver, validar e impulsionar empreendimentos inovadores e que utilizem tecnologia como parte essencial do modelo de neg\u00f3cio, com potencial de desenvolvimento local e a gera\u00e7\u00e3o de emprego e renda nas periferias da cidade de S\u00e3o Paulo.\u00a0<\/span><\/p><p><span style=\"font-weight: 400;\">Na 9\u00aa (nona) edi\u00e7\u00e3o, o VAI TEC vai selecionar at\u00e9 25 (vinte e quatro) neg\u00f3cios das regi\u00f5es perif\u00e9ricas da Cidade de S\u00e3o Paulo,\u00a0 indicadas no edital do Programa\u00a0 para uma acelera\u00e7\u00e3o de 6 (seis) meses com oficinas de capacita\u00e7\u00e3o, assessorias individuais, encontros de networking e possibilidade de participa\u00e7\u00e3o em eventos nacionais e internacionais, al\u00e9m de um aporte financeiro de R$45.000,00 (quarenta e cinco mil reais) para cada um dos neg\u00f3cios selecionados.<\/span><\/p><p><span style=\"font-weight: 400;\">Para participar do processo seletivo, os neg\u00f3cios devem utilizar tecnologia como parte essencial do modelo de neg\u00f3cioo, ferramentas e t\u00e9cnicas, derivados da ci\u00eancia e da experi\u00eancia pr\u00e1tica, que \u00e9 usado no desenvolvimento, projeto, produ\u00e7\u00e3o, e aplica\u00e7\u00e3o de produtos, processos, sistemas e servi\u00e7os. As tecnologias aplicadas s\u00e3o da Informa\u00e7\u00e3o e Comunica\u00e7\u00e3o (TIC), Sociais, Ambiental e de Processos.<\/span><\/p><p><span style=\"font-weight: 400;\">Cada equipe selecionada dever\u00e1 ser composta por, 2 (dois) integrantes, que dever\u00e3o participar de, no m\u00ednimo, 85% (oitenta e cinco por cento) das todas atividades propostas pelo programa (cada). Ambos precisam ser maiores de\u00a0 18 (dezoito) anos no ato da inscri\u00e7\u00e3o e residir na cidade de S\u00e3o Paulo a, no m\u00ednimo, 2 (dois) anos, em uma das regi\u00f5es indicadas no edital.\u00a0\u00a0<\/span><\/p><p><span style=\"font-weight: 400;\">O aporte financeiro dever\u00e1 ser utilizado conforme orienta\u00e7\u00f5es recebidas durante as assessorias a fim de melhorar os processos produtivos, tais como: compra de equipamentos, investimento em m\u00e3o-de-obra especializada, marketing e comunica\u00e7\u00e3o e outros tipos de gastos conforme as necessidades surgidas durante o processo de acelera\u00e7\u00e3o.<\/span><\/p><p><span style=\"font-weight: 400;\">O VAI TEC \u00e9 uma iniciativa da Prefeitura de S\u00e3o Paulo, por meio da Secretaria de Desenvolvimento Econ\u00f4mico e Trabalho, com interm\u00e9dio da Ag\u00eancia S\u00e3o Paulo de Desenvolvimento (ADE SAMPA).<\/span><\/p>\t\t\t\t\t\t\t\t<\/div>\n\t\t\t\t<\/div>\n\t\t\t\t<div class=\"elementor-element elementor-element-16b3b52 elementor-widget elementor-widget-text-editor\" data-id=\"16b3b52\" data-element_type=\"widget\" data-widget_type=\"text-editor.default\">\n\t\t\t\t<div class=\"elementor-widget-container\">\n\t\t\t\t\t\t\t\t\t<h3><span style=\"color: #9b5fff;\"><em>Realiza\u00e7\u00e3o<\/em><\/span><\/h3><p>O<strong> VAI TEC<\/strong> \u00e9 uma iniciativa da Prefeitura de S\u00e3o Paulo e executado pela ADE SAMPA, entidade ligada \u00e0 Secretaria Municipal de Desenvolvimento Econ\u00f4mico e Trabalho.<\/p><p>A <strong>ADE SAMPA<\/strong> \u2013 Ag\u00eancia S\u00e3o Paulo de Desenvolvimento \u2013 fortalece e apoia os micro e pequenos empreendedores da cidade de S\u00e3o Paulo, principalmente das periferias. Com o objetivo de atender e acompanhar essas pessoas desde o in\u00edcio de sua jornada, a Ag\u00eancia conta com atendimento personalizado e oferece cursos e treinamentos gratuitos sobre empreendedorismo para o desenvolvimento e gest\u00e3o de micro e pequenas empresas.<\/p><p>Para neg\u00f3cios mais estruturados, a <strong>ADE SAMPA<\/strong> possui programas de acelera\u00e7\u00e3o com acompanhamento completo e diversos recursos para alavancar os neg\u00f3cios selecionados. As acelera\u00e7\u00f5es trazem oficinas, mentorias, assessorias, al\u00e9m de aporte financeiro e possibilidade de participa\u00e7\u00e3o em eventos nacionais e internacionais, para fazer com que esses neg\u00f3cios se<br \/>desenvolvam, assim como seus territ\u00f3rios.<\/p><p>A <strong>ADE SAMPA<\/strong> tamb\u00e9m conta com os <strong>TEIAS<\/strong>, espa\u00e7os de trabalho gratuitos espalhados pela cidade de S\u00e3o Paulo, com toda a infraestrutura necess\u00e1ria e conte\u00fado sobre o universo empreendedor. Al\u00e9m disso, ainda possui o Sampa Cast, sala de podcast e videocast com toda a infraestrutura de grava\u00e7\u00e3o para conte\u00fados de \u00e1udio e v\u00eddeo, equipamentos profissionais e equipe t\u00e9cnica qualificada que auxilia os empreendedores paulistanos na produ\u00e7\u00e3o dos conte\u00fados.<\/p>\t\t\t\t\t\t\t\t<\/div>\n\t\t\t\t<\/div>\n\t\t\t\t\t<\/div>\n\t\t<\/div>\n\t\t\t\t\t<\/div>\n\t\t<\/section>\n\t\t\t\t<section class=\"elementor-section elementor-top-section elementor-element elementor-element-6b5dce9 elementor-section-boxed elementor-section-height-default elementor-section-height-default\" data-id=\"6b5dce9\" data-element_type=\"section\" data-settings=\"{&quot;background_background&quot;:&quot;classic&quot;}\">\n\t\t\t\t\t\t<div class=\"elementor-container elementor-column-gap-default\">\n\t\t\t\t\t<div class=\"elementor-column elementor-col-100 elementor-top-column elementor-element elementor-element-eae3d40\" data-id=\"eae3d40\" data-element_type=\"column\">\n\t\t\t<div class=\"elementor-widget-wrap elementor-element-populated\">\n\t\t\t\t\t\t<div class=\"elementor-element elementor-element-bf10f78 elementor-align-center elementor-widget elementor-widget-button\" data-id=\"bf10f78\" data-element_type=\"widget\" data-widget_type=\"button.default\">\n\t\t\t\t<div class=\"elementor-widget-container\">\n\t\t\t\t\t\t\t\t\t<div class=\"elementor-button-wrapper\">\n\t\t\t\t\t<a class=\"elementor-button elementor-button-link elementor-size-lg\" href=\"https:\/\/adesampa.com.br\/\">\n\t\t\t\t\t\t<span class=\"elementor-button-content-wrapper\">\n\t\t\t\t\t\t\t\t\t<span class=\"elementor-button-text\">ADE SAMPA<\/span>\n\t\t\t\t\t<\/span>\n\t\t\t\t\t<\/a>\n\t\t\t\t<\/div>\n\t\t\t\t\t\t\t\t<\/div>\n\t\t\t\t<\/div>\n\t\t\t\t\t<\/div>\n\t\t<\/div>\n\t\t\t\t\t<\/div>\n\t\t<\/section>\n\t\t\t\t<\/div>\n\t\t","protected":false},"excerpt":{"rendered":"<p>A\u00a0nona edi\u00e7\u00e3o O Programa de Valoriza\u00e7\u00e3o de Iniciativas Tecnol\u00f3gicas (VAI TEC) auxilia empreendedores perif\u00e9ricos a desenvolver, validar e impulsionar empreendimentos inovadores e que utilizem tecnologia como parte essencial do modelo de neg\u00f3cio, com potencial de desenvolvimento local e a gera\u00e7\u00e3o de emprego e renda nas periferias da cidade de S\u00e3o Paulo.\u00a0 Na 9\u00aa (nona) edi\u00e7\u00e3o,<\/p><\/div>\n<div class=\"blog-btn\"><a href=\"https:\/\/adesampa.com.br\/vaitec9\/sobre\/\" class=\"home-blog-btn\">Ler mais<\/a><\/p>\n","protected":false},"author":1,"featured_media":0,"parent":0,"menu_order":0,"comment_status":"closed","ping_status":"closed","template":"elementor_header_footer","meta":{"_monsterinsights_skip_tracking":false,"_monsterinsights_sitenote_active":false,"_monsterinsights_sitenote_note":"","_monsterinsights_sitenote_category":0,"footnotes":""},"class_list":["post-229","page","type-page","status-publish","hentry"],"_links":{"self":[{"href":"https:\/\/adesampa.com.br\/vaitec9\/wp-json\/wp\/v2\/pages\/229","targetHints":{"allow":["GET"]}}],"collection":[{"href":"https:\/\/adesampa.com.br\/vaitec9\/wp-json\/wp\/v2\/pages"}],"about":[{"href":"https:\/\/adesampa.com.br\/vaitec9\/wp-json\/wp\/v2\/types\/page"}],"author":[{"embeddable":true,"href":"https:\/\/adesampa.com.br\/vaitec9\/wp-json\/wp\/v2\/users\/1"}],"replies":[{"embeddable":true,"href":"https:\/\/adesampa.com.br\/vaitec9\/wp-json\/wp\/v2\/comments?post=229"}],"version-history":[{"count":28,"href":"https:\/\/adesampa.com.br\/vaitec9\/wp-json\/wp\/v2\/pages\/229\/revisions"}],"predecessor-version":[{"id":1377,"href":"https:\/\/adesampa.com.br\/vaitec9\/wp-json\/wp\/v2\/pages\/229\/revisions\/1377"}],"wp:attachment":[{"href":"https:\/\/adesampa.com.br\/vaitec9\/wp-json\/wp\/v2\/media?parent=229"}],"curies":[{"name":"wp","href":"https:\/\/api.w.org\/{rel}","templated":true}]}}