{"id":211,"date":"2022-01-17T12:20:03","date_gmt":"2022-01-17T15:20:03","guid":{"rendered":"https:\/\/adesampa.com.br\/vaitec7\/?page_id=211"},"modified":"2024-02-27T16:27:13","modified_gmt":"2024-02-27T19:27:13","slug":"documentos","status":"publish","type":"page","link":"https:\/\/adesampa.com.br\/vaitec9\/documentos\/","title":{"rendered":"Documentos"},"content":{"rendered":"\t\t<div data-elementor-type=\"wp-page\" data-elementor-id=\"211\" class=\"elementor elementor-211\">\n\t\t\t\t\t\t<section class=\"elementor-section elementor-top-section elementor-element elementor-element-9ff3f16 elementor-section-boxed elementor-section-height-default elementor-section-height-default\" data-id=\"9ff3f16\" data-element_type=\"section\">\n\t\t\t\t\t\t<div class=\"elementor-container elementor-column-gap-default\">\n\t\t\t\t\t<div class=\"elementor-column elementor-col-100 elementor-top-column elementor-element elementor-element-eb3ec04\" data-id=\"eb3ec04\" data-element_type=\"column\">\n\t\t\t<div class=\"elementor-widget-wrap elementor-element-populated\">\n\t\t\t\t\t\t<div class=\"elementor-element elementor-element-4e64af8 elementor-widget elementor-widget-spacer\" data-id=\"4e64af8\" data-element_type=\"widget\" data-widget_type=\"spacer.default\">\n\t\t\t\t<div class=\"elementor-widget-container\">\n\t\t\t\t\t\t\t<div class=\"elementor-spacer\">\n\t\t\t<div class=\"elementor-spacer-inner\"><\/div>\n\t\t<\/div>\n\t\t\t\t\t\t<\/div>\n\t\t\t\t<\/div>\n\t\t\t\t<div class=\"elementor-element elementor-element-1d2bd6d elementor-widget elementor-widget-text-editor\" data-id=\"1d2bd6d\" data-element_type=\"widget\" data-widget_type=\"text-editor.default\">\n\t\t\t\t<div class=\"elementor-widget-container\">\n\t\t\t\t\t\t\t\t\t<p>Planilha Or\u00e7ament\u00e1ria: <strong><span style=\"color: #0000ff;\"><a style=\"color: #0000ff;\" href=\"https:\/\/vaitec9.adesampa.com.br\/wp-content\/uploads\/2024\/02\/Planilha-orcamentaria-VAI-TEC-09.xlsx\">Clique aqui<\/a><\/span><\/strong><\/p><p>Formul\u00e1rio do Neg\u00f3cio: <a href=\"https:\/\/vaitec9.adesampa.com.br\/wp-content\/uploads\/2024\/02\/Formulario-do-negocio-VAI-TEC-09.pdf\"><span style=\"color: #0000ff;\"><strong>Clique aqui<\/strong><\/span><\/a><\/p><p>Declara\u00e7\u00e3o Complementar de Resid\u00eancia: <a href=\"https:\/\/vaitec9.adesampa.com.br\/wp-content\/uploads\/2024\/02\/Declaracao-complementar-de-residencia-VAI-TEC-09.pdf\"><span style=\"color: #0000ff;\"><strong>Clique aqui<\/strong><\/span><\/a><\/p>\t\t\t\t\t\t\t\t<\/div>\n\t\t\t\t<\/div>\n\t\t\t\t<div class=\"elementor-element elementor-element-b0ae3fc elementor-widget elementor-widget-spacer\" data-id=\"b0ae3fc\" data-element_type=\"widget\" data-widget_type=\"spacer.default\">\n\t\t\t\t<div class=\"elementor-widget-container\">\n\t\t\t\t\t\t\t<div class=\"elementor-spacer\">\n\t\t\t<div class=\"elementor-spacer-inner\"><\/div>\n\t\t<\/div>\n\t\t\t\t\t\t<\/div>\n\t\t\t\t<\/div>\n\t\t\t\t\t<\/div>\n\t\t<\/div>\n\t\t\t\t\t<\/div>\n\t\t<\/section>\n\t\t\t\t<\/div>\n\t\t","protected":false},"excerpt":{"rendered":"<p>Planilha Or\u00e7ament\u00e1ria: Clique aqui Formul\u00e1rio do Neg\u00f3cio: Clique aqui Declara\u00e7\u00e3o Complementar de Resid\u00eancia: Clique aqui<\/p>\n","protected":false},"author":1,"featured_media":0,"parent":0,"menu_order":0,"comment_status":"closed","ping_status":"closed","template":"elementor_header_footer","meta":{"_monsterinsights_skip_tracking":false,"_monsterinsights_sitenote_active":false,"_monsterinsights_sitenote_note":"","_monsterinsights_sitenote_category":0,"footnotes":""},"class_list":["post-211","page","type-page","status-publish","hentry"],"_links":{"self":[{"href":"https:\/\/adesampa.com.br\/vaitec9\/wp-json\/wp\/v2\/pages\/211","targetHints":{"allow":["GET"]}}],"collection":[{"href":"https:\/\/adesampa.com.br\/vaitec9\/wp-json\/wp\/v2\/pages"}],"about":[{"href":"https:\/\/adesampa.com.br\/vaitec9\/wp-json\/wp\/v2\/types\/page"}],"author":[{"embeddable":true,"href":"https:\/\/adesampa.com.br\/vaitec9\/wp-json\/wp\/v2\/users\/1"}],"replies":[{"embeddable":true,"href":"https:\/\/adesampa.com.br\/vaitec9\/wp-json\/wp\/v2\/comments?post=211"}],"version-history":[{"count":13,"href":"https:\/\/adesampa.com.br\/vaitec9\/wp-json\/wp\/v2\/pages\/211\/revisions"}],"predecessor-version":[{"id":1387,"href":"https:\/\/adesampa.com.br\/vaitec9\/wp-json\/wp\/v2\/pages\/211\/revisions\/1387"}],"wp:attachment":[{"href":"https:\/\/adesampa.com.br\/vaitec9\/wp-json\/wp\/v2\/media?parent=211"}],"curies":[{"name":"wp","href":"https:\/\/api.w.org\/{rel}","templated":true}]}}