{"id":229,"date":"2022-01-17T12:33:27","date_gmt":"2022-01-17T15:33:27","guid":{"rendered":"https:\/\/adesampa.com.br\/vaitec7\/?page_id=229"},"modified":"2023-01-13T12:03:15","modified_gmt":"2023-01-13T15:03:15","slug":"sobre","status":"publish","type":"page","link":"https:\/\/adesampa.com.br\/vaitec8\/sobre\/","title":{"rendered":"Sobre"},"content":{"rendered":"\t\t<div data-elementor-type=\"wp-page\" data-elementor-id=\"229\" class=\"elementor elementor-229\">\n\t\t\t\t\t\t\t\t\t<section class=\"elementor-section elementor-top-section elementor-element elementor-element-ea81bea elementor-section-boxed elementor-section-height-default elementor-section-height-default\" data-id=\"ea81bea\" data-element_type=\"section\">\n\t\t\t\t\t\t<div class=\"elementor-container elementor-column-gap-default\">\n\t\t\t\t\t<div class=\"elementor-column elementor-col-100 elementor-top-column elementor-element elementor-element-bb027cb\" data-id=\"bb027cb\" data-element_type=\"column\">\n\t\t\t<div class=\"elementor-widget-wrap elementor-element-populated\">\n\t\t\t\t\t\t\t\t<div class=\"elementor-element elementor-element-7d11edc elementor-widget elementor-widget-spacer\" data-id=\"7d11edc\" data-element_type=\"widget\" data-widget_type=\"spacer.default\">\n\t\t\t\t<div class=\"elementor-widget-container\">\n\t\t\t<style>\/*! elementor - v3.18.0 - 20-12-2023 *\/\n.elementor-column .elementor-spacer-inner{height:var(--spacer-size)}.e-con{--container-widget-width:100%}.e-con-inner>.elementor-widget-spacer,.e-con>.elementor-widget-spacer{width:var(--container-widget-width,var(--spacer-size));--align-self:var(--container-widget-align-self,initial);--flex-shrink:0}.e-con-inner>.elementor-widget-spacer>.elementor-widget-container,.e-con>.elementor-widget-spacer>.elementor-widget-container{height:100%;width:100%}.e-con-inner>.elementor-widget-spacer>.elementor-widget-container>.elementor-spacer,.e-con>.elementor-widget-spacer>.elementor-widget-container>.elementor-spacer{height:100%}.e-con-inner>.elementor-widget-spacer>.elementor-widget-container>.elementor-spacer>.elementor-spacer-inner,.e-con>.elementor-widget-spacer>.elementor-widget-container>.elementor-spacer>.elementor-spacer-inner{height:var(--container-widget-height,var(--spacer-size))}.e-con-inner>.elementor-widget-spacer.elementor-widget-empty,.e-con>.elementor-widget-spacer.elementor-widget-empty{position:relative;min-height:22px;min-width:22px}.e-con-inner>.elementor-widget-spacer.elementor-widget-empty .elementor-widget-empty-icon,.e-con>.elementor-widget-spacer.elementor-widget-empty .elementor-widget-empty-icon{position:absolute;top:0;bottom:0;left:0;right:0;margin:auto;padding:0;width:22px;height:22px}<\/style>\t\t<div class=\"elementor-spacer\">\n\t\t\t<div class=\"elementor-spacer-inner\"><\/div>\n\t\t<\/div>\n\t\t\t\t<\/div>\n\t\t\t\t<\/div>\n\t\t\t\t<div class=\"elementor-element elementor-element-8517731 elementor-widget elementor-widget-text-editor\" data-id=\"8517731\" data-element_type=\"widget\" data-widget_type=\"text-editor.default\">\n\t\t\t\t<div class=\"elementor-widget-container\">\n\t\t\t<style>\/*! elementor - v3.18.0 - 20-12-2023 *\/\n.elementor-widget-text-editor.elementor-drop-cap-view-stacked .elementor-drop-cap{background-color:#69727d;color:#fff}.elementor-widget-text-editor.elementor-drop-cap-view-framed .elementor-drop-cap{color:#69727d;border:3px solid;background-color:transparent}.elementor-widget-text-editor:not(.elementor-drop-cap-view-default) .elementor-drop-cap{margin-top:8px}.elementor-widget-text-editor:not(.elementor-drop-cap-view-default) .elementor-drop-cap-letter{width:1em;height:1em}.elementor-widget-text-editor .elementor-drop-cap{float:left;text-align:center;line-height:1;font-size:50px}.elementor-widget-text-editor .elementor-drop-cap-letter{display:inline-block}<\/style>\t\t\t\t<h3><em>A<b> oitava edi\u00e7\u00e3o<\/b><\/em><\/h3><p><span style=\"font-weight: 400;\">O Vai Tec auxilia jovens a desenvolver, validar e impulsionar empreendimentos inovadores e que utilizem tecnologia como parte essencial do modelo de neg\u00f3cio, com potencial de desenvolvimento local e a gera\u00e7\u00e3o de emprego e renda na periferia da cidade de S\u00e3o Paulo.\u00a0<\/span><\/p><p><span style=\"font-weight: 400;\">Para participar do processo seletivo, os projetos devem atuar com a tecnologia como parte integrante do escopo de conhecimentos, ferramentas e t\u00e9cnicas, derivados da ci\u00eancia e da experi\u00eancia pr\u00e1tica, que \u00e9 usado no desenvolvimento, projeto, produ\u00e7\u00e3o, e aplica\u00e7\u00e3o de produtos, processos, sistemas e servi\u00e7os. As tecnologias aplicadas s\u00e3o da Informa\u00e7\u00e3o e Comunica\u00e7\u00e3o (TIC), Sociais, Ambiental e de Processos.<\/span><\/p><p><span style=\"font-weight: 400;\">Cada equipe selecionada dever\u00e1 ser composta por, pelo menos, dois membros, que dever\u00e3o participar de, no m\u00ednimo, 85% das todas atividades propostas pelo programa. Os proponentes\u00a0 inscritos precisam ser maiores de 18 anos e residirem em uma das regi\u00f5es indicadas no edital.\u00a0\u00a0<\/span><\/p><p><span style=\"font-weight: 400;\">O aporte financeiro dever\u00e1 ser utilizado conforme orienta\u00e7\u00e3o recebida durante as assessorias , a fim de melhorar os processos produtivos, tais como: compra de equipamentos, investimento em m\u00e3o-de-obra especializada, marketing e comunica\u00e7\u00e3o e outros tipos de gastos conforme as necessidades surgidas durante o processo de acelera\u00e7\u00e3o.<\/span><\/p><p><span style=\"font-weight: 400;\">O Vai Tec \u00e9 uma iniciativa da Prefeitura de S\u00e3o Paulo, por meio da Secretaria de Desenvolvimento Econ\u00f4mico e Trabalho, com interm\u00e9dio da Ag\u00eancia S\u00e3o Paulo de Desenvolvimento (Ade Sampa).<\/span><\/p><p>\u00a0<\/p>\t\t\t\t\t\t<\/div>\n\t\t\t\t<\/div>\n\t\t\t\t<div class=\"elementor-element elementor-element-b7f2301 elementor-widget elementor-widget-spacer\" data-id=\"b7f2301\" data-element_type=\"widget\" data-widget_type=\"spacer.default\">\n\t\t\t\t<div class=\"elementor-widget-container\">\n\t\t\t\t\t<div class=\"elementor-spacer\">\n\t\t\t<div class=\"elementor-spacer-inner\"><\/div>\n\t\t<\/div>\n\t\t\t\t<\/div>\n\t\t\t\t<\/div>\n\t\t\t\t\t<\/div>\n\t\t<\/div>\n\t\t\t\t\t\t\t<\/div>\n\t\t<\/section>\n\t\t\t\t\t\t\t<\/div>\n\t\t","protected":false},"excerpt":{"rendered":"<p>A oitava edi\u00e7\u00e3o O Vai Tec auxilia jovens a desenvolver, validar e impulsionar empreendimentos inovadores e que utilizem tecnologia como parte essencial do modelo de neg\u00f3cio, com potencial de desenvolvimento local e a gera\u00e7\u00e3o de emprego e renda na periferia da cidade de S\u00e3o Paulo.\u00a0 Para participar do processo seletivo, os projetos devem atuar com<\/p><\/div>\n<div class=\"blog-btn\"><a href=\"https:\/\/adesampa.com.br\/vaitec8\/sobre\/\" class=\"home-blog-btn\">Ler mais<\/a><\/p>\n","protected":false},"author":1,"featured_media":0,"parent":0,"menu_order":0,"comment_status":"closed","ping_status":"closed","template":"elementor_header_footer","meta":{"footnotes":""},"class_list":["post-229","page","type-page","status-publish","hentry"],"_links":{"self":[{"href":"https:\/\/adesampa.com.br\/vaitec8\/wp-json\/wp\/v2\/pages\/229","targetHints":{"allow":["GET"]}}],"collection":[{"href":"https:\/\/adesampa.com.br\/vaitec8\/wp-json\/wp\/v2\/pages"}],"about":[{"href":"https:\/\/adesampa.com.br\/vaitec8\/wp-json\/wp\/v2\/types\/page"}],"author":[{"embeddable":true,"href":"https:\/\/adesampa.com.br\/vaitec8\/wp-json\/wp\/v2\/users\/1"}],"replies":[{"embeddable":true,"href":"https:\/\/adesampa.com.br\/vaitec8\/wp-json\/wp\/v2\/comments?post=229"}],"version-history":[{"count":13,"href":"https:\/\/adesampa.com.br\/vaitec8\/wp-json\/wp\/v2\/pages\/229\/revisions"}],"predecessor-version":[{"id":650,"href":"https:\/\/adesampa.com.br\/vaitec8\/wp-json\/wp\/v2\/pages\/229\/revisions\/650"}],"wp:attachment":[{"href":"https:\/\/adesampa.com.br\/vaitec8\/wp-json\/wp\/v2\/media?parent=229"}],"curies":[{"name":"wp","href":"https:\/\/api.w.org\/{rel}","templated":true}]}}