{"id":154,"date":"2022-01-15T17:25:33","date_gmt":"2022-01-15T20:25:33","guid":{"rendered":"https:\/\/adesampa.com.br\/vaitec7\/?page_id=154"},"modified":"2023-07-20T10:09:45","modified_gmt":"2023-07-20T13:09:45","slug":"edital","status":"publish","type":"page","link":"https:\/\/adesampa.com.br\/vaitec8\/edital\/","title":{"rendered":"Edital"},"content":{"rendered":"\t\t<div data-elementor-type=\"wp-page\" data-elementor-id=\"154\" class=\"elementor elementor-154\">\n\t\t\t\t\t\t\t\t\t<section class=\"elementor-section elementor-top-section elementor-element elementor-element-1f7db77 elementor-section-boxed elementor-section-height-default elementor-section-height-default\" data-id=\"1f7db77\" data-element_type=\"section\">\n\t\t\t\t\t\t<div class=\"elementor-container elementor-column-gap-default\">\n\t\t\t\t\t<div class=\"elementor-column elementor-col-100 elementor-top-column elementor-element elementor-element-270c2f5\" data-id=\"270c2f5\" data-element_type=\"column\">\n\t\t\t<div class=\"elementor-widget-wrap elementor-element-populated\">\n\t\t\t\t\t\t\t\t<div class=\"elementor-element elementor-element-18826ca elementor-widget elementor-widget-spacer\" data-id=\"18826ca\" data-element_type=\"widget\" data-widget_type=\"spacer.default\">\n\t\t\t\t<div class=\"elementor-widget-container\">\n\t\t\t<style>\/*! elementor - v3.18.0 - 20-12-2023 *\/\n.elementor-column .elementor-spacer-inner{height:var(--spacer-size)}.e-con{--container-widget-width:100%}.e-con-inner>.elementor-widget-spacer,.e-con>.elementor-widget-spacer{width:var(--container-widget-width,var(--spacer-size));--align-self:var(--container-widget-align-self,initial);--flex-shrink:0}.e-con-inner>.elementor-widget-spacer>.elementor-widget-container,.e-con>.elementor-widget-spacer>.elementor-widget-container{height:100%;width:100%}.e-con-inner>.elementor-widget-spacer>.elementor-widget-container>.elementor-spacer,.e-con>.elementor-widget-spacer>.elementor-widget-container>.elementor-spacer{height:100%}.e-con-inner>.elementor-widget-spacer>.elementor-widget-container>.elementor-spacer>.elementor-spacer-inner,.e-con>.elementor-widget-spacer>.elementor-widget-container>.elementor-spacer>.elementor-spacer-inner{height:var(--container-widget-height,var(--spacer-size))}.e-con-inner>.elementor-widget-spacer.elementor-widget-empty,.e-con>.elementor-widget-spacer.elementor-widget-empty{position:relative;min-height:22px;min-width:22px}.e-con-inner>.elementor-widget-spacer.elementor-widget-empty .elementor-widget-empty-icon,.e-con>.elementor-widget-spacer.elementor-widget-empty .elementor-widget-empty-icon{position:absolute;top:0;bottom:0;left:0;right:0;margin:auto;padding:0;width:22px;height:22px}<\/style>\t\t<div class=\"elementor-spacer\">\n\t\t\t<div class=\"elementor-spacer-inner\"><\/div>\n\t\t<\/div>\n\t\t\t\t<\/div>\n\t\t\t\t<\/div>\n\t\t\t\t\t<\/div>\n\t\t<\/div>\n\t\t\t\t\t\t\t<\/div>\n\t\t<\/section>\n\t\t\t\t<section class=\"elementor-section elementor-top-section elementor-element elementor-element-6fcc386 elementor-section-stretched elementor-section-boxed elementor-section-height-default elementor-section-height-default\" data-id=\"6fcc386\" data-element_type=\"section\" data-settings=\"{&quot;stretch_section&quot;:&quot;section-stretched&quot;}\">\n\t\t\t\t\t\t<div class=\"elementor-container elementor-column-gap-default\">\n\t\t\t\t\t<div class=\"elementor-column elementor-col-100 elementor-top-column elementor-element elementor-element-89f575d\" data-id=\"89f575d\" data-element_type=\"column\">\n\t\t\t<div class=\"elementor-widget-wrap elementor-element-populated\">\n\t\t\t\t\t\t\t\t<div class=\"elementor-element elementor-element-6dea10a elementor-widget elementor-widget-text-editor\" data-id=\"6dea10a\" data-element_type=\"widget\" data-widget_type=\"text-editor.default\">\n\t\t\t\t<div class=\"elementor-widget-container\">\n\t\t\t<style>\/*! elementor - v3.18.0 - 20-12-2023 *\/\n.elementor-widget-text-editor.elementor-drop-cap-view-stacked .elementor-drop-cap{background-color:#69727d;color:#fff}.elementor-widget-text-editor.elementor-drop-cap-view-framed .elementor-drop-cap{color:#69727d;border:3px solid;background-color:transparent}.elementor-widget-text-editor:not(.elementor-drop-cap-view-default) .elementor-drop-cap{margin-top:8px}.elementor-widget-text-editor:not(.elementor-drop-cap-view-default) .elementor-drop-cap-letter{width:1em;height:1em}.elementor-widget-text-editor .elementor-drop-cap{float:left;text-align:center;line-height:1;font-size:50px}.elementor-widget-text-editor .elementor-drop-cap-letter{display:inline-block}<\/style>\t\t\t\t<p>Edital &#8211; <a href=\"https:\/\/adesampa.com.br\/vaitec8\/wp-content\/uploads\/2022\/12\/Edital-Vai-Tec-8.pdf\"><span style=\"color: #0000ff;\"><strong>Clique aqui<\/strong><\/span><\/a><\/p><p>Comunicado (prorroga\u00e7\u00e3o) &#8211; <a href=\"https:\/\/adesampa.com.br\/vaitec8\/wp-content\/uploads\/2023\/02\/COMUNICADO-Prorrogacao-VAITEC-8.docx.pdf\"><span style=\"color: #0000ff;\"><strong>Clique aqui<\/strong><\/span><\/a><\/p><p>Resultado (parcial) &#8211; <a href=\"https:\/\/adesampa.com.br\/vaitec8\/wp-content\/uploads\/2023\/04\/ATA-DE-REUNIAO-DA-COMISSAO-AVALIADORA-VAI-TEC-8-Vai-Tec-8.docx.pdf\"><span style=\"color: #0000ff;\"><strong>Clique aqui<\/strong><\/span><\/a><\/p><p>Comunicado (prorroga\u00e7\u00e3o &#8211; v\u00eddeos pitches) &#8211; <a href=\"https:\/\/adesampa.com.br\/vaitec8\/wp-content\/uploads\/2023\/04\/COMUNICADO_2.pdf\"><span style=\"color: #0000ff;\"><strong>Comunicado 2\u00a0<\/strong><\/span><\/a><\/p><p>Comunicado (altera\u00e7\u00e3o do cronograma) &#8211; <span style=\"color: #0000ff;\"><strong><a style=\"color: #0000ff;\" href=\"https:\/\/adesampa.com.br\/vaitec8\/wp-content\/uploads\/2023\/04\/Comunicado-03.pdf\">Comunicado 3<\/a><\/strong><\/span><\/p><p>Comunicado (cronograma das reuni\u00f5es por videoconfer\u00eancia &#8220;pitches&#8221;) &#8211; <span style=\"color: #0000ff;\"><strong><a style=\"color: #0000ff;\" href=\"https:\/\/adesampa.com.br\/vaitec8\/wp-content\/uploads\/2023\/04\/Comunicado-04v2.pdf\">Comunicado 4<\/a><\/strong><\/span><\/p><p>Resultado final &#8211;\u00a0 <span style=\"color: #0000ff;\"><strong><a style=\"color: #0000ff;\" href=\"https:\/\/adesampa.com.br\/vaitec8\/wp-content\/uploads\/2023\/05\/Comunicado-5-VAI-TEC-08.docx.pdf\">Comunicado 5<\/a><\/strong><\/span><\/p><p>Comunicado &#8211;\u00a0 <span style=\"color: #0000ff;\"><strong><a style=\"color: #0000ff;\" href=\"https:\/\/adesampa.com.br\/vaitec8\/wp-content\/uploads\/2023\/06\/Comunicado-6-VAI-TEC-08.docx.pdf\">Comunicado 6<\/a><\/strong><\/span><\/p><p>Comunicado &#8211;\u00a0\u00a0<span style=\"color: #0000ff;\"><strong><a style=\"color: #0000ff;\" href=\"https:\/\/adesampa.com.br\/vaitec8\/wp-content\/uploads\/2023\/07\/Comunicado-7-VAI-TEC-08.pdf\">Comunicado\u00a0<\/a>7<\/strong><\/span><span style=\"color: #0000ff;\"><br \/><\/span><\/p>\t\t\t\t\t\t<\/div>\n\t\t\t\t<\/div>\n\t\t\t\t\t<\/div>\n\t\t<\/div>\n\t\t\t\t\t\t\t<\/div>\n\t\t<\/section>\n\t\t\t\t<section class=\"elementor-section elementor-top-section elementor-element elementor-element-619de54 elementor-section-boxed elementor-section-height-default elementor-section-height-default\" data-id=\"619de54\" data-element_type=\"section\">\n\t\t\t\t\t\t<div class=\"elementor-container elementor-column-gap-default\">\n\t\t\t\t\t<div class=\"elementor-column elementor-col-100 elementor-top-column elementor-element elementor-element-d7c9abf\" data-id=\"d7c9abf\" data-element_type=\"column\">\n\t\t\t<div class=\"elementor-widget-wrap elementor-element-populated\">\n\t\t\t\t\t\t\t\t<div class=\"elementor-element elementor-element-f2f1548 elementor-widget elementor-widget-spacer\" data-id=\"f2f1548\" data-element_type=\"widget\" data-widget_type=\"spacer.default\">\n\t\t\t\t<div class=\"elementor-widget-container\">\n\t\t\t\t\t<div class=\"elementor-spacer\">\n\t\t\t<div class=\"elementor-spacer-inner\"><\/div>\n\t\t<\/div>\n\t\t\t\t<\/div>\n\t\t\t\t<\/div>\n\t\t\t\t\t<\/div>\n\t\t<\/div>\n\t\t\t\t\t\t\t<\/div>\n\t\t<\/section>\n\t\t\t\t\t\t\t<\/div>\n\t\t","protected":false},"excerpt":{"rendered":"<p>Edital &#8211; Clique aqui Comunicado (prorroga\u00e7\u00e3o) &#8211; Clique aqui Resultado (parcial) &#8211; Clique aqui Comunicado (prorroga\u00e7\u00e3o &#8211; v\u00eddeos pitches) &#8211; Comunicado 2\u00a0 Comunicado (altera\u00e7\u00e3o do cronograma) &#8211; Comunicado 3 Comunicado (cronograma das reuni\u00f5es por videoconfer\u00eancia &#8220;pitches&#8221;) &#8211; Comunicado 4 Resultado final &#8211;\u00a0 Comunicado 5 Comunicado &#8211;\u00a0 Comunicado 6 Comunicado &#8211;\u00a0\u00a0Comunicado\u00a07<\/p>\n","protected":false},"author":1,"featured_media":0,"parent":0,"menu_order":0,"comment_status":"closed","ping_status":"closed","template":"elementor_header_footer","meta":{"footnotes":""},"class_list":["post-154","page","type-page","status-publish","hentry"],"_links":{"self":[{"href":"https:\/\/adesampa.com.br\/vaitec8\/wp-json\/wp\/v2\/pages\/154","targetHints":{"allow":["GET"]}}],"collection":[{"href":"https:\/\/adesampa.com.br\/vaitec8\/wp-json\/wp\/v2\/pages"}],"about":[{"href":"https:\/\/adesampa.com.br\/vaitec8\/wp-json\/wp\/v2\/types\/page"}],"author":[{"embeddable":true,"href":"https:\/\/adesampa.com.br\/vaitec8\/wp-json\/wp\/v2\/users\/1"}],"replies":[{"embeddable":true,"href":"https:\/\/adesampa.com.br\/vaitec8\/wp-json\/wp\/v2\/comments?post=154"}],"version-history":[{"count":94,"href":"https:\/\/adesampa.com.br\/vaitec8\/wp-json\/wp\/v2\/pages\/154\/revisions"}],"predecessor-version":[{"id":826,"href":"https:\/\/adesampa.com.br\/vaitec8\/wp-json\/wp\/v2\/pages\/154\/revisions\/826"}],"wp:attachment":[{"href":"https:\/\/adesampa.com.br\/vaitec8\/wp-json\/wp\/v2\/media?parent=154"}],"curies":[{"name":"wp","href":"https:\/\/api.w.org\/{rel}","templated":true}]}}