{"id":229,"date":"2022-01-17T12:33:27","date_gmt":"2022-01-17T15:33:27","guid":{"rendered":"https:\/\/adesampa.com.br\/vaitec7\/?page_id=229"},"modified":"2022-01-31T11:48:21","modified_gmt":"2022-01-31T14:48:21","slug":"sobre","status":"publish","type":"page","link":"https:\/\/adesampa.com.br\/vaitec7\/sobre\/","title":{"rendered":"Sobre"},"content":{"rendered":"\t\t<div data-elementor-type=\"wp-page\" data-elementor-id=\"229\" class=\"elementor elementor-229\">\n\t\t\t\t\t\t\t\t\t<section class=\"elementor-section elementor-top-section elementor-element elementor-element-ea81bea elementor-section-boxed elementor-section-height-default elementor-section-height-default\" data-id=\"ea81bea\" data-element_type=\"section\">\n\t\t\t\t\t\t<div class=\"elementor-container elementor-column-gap-default\">\n\t\t\t\t\t<div class=\"elementor-column elementor-col-100 elementor-top-column elementor-element elementor-element-bb027cb\" data-id=\"bb027cb\" data-element_type=\"column\">\n\t\t\t<div class=\"elementor-widget-wrap elementor-element-populated\">\n\t\t\t\t\t\t\t\t<div class=\"elementor-element elementor-element-7d11edc elementor-widget elementor-widget-spacer\" data-id=\"7d11edc\" data-element_type=\"widget\" data-widget_type=\"spacer.default\">\n\t\t\t\t<div class=\"elementor-widget-container\">\n\t\t\t<style>\/*! elementor - v3.9.1 - 14-12-2022 *\/\n.elementor-column .elementor-spacer-inner{height:var(--spacer-size)}.e-con{--container-widget-width:100%}.e-con-inner>.elementor-widget-spacer,.e-con>.elementor-widget-spacer{width:var(--container-widget-width,var(--spacer-size));--align-self:var(--container-widget-align-self,initial);--flex-shrink:0}.e-con-inner>.elementor-widget-spacer>.elementor-widget-container,.e-con-inner>.elementor-widget-spacer>.elementor-widget-container>.elementor-spacer,.e-con>.elementor-widget-spacer>.elementor-widget-container,.e-con>.elementor-widget-spacer>.elementor-widget-container>.elementor-spacer{height:100%}.e-con-inner>.elementor-widget-spacer>.elementor-widget-container>.elementor-spacer>.elementor-spacer-inner,.e-con>.elementor-widget-spacer>.elementor-widget-container>.elementor-spacer>.elementor-spacer-inner{height:var(--container-widget-height,var(--spacer-size))}<\/style>\t\t<div class=\"elementor-spacer\">\n\t\t\t<div class=\"elementor-spacer-inner\"><\/div>\n\t\t<\/div>\n\t\t\t\t<\/div>\n\t\t\t\t<\/div>\n\t\t\t\t<div class=\"elementor-element elementor-element-8517731 elementor-widget elementor-widget-text-editor\" data-id=\"8517731\" data-element_type=\"widget\" data-widget_type=\"text-editor.default\">\n\t\t\t\t<div class=\"elementor-widget-container\">\n\t\t\t<style>\/*! elementor - v3.9.1 - 14-12-2022 *\/\n.elementor-widget-text-editor.elementor-drop-cap-view-stacked .elementor-drop-cap{background-color:#818a91;color:#fff}.elementor-widget-text-editor.elementor-drop-cap-view-framed .elementor-drop-cap{color:#818a91;border:3px solid;background-color:transparent}.elementor-widget-text-editor:not(.elementor-drop-cap-view-default) .elementor-drop-cap{margin-top:8px}.elementor-widget-text-editor:not(.elementor-drop-cap-view-default) .elementor-drop-cap-letter{width:1em;height:1em}.elementor-widget-text-editor .elementor-drop-cap{float:left;text-align:center;line-height:1;font-size:50px}.elementor-widget-text-editor .elementor-drop-cap-letter{display:inline-block}<\/style>\t\t\t\t<h3><em>A<b> s\u00e9tima edi\u00e7\u00e3o<\/b><\/em><\/h3><p><span style=\"font-weight: 400;\">As inscri\u00e7\u00f5es para a s\u00e9tima edi\u00e7\u00e3o do Programa de Acelera\u00e7\u00e3o VAI TEC est\u00e3o abertas at\u00e9 15 de fevereiro! Ser\u00e3o selecionados <\/span><b>24 neg\u00f3cios inovadores da quebrada<\/b><span style=\"font-weight: 400;\"> que ir\u00e3o contar com recurso financeiro de<\/span><b> R$ 39.600,00<\/b><span style=\"font-weight: 400;\">, al\u00e9m do aporte de conte\u00fado, com <\/span><b>oficinas de capacita\u00e7\u00e3o, assessorias mentorias, redes de contatos e muito mais<\/b><span style=\"font-weight: 400;\">!\u00a0<\/span><\/p><p><span style=\"font-weight: 400;\">A sele\u00e7\u00e3o dos 24 acelerados conta com <\/span><b>duas etapas<\/b><span style=\"font-weight: 400;\">: a sele\u00e7\u00e3o de 48 empresas, a partir de suas inscri\u00e7\u00f5es, e a segunda fase em que estas empresas devem apresentar <\/span><i><span style=\"font-weight: 400;\">pitches <\/span><\/i><span style=\"font-weight: 400;\">a uma comiss\u00e3o avaliadora. Ap\u00f3s isso, os 24 neg\u00f3cios mais bem avaliados s\u00e3o selecionados para a acelera\u00e7\u00e3o que est\u00e1 programada para iniciar em <\/span><b>abril de 2022<\/b><span style=\"font-weight: 400;\">.<\/span><\/p><p><b>Participa\u00e7\u00e3o online<\/b><\/p><p><span style=\"font-weight: 400;\">Devido a pandemia causada pelo coronav\u00edrus e para a seguran\u00e7a de todos, a acelera\u00e7\u00e3o vai acontecer de maneira online e remota.<\/span><\/p><p><span style=\"font-weight: 400;\">\u00c9 importante deixar claro que a participa\u00e7\u00e3o ao vivo nas atividades online \u00e9 fundamental para a intera\u00e7\u00e3o entre todos os selecionados, al\u00e9m de contar como presen\u00e7a, uma vez que \u00e9 obrigat\u00f3rio a participa\u00e7\u00e3o dos empreendedores em pelo menos<\/span><b> 85% das atividades<\/b><span style=\"font-weight: 400;\">.\u00a0<\/span><\/p><p><span style=\"font-weight: 400;\">Os proponentes poder\u00e3o participar de todas as etapas diretamente de sua casa, pelo computador ou pelo celular. Caso o (a) participante n\u00e3o tenha equipamentos ou internet dispon\u00edveis, poder\u00e1 participar se dirigindo ao coworking p\u00fablico e gratuito\u00a0 TEIA mais pr\u00f3ximo, ou acessar outros equipamentos municipais e estaduais.<\/span><\/p><p><b>O VAI TEC<\/b><\/p><p><span style=\"font-weight: 400;\">O programa VAI TEC vem para incentivar e apoiar o desenvolvimento de neg\u00f3cios inovadores e de base tecnol\u00f3gica nas periferias da cidade de S\u00e3o Paulo. Nosso objetivo \u00e9 levar o aumento do faturamento dos neg\u00f3cios apoiados pelo programa, ajudar na gera\u00e7\u00e3o de renda e empregos nos territ\u00f3rios desse neg\u00f3cios e no desenvolvimento local por meio da amplia\u00e7\u00e3o e capacita\u00e7\u00e3o das t\u00e9cnicas empreendedoras.<\/span><\/p><p><span style=\"font-weight: 400;\">Com a <\/span><span style=\"font-weight: 400;\">fragilidade <\/span><span style=\"font-weight: 400;\">econ\u00f4mica causada pela pandemia de coronav\u00edrus, a acelera\u00e7\u00e3o e o aporte financeiro te ajudam a entrar na trilha empreendedora da cidade e o aporte de conte\u00fado te d\u00e1 o conhecimento necess\u00e1rio para uma gest\u00e3o eficiente do seu neg\u00f3cio.<\/span><\/p><p><span style=\"font-weight: 400;\">Com o aporte financeiro voc\u00ea pode investir no seu neg\u00f3cio! Seja na compra de equipamentos, pagamento de equipe, investimento em marketing e comunica\u00e7\u00e3o, contrata\u00e7\u00e3o de servi\u00e7os, tudo o que seu neg\u00f3cio precisar.\u00a0<\/span><\/p><p><span style=\"font-weight: 400;\">O mais importante, por\u00e9m, \u00e9 o aporte de conhecimento! \u00c9 com ele que voc\u00ea e sua equipe v\u00e3o saber como tomar decis\u00f5es, definir estrat\u00e9gias em suas atividades profissionais e pessoais ao longo da sua trajet\u00f3ria empreendedora.\u00a0<\/span><\/p><p><span style=\"font-weight: 400;\">O Programa de Acelera\u00e7\u00e3o Vai Tec \u00e9 uma iniciativa da Prefeitura de S\u00e3o Paulo, por meio da Secretaria Municipal de Desenvolvimento Econ\u00f4mico, Trabalho e Turismo, por interm\u00e9dio da <a href=\"https:\/\/adesampa.com.br\/\"><strong>ADE SAMPA<\/strong><\/a><\/span><\/p>\t\t\t\t\t\t<\/div>\n\t\t\t\t<\/div>\n\t\t\t\t<div class=\"elementor-element elementor-element-b7f2301 elementor-widget elementor-widget-spacer\" data-id=\"b7f2301\" data-element_type=\"widget\" data-widget_type=\"spacer.default\">\n\t\t\t\t<div class=\"elementor-widget-container\">\n\t\t\t\t\t<div class=\"elementor-spacer\">\n\t\t\t<div class=\"elementor-spacer-inner\"><\/div>\n\t\t<\/div>\n\t\t\t\t<\/div>\n\t\t\t\t<\/div>\n\t\t\t\t\t<\/div>\n\t\t<\/div>\n\t\t\t\t\t\t\t<\/div>\n\t\t<\/section>\n\t\t\t\t\t\t\t<\/div>\n\t\t","protected":false},"excerpt":{"rendered":"<p>A s\u00e9tima edi\u00e7\u00e3o As inscri\u00e7\u00f5es para a s\u00e9tima edi\u00e7\u00e3o do Programa de Acelera\u00e7\u00e3o VAI TEC est\u00e3o abertas at\u00e9 15 de fevereiro! Ser\u00e3o selecionados 24 neg\u00f3cios inovadores da quebrada que ir\u00e3o contar com recurso financeiro de R$ 39.600,00, al\u00e9m do aporte de conte\u00fado, com oficinas de capacita\u00e7\u00e3o, assessorias mentorias, redes de contatos e muito mais!\u00a0 A<\/p><\/div>\n<div class=\"blog-btn\"><a href=\"https:\/\/adesampa.com.br\/vaitec7\/sobre\/\" class=\"home-blog-btn\">Ler mais<\/a><\/p>\n","protected":false},"author":1,"featured_media":0,"parent":0,"menu_order":0,"comment_status":"closed","ping_status":"closed","template":"elementor_header_footer","meta":{"footnotes":""},"class_list":["post-229","page","type-page","status-publish","hentry"],"_links":{"self":[{"href":"https:\/\/adesampa.com.br\/vaitec7\/wp-json\/wp\/v2\/pages\/229","targetHints":{"allow":["GET"]}}],"collection":[{"href":"https:\/\/adesampa.com.br\/vaitec7\/wp-json\/wp\/v2\/pages"}],"about":[{"href":"https:\/\/adesampa.com.br\/vaitec7\/wp-json\/wp\/v2\/types\/page"}],"author":[{"embeddable":true,"href":"https:\/\/adesampa.com.br\/vaitec7\/wp-json\/wp\/v2\/users\/1"}],"replies":[{"embeddable":true,"href":"https:\/\/adesampa.com.br\/vaitec7\/wp-json\/wp\/v2\/comments?post=229"}],"version-history":[{"count":10,"href":"https:\/\/adesampa.com.br\/vaitec7\/wp-json\/wp\/v2\/pages\/229\/revisions"}],"predecessor-version":[{"id":296,"href":"https:\/\/adesampa.com.br\/vaitec7\/wp-json\/wp\/v2\/pages\/229\/revisions\/296"}],"wp:attachment":[{"href":"https:\/\/adesampa.com.br\/vaitec7\/wp-json\/wp\/v2\/media?parent=229"}],"curies":[{"name":"wp","href":"https:\/\/api.w.org\/{rel}","templated":true}]}}