{"id":154,"date":"2022-01-15T17:25:33","date_gmt":"2022-01-15T20:25:33","guid":{"rendered":"https:\/\/adesampa.com.br\/vaitec7\/?page_id=154"},"modified":"2022-05-12T09:17:49","modified_gmt":"2022-05-12T12:17:49","slug":"edital","status":"publish","type":"page","link":"https:\/\/adesampa.com.br\/vaitec7\/edital\/","title":{"rendered":"Edital"},"content":{"rendered":"\t\t<div data-elementor-type=\"wp-page\" data-elementor-id=\"154\" class=\"elementor elementor-154\">\n\t\t\t\t\t\t\t\t\t<section class=\"elementor-section elementor-top-section elementor-element elementor-element-1f7db77 elementor-section-boxed elementor-section-height-default elementor-section-height-default\" data-id=\"1f7db77\" data-element_type=\"section\">\n\t\t\t\t\t\t<div class=\"elementor-container elementor-column-gap-default\">\n\t\t\t\t\t<div class=\"elementor-column elementor-col-100 elementor-top-column elementor-element elementor-element-270c2f5\" data-id=\"270c2f5\" data-element_type=\"column\">\n\t\t\t<div class=\"elementor-widget-wrap elementor-element-populated\">\n\t\t\t\t\t\t\t\t<div class=\"elementor-element elementor-element-18826ca elementor-widget elementor-widget-spacer\" data-id=\"18826ca\" data-element_type=\"widget\" data-widget_type=\"spacer.default\">\n\t\t\t\t<div class=\"elementor-widget-container\">\n\t\t\t<style>\/*! elementor - v3.9.1 - 14-12-2022 *\/\n.elementor-column .elementor-spacer-inner{height:var(--spacer-size)}.e-con{--container-widget-width:100%}.e-con-inner>.elementor-widget-spacer,.e-con>.elementor-widget-spacer{width:var(--container-widget-width,var(--spacer-size));--align-self:var(--container-widget-align-self,initial);--flex-shrink:0}.e-con-inner>.elementor-widget-spacer>.elementor-widget-container,.e-con-inner>.elementor-widget-spacer>.elementor-widget-container>.elementor-spacer,.e-con>.elementor-widget-spacer>.elementor-widget-container,.e-con>.elementor-widget-spacer>.elementor-widget-container>.elementor-spacer{height:100%}.e-con-inner>.elementor-widget-spacer>.elementor-widget-container>.elementor-spacer>.elementor-spacer-inner,.e-con>.elementor-widget-spacer>.elementor-widget-container>.elementor-spacer>.elementor-spacer-inner{height:var(--container-widget-height,var(--spacer-size))}<\/style>\t\t<div class=\"elementor-spacer\">\n\t\t\t<div class=\"elementor-spacer-inner\"><\/div>\n\t\t<\/div>\n\t\t\t\t<\/div>\n\t\t\t\t<\/div>\n\t\t\t\t\t<\/div>\n\t\t<\/div>\n\t\t\t\t\t\t\t<\/div>\n\t\t<\/section>\n\t\t\t\t<section class=\"elementor-section elementor-top-section elementor-element elementor-element-6fcc386 elementor-section-stretched elementor-section-boxed elementor-section-height-default elementor-section-height-default\" data-id=\"6fcc386\" data-element_type=\"section\" data-settings=\"{&quot;stretch_section&quot;:&quot;section-stretched&quot;}\">\n\t\t\t\t\t\t<div class=\"elementor-container elementor-column-gap-default\">\n\t\t\t\t\t<div class=\"elementor-column elementor-col-100 elementor-top-column elementor-element elementor-element-89f575d\" data-id=\"89f575d\" data-element_type=\"column\">\n\t\t\t<div class=\"elementor-widget-wrap elementor-element-populated\">\n\t\t\t\t\t\t\t\t<div class=\"elementor-element elementor-element-6dea10a elementor-widget elementor-widget-text-editor\" data-id=\"6dea10a\" data-element_type=\"widget\" data-widget_type=\"text-editor.default\">\n\t\t\t\t<div class=\"elementor-widget-container\">\n\t\t\t<style>\/*! elementor - v3.9.1 - 14-12-2022 *\/\n.elementor-widget-text-editor.elementor-drop-cap-view-stacked .elementor-drop-cap{background-color:#818a91;color:#fff}.elementor-widget-text-editor.elementor-drop-cap-view-framed .elementor-drop-cap{color:#818a91;border:3px solid;background-color:transparent}.elementor-widget-text-editor:not(.elementor-drop-cap-view-default) .elementor-drop-cap{margin-top:8px}.elementor-widget-text-editor:not(.elementor-drop-cap-view-default) .elementor-drop-cap-letter{width:1em;height:1em}.elementor-widget-text-editor .elementor-drop-cap{float:left;text-align:center;line-height:1;font-size:50px}.elementor-widget-text-editor .elementor-drop-cap-letter{display:inline-block}<\/style>\t\t\t\t<p>Edital &#8211; <a href=\"https:\/\/adesampa.com.br\/vaitec7\/wp-content\/uploads\/2022\/01\/Edital-Vai-Tec-7-Atualizado-1-2.pdf\"><span style=\"color: #0000ff;\"><strong>Clique aqui<\/strong><\/span><\/a><\/p><p>Comunicado &#8211; <a href=\"https:\/\/adesampa.com.br\/vaitec7\/wp-content\/uploads\/2022\/02\/COMUNICADO_1.pdf\"><span style=\"color: #0000ff;\"><strong>Clique aqui<\/strong><\/span><\/a><\/p><p>Resultado parcial &#8211; <a href=\"https:\/\/adesampa.com.br\/vaitec7\/wp-content\/uploads\/2022\/03\/ATA-Primeira-selecao-Vai-Tec-7.pdf\"><span style=\"color: #0000ff;\"><strong>Clique aqui<\/strong><\/span><\/a><\/p><p>Comunicado Pitches &#8211; <span style=\"color: #0000ff;\"><a style=\"color: #0000ff;\" href=\"https:\/\/adesampa.com.br\/vaitec7\/wp-content\/uploads\/2022\/03\/Comunicado-Vai-Tec-7-Pitch-1.pdf\"><strong>Clique aqui<\/strong><\/a><\/span><\/p><p>Comunicado 2 Pitches &#8211; <span style=\"color: #0000ff;\"><a style=\"color: #0000ff;\" href=\"https:\/\/adesampa.com.br\/vaitec7\/wp-content\/uploads\/2022\/04\/Comunicado-Vai-Tec-7-Pitch-2.docx.pdf\"><strong>Clique aqui<\/strong><\/a><\/span><\/p><p>Comunicado prorroga\u00e7\u00e3o da divulga\u00e7\u00e3o dos resultados &#8211; <span style=\"color: #0000ff;\"><a style=\"color: #0000ff;\" href=\"https:\/\/adesampa.com.br\/vaitec7\/wp-content\/uploads\/2022\/05\/COMUNICADO-VAI-TEC-Alteracao-data.pdf\"><strong>Clique aqui<\/strong><\/a><\/span><\/p><p>Comunicado prorroga\u00e7\u00e3o da divulga\u00e7\u00e3o dos resultados 2 &#8211; <span style=\"color: #0000ff;\"><a style=\"color: #0000ff;\" href=\"https:\/\/adesampa.com.br\/vaitec7\/wp-content\/uploads\/2022\/05\/COMUNICADO-VAI-TEC-Alteracao-data-2.pdf\"><strong>Clique aqui<\/strong><\/a><\/span><\/p><p>Resultados Finais &#8211; <span style=\"color: #0000ff;\"><a style=\"color: #0000ff;\" href=\"https:\/\/adesampa.com.br\/vaitec7\/wp-content\/uploads\/2022\/05\/Comunicado-do-Resultado-2-1.pdf\"><strong>Clique aqui<\/strong><\/a><\/span><\/p>\t\t\t\t\t\t<\/div>\n\t\t\t\t<\/div>\n\t\t\t\t\t<\/div>\n\t\t<\/div>\n\t\t\t\t\t\t\t<\/div>\n\t\t<\/section>\n\t\t\t\t<section class=\"elementor-section elementor-top-section elementor-element elementor-element-619de54 elementor-section-boxed elementor-section-height-default elementor-section-height-default\" data-id=\"619de54\" data-element_type=\"section\">\n\t\t\t\t\t\t<div class=\"elementor-container elementor-column-gap-default\">\n\t\t\t\t\t<div class=\"elementor-column elementor-col-100 elementor-top-column elementor-element elementor-element-d7c9abf\" data-id=\"d7c9abf\" data-element_type=\"column\">\n\t\t\t<div class=\"elementor-widget-wrap elementor-element-populated\">\n\t\t\t\t\t\t\t\t<div class=\"elementor-element elementor-element-f2f1548 elementor-widget elementor-widget-spacer\" data-id=\"f2f1548\" data-element_type=\"widget\" data-widget_type=\"spacer.default\">\n\t\t\t\t<div class=\"elementor-widget-container\">\n\t\t\t\t\t<div class=\"elementor-spacer\">\n\t\t\t<div class=\"elementor-spacer-inner\"><\/div>\n\t\t<\/div>\n\t\t\t\t<\/div>\n\t\t\t\t<\/div>\n\t\t\t\t\t<\/div>\n\t\t<\/div>\n\t\t\t\t\t\t\t<\/div>\n\t\t<\/section>\n\t\t\t\t\t\t\t<\/div>\n\t\t","protected":false},"excerpt":{"rendered":"<p>Edital &#8211; Clique aqui Comunicado &#8211; Clique aqui Resultado parcial &#8211; Clique aqui Comunicado Pitches &#8211; Clique aqui Comunicado 2 Pitches &#8211; Clique aqui Comunicado prorroga\u00e7\u00e3o da divulga\u00e7\u00e3o dos resultados &#8211; Clique aqui Comunicado prorroga\u00e7\u00e3o da divulga\u00e7\u00e3o dos resultados 2 &#8211; Clique aqui Resultados Finais &#8211; Clique aqui<\/p>\n","protected":false},"author":1,"featured_media":0,"parent":0,"menu_order":0,"comment_status":"closed","ping_status":"closed","template":"elementor_header_footer","meta":{"footnotes":""},"class_list":["post-154","page","type-page","status-publish","hentry"],"_links":{"self":[{"href":"https:\/\/adesampa.com.br\/vaitec7\/wp-json\/wp\/v2\/pages\/154","targetHints":{"allow":["GET"]}}],"collection":[{"href":"https:\/\/adesampa.com.br\/vaitec7\/wp-json\/wp\/v2\/pages"}],"about":[{"href":"https:\/\/adesampa.com.br\/vaitec7\/wp-json\/wp\/v2\/types\/page"}],"author":[{"embeddable":true,"href":"https:\/\/adesampa.com.br\/vaitec7\/wp-json\/wp\/v2\/users\/1"}],"replies":[{"embeddable":true,"href":"https:\/\/adesampa.com.br\/vaitec7\/wp-json\/wp\/v2\/comments?post=154"}],"version-history":[{"count":40,"href":"https:\/\/adesampa.com.br\/vaitec7\/wp-json\/wp\/v2\/pages\/154\/revisions"}],"predecessor-version":[{"id":479,"href":"https:\/\/adesampa.com.br\/vaitec7\/wp-json\/wp\/v2\/pages\/154\/revisions\/479"}],"wp:attachment":[{"href":"https:\/\/adesampa.com.br\/vaitec7\/wp-json\/wp\/v2\/media?parent=154"}],"curies":[{"name":"wp","href":"https:\/\/api.w.org\/{rel}","templated":true}]}}