{"id":597,"date":"2026-01-06T17:48:42","date_gmt":"2026-01-06T20:48:42","guid":{"rendered":"https:\/\/adesampa.com.br\/dev\/?page_id=597"},"modified":"2026-04-17T17:31:05","modified_gmt":"2026-04-17T20:31:05","slug":"edital","status":"publish","type":"page","link":"https:\/\/adesampa.com.br\/vaitec\/edital\/","title":{"rendered":"Edital"},"content":{"rendered":"\t\t<div data-elementor-type=\"wp-page\" data-elementor-id=\"597\" class=\"elementor elementor-597\">\n\t\t\t\t<div class=\"elementor-element elementor-element-f9dc844 elementor-hidden-tablet elementor-hidden-mobile e-flex e-con-boxed e-con e-parent\" data-id=\"f9dc844\" data-element_type=\"container\" data-e-type=\"container\" data-settings=\"{&quot;background_background&quot;:&quot;classic&quot;}\">\n\t\t\t\t\t<div class=\"e-con-inner\">\n\t\t<div class=\"elementor-element elementor-element-3869ea1 e-flex e-con-boxed e-con e-child\" data-id=\"3869ea1\" data-element_type=\"container\" data-e-type=\"container\">\n\t\t\t\t\t<div class=\"e-con-inner\">\n\t\t\t\t<div class=\"elementor-element elementor-element-1a0c940 elementor-widget elementor-widget-spacer\" data-id=\"1a0c940\" data-element_type=\"widget\" data-e-type=\"widget\" data-widget_type=\"spacer.default\">\n\t\t\t\t\t\t\t<div class=\"elementor-spacer\">\n\t\t\t<div class=\"elementor-spacer-inner\"><\/div>\n\t\t<\/div>\n\t\t\t\t\t\t<\/div>\n\t\t\t\t<div class=\"elementor-element elementor-element-49d0dfb elementor-widget elementor-widget-text-editor\" data-id=\"49d0dfb\" data-element_type=\"widget\" data-e-type=\"widget\" data-widget_type=\"text-editor.default\">\n\t\t\t\t\t\t\t\t\t<p>EDITAL<\/p>\t\t\t\t\t\t\t\t<\/div>\n\t\t\t\t\t<\/div>\n\t\t\t\t<\/div>\n\t\t\t\t\t<\/div>\n\t\t\t\t<\/div>\n\t\t<div class=\"elementor-element elementor-element-f5500c2 e-con-full elementor-hidden-desktop e-flex e-con e-parent\" data-id=\"f5500c2\" data-element_type=\"container\" data-e-type=\"container\" data-settings=\"{&quot;background_background&quot;:&quot;classic&quot;}\">\n\t\t\t\t<div class=\"elementor-element elementor-element-b5ec96a elementor-widget elementor-widget-spacer\" data-id=\"b5ec96a\" data-element_type=\"widget\" data-e-type=\"widget\" data-widget_type=\"spacer.default\">\n\t\t\t\t\t\t\t<div class=\"elementor-spacer\">\n\t\t\t<div class=\"elementor-spacer-inner\"><\/div>\n\t\t<\/div>\n\t\t\t\t\t\t<\/div>\n\t\t\t\t<div class=\"elementor-element elementor-element-942233a elementor-widget elementor-widget-text-editor\" data-id=\"942233a\" data-element_type=\"widget\" data-e-type=\"widget\" data-widget_type=\"text-editor.default\">\n\t\t\t\t\t\t\t\t\t<p>EDITAL<\/p>\t\t\t\t\t\t\t\t<\/div>\n\t\t\t\t<\/div>\n\t\t<div class=\"elementor-element elementor-element-6c5f933 elementor-hidden-tablet elementor-hidden-mobile e-flex e-con-boxed e-con e-parent\" data-id=\"6c5f933\" data-element_type=\"container\" data-e-type=\"container\" data-settings=\"{&quot;background_background&quot;:&quot;classic&quot;}\">\n\t\t\t\t\t<div class=\"e-con-inner\">\n\t\t<div class=\"elementor-element elementor-element-ad08fd8 e-con-full e-flex e-con e-child\" data-id=\"ad08fd8\" data-element_type=\"container\" data-e-type=\"container\">\n\t\t\t\t<div class=\"elementor-element elementor-element-673e754 elementor-widget elementor-widget-text-editor\" data-id=\"673e754\" data-element_type=\"widget\" data-e-type=\"widget\" data-widget_type=\"text-editor.default\">\n\t\t\t\t\t\t\t\t\t<p>Documentos<\/p>\t\t\t\t\t\t\t\t<\/div>\n\t\t\t\t<div class=\"elementor-element elementor-element-aaa3b5b elementor-widget elementor-widget-text-editor\" data-id=\"aaa3b5b\" data-element_type=\"widget\" data-e-type=\"widget\" data-widget_type=\"text-editor.default\">\n\t\t\t\t\t\t\t\t\t<p><strong>Edital:<\/strong> <a href=\"http:\/\/adesampa.com.br\/vaitec\/wp-content\/uploads\/2026\/01\/Edital-VAI-TEC-11-MINUTA.docx.pdf\"><span style=\"color: #cc99ff;\">Clique aqui<\/span><\/a><\/p>\t\t\t\t\t\t\t\t<\/div>\n\t\t\t\t<div class=\"elementor-element elementor-element-dfcebf1 elementor-widget elementor-widget-text-editor\" data-id=\"dfcebf1\" data-element_type=\"widget\" data-e-type=\"widget\" data-widget_type=\"text-editor.default\">\n\t\t\t\t\t\t\t\t\t<p><strong>Planilha Or\u00e7ament\u00e1ria:<\/strong> <a href=\"https:\/\/docs.google.com\/spreadsheets\/d\/1YiIXbm4DRsd-v7K7BrG7ewy0QS7qP3YN5y7N4sRHgGU\/export?format=xlsx\"><span style=\"color: #cc99ff;\">Clique aqui<\/span><\/a><\/p>\t\t\t\t\t\t\t\t<\/div>\n\t\t\t\t<div class=\"elementor-element elementor-element-a8533fa elementor-widget elementor-widget-text-editor\" data-id=\"a8533fa\" data-element_type=\"widget\" data-e-type=\"widget\" data-widget_type=\"text-editor.default\">\n\t\t\t\t\t\t\t\t\t<p><strong>Formul\u00e1rio de inscri\u00e7\u00e3o:<\/strong> <a href=\"https:\/\/forms.gle\/kJ1jsM6z3qUnrwCcA\"><span style=\"color: #cc99ff;\">Clique aqui<\/span><\/a><\/p>\t\t\t\t\t\t\t\t<\/div>\n\t\t\t\t<div class=\"elementor-element elementor-element-728e69a elementor-widget elementor-widget-text-editor\" data-id=\"728e69a\" data-element_type=\"widget\" data-e-type=\"widget\" data-widget_type=\"text-editor.default\">\n\t\t\t\t\t\t\t\t\t<p><strong>Formul\u00e1rio de Neg\u00f3cio:<\/strong> <a href=\"https:\/\/drive.google.com\/uc?export=download&amp;id=1JN9KqYy0nXJt91ELCr9NHILRSeQIDRVD\"><span style=\"color: #cc99ff;\">Clique aqui<\/span><\/a><\/p>\t\t\t\t\t\t\t\t<\/div>\n\t\t\t\t<div class=\"elementor-element elementor-element-a79ac07 elementor-widget elementor-widget-text-editor\" data-id=\"a79ac07\" data-element_type=\"widget\" data-e-type=\"widget\" data-widget_type=\"text-editor.default\">\n\t\t\t\t\t\t\t\t\t<p><strong>Declara\u00e7\u00e3o Complementar de Resid\u00eancia:<\/strong><a href=\"https:\/\/drive.google.com\/uc?export=download&amp;id=1Dg23lyyr63acd6oA4tHjv9k18PGhM6ry\"> <span style=\"color: #cc99ff;\">Clique aqui<\/span><\/a><\/p>\t\t\t\t\t\t\t\t<\/div>\n\t\t\t\t<\/div>\n\t\t<div class=\"elementor-element elementor-element-ac7a5a6 e-con-full e-flex e-con e-child\" data-id=\"ac7a5a6\" data-element_type=\"container\" data-e-type=\"container\">\n\t\t\t\t<div class=\"elementor-element elementor-element-8d11fd8 elementor-widget elementor-widget-text-editor\" data-id=\"8d11fd8\" data-element_type=\"widget\" data-e-type=\"widget\" data-widget_type=\"text-editor.default\">\n\t\t\t\t\t\t\t\t\t<p>Comunicados<\/p>\t\t\t\t\t\t\t\t<\/div>\n\t\t\t\t<div class=\"elementor-element elementor-element-9f21385 elementor-widget elementor-widget-text-editor\" data-id=\"9f21385\" data-element_type=\"widget\" data-e-type=\"widget\" data-widget_type=\"text-editor.default\">\n\t\t\t\t\t\t\t\t\t<p><strong>Comunicado 01:<\/strong> <a href=\"http:\/\/adesampa.com.br\/vaitec\/wp-content\/uploads\/2026\/02\/COMUNICADO_N__01.pdf\"><span style=\"color: #cc99ff;\">Clique aqui<\/span><\/a><\/p>\t\t\t\t\t\t\t\t<\/div>\n\t\t\t\t<div class=\"elementor-element elementor-element-1bf0e4c elementor-widget elementor-widget-text-editor\" data-id=\"1bf0e4c\" data-element_type=\"widget\" data-e-type=\"widget\" data-widget_type=\"text-editor.default\">\n\t\t\t\t\t\t\t\t\t<p><strong>Comunicado 02: <a href=\"http:\/\/adesampa.com.br\/vaitec\/wp-content\/uploads\/2026\/03\/COMUNICADO-No-02.pdf\"><span style=\"color: #cc99ff;\">Clique aqui<\/span><\/a><\/strong><\/p>\t\t\t\t\t\t\t\t<\/div>\n\t\t\t\t<div class=\"elementor-element elementor-element-9fc377c elementor-widget elementor-widget-text-editor\" data-id=\"9fc377c\" data-element_type=\"widget\" data-e-type=\"widget\" data-widget_type=\"text-editor.default\">\n\t\t\t\t\t\t\t\t\t<p><strong>Comunicado 03: <\/strong><a href=\"http:\/\/adesampa.com.br\/vaitec\/wp-content\/uploads\/2026\/03\/COMUNICADO_N__03.pdf\"><span style=\"color: #cc99ff;\">Clique aqui<\/span><\/a><\/p>\t\t\t\t\t\t\t\t<\/div>\n\t\t\t\t<div class=\"elementor-element elementor-element-0d3b0e4 elementor-widget elementor-widget-text-editor\" data-id=\"0d3b0e4\" data-element_type=\"widget\" data-e-type=\"widget\" data-widget_type=\"text-editor.default\">\n\t\t\t\t\t\t\t\t\t<p><strong>Resultado parcial: 1\u00aa etapa de sele\u00e7\u00e3o do edital de chamamento p\u00fablico N\u00ba 02\/2026: <\/strong><a href=\"http:\/\/adesampa.com.br\/vaitec\/wp-content\/uploads\/2026\/03\/ATA-RESULTADO-PARCIAL-VT-11.pdf\"><span style=\"color: #cc99ff;\">Clique aqui<\/span><\/a><\/p>\t\t\t\t\t\t\t\t<\/div>\n\t\t\t\t<div class=\"elementor-element elementor-element-f9fecef elementor-widget elementor-widget-text-editor\" data-id=\"f9fecef\" data-element_type=\"widget\" data-e-type=\"widget\" data-widget_type=\"text-editor.default\">\n\t\t\t\t\t\t\t\t\t<p><strong>Resultado Parcial: 2\u00aa etapa de sele\u00e7\u00e3o do edital de chamamento p\u00fablico n\u00ba 02\/2026: <\/strong><a href=\"http:\/\/adesampa.com.br\/vaitec\/wp-content\/uploads\/2026\/04\/ATA-RESULTADO-PARCIAL-DA-2a-SEGUNDA-ETAPA-VT-11.pdf\"><span style=\"color: #cc99ff;\">Clique aqui<\/span><\/a><\/p>\t\t\t\t\t\t\t\t<\/div>\n\t\t\t\t<div class=\"elementor-element elementor-element-a72b391 elementor-widget elementor-widget-text-editor\" data-id=\"a72b391\" data-element_type=\"widget\" data-e-type=\"widget\" data-widget_type=\"text-editor.default\">\n\t\t\t\t\t\t\t\t\t<p><strong>VAI TEC 11\u00aa Edi\u00e7\u00e3o \u2013 Formul\u00e1rio de Retifica\u00e7\u00e3o de Documenta\u00e7\u00e3o: <\/strong><a href=\"https:\/\/docs.google.com\/forms\/d\/e\/1FAIpQLSfjsz9S2lawIXWfgoIKFvk-Ffp3r4bXYaN-4ZYxD_5vwdNIoQ\/viewform\"><span style=\"color: #cc99ff;\">Clique aqui<\/span><\/a><\/p>\t\t\t\t\t\t\t\t<\/div>\n\t\t\t\t<div class=\"elementor-element elementor-element-af2afc0 elementor-widget elementor-widget-text-editor\" data-id=\"af2afc0\" data-element_type=\"widget\" data-e-type=\"widget\" data-widget_type=\"text-editor.default\">\n\t\t\t\t\t\t\t\t\t<p><strong>Resultado Final:<\/strong> <span style=\"color: #cc99ff;\">Em breve<\/span><\/p>\t\t\t\t\t\t\t\t<\/div>\n\t\t\t\t<\/div>\n\t\t\t\t\t<\/div>\n\t\t\t\t<\/div>\n\t\t<div class=\"elementor-element elementor-element-3b57759 e-con-full elementor-hidden-desktop e-flex e-con e-parent\" data-id=\"3b57759\" data-element_type=\"container\" data-e-type=\"container\" data-settings=\"{&quot;background_background&quot;:&quot;classic&quot;}\">\n\t\t<div class=\"elementor-element elementor-element-bf40a39 e-con-full e-flex e-con e-child\" data-id=\"bf40a39\" data-element_type=\"container\" data-e-type=\"container\">\n\t\t\t\t<div class=\"elementor-element elementor-element-cd67e69 elementor-widget elementor-widget-text-editor\" data-id=\"cd67e69\" data-element_type=\"widget\" data-e-type=\"widget\" data-widget_type=\"text-editor.default\">\n\t\t\t\t\t\t\t\t\t<p>Documentos<\/p>\t\t\t\t\t\t\t\t<\/div>\n\t\t\t\t<div class=\"elementor-element elementor-element-9a6067d elementor-widget elementor-widget-text-editor\" data-id=\"9a6067d\" data-element_type=\"widget\" data-e-type=\"widget\" data-widget_type=\"text-editor.default\">\n\t\t\t\t\t\t\t\t\t<p><strong>Edital:<\/strong> <a href=\"https:\/\/adesampa.com.br\/vaitec\/wp-content\/uploads\/2026\/01\/Edital-VAI-TEC-11-MINUTA.docx-1.pdf\"><span style=\"color: #cc99ff;\">Clique aqui<\/span><\/a><\/p>\t\t\t\t\t\t\t\t<\/div>\n\t\t\t\t<div class=\"elementor-element elementor-element-77c5e88 elementor-widget elementor-widget-text-editor\" data-id=\"77c5e88\" data-element_type=\"widget\" data-e-type=\"widget\" data-widget_type=\"text-editor.default\">\n\t\t\t\t\t\t\t\t\t<p><strong>Formul\u00e1rio de inscri\u00e7\u00e3o:<\/strong> <a href=\"https:\/\/forms.gle\/kJ1jsM6z3qUnrwCcA\"><span style=\"color: #cc99ff;\">Clique aqui<\/span><\/a><\/p>\t\t\t\t\t\t\t\t<\/div>\n\t\t\t\t<div class=\"elementor-element elementor-element-1dda769 elementor-widget elementor-widget-text-editor\" data-id=\"1dda769\" data-element_type=\"widget\" data-e-type=\"widget\" data-widget_type=\"text-editor.default\">\n\t\t\t\t\t\t\t\t\t<p><strong>Planilha Or\u00e7ament\u00e1ria:<\/strong> <a href=\"https:\/\/docs.google.com\/spreadsheets\/d\/1YiIXbm4DRsd-v7K7BrG7ewy0QS7qP3YN5y7N4sRHgGU\/export?format=xlsx\"><span style=\"color: #cc99ff;\">Clique aqui<\/span><\/a><\/p>\t\t\t\t\t\t\t\t<\/div>\n\t\t\t\t<div class=\"elementor-element elementor-element-8d1dfc1 elementor-widget elementor-widget-text-editor\" data-id=\"8d1dfc1\" data-element_type=\"widget\" data-e-type=\"widget\" data-widget_type=\"text-editor.default\">\n\t\t\t\t\t\t\t\t\t<p><strong>Formul\u00e1rio de Neg\u00f3cio:<\/strong> <a href=\"https:\/\/drive.google.com\/uc?export=download&amp;id=1JN9KqYy0nXJt91ELCr9NHILRSeQIDRVD\"><span style=\"color: #cc99ff;\">Clique aqui<\/span><\/a><\/p>\t\t\t\t\t\t\t\t<\/div>\n\t\t\t\t<div class=\"elementor-element elementor-element-47bbbfa elementor-widget elementor-widget-text-editor\" data-id=\"47bbbfa\" data-element_type=\"widget\" data-e-type=\"widget\" data-widget_type=\"text-editor.default\">\n\t\t\t\t\t\t\t\t\t<p><strong>Declara\u00e7\u00e3o Complementar de Resid\u00eancia:<\/strong> <a href=\"https:\/\/drive.google.com\/uc?export=download&amp;id=1Dg23lyyr63acd6oA4tHjv9k18PGhM6ry\"><span style=\"color: #cc99ff;\">Clique aqui<\/span><\/a><\/p>\t\t\t\t\t\t\t\t<\/div>\n\t\t\t\t<div class=\"elementor-element elementor-element-97edbcb elementor-widget elementor-widget-text-editor\" data-id=\"97edbcb\" data-element_type=\"widget\" data-e-type=\"widget\" data-widget_type=\"text-editor.default\">\n\t\t\t\t\t\t\t\t\t<p><strong>Resultado Parcial:<\/strong> <span style=\"color: #cc99ff;\">Em breve<\/span><\/p>\t\t\t\t\t\t\t\t<\/div>\n\t\t\t\t<div class=\"elementor-element elementor-element-5431bd0 elementor-widget elementor-widget-text-editor\" data-id=\"5431bd0\" data-element_type=\"widget\" data-e-type=\"widget\" data-widget_type=\"text-editor.default\">\n\t\t\t\t\t\t\t\t\t<p><strong>Resultado Final:<\/strong> <span style=\"color: #cc99ff;\">Em breve<\/span><\/p>\t\t\t\t\t\t\t\t<\/div>\n\t\t\t\t<\/div>\n\t\t<div class=\"elementor-element elementor-element-33a149e e-con-full e-flex e-con e-child\" data-id=\"33a149e\" data-element_type=\"container\" data-e-type=\"container\">\n\t\t\t\t<div class=\"elementor-element elementor-element-25ff1a8 elementor-widget elementor-widget-text-editor\" data-id=\"25ff1a8\" data-element_type=\"widget\" data-e-type=\"widget\" data-widget_type=\"text-editor.default\">\n\t\t\t\t\t\t\t\t\t<p>Comunicados<\/p>\t\t\t\t\t\t\t\t<\/div>\n\t\t\t\t<div class=\"elementor-element elementor-element-d116df8 elementor-widget elementor-widget-text-editor\" data-id=\"d116df8\" data-element_type=\"widget\" data-e-type=\"widget\" data-widget_type=\"text-editor.default\">\n\t\t\t\t\t\t\t\t\t<p><strong>Comunicado 01:<\/strong> <span style=\"color: #cc99ff;\">Em breve<\/span><\/p>\t\t\t\t\t\t\t\t<\/div>\n\t\t\t\t<div class=\"elementor-element elementor-element-c1bd6c6 elementor-widget elementor-widget-text-editor\" data-id=\"c1bd6c6\" data-element_type=\"widget\" data-e-type=\"widget\" data-widget_type=\"text-editor.default\">\n\t\t\t\t\t\t\t\t\t<p><strong>Comunicado 02: <\/strong><span style=\"color: #cc99ff;\">Em breve<\/span><\/p>\t\t\t\t\t\t\t\t<\/div>\n\t\t\t\t<div class=\"elementor-element elementor-element-51cf628 elementor-widget elementor-widget-text-editor\" data-id=\"51cf628\" data-element_type=\"widget\" data-e-type=\"widget\" data-widget_type=\"text-editor.default\">\n\t\t\t\t\t\t\t\t\t<p><strong>Comunicado 03:<\/strong>\u00a0<span style=\"color: #cc99ff;\">Em breve<\/span><\/p>\t\t\t\t\t\t\t\t<\/div>\n\t\t\t\t<\/div>\n\t\t\t\t<\/div>\n\t\t<div class=\"elementor-element elementor-element-de41dbb e-con-full e-flex e-con e-parent\" data-id=\"de41dbb\" data-element_type=\"container\" data-e-type=\"container\">\n\t\t<div class=\"elementor-element elementor-element-a119ed0 e-con-full e-flex e-con e-child\" data-id=\"a119ed0\" data-element_type=\"container\" data-e-type=\"container\" data-settings=\"{&quot;background_background&quot;:&quot;classic&quot;}\">\n\t\t\t\t<\/div>\n\t\t\t\t<\/div>\n\t\t\t\t<\/div>\n\t\t","protected":false},"excerpt":{"rendered":"<p>EDITAL EDITAL Documentos Edital: Clique aqui Planilha Or\u00e7ament\u00e1ria: Clique aqui Formul\u00e1rio de inscri\u00e7\u00e3o: Clique aqui Formul\u00e1rio de Neg\u00f3cio: Clique aqui Declara\u00e7\u00e3o Complementar de Resid\u00eancia: Clique aqui Comunicados Comunicado 01: Clique aqui Comunicado 02: Clique aqui Comunicado 03: Clique aqui Resultado parcial: 1\u00aa etapa de sele\u00e7\u00e3o do edital de chamamento p\u00fablico N\u00ba 02\/2026: Clique aqui Resultado Parcial: 2\u00aa etapa de sele\u00e7\u00e3o do edital de chamamento p\u00fablico n\u00ba 02\/2026: Clique aqui VAI TEC 11\u00aa Edi\u00e7\u00e3o \u2013 Formul\u00e1rio de Retifica\u00e7\u00e3o de Documenta\u00e7\u00e3o: Clique aqui Resultado Final: Em breve Documentos Edital: Clique aqui Formul\u00e1rio de inscri\u00e7\u00e3o: Clique aqui Planilha Or\u00e7ament\u00e1ria: Clique aqui Formul\u00e1rio de Neg\u00f3cio: Clique aqui Declara\u00e7\u00e3o Complementar de Resid\u00eancia: Clique aqui Resultado Parcial: Em breve Resultado Final: Em breve Comunicados Comunicado 01: Em breve Comunicado 02: Em breve Comunicado 03:\u00a0Em breve<\/p>\n","protected":false},"author":2,"featured_media":0,"parent":0,"menu_order":0,"comment_status":"closed","ping_status":"closed","template":"elementor_header_footer","meta":{"footnotes":""},"class_list":["post-597","page","type-page","status-publish"],"_links":{"self":[{"href":"https:\/\/adesampa.com.br\/vaitec\/wp-json\/wp\/v2\/pages\/597","targetHints":{"allow":["GET"]}}],"collection":[{"href":"https:\/\/adesampa.com.br\/vaitec\/wp-json\/wp\/v2\/pages"}],"about":[{"href":"https:\/\/adesampa.com.br\/vaitec\/wp-json\/wp\/v2\/types\/page"}],"author":[{"embeddable":true,"href":"https:\/\/adesampa.com.br\/vaitec\/wp-json\/wp\/v2\/users\/2"}],"replies":[{"embeddable":true,"href":"https:\/\/adesampa.com.br\/vaitec\/wp-json\/wp\/v2\/comments?post=597"}],"version-history":[{"count":66,"href":"https:\/\/adesampa.com.br\/vaitec\/wp-json\/wp\/v2\/pages\/597\/revisions"}],"predecessor-version":[{"id":1867,"href":"https:\/\/adesampa.com.br\/vaitec\/wp-json\/wp\/v2\/pages\/597\/revisions\/1867"}],"wp:attachment":[{"href":"https:\/\/adesampa.com.br\/vaitec\/wp-json\/wp\/v2\/media?parent=597"}],"curies":[{"name":"wp","href":"https:\/\/api.w.org\/{rel}","templated":true}]}}