{"id":345,"date":"2026-01-06T11:06:06","date_gmt":"2026-01-06T14:06:06","guid":{"rendered":"https:\/\/adesampa.com.br\/dev\/?page_id=345"},"modified":"2026-01-22T17:45:16","modified_gmt":"2026-01-22T20:45:16","slug":"contato","status":"publish","type":"page","link":"https:\/\/adesampa.com.br\/vaitec\/contato\/","title":{"rendered":"Contato"},"content":{"rendered":"\t\t<div data-elementor-type=\"wp-page\" data-elementor-id=\"345\" class=\"elementor elementor-345\">\n\t\t\t\t<div class=\"elementor-element elementor-element-f9dc844 elementor-hidden-tablet elementor-hidden-mobile e-flex e-con-boxed e-con e-parent\" data-id=\"f9dc844\" data-element_type=\"container\" data-e-type=\"container\" data-settings=\"{&quot;background_background&quot;:&quot;classic&quot;}\">\n\t\t\t\t\t<div class=\"e-con-inner\">\n\t\t<div class=\"elementor-element elementor-element-a381c63 e-con-full e-flex e-con e-child\" data-id=\"a381c63\" data-element_type=\"container\" data-e-type=\"container\">\n\t\t\t\t<div class=\"elementor-element elementor-element-a4c88cc elementor-widget elementor-widget-spacer\" data-id=\"a4c88cc\" data-element_type=\"widget\" data-e-type=\"widget\" data-widget_type=\"spacer.default\">\n\t\t\t\t\t\t\t<div class=\"elementor-spacer\">\n\t\t\t<div class=\"elementor-spacer-inner\"><\/div>\n\t\t<\/div>\n\t\t\t\t\t\t<\/div>\n\t\t\t\t<div class=\"elementor-element elementor-element-49d0dfb elementor-widget elementor-widget-text-editor\" data-id=\"49d0dfb\" data-element_type=\"widget\" data-e-type=\"widget\" data-widget_type=\"text-editor.default\">\n\t\t\t\t\t\t\t\t\t<p>CONTATO<\/p>\t\t\t\t\t\t\t\t<\/div>\n\t\t\t\t<\/div>\n\t\t\t\t\t<\/div>\n\t\t\t\t<\/div>\n\t\t<div class=\"elementor-element elementor-element-f6217c7 e-con-full elementor-hidden-desktop e-flex e-con e-parent\" data-id=\"f6217c7\" data-element_type=\"container\" data-e-type=\"container\" data-settings=\"{&quot;background_background&quot;:&quot;classic&quot;}\">\n\t\t\t\t<div class=\"elementor-element elementor-element-655dab7 elementor-widget elementor-widget-spacer\" data-id=\"655dab7\" data-element_type=\"widget\" data-e-type=\"widget\" data-widget_type=\"spacer.default\">\n\t\t\t\t\t\t\t<div class=\"elementor-spacer\">\n\t\t\t<div class=\"elementor-spacer-inner\"><\/div>\n\t\t<\/div>\n\t\t\t\t\t\t<\/div>\n\t\t\t\t<div class=\"elementor-element elementor-element-dfb53a9 elementor-widget elementor-widget-text-editor\" data-id=\"dfb53a9\" data-element_type=\"widget\" data-e-type=\"widget\" data-widget_type=\"text-editor.default\">\n\t\t\t\t\t\t\t\t\t<p>CONTATO<\/p>\t\t\t\t\t\t\t\t<\/div>\n\t\t\t\t<\/div>\n\t\t<div class=\"elementor-element elementor-element-cc66975 elementor-hidden-tablet elementor-hidden-mobile e-flex e-con-boxed e-con e-parent\" data-id=\"cc66975\" data-element_type=\"container\" data-e-type=\"container\" data-settings=\"{&quot;background_background&quot;:&quot;classic&quot;}\">\n\t\t\t\t\t<div class=\"e-con-inner\">\n\t\t<div class=\"elementor-element elementor-element-bc13858 e-con-full e-flex e-con e-child\" data-id=\"bc13858\" data-element_type=\"container\" data-e-type=\"container\">\n\t\t\t\t<div class=\"elementor-element elementor-element-3cce116 elementor-widget__width-initial elementor-widget elementor-widget-text-editor\" data-id=\"3cce116\" data-element_type=\"widget\" data-e-type=\"widget\" data-widget_type=\"text-editor.default\">\n\t\t\t\t\t\t\t\t\t<p>Este \u00e9 seu espa\u00e7o de contato com a equipe do VAI TEC!<\/p>\t\t\t\t\t\t\t\t<\/div>\n\t\t\t\t<div class=\"elementor-element elementor-element-fa894e9 elementor-widget__width-initial elementor-widget elementor-widget-text-editor\" data-id=\"fa894e9\" data-element_type=\"widget\" data-e-type=\"widget\" data-widget_type=\"text-editor.default\">\n\t\t\t\t\t\t\t\t\t<p>Se precisar de informa\u00e7\u00f5es sobre a iniciativa, inscri\u00e7\u00e3o ou etapas do Programa de Acelera\u00e7\u00e3o VAI TEC, mande um e-mail para:<\/p><p>vaitec@adesampa.com.br<\/p><p>N\u00f3s iremos te ajudar!<\/p>\t\t\t\t\t\t\t\t<\/div>\n\t\t\t\t<\/div>\n\t\t<div class=\"elementor-element elementor-element-bcbdb55 e-con-full e-flex e-con e-child\" data-id=\"bcbdb55\" data-element_type=\"container\" data-e-type=\"container\">\n\t\t\t\t<div class=\"elementor-element elementor-element-e53bfa3 elementor-widget elementor-widget-spacer\" data-id=\"e53bfa3\" data-element_type=\"widget\" data-e-type=\"widget\" data-widget_type=\"spacer.default\">\n\t\t\t\t\t\t\t<div class=\"elementor-spacer\">\n\t\t\t<div class=\"elementor-spacer-inner\"><\/div>\n\t\t<\/div>\n\t\t\t\t\t\t<\/div>\n\t\t\t\t<div class=\"elementor-element elementor-element-b2c899a elementor-widget elementor-widget-image\" data-id=\"b2c899a\" data-element_type=\"widget\" data-e-type=\"widget\" data-widget_type=\"image.default\">\n\t\t\t\t\t\t\t\t\t\t\t\t\t\t\t<img fetchpriority=\"high\" decoding=\"async\" width=\"569\" height=\"510\" src=\"https:\/\/adesampa.com.br\/vaitec\/wp-content\/uploads\/2026\/01\/02-Email.png\" class=\"attachment-full size-full wp-image-232\" alt=\"\" srcset=\"https:\/\/adesampa.com.br\/vaitec\/wp-content\/uploads\/2026\/01\/02-Email.png 569w, https:\/\/adesampa.com.br\/vaitec\/wp-content\/uploads\/2026\/01\/02-Email-300x269.png 300w\" sizes=\"(max-width: 569px) 100vw, 569px\" \/>\t\t\t\t\t\t\t\t\t\t\t\t\t\t\t<\/div>\n\t\t\t\t<\/div>\n\t\t\t\t\t<\/div>\n\t\t\t\t<\/div>\n\t\t<div class=\"elementor-element elementor-element-9ab00bc e-con-full elementor-hidden-desktop e-flex e-con e-parent\" data-id=\"9ab00bc\" data-element_type=\"container\" data-e-type=\"container\" data-settings=\"{&quot;background_background&quot;:&quot;classic&quot;}\">\n\t\t<div class=\"elementor-element elementor-element-ba04ad0 e-con-full e-flex e-con e-child\" data-id=\"ba04ad0\" data-element_type=\"container\" data-e-type=\"container\">\n\t\t\t\t<div class=\"elementor-element elementor-element-d0b7b9e elementor-widget__width-initial elementor-widget elementor-widget-text-editor\" data-id=\"d0b7b9e\" data-element_type=\"widget\" data-e-type=\"widget\" data-widget_type=\"text-editor.default\">\n\t\t\t\t\t\t\t\t\t<p>Este \u00e9 seu espa\u00e7o de contato com a equipe do VAI TEC!<\/p>\t\t\t\t\t\t\t\t<\/div>\n\t\t\t\t<div class=\"elementor-element elementor-element-c747495 elementor-widget__width-initial elementor-widget elementor-widget-text-editor\" data-id=\"c747495\" data-element_type=\"widget\" data-e-type=\"widget\" data-widget_type=\"text-editor.default\">\n\t\t\t\t\t\t\t\t\t<p>Se voc\u00ea tem alguma d\u00favida ou sugest\u00e3o sobre o programa, inscri\u00e7\u00e3o ou etapas do Amplifica, mande um e-mail para:\u2028<\/p><p>vaitec@adesampa.com.br\u2028<\/p><p>N\u00f3s iremos te ajudar!<\/p>\t\t\t\t\t\t\t\t<\/div>\n\t\t\t\t<\/div>\n\t\t<div class=\"elementor-element elementor-element-b5fc694 e-con-full e-flex e-con e-child\" data-id=\"b5fc694\" data-element_type=\"container\" data-e-type=\"container\">\n\t\t\t\t<div class=\"elementor-element elementor-element-c305356 elementor-widget elementor-widget-spacer\" data-id=\"c305356\" data-element_type=\"widget\" data-e-type=\"widget\" data-widget_type=\"spacer.default\">\n\t\t\t\t\t\t\t<div class=\"elementor-spacer\">\n\t\t\t<div class=\"elementor-spacer-inner\"><\/div>\n\t\t<\/div>\n\t\t\t\t\t\t<\/div>\n\t\t\t\t<div class=\"elementor-element elementor-element-eaa7253 elementor-widget elementor-widget-image\" data-id=\"eaa7253\" data-element_type=\"widget\" data-e-type=\"widget\" data-widget_type=\"image.default\">\n\t\t\t\t\t\t\t\t\t\t\t\t\t\t\t<img fetchpriority=\"high\" decoding=\"async\" width=\"569\" height=\"510\" src=\"https:\/\/adesampa.com.br\/vaitec\/wp-content\/uploads\/2026\/01\/02-Email.png\" class=\"attachment-full size-full wp-image-232\" alt=\"\" srcset=\"https:\/\/adesampa.com.br\/vaitec\/wp-content\/uploads\/2026\/01\/02-Email.png 569w, https:\/\/adesampa.com.br\/vaitec\/wp-content\/uploads\/2026\/01\/02-Email-300x269.png 300w\" sizes=\"(max-width: 569px) 100vw, 569px\" \/>\t\t\t\t\t\t\t\t\t\t\t\t\t\t\t<\/div>\n\t\t\t\t<div class=\"elementor-element elementor-element-cac503a elementor-widget elementor-widget-spacer\" data-id=\"cac503a\" data-element_type=\"widget\" data-e-type=\"widget\" data-widget_type=\"spacer.default\">\n\t\t\t\t\t\t\t<div class=\"elementor-spacer\">\n\t\t\t<div class=\"elementor-spacer-inner\"><\/div>\n\t\t<\/div>\n\t\t\t\t\t\t<\/div>\n\t\t\t\t<\/div>\n\t\t\t\t<\/div>\n\t\t<div class=\"elementor-element elementor-element-89f4c18 e-flex e-con-boxed e-con e-parent\" data-id=\"89f4c18\" data-element_type=\"container\" data-e-type=\"container\" data-settings=\"{&quot;background_background&quot;:&quot;classic&quot;}\">\n\t\t\t\t\t<div class=\"e-con-inner\">\n\t\t\t\t\t<\/div>\n\t\t\t\t<\/div>\n\t\t\t\t<\/div>\n\t\t","protected":false},"excerpt":{"rendered":"<p>CONTATO CONTATO Este \u00e9 seu espa\u00e7o de contato com a equipe do VAI TEC! Se precisar de informa\u00e7\u00f5es sobre a iniciativa, inscri\u00e7\u00e3o ou etapas do Programa de Acelera\u00e7\u00e3o VAI TEC, mande um e-mail para: vaitec@adesampa.com.br N\u00f3s iremos te ajudar! Este \u00e9 seu espa\u00e7o de contato com a equipe do VAI TEC! Se voc\u00ea tem alguma d\u00favida ou sugest\u00e3o sobre o programa, inscri\u00e7\u00e3o ou etapas do Amplifica, mande um e-mail para:\u2028 vaitec@adesampa.com.br\u2028 N\u00f3s iremos te ajudar!<\/p>\n","protected":false},"author":2,"featured_media":0,"parent":0,"menu_order":0,"comment_status":"closed","ping_status":"closed","template":"elementor_header_footer","meta":{"footnotes":""},"class_list":["post-345","page","type-page","status-publish"],"_links":{"self":[{"href":"https:\/\/adesampa.com.br\/vaitec\/wp-json\/wp\/v2\/pages\/345","targetHints":{"allow":["GET"]}}],"collection":[{"href":"https:\/\/adesampa.com.br\/vaitec\/wp-json\/wp\/v2\/pages"}],"about":[{"href":"https:\/\/adesampa.com.br\/vaitec\/wp-json\/wp\/v2\/types\/page"}],"author":[{"embeddable":true,"href":"https:\/\/adesampa.com.br\/vaitec\/wp-json\/wp\/v2\/users\/2"}],"replies":[{"embeddable":true,"href":"https:\/\/adesampa.com.br\/vaitec\/wp-json\/wp\/v2\/comments?post=345"}],"version-history":[{"count":18,"href":"https:\/\/adesampa.com.br\/vaitec\/wp-json\/wp\/v2\/pages\/345\/revisions"}],"predecessor-version":[{"id":1690,"href":"https:\/\/adesampa.com.br\/vaitec\/wp-json\/wp\/v2\/pages\/345\/revisions\/1690"}],"wp:attachment":[{"href":"https:\/\/adesampa.com.br\/vaitec\/wp-json\/wp\/v2\/media?parent=345"}],"curies":[{"name":"wp","href":"https:\/\/api.w.org\/{rel}","templated":true}]}}