{"id":11095,"date":"2018-02-04T15:43:20","date_gmt":"2018-02-04T15:43:20","guid":{"rendered":"http:\/\/rifetheme.com\/unicorn\/?page_id=11095"},"modified":"2026-02-05T13:09:24","modified_gmt":"2026-02-05T16:09:24","slug":"faq-teia","status":"publish","type":"page","link":"https:\/\/adesampa.com.br\/teia\/faq-teia\/","title":{"rendered":"Perguntas Frequentes"},"content":{"rendered":"\t\t<div data-elementor-type=\"wp-post\" data-elementor-id=\"11095\" class=\"elementor elementor-11095\">\n\t\t\t\t\t\t<section class=\"elementor-section elementor-top-section elementor-element elementor-element-6962e2f0 elementor-section-stretched elementor-section-boxed elementor-section-height-default elementor-section-height-default\" data-id=\"6962e2f0\" data-element_type=\"section\" data-settings=\"{&quot;stretch_section&quot;:&quot;section-stretched&quot;,&quot;background_background&quot;:&quot;classic&quot;}\">\n\t\t\t\t\t\t<div class=\"elementor-container elementor-column-gap-default\">\n\t\t\t\t\t<div class=\"elementor-column elementor-col-100 elementor-top-column elementor-element elementor-element-513d0c2\" data-id=\"513d0c2\" data-element_type=\"column\">\n\t\t\t<div class=\"elementor-widget-wrap elementor-element-populated\">\n\t\t\t\t\t\t<div class=\"elementor-element elementor-element-15cdacec elementor-widget elementor-widget-heading\" data-id=\"15cdacec\" data-element_type=\"widget\" data-widget_type=\"heading.default\">\n\t\t\t\t<div class=\"elementor-widget-container\">\n\t\t\t\t\t<h2 class=\"elementor-heading-title elementor-size-default\">Perguntas Frequentes<\/h2>\t\t\t\t<\/div>\n\t\t\t\t<\/div>\n\t\t\t\t\t<\/div>\n\t\t<\/div>\n\t\t\t\t\t<\/div>\n\t\t<\/section>\n\t\t\t\t<section class=\"elementor-section elementor-top-section elementor-element elementor-element-50b8a3c6 elementor-section-stretched elementor-section-boxed elementor-section-height-default elementor-section-height-default\" data-id=\"50b8a3c6\" data-element_type=\"section\" data-settings=\"{&quot;stretch_section&quot;:&quot;section-stretched&quot;,&quot;background_background&quot;:&quot;classic&quot;}\">\n\t\t\t\t\t\t<div class=\"elementor-container elementor-column-gap-default\">\n\t\t\t\t\t<div class=\"elementor-column elementor-col-50 elementor-top-column elementor-element elementor-element-52834fe2\" data-id=\"52834fe2\" data-element_type=\"column\">\n\t\t\t<div class=\"elementor-widget-wrap elementor-element-populated\">\n\t\t\t\t\t\t<div class=\"elementor-element elementor-element-9b3b1db elementor-widget elementor-widget-writing-effect-headline\" data-id=\"9b3b1db\" data-element_type=\"widget\" data-widget_type=\"writing-effect-headline.default\">\n\t\t\t\t<div class=\"elementor-widget-container\">\n\t\t\t\t\t\t\t<span class=\"a13ree-written-headline\" data-speed=\"30\" data-loop=\"1\">\r\n\t\t\t\t\t\t\t<span class=\"before-written\">Seu espa\u00e7o de trabalho<\/span>\r\n\t\t\t\r\n\t\t\t            <span class=\"written-lines elementor-screen-only\">Colaborativo.\nCompartilhado.\nCriativo.<\/span>\r\n\t\t\t\r\n\t\t\t\t\t<\/span>\r\n\t\t\t\t\t\t<\/div>\n\t\t\t\t<\/div>\n\t\t\t\t\t<\/div>\n\t\t<\/div>\n\t\t\t\t<div class=\"elementor-column elementor-col-50 elementor-top-column elementor-element elementor-element-d94559f\" data-id=\"d94559f\" data-element_type=\"column\">\n\t\t\t<div class=\"elementor-widget-wrap elementor-element-populated\">\n\t\t\t\t\t\t<div class=\"elementor-element elementor-element-ca82f35 elementor-widget elementor-widget-image\" data-id=\"ca82f35\" data-element_type=\"widget\" data-widget_type=\"image.default\">\n\t\t\t\t<div class=\"elementor-widget-container\">\n\t\t\t\t\t\t\t\t\t\t\t\t\t\t\t<img fetchpriority=\"high\" decoding=\"async\" width=\"800\" height=\"534\" src=\"https:\/\/adesampa.com.br\/teia\/wp-content\/uploads\/2022\/08\/imagem-pagina-o-que-e-1024x683.jpg\" class=\"attachment-large size-large wp-image-16002\" alt=\"\" srcset=\"https:\/\/adesampa.com.br\/teia\/wp-content\/uploads\/2022\/08\/imagem-pagina-o-que-e-1024x683.jpg 1024w, https:\/\/adesampa.com.br\/teia\/wp-content\/uploads\/2022\/08\/imagem-pagina-o-que-e-300x200.jpg 300w, https:\/\/adesampa.com.br\/teia\/wp-content\/uploads\/2022\/08\/imagem-pagina-o-que-e-768x512.jpg 768w, https:\/\/adesampa.com.br\/teia\/wp-content\/uploads\/2022\/08\/imagem-pagina-o-que-e.jpg 1200w\" sizes=\"(max-width: 800px) 100vw, 800px\" \/>\t\t\t\t\t\t\t\t\t\t\t\t\t\t\t<\/div>\n\t\t\t\t<\/div>\n\t\t\t\t\t<\/div>\n\t\t<\/div>\n\t\t\t\t\t<\/div>\n\t\t<\/section>\n\t\t\t\t<section class=\"elementor-section elementor-top-section elementor-element elementor-element-08e2099 elementor-section-boxed elementor-section-height-default elementor-section-height-default\" data-id=\"08e2099\" data-element_type=\"section\">\n\t\t\t\t\t\t<div class=\"elementor-container elementor-column-gap-default\">\n\t\t\t\t\t<div class=\"elementor-column elementor-col-100 elementor-top-column elementor-element elementor-element-78c361e\" data-id=\"78c361e\" data-element_type=\"column\">\n\t\t\t<div class=\"elementor-widget-wrap elementor-element-populated\">\n\t\t\t\t\t\t<div class=\"elementor-element elementor-element-7d94b8d elementor-widget elementor-widget-spacer\" data-id=\"7d94b8d\" data-element_type=\"widget\" data-widget_type=\"spacer.default\">\n\t\t\t\t<div class=\"elementor-widget-container\">\n\t\t\t\t\t\t\t<div class=\"elementor-spacer\">\n\t\t\t<div class=\"elementor-spacer-inner\"><\/div>\n\t\t<\/div>\n\t\t\t\t\t\t<\/div>\n\t\t\t\t<\/div>\n\t\t\t\t<div class=\"elementor-element elementor-element-c274444 elementor-widget elementor-widget-accordion\" data-id=\"c274444\" data-element_type=\"widget\" data-widget_type=\"accordion.default\">\n\t\t\t\t<div class=\"elementor-widget-container\">\n\t\t\t\t\t\t\t<div class=\"elementor-accordion\">\n\t\t\t\t\t\t\t<div class=\"elementor-accordion-item\">\n\t\t\t\t\t<div id=\"elementor-tab-title-2031\" class=\"elementor-tab-title\" data-tab=\"1\" role=\"button\" aria-controls=\"elementor-tab-content-2031\" aria-expanded=\"false\">\n\t\t\t\t\t\t\t\t\t\t\t\t<a class=\"elementor-accordion-title\" tabindex=\"0\">O que \u00e9 o TEIA?<\/a>\n\t\t\t\t\t<\/div>\n\t\t\t\t\t<div id=\"elementor-tab-content-2031\" class=\"elementor-tab-content elementor-clearfix\" data-tab=\"1\" role=\"region\" aria-labelledby=\"elementor-tab-title-2031\"><p>O TEIA tem como objetivo incentivar o desenvolvimento de neg\u00f3cios e fomentar as redes locais de empreendedorismo, por meio da cria\u00e7\u00e3o de coworkings p\u00fablicos na cidade de S\u00e3o Paulo. S\u00e3o espa\u00e7os compartilhados de trabalho com toda a infraestrutura e o suporte necess\u00e1rio para que empreendedores possam gerar renda e fortalecer seus neg\u00f3cios. O TEIA Taipas foi a primeira unidade inaugurada em maio de 2019, e hoje a cidade j\u00e1 conta com mais de 20 Espa\u00e7os TEIA, em todas as regi\u00f5es do munic\u00edpio.<\/p><\/div>\n\t\t\t\t<\/div>\n\t\t\t\t\t\t\t<div class=\"elementor-accordion-item\">\n\t\t\t\t\t<div id=\"elementor-tab-title-2032\" class=\"elementor-tab-title\" data-tab=\"2\" role=\"button\" aria-controls=\"elementor-tab-content-2032\" aria-expanded=\"false\">\n\t\t\t\t\t\t\t\t\t\t\t\t<a class=\"elementor-accordion-title\" tabindex=\"0\">Preciso pagar para utilizar o TEIA?<\/a>\n\t\t\t\t\t<\/div>\n\t\t\t\t\t<div id=\"elementor-tab-content-2032\" class=\"elementor-tab-content elementor-clearfix\" data-tab=\"2\" role=\"region\" aria-labelledby=\"elementor-tab-title-2032\"><p>N\u00e3o. O programa TEIA \u00e9 um servi\u00e7o gratuito da Prefeitura de S\u00e3o Paulo, concebido e executado pela Ag\u00eancia S\u00e3o Paulo de Desenvolvimento &#8211; ADE SAMPA, vinculada \u00e0 Secretaria Municipal de Desenvolvimento Econ\u00f4mico e Trabalho &#8211; SMDET.\u200b<\/p><\/div>\n\t\t\t\t<\/div>\n\t\t\t\t\t\t\t<div class=\"elementor-accordion-item\">\n\t\t\t\t\t<div id=\"elementor-tab-title-2033\" class=\"elementor-tab-title\" data-tab=\"3\" role=\"button\" aria-controls=\"elementor-tab-content-2033\" aria-expanded=\"false\">\n\t\t\t\t\t\t\t\t\t\t\t\t<a class=\"elementor-accordion-title\" tabindex=\"0\">Qual o hor\u00e1rio de funcionamento?<\/a>\n\t\t\t\t\t<\/div>\n\t\t\t\t\t<div id=\"elementor-tab-content-2033\" class=\"elementor-tab-content elementor-clearfix\" data-tab=\"3\" role=\"region\" aria-labelledby=\"elementor-tab-title-2033\"><p>Os TEIAs est\u00e3o instalados em bibliotecas, CEUs, parques e outros pr\u00e9dios municipais. Por isso, o hor\u00e1rio de funcionamento pode variar em cada unidade. Consulte o hor\u00e1rio de funcionamento da unidade desejada em <a href=\"https:\/\/adesampa.com.br\/teia\/unidades\/\">https:\/\/adesampa.com.br\/teia\/unidades\/<\/a>.\u200b<\/p><\/div>\n\t\t\t\t<\/div>\n\t\t\t\t\t\t\t<div class=\"elementor-accordion-item\">\n\t\t\t\t\t<div id=\"elementor-tab-title-2034\" class=\"elementor-tab-title\" data-tab=\"4\" role=\"button\" aria-controls=\"elementor-tab-content-2034\" aria-expanded=\"false\">\n\t\t\t\t\t\t\t\t\t\t\t\t<a class=\"elementor-accordion-title\" tabindex=\"0\">Quais servi\u00e7os s\u00e3o disponibilizados?\u200b<\/a>\n\t\t\t\t\t<\/div>\n\t\t\t\t\t<div id=\"elementor-tab-content-2034\" class=\"elementor-tab-content elementor-clearfix\" data-tab=\"4\" role=\"region\" aria-labelledby=\"elementor-tab-title-2034\"><p>Todas as unidades do TEIA disponibilizam espa\u00e7o de trabalho, programa\u00e7\u00e3o de oficinas, cursos e qualifica\u00e7\u00e3o, al\u00e9m de atendimento ao empreendedor. A infraestrutura inclui internet livre, salas de reuni\u00e3o, ambiente de conviv\u00eancia, e equipamentos como projetores e computadores. A programa\u00e7\u00e3o mensal \u00e9 composta por cursos e atividades de qualifica\u00e7\u00e3o empreendedora e profissional, al\u00e9m de encontros, feiras e eventos que promovem o networking no territ\u00f3rio. Voc\u00ea pode acessar a p\u00e1gina de cada Teia para saber mais sobre a unidade.<\/p><\/div>\n\t\t\t\t<\/div>\n\t\t\t\t\t\t\t<div class=\"elementor-accordion-item\">\n\t\t\t\t\t<div id=\"elementor-tab-title-2035\" class=\"elementor-tab-title\" data-tab=\"5\" role=\"button\" aria-controls=\"elementor-tab-content-2035\" aria-expanded=\"false\">\n\t\t\t\t\t\t\t\t\t\t\t\t<a class=\"elementor-accordion-title\" tabindex=\"0\">\u00c9 poss\u00edvel reservar o uso com anteced\u00eancia?\u200b<\/a>\n\t\t\t\t\t<\/div>\n\t\t\t\t\t<div id=\"elementor-tab-content-2035\" class=\"elementor-tab-content elementor-clearfix\" data-tab=\"5\" role=\"region\" aria-labelledby=\"elementor-tab-title-2035\"><p>Sim, as reservas podem ser feitas diretamente pela plataforma online app.adesampa.com.br. Nela, \u00e9 poss\u00edvel visualizar o mapa de cada unidade, escolher entre mesas com ou sem computador e tamb\u00e9m reservar salas de reuni\u00e3o.\u200b<\/p><\/div>\n\t\t\t\t<\/div>\n\t\t\t\t\t\t\t<div class=\"elementor-accordion-item\">\n\t\t\t\t\t<div id=\"elementor-tab-title-2036\" class=\"elementor-tab-title\" data-tab=\"6\" role=\"button\" aria-controls=\"elementor-tab-content-2036\" aria-expanded=\"false\">\n\t\t\t\t\t\t\t\t\t\t\t\t<a class=\"elementor-accordion-title\" tabindex=\"0\">O agendamento \u00e9 obrigat\u00f3rio?<\/a>\n\t\t\t\t\t<\/div>\n\t\t\t\t\t<div id=\"elementor-tab-content-2036\" class=\"elementor-tab-content elementor-clearfix\" data-tab=\"6\" role=\"region\" aria-labelledby=\"elementor-tab-title-2036\"><p>N\u00e3o \u00e9 obrigat\u00f3rio fazer o agendamento. Basta chegar na unidade desejada, apresentar um documento de identidade e realizar o cadastro na plataforma online da ADE SAMPA, dispon\u00edvel em app.adesampa.com.br. Contudo, \u00e9 recomendado fazer o agendamento para garantir a disponibilidade da posi\u00e7\u00e3o de trabalho ou sala de reuni\u00e3o.<\/p><\/div>\n\t\t\t\t<\/div>\n\t\t\t\t\t\t\t<div class=\"elementor-accordion-item\">\n\t\t\t\t\t<div id=\"elementor-tab-title-2037\" class=\"elementor-tab-title\" data-tab=\"7\" role=\"button\" aria-controls=\"elementor-tab-content-2037\" aria-expanded=\"false\">\n\t\t\t\t\t\t\t\t\t\t\t\t<a class=\"elementor-accordion-title\" tabindex=\"0\">\u00c9 poss\u00edvel fazer uma reserva para o dia todo?\u200b<\/a>\n\t\t\t\t\t<\/div>\n\t\t\t\t\t<div id=\"elementor-tab-content-2037\" class=\"elementor-tab-content elementor-clearfix\" data-tab=\"7\" role=\"region\" aria-labelledby=\"elementor-tab-title-2037\"><p>Caso deseje utilizar o dia todo, basta selecionar todos os hor\u00e1rios da esta\u00e7\u00e3o de trabalho de sua escolha.\u200b<\/p><\/div>\n\t\t\t\t<\/div>\n\t\t\t\t\t\t\t<div class=\"elementor-accordion-item\">\n\t\t\t\t\t<div id=\"elementor-tab-title-2038\" class=\"elementor-tab-title\" data-tab=\"8\" role=\"button\" aria-controls=\"elementor-tab-content-2038\" aria-expanded=\"false\">\n\t\t\t\t\t\t\t\t\t\t\t\t<a class=\"elementor-accordion-title\" tabindex=\"0\">Cancelamento de reserva\u200b<\/a>\n\t\t\t\t\t<\/div>\n\t\t\t\t\t<div id=\"elementor-tab-content-2038\" class=\"elementor-tab-content elementor-clearfix\" data-tab=\"8\" role=\"region\" aria-labelledby=\"elementor-tab-title-2038\"><p>Se voc\u00ea fizer uma reserva e se atrasar em mais de 30 minutos, sua reserva poder\u00e1 ser cancelada, liberando o espa\u00e7o para outros usu\u00e1rios. Essa pol\u00edtica existe para garantir o acesso por outros cidad\u00e3os e evitar que os espa\u00e7os de trabalho fiquem ociosos. Caso voc\u00ea n\u00e3o possa comparecer no hor\u00e1rio reservado, cancele sua reserva antecipadamente atrav\u00e9s do sistema.<\/p><\/div>\n\t\t\t\t<\/div>\n\t\t\t\t\t\t\t<div class=\"elementor-accordion-item\">\n\t\t\t\t\t<div id=\"elementor-tab-title-2039\" class=\"elementor-tab-title\" data-tab=\"9\" role=\"button\" aria-controls=\"elementor-tab-content-2039\" aria-expanded=\"false\">\n\t\t\t\t\t\t\t\t\t\t\t\t<a class=\"elementor-accordion-title\" tabindex=\"0\">Onde est\u00e3o localizados os Teias?<\/a>\n\t\t\t\t\t<\/div>\n\t\t\t\t\t<div id=\"elementor-tab-content-2039\" class=\"elementor-tab-content elementor-clearfix\" data-tab=\"9\" role=\"region\" aria-labelledby=\"elementor-tab-title-2039\"><p>As unidades TEIA est\u00e3o instaladas em bibliotecas, CEUs, parques e demais pr\u00e9dios municipais pela cidade de S\u00e3o Paulo, em especial nas regi\u00f5es perif\u00e9ricas. Para mais informa\u00e7\u00f5es, acesse o endere\u00e7o de todas as unidades no site: https:\/\/adesampa.com.br\/teia\/unidades\/.\u200b<\/p><\/div>\n\t\t\t\t<\/div>\n\t\t\t\t\t\t\t<div class=\"elementor-accordion-item\">\n\t\t\t\t\t<div id=\"elementor-tab-title-20310\" class=\"elementor-tab-title\" data-tab=\"10\" role=\"button\" aria-controls=\"elementor-tab-content-20310\" aria-expanded=\"false\">\n\t\t\t\t\t\t\t\t\t\t\t\t<a class=\"elementor-accordion-title\" tabindex=\"0\">\u00c9 poss\u00edvel fazer agendamentos para v\u00e1rios dias? <\/a>\n\t\t\t\t\t<\/div>\n\t\t\t\t\t<div id=\"elementor-tab-content-20310\" class=\"elementor-tab-content elementor-clearfix\" data-tab=\"10\" role=\"region\" aria-labelledby=\"elementor-tab-title-20310\"><p>Todas as reservas t\u00eam 01 (uma) hora de dura\u00e7\u00e3o. Se desejar garantir a reserva para mais de um dia, basta selecionar os hor\u00e1rios que deseja utilizar um espa\u00e7o de trabalho, fazendo a reserva para um dia de cada vez. \u200b<\/p><\/div>\n\t\t\t\t<\/div>\n\t\t\t\t\t\t\t<div class=\"elementor-accordion-item\">\n\t\t\t\t\t<div id=\"elementor-tab-title-20311\" class=\"elementor-tab-title\" data-tab=\"11\" role=\"button\" aria-controls=\"elementor-tab-content-20311\" aria-expanded=\"false\">\n\t\t\t\t\t\t\t\t\t\t\t\t<a class=\"elementor-accordion-title\" tabindex=\"0\">Posso realizar transa\u00e7\u00f5es comerciais dentro do espa\u00e7o TEIA?\u200b<\/a>\n\t\t\t\t\t<\/div>\n\t\t\t\t\t<div id=\"elementor-tab-content-20311\" class=\"elementor-tab-content elementor-clearfix\" data-tab=\"11\" role=\"region\" aria-labelledby=\"elementor-tab-title-20311\"><p>O TEIA \u00e9 um espa\u00e7o p\u00fablico e, por isso, n\u00e3o podem haver transa\u00e7\u00f5es comerciais dentro do espa\u00e7o, como venda direta de produtos e servi\u00e7os. A exce\u00e7\u00e3o ocorre em feiras ou eventos cuja comercializa\u00e7\u00e3o \u00e9 expressamente permitida.\u200b<\/p><\/div>\n\t\t\t\t<\/div>\n\t\t\t\t\t\t\t<div class=\"elementor-accordion-item\">\n\t\t\t\t\t<div id=\"elementor-tab-title-20312\" class=\"elementor-tab-title\" data-tab=\"12\" role=\"button\" aria-controls=\"elementor-tab-content-20312\" aria-expanded=\"false\">\n\t\t\t\t\t\t\t\t\t\t\t\t<a class=\"elementor-accordion-title\" tabindex=\"0\">Posso receber clientes dentro no TEIA?\u200b<\/a>\n\t\t\t\t\t<\/div>\n\t\t\t\t\t<div id=\"elementor-tab-content-20312\" class=\"elementor-tab-content elementor-clearfix\" data-tab=\"12\" role=\"region\" aria-labelledby=\"elementor-tab-title-20312\"><p>Sim, as salas de reuni\u00f5es das unidades TEIA t\u00eam o prop\u00f3sito de oferecer ao empreendedor um espa\u00e7o para que ele possa se reunir com clientes, fornecedores, equipes e parceiros. Por\u00e9m n\u00e3o \u00e9 permitida a transa\u00e7\u00e3o comercial dentro do TEIA.\u200b<\/p><\/div>\n\t\t\t\t<\/div>\n\t\t\t\t\t\t\t<div class=\"elementor-accordion-item\">\n\t\t\t\t\t<div id=\"elementor-tab-title-20313\" class=\"elementor-tab-title\" data-tab=\"13\" role=\"button\" aria-controls=\"elementor-tab-content-20313\" aria-expanded=\"false\">\n\t\t\t\t\t\t\t\t\t\t\t\t<a class=\"elementor-accordion-title\" tabindex=\"0\">Posso usar o endere\u00e7o do TEIA como meu endere\u00e7o comercial?<\/a>\n\t\t\t\t\t<\/div>\n\t\t\t\t\t<div id=\"elementor-tab-content-20313\" class=\"elementor-tab-content elementor-clearfix\" data-tab=\"13\" role=\"region\" aria-labelledby=\"elementor-tab-title-20313\"><p>Sim, voc\u00ea pode utilizar o endere\u00e7o do TEIA como seu endere\u00e7o comercial para divulga\u00e7\u00e3o do seu neg\u00f3cio.<br \/>No entanto, \u00e9 fundamental entender as limita\u00e7\u00f5es de uso deste endere\u00e7o, conforme nossas regras operacionais e a legisla\u00e7\u00e3o aplic\u00e1vel:<\/p><ul><li>Endere\u00e7o Comercial (Permitido com ressalvas): O endere\u00e7o do TEIA pode ser indicado<br \/>como o local de sua atividade para fins de imagem profissional e marketing. Isso inclui:<br \/>\u25cb Uso em perfis sociais (bio do Instagram, LinkedIn, etc.).<br \/>\u25cb Assinatura de e-mail e cart\u00e3o de visita.<br \/>\u25cb Site institucional como endere\u00e7o de contato.<\/li><\/ul><p>Aten\u00e7\u00e3o: Registrar o endere\u00e7o do TEIA em plataformas como Google Meu Neg\u00f3cio ou criar uma listagem pr\u00f3pria no Google Maps \u00e9 uma pr\u00e1tica delicada. Recomendamos n\u00e3o faz\u00ea-lo, pois pode gerar confus\u00e3o com a p\u00e1gina oficial do TEIA, conflitos de informa\u00e7\u00e3o para clientes e problemas de<br \/>log\u00edstica, uma vez que n\u00e3o realizamos atendimento ao p\u00fablico. O uso deve ser sempre declarativo<br \/>(&#8220;Atendemos no TEIA Unidade X&#8221;) e n\u00e3o registral.<\/p><ul><li>\u00a0Endere\u00e7o Fiscal \/ Sede (N\u00e3o Permitido): O endere\u00e7o do TEIA n\u00e3o pode ser utilizado como endere\u00e7o de cadastro oficial do seu CNPJ na Receita Federal (endere\u00e7o da matriz\/sede).<br \/>Este deve ser um endere\u00e7o pr\u00f3prio ou residencial, com inscri\u00e7\u00e3o municipal espec\u00edfica.<\/li><li>Correspond\u00eancia e Encomendas (N\u00c3O Permitido): \u00c9 expressamente proibido utilizar o endere\u00e7o do TEIA para recebimento de qualquer tipo de correspond\u00eancia, documentos, encomendas ou mercadorias. Nossa equipe n\u00e3o recebe, n\u00e3o armazena e n\u00e3o se responsabiliza por itens enviados para c\u00e1. Pedidos feitos com este endere\u00e7o ser\u00e3o recusados.<\/li><li>Atendimento ao Cliente e Visitas: O TEIA n\u00e3o oferece e n\u00e3o \u00e9 respons\u00e1vel por servi\u00e7os de atendimento ao cliente, recep\u00e7\u00e3o de visitas ou suporte operacional. Cada profissional \u00e9 integralmente respons\u00e1vel por seus clientes e parceiros. Eventuais visitas devem ser<br \/>previamente agendadas e acompanhadas pelo membro, seguindo todas as regras de acesso e o Manual de Conduta do espa\u00e7o.<\/li><\/ul><p>Importante: Todos os frequentadores do TEIA devem conhecer e seguir as regras do Manual de Conduta. O uso indevido do endere\u00e7o (como tentativas de registro fiscal, recebimento de encomendas ou cria\u00e7\u00e3o de listagens no Google) ou qualquer conduta que infrinja nosso manual<br \/>est\u00e1 sujeito a advert\u00eancias e pode levar ao bloqueio de acesso \u00e0s unidades.<\/p><p>Recomenda\u00e7\u00e3o: Para um endere\u00e7o comercial registral e seguro para correspond\u00eancias, consulte um contador sobre servi\u00e7os de endere\u00e7o comercial virtual ou caixa postal.<\/p><\/div>\n\t\t\t\t<\/div>\n\t\t\t\t\t\t\t<div class=\"elementor-accordion-item\">\n\t\t\t\t\t<div id=\"elementor-tab-title-20314\" class=\"elementor-tab-title\" data-tab=\"14\" role=\"button\" aria-controls=\"elementor-tab-content-20314\" aria-expanded=\"false\">\n\t\t\t\t\t\t\t\t\t\t\t\t<a class=\"elementor-accordion-title\" tabindex=\"0\">Como posso ficar sabendo das novidades do Teia?<\/a>\n\t\t\t\t\t<\/div>\n\t\t\t\t\t<div id=\"elementor-tab-content-20314\" class=\"elementor-tab-content elementor-clearfix\" data-tab=\"14\" role=\"region\" aria-labelledby=\"elementor-tab-title-20314\"><p>Avisos sobre a programa\u00e7\u00e3o e suspens\u00e3o tempor\u00e1ria dos servi\u00e7os s\u00e3o veiculados no site e nas redes sociais da ADE SAMPA. Informe-se na sua unidade de prefer\u00eancia a respeito de grupos de whatsapp ou outros meios de comunica\u00e7\u00e3o.\u200b<\/p><\/div>\n\t\t\t\t<\/div>\n\t\t\t\t\t\t\t<div class=\"elementor-accordion-item\">\n\t\t\t\t\t<div id=\"elementor-tab-title-20315\" class=\"elementor-tab-title\" data-tab=\"15\" role=\"button\" aria-controls=\"elementor-tab-content-20315\" aria-expanded=\"false\">\n\t\t\t\t\t\t\t\t\t\t\t\t<a class=\"elementor-accordion-title\" tabindex=\"0\">Posso realizar pesquisa acad\u00eamica ou grava\u00e7\u00e3o dentro do espa\u00e7o do Teia?\u200b\u200b<\/a>\n\t\t\t\t\t<\/div>\n\t\t\t\t\t<div id=\"elementor-tab-content-20315\" class=\"elementor-tab-content elementor-clearfix\" data-tab=\"15\" role=\"region\" aria-labelledby=\"elementor-tab-title-20315\"><p>Sim, mediante autoriza\u00e7\u00e3o pr\u00e9via. Envie um e-mail para atendimento@adesampa.com.br informando os objetivos e detalhes da pesquisa ou grava\u00e7\u00e3o.\u200b<\/p><\/div>\n\t\t\t\t<\/div>\n\t\t\t\t\t\t\t<div class=\"elementor-accordion-item\">\n\t\t\t\t\t<div id=\"elementor-tab-title-20316\" class=\"elementor-tab-title\" data-tab=\"16\" role=\"button\" aria-controls=\"elementor-tab-content-20316\" aria-expanded=\"false\">\n\t\t\t\t\t\t\t\t\t\t\t\t<a class=\"elementor-accordion-title\" tabindex=\"0\">Qual o canal para envio de sugest\u00f5es, elogios e reclama\u00e7\u00f5es?\u200b<\/a>\n\t\t\t\t\t<\/div>\n\t\t\t\t\t<div id=\"elementor-tab-content-20316\" class=\"elementor-tab-content elementor-clearfix\" data-tab=\"16\" role=\"region\" aria-labelledby=\"elementor-tab-title-20316\"><p>Voc\u00ea pode avaliar o servi\u00e7o por meio do formul\u00e1rio dispon\u00edvel em <a href=\"https:\/\/bit.ly\/feedback_teia\">https:\/\/bit.ly\/feedback_teia<\/a> ou pelo e-mail atendimento@adesampa.com.br.\u200b<\/p><\/div>\n\t\t\t\t<\/div>\n\t\t\t\t\t\t\t<div class=\"elementor-accordion-item\">\n\t\t\t\t\t<div id=\"elementor-tab-title-20317\" class=\"elementor-tab-title\" data-tab=\"17\" role=\"button\" aria-controls=\"elementor-tab-content-20317\" aria-expanded=\"false\">\n\t\t\t\t\t\t\t\t\t\t\t\t<a class=\"elementor-accordion-title\" tabindex=\"0\">Quais regras devo observar para utilizar o Teia?<\/a>\n\t\t\t\t\t<\/div>\n\t\t\t\t\t<div id=\"elementor-tab-content-20317\" class=\"elementor-tab-content elementor-clearfix\" data-tab=\"17\" role=\"region\" aria-labelledby=\"elementor-tab-title-20317\"><p>\u00c9 dever do usu\u00e1rio respeitar os demais usu\u00e1rios e a equipe de atendimento, e zelar pelo bom uso do espa\u00e7o e dos equipamentos, sob pena de bloqueio do usu\u00e1rio \u00e0 utiliza\u00e7\u00e3o de todas as unidades. O Manual de Conduta pode ser consultado nas unidades e no site <a href=\"https:\/\/www.adesampa.com.br\/teia\/manual\">https:\/\/www.adesampa.com.br\/teia\/manual<\/a>.\u200b<\/p><\/div>\n\t\t\t\t<\/div>\n\t\t\t\t\t\t\t\t<\/div>\n\t\t\t\t\t\t<\/div>\n\t\t\t\t<\/div>\n\t\t\t\t<div class=\"elementor-element elementor-element-fe49216 elementor-widget elementor-widget-spacer\" data-id=\"fe49216\" data-element_type=\"widget\" data-widget_type=\"spacer.default\">\n\t\t\t\t<div class=\"elementor-widget-container\">\n\t\t\t\t\t\t\t<div class=\"elementor-spacer\">\n\t\t\t<div class=\"elementor-spacer-inner\"><\/div>\n\t\t<\/div>\n\t\t\t\t\t\t<\/div>\n\t\t\t\t<\/div>\n\t\t\t\t\t<\/div>\n\t\t<\/div>\n\t\t\t\t\t<\/div>\n\t\t<\/section>\n\t\t\t\t<\/div>\n\t\t","protected":false},"excerpt":{"rendered":"<p>Perguntas Frequentes Seu espa\u00e7o de trabalho Colaborativo. Compartilhado. Criativo. O&hellip;<\/p>\n<p> <a class=\"more-link\" href=\"https:\/\/adesampa.com.br\/teia\/faq-teia\/\">Leia mais<\/a><\/p>\n","protected":false},"author":1,"featured_media":0,"parent":0,"menu_order":0,"comment_status":"closed","ping_status":"closed","template":"","meta":{"om_disable_all_campaigns":false,"_monsterinsights_skip_tracking":false,"_monsterinsights_sitenote_active":false,"_monsterinsights_sitenote_note":"","_monsterinsights_sitenote_category":0,"_uf_show_specific_survey":0,"_uf_disable_surveys":false,"footnotes":""},"class_list":["post-11095","page","type-page","status-publish"],"aioseo_notices":[],"_links":{"self":[{"href":"https:\/\/adesampa.com.br\/teia\/wp-json\/wp\/v2\/pages\/11095","targetHints":{"allow":["GET"]}}],"collection":[{"href":"https:\/\/adesampa.com.br\/teia\/wp-json\/wp\/v2\/pages"}],"about":[{"href":"https:\/\/adesampa.com.br\/teia\/wp-json\/wp\/v2\/types\/page"}],"author":[{"embeddable":true,"href":"https:\/\/adesampa.com.br\/teia\/wp-json\/wp\/v2\/users\/1"}],"replies":[{"embeddable":true,"href":"https:\/\/adesampa.com.br\/teia\/wp-json\/wp\/v2\/comments?post=11095"}],"version-history":[{"count":144,"href":"https:\/\/adesampa.com.br\/teia\/wp-json\/wp\/v2\/pages\/11095\/revisions"}],"predecessor-version":[{"id":17922,"href":"https:\/\/adesampa.com.br\/teia\/wp-json\/wp\/v2\/pages\/11095\/revisions\/17922"}],"wp:attachment":[{"href":"https:\/\/adesampa.com.br\/teia\/wp-json\/wp\/v2\/media?parent=11095"}],"curies":[{"name":"wp","href":"https:\/\/api.w.org\/{rel}","templated":true}]}}