{"id":12742,"date":"2023-07-01T14:30:14","date_gmt":"2023-07-01T17:30:14","guid":{"rendered":"https:\/\/adesampa.com.br\/sampagames\/?page_id=12742"},"modified":"2025-04-09T15:49:03","modified_gmt":"2025-04-09T18:49:03","slug":"edital","status":"publish","type":"page","link":"https:\/\/adesampa.com.br\/sampagames3\/edital\/","title":{"rendered":"Edital"},"content":{"rendered":"\t\t<div data-elementor-type=\"wp-post\" data-elementor-id=\"12742\" class=\"elementor elementor-12742\">\n\t\t\t\t\t\t<section class=\"elementor-section elementor-top-section elementor-element elementor-element-f215422 elementor-section-stretched elementor-section-height-min-height elementor-section-content-middle elementor-section-boxed elementor-section-height-default elementor-section-items-middle\" data-id=\"f215422\" data-element_type=\"section\" data-settings=\"{&quot;stretch_section&quot;:&quot;section-stretched&quot;,&quot;background_background&quot;:&quot;classic&quot;}\">\n\t\t\t\t\t\t\t<div class=\"elementor-background-overlay\"><\/div>\n\t\t\t\t\t\t\t<div class=\"elementor-container elementor-column-gap-default\">\n\t\t\t\t\t<div class=\"elementor-column elementor-col-100 elementor-top-column elementor-element elementor-element-04d131c animated-slow elementor-invisible\" data-id=\"04d131c\" data-element_type=\"column\" data-settings=\"{&quot;animation&quot;:&quot;fadeIn&quot;,&quot;animation_delay&quot;:500}\">\n\t\t\t<div class=\"elementor-widget-wrap elementor-element-populated\">\n\t\t\t\t\t\t<div class=\"elementor-element elementor-element-c94ef07 elementor-widget elementor-widget-image\" data-id=\"c94ef07\" data-element_type=\"widget\" data-widget_type=\"image.default\">\n\t\t\t\t<div class=\"elementor-widget-container\">\n\t\t\t\t\t\t\t\t\t\t\t\t\t\t\t<img decoding=\"async\" src=\"https:\/\/adesampa.com.br\/sampagames3\/wp-content\/uploads\/elementor\/thumbs\/LOG-SITE-qovlzztfjn9a359sderj9ro6131epsn78raofakr2e.png\" title=\"LOG-SITE\" alt=\"LOG-SITE\" loading=\"lazy\" \/>\t\t\t\t\t\t\t\t\t\t\t\t\t\t\t<\/div>\n\t\t\t\t<\/div>\n\t\t\t\t\t<\/div>\n\t\t<\/div>\n\t\t\t\t\t<\/div>\n\t\t<\/section>\n\t\t\t\t<section class=\"elementor-section elementor-top-section elementor-element elementor-element-38d7eaf elementor-section-stretched elementor-section-boxed elementor-section-height-default elementor-section-height-default\" data-id=\"38d7eaf\" data-element_type=\"section\" data-settings=\"{&quot;stretch_section&quot;:&quot;section-stretched&quot;,&quot;background_background&quot;:&quot;classic&quot;}\">\n\t\t\t\t\t\t<div class=\"elementor-container elementor-column-gap-default\">\n\t\t\t\t\t<div class=\"elementor-column elementor-col-100 elementor-top-column elementor-element elementor-element-903f129\" data-id=\"903f129\" data-element_type=\"column\">\n\t\t\t<div class=\"elementor-widget-wrap elementor-element-populated\">\n\t\t\t\t\t\t<div class=\"elementor-element elementor-element-420157d elementor-widget elementor-widget-spacer\" data-id=\"420157d\" data-element_type=\"widget\" data-widget_type=\"spacer.default\">\n\t\t\t\t<div class=\"elementor-widget-container\">\n\t\t\t\t\t\t\t<div class=\"elementor-spacer\">\n\t\t\t<div class=\"elementor-spacer-inner\"><\/div>\n\t\t<\/div>\n\t\t\t\t\t\t<\/div>\n\t\t\t\t<\/div>\n\t\t\t\t\t<\/div>\n\t\t<\/div>\n\t\t\t\t\t<\/div>\n\t\t<\/section>\n\t\t\t\t<section class=\"elementor-section elementor-top-section elementor-element elementor-element-845e185 elementor-section-stretched elementor-section-full_width elementor-section-height-default elementor-section-height-default\" data-id=\"845e185\" data-element_type=\"section\" data-settings=\"{&quot;stretch_section&quot;:&quot;section-stretched&quot;,&quot;background_background&quot;:&quot;classic&quot;}\">\n\t\t\t\t\t\t<div class=\"elementor-container elementor-column-gap-default\">\n\t\t\t\t\t<div class=\"elementor-column elementor-col-100 elementor-top-column elementor-element elementor-element-24e9505\" data-id=\"24e9505\" data-element_type=\"column\">\n\t\t\t<div class=\"elementor-widget-wrap elementor-element-populated\">\n\t\t\t\t\t\t<div class=\"elementor-element elementor-element-c3e6c6c elementor-widget elementor-widget-spacer\" data-id=\"c3e6c6c\" data-element_type=\"widget\" data-widget_type=\"spacer.default\">\n\t\t\t\t<div class=\"elementor-widget-container\">\n\t\t\t\t\t\t\t<div class=\"elementor-spacer\">\n\t\t\t<div class=\"elementor-spacer-inner\"><\/div>\n\t\t<\/div>\n\t\t\t\t\t\t<\/div>\n\t\t\t\t<\/div>\n\t\t\t\t<div class=\"elementor-element elementor-element-b27738a elementor-widget elementor-widget-heading\" data-id=\"b27738a\" data-element_type=\"widget\" data-widget_type=\"heading.default\">\n\t\t\t\t<div class=\"elementor-widget-container\">\n\t\t\t\t\t<h2 class=\"elementor-heading-title elementor-size-default\">_ Edital_<\/h2>\t\t\t\t<\/div>\n\t\t\t\t<\/div>\n\t\t\t\t\t<\/div>\n\t\t<\/div>\n\t\t\t\t\t<\/div>\n\t\t<\/section>\n\t\t\t\t<section class=\"elementor-section elementor-top-section elementor-element elementor-element-fa55258 elementor-section-stretched elementor-section-boxed elementor-section-height-default elementor-section-height-default\" data-id=\"fa55258\" data-element_type=\"section\" data-settings=\"{&quot;stretch_section&quot;:&quot;section-stretched&quot;,&quot;background_background&quot;:&quot;classic&quot;}\">\n\t\t\t\t\t\t<div class=\"elementor-container elementor-column-gap-default\">\n\t\t\t\t\t<div class=\"elementor-column elementor-col-50 elementor-top-column elementor-element elementor-element-bbbd808\" data-id=\"bbbd808\" data-element_type=\"column\">\n\t\t\t<div class=\"elementor-widget-wrap elementor-element-populated\">\n\t\t\t\t\t\t<div class=\"elementor-element elementor-element-a88956c elementor-widget elementor-widget-text-editor\" data-id=\"a88956c\" data-element_type=\"widget\" data-widget_type=\"text-editor.default\">\n\t\t\t\t<div class=\"elementor-widget-container\">\n\t\t\t\t\t\t\t\t\t<div><span style=\"color: #ffffff;\">Link do edital: <a href=\"https:\/\/sampagames3.adesampa.com.br\/wp-content\/uploads\/2024\/06\/Edital-Sampa-Games-3a-Edicao-25-ACELERADOS.pdf\"><strong>Clique aqui<\/strong><\/a><\/span><\/div><div><span style=\"color: #ffffff;\">Comunicado 01: <a href=\"https:\/\/adesampa.com.br\/adeeditais\/wp-content\/uploads\/2024\/07\/Comunicado-01-Prorrogacao-do-Edital.pdf\"><strong>Clique aqui<\/strong><\/a><\/span><\/div><div><span style=\"color: #ffffff;\">Resultado parcial: <a href=\"https:\/\/sampagames3.adesampa.com.br\/wp-content\/uploads\/2024\/08\/Resultado-parcial.pdf\"><strong>Clique aqui<\/strong><\/a><\/span><\/div><div><span style=\"color: #ffffff;\">Comunicado 02: <a href=\"https:\/\/sampagames3.adesampa.com.br\/wp-content\/uploads\/2024\/08\/Comunicado-02-Cronograma-de-avaliacao-dos-pitches.pdf\"><strong>Clique aqui<\/strong><\/a><\/span><\/div><div><span style=\"color: #ffffff;\">Comunicado 03: <a href=\"https:\/\/sampagames3.adesampa.com.br\/wp-content\/uploads\/2024\/09\/Comunicado-03-Nova-data-de-divulgacao-do-resultado.pdf\"><strong>Clique aqui<\/strong><\/a><\/span><\/div><div><span style=\"color: #ffffff;\">Resultado final: <a href=\"https:\/\/sampagames3.adesampa.com.br\/wp-content\/uploads\/2024\/09\/Resultado-final-1.pdf\"><strong>Clique aqui<\/strong><\/a><\/span><\/div>\t\t\t\t\t\t\t\t<\/div>\n\t\t\t\t<\/div>\n\t\t\t\t\t<\/div>\n\t\t<\/div>\n\t\t\t\t<div class=\"elementor-column elementor-col-50 elementor-top-column elementor-element elementor-element-8b72cff\" data-id=\"8b72cff\" data-element_type=\"column\">\n\t\t\t<div class=\"elementor-widget-wrap elementor-element-populated\">\n\t\t\t\t\t\t<div class=\"elementor-element elementor-element-7ca9464 elementor-widget elementor-widget-text-editor\" data-id=\"7ca9464\" data-element_type=\"widget\" data-widget_type=\"text-editor.default\">\n\t\t\t\t<div class=\"elementor-widget-container\">\n\t\t\t\t\t\t\t\t\t<div><span style=\"color: #ffffff;\">Formul\u00e1rio de inscri\u00e7\u00e3o: <a href=\"https:\/\/docs.google.com\/forms\/d\/e\/1FAIpQLScpLyPh2eULpF6YoHaVdc4ycwWl412wlPbQiBmJlMt9ecg2CA\/closedform\"><strong>Clique aqui<\/strong><\/a><\/span><\/div><div><span style=\"color: #ffffff;\">Formul\u00e1rio do neg\u00f3cio: <a href=\"https:\/\/sampagames3.adesampa.com.br\/wp-content\/uploads\/2024\/06\/PDF-Formulario-do-negocio-SAMPA-GAMES-03-1.pdf\"><strong>PDF<\/strong><\/a>\u00a0ou <strong><a href=\"https:\/\/sampagames3.adesampa.com.br\/wp-content\/uploads\/2024\/06\/Word-Formulario-do-negocio-SAMPA-GAMES-03-1.docx\">WORD<\/a><\/strong><\/span><\/div><div><span style=\"color: #ffffff;\">Planilha or\u00e7ament\u00e1ria: <a href=\"https:\/\/sampagames3.adesampa.com.br\/wp-content\/uploads\/2024\/06\/INSCRICOES-Modelo-de-Planilha-orcamentaria-SAMPA-GAMES-3.xlsx\"><strong>Download aqui<\/strong><\/a><\/span><\/div><div><span style=\"color: #ffffff;\">Declara\u00e7\u00e3o complementar de resid\u00eancia: <a href=\"https:\/\/sampagames3.adesampa.com.br\/wp-content\/uploads\/2024\/06\/Declaracao-Complementar-de-Residencia.pdf\"><strong>Download aqui<\/strong><\/a><\/span><\/div>\t\t\t\t\t\t\t\t<\/div>\n\t\t\t\t<\/div>\n\t\t\t\t\t<\/div>\n\t\t<\/div>\n\t\t\t\t\t<\/div>\n\t\t<\/section>\n\t\t\t\t<section class=\"elementor-section elementor-top-section elementor-element elementor-element-3097c5d elementor-section-stretched elementor-section-boxed elementor-section-height-default elementor-section-height-default\" data-id=\"3097c5d\" data-element_type=\"section\" data-settings=\"{&quot;stretch_section&quot;:&quot;section-stretched&quot;,&quot;background_background&quot;:&quot;classic&quot;}\">\n\t\t\t\t\t\t<div class=\"elementor-container elementor-column-gap-default\">\n\t\t\t\t\t<div class=\"elementor-column elementor-col-100 elementor-top-column elementor-element elementor-element-c545aa2\" data-id=\"c545aa2\" data-element_type=\"column\">\n\t\t\t<div class=\"elementor-widget-wrap elementor-element-populated\">\n\t\t\t\t\t\t<div class=\"elementor-element elementor-element-c22dd46 elementor-widget-divider--view-line elementor-widget elementor-widget-divider\" data-id=\"c22dd46\" data-element_type=\"widget\" data-widget_type=\"divider.default\">\n\t\t\t\t<div class=\"elementor-widget-container\">\n\t\t\t\t\t\t\t<div class=\"elementor-divider\">\n\t\t\t<span class=\"elementor-divider-separator\">\n\t\t\t\t\t\t<\/span>\n\t\t<\/div>\n\t\t\t\t\t\t<\/div>\n\t\t\t\t<\/div>\n\t\t\t\t<div class=\"elementor-element elementor-element-2173c84 elementor-widget elementor-widget-spacer\" data-id=\"2173c84\" data-element_type=\"widget\" data-widget_type=\"spacer.default\">\n\t\t\t\t<div class=\"elementor-widget-container\">\n\t\t\t\t\t\t\t<div class=\"elementor-spacer\">\n\t\t\t<div class=\"elementor-spacer-inner\"><\/div>\n\t\t<\/div>\n\t\t\t\t\t\t<\/div>\n\t\t\t\t<\/div>\n\t\t\t\t\t<\/div>\n\t\t<\/div>\n\t\t\t\t\t<\/div>\n\t\t<\/section>\n\t\t\t\t<section class=\"elementor-section elementor-top-section elementor-element elementor-element-89468b3 elementor-section-stretched elementor-section-boxed elementor-section-height-default elementor-section-height-default\" data-id=\"89468b3\" data-element_type=\"section\" data-settings=\"{&quot;stretch_section&quot;:&quot;section-stretched&quot;,&quot;background_background&quot;:&quot;classic&quot;}\">\n\t\t\t\t\t\t\t<div class=\"elementor-background-overlay\"><\/div>\n\t\t\t\t\t\t\t<div class=\"elementor-container elementor-column-gap-default\">\n\t\t\t\t\t<div class=\"elementor-column elementor-col-100 elementor-top-column elementor-element elementor-element-6ba5006\" data-id=\"6ba5006\" data-element_type=\"column\">\n\t\t\t<div class=\"elementor-widget-wrap elementor-element-populated\">\n\t\t\t\t\t\t<div class=\"elementor-element elementor-element-68c2a91 elementor-widget elementor-widget-spacer\" data-id=\"68c2a91\" data-element_type=\"widget\" data-widget_type=\"spacer.default\">\n\t\t\t\t<div class=\"elementor-widget-container\">\n\t\t\t\t\t\t\t<div class=\"elementor-spacer\">\n\t\t\t<div class=\"elementor-spacer-inner\"><\/div>\n\t\t<\/div>\n\t\t\t\t\t\t<\/div>\n\t\t\t\t<\/div>\n\t\t\t\t<div class=\"elementor-element elementor-element-9df26f3 elementor-widget elementor-widget-image\" data-id=\"9df26f3\" data-element_type=\"widget\" data-widget_type=\"image.default\">\n\t\t\t\t<div class=\"elementor-widget-container\">\n\t\t\t\t\t\t\t\t\t\t\t\t\t\t\t<img decoding=\"async\" width=\"279\" height=\"63\" src=\"https:\/\/adesampa.com.br\/sampagames3\/wp-content\/uploads\/2023\/03\/LogoAde-279x63.png\" class=\"attachment-medium_large size-medium_large wp-image-12634\" alt=\"\" \/>\t\t\t\t\t\t\t\t\t\t\t\t\t\t\t<\/div>\n\t\t\t\t<\/div>\n\t\t\t\t<div class=\"elementor-element elementor-element-e0adc02 elementor-widget elementor-widget-spacer\" data-id=\"e0adc02\" data-element_type=\"widget\" data-widget_type=\"spacer.default\">\n\t\t\t\t<div class=\"elementor-widget-container\">\n\t\t\t\t\t\t\t<div class=\"elementor-spacer\">\n\t\t\t<div class=\"elementor-spacer-inner\"><\/div>\n\t\t<\/div>\n\t\t\t\t\t\t<\/div>\n\t\t\t\t<\/div>\n\t\t\t\t\t<\/div>\n\t\t<\/div>\n\t\t\t\t\t<\/div>\n\t\t<\/section>\n\t\t\t\t<\/div>\n\t\t","protected":false},"excerpt":{"rendered":"<p>_ Edital_ Link do edital: Clique aquiComunicado 01: Clique aquiResultado&hellip;<\/p>\n<p> <a class=\"more-link\" href=\"https:\/\/adesampa.com.br\/sampagames3\/edital\/\">Leia mais<\/a><\/p>\n","protected":false},"author":1,"featured_media":0,"parent":0,"menu_order":0,"comment_status":"closed","ping_status":"closed","template":"","meta":{"_monsterinsights_skip_tracking":false,"_monsterinsights_sitenote_active":false,"_monsterinsights_sitenote_note":"","_monsterinsights_sitenote_category":0,"footnotes":""},"class_list":["post-12742","page","type-page","status-publish"],"_links":{"self":[{"href":"https:\/\/adesampa.com.br\/sampagames3\/wp-json\/wp\/v2\/pages\/12742","targetHints":{"allow":["GET"]}}],"collection":[{"href":"https:\/\/adesampa.com.br\/sampagames3\/wp-json\/wp\/v2\/pages"}],"about":[{"href":"https:\/\/adesampa.com.br\/sampagames3\/wp-json\/wp\/v2\/types\/page"}],"author":[{"embeddable":true,"href":"https:\/\/adesampa.com.br\/sampagames3\/wp-json\/wp\/v2\/users\/1"}],"replies":[{"embeddable":true,"href":"https:\/\/adesampa.com.br\/sampagames3\/wp-json\/wp\/v2\/comments?post=12742"}],"version-history":[{"count":73,"href":"https:\/\/adesampa.com.br\/sampagames3\/wp-json\/wp\/v2\/pages\/12742\/revisions"}],"predecessor-version":[{"id":13670,"href":"https:\/\/adesampa.com.br\/sampagames3\/wp-json\/wp\/v2\/pages\/12742\/revisions\/13670"}],"wp:attachment":[{"href":"https:\/\/adesampa.com.br\/sampagames3\/wp-json\/wp\/v2\/media?parent=12742"}],"curies":[{"name":"wp","href":"https:\/\/api.w.org\/{rel}","templated":true}]}}