{"id":11987,"date":"2026-04-14T17:38:47","date_gmt":"2026-04-14T20:38:47","guid":{"rendered":"https:\/\/dev.adesampa.com.br\/?page_id=11987"},"modified":"2026-04-17T17:50:44","modified_gmt":"2026-04-17T20:50:44","slug":"edital","status":"publish","type":"page","link":"https:\/\/adesampa.com.br\/sampagames\/edital\/","title":{"rendered":"Edital"},"content":{"rendered":"\t\t<div data-elementor-type=\"wp-page\" data-elementor-id=\"11987\" class=\"elementor elementor-11987\">\n\t\t\t\t<div class=\"elementor-element elementor-element-0c9e585 e-con-full e-flex e-con e-parent\" data-id=\"0c9e585\" data-element_type=\"container\" data-e-type=\"container\" data-settings=\"{&quot;background_background&quot;:&quot;classic&quot;}\">\n\t\t<div class=\"elementor-element elementor-element-c1606e3 e-flex e-con-boxed e-con e-child\" data-id=\"c1606e3\" data-element_type=\"container\" data-e-type=\"container\">\n\t\t\t\t\t<div class=\"e-con-inner\">\n\t\t\t\t<div class=\"elementor-element elementor-element-1d22a59 elementor-widget elementor-widget-text-editor\" data-id=\"1d22a59\" data-element_type=\"widget\" data-e-type=\"widget\" data-widget_type=\"text-editor.default\">\n\t\t\t\t\t\t\t\t\t<p>EDITAL<\/p>\t\t\t\t\t\t\t\t<\/div>\n\t\t\t\t\t<\/div>\n\t\t\t\t<\/div>\n\t\t\t\t<\/div>\n\t\t<div class=\"elementor-element elementor-element-72f2982 e-con-full e-flex e-con e-parent\" data-id=\"72f2982\" data-element_type=\"container\" data-e-type=\"container\" data-settings=\"{&quot;background_background&quot;:&quot;classic&quot;}\">\n\t\t<div class=\"elementor-element elementor-element-7a1b29a e-flex e-con-boxed e-con e-child\" data-id=\"7a1b29a\" data-element_type=\"container\" data-e-type=\"container\">\n\t\t\t\t\t<div class=\"e-con-inner\">\n\t\t<div class=\"elementor-element elementor-element-d1593a2 e-con-full e-flex e-con e-child\" data-id=\"d1593a2\" data-element_type=\"container\" data-e-type=\"container\">\n\t\t\t\t<div class=\"elementor-element elementor-element-7a6540e elementor-widget elementor-widget-text-editor\" data-id=\"7a6540e\" data-element_type=\"widget\" data-e-type=\"widget\" data-widget_type=\"text-editor.default\">\n\t\t\t\t\t\t\t\t\t<p>Documentos<\/p>\t\t\t\t\t\t\t\t<\/div>\n\t\t\t\t<div class=\"elementor-element elementor-element-284fe1e elementor-widget elementor-widget-text-editor\" data-id=\"284fe1e\" data-element_type=\"widget\" data-e-type=\"widget\" data-widget_type=\"text-editor.default\">\n\t\t\t\t\t\t\t\t\t<p>Edital: <a href=\"http:\/\/adesampa.com.br\/sampagames\/wp-content\/uploads\/2026\/04\/Edital___Sampa_Games_5__edicao.docx.pdf\"><span style=\"color: #dc598b;\">Clique aqui<\/span><\/a><\/p>\t\t\t\t\t\t\t\t<\/div>\n\t\t\t\t<div class=\"elementor-element elementor-element-9b89b0d elementor-widget elementor-widget-text-editor\" data-id=\"9b89b0d\" data-element_type=\"widget\" data-e-type=\"widget\" data-widget_type=\"text-editor.default\">\n\t\t\t\t\t\t\t\t\t<p>Planilha or\u00e7ament\u00e1ria: <a href=\"http:\/\/adesampa.com.br\/sampagames\/wp-content\/uploads\/2026\/04\/Planilha-orcamentaria-SAMPA-GAMES-5a-edicao.xlsx\"><span style=\"color: #dc598b;\">Clique aqui<\/span><\/a><\/p>\t\t\t\t\t\t\t\t<\/div>\n\t\t\t\t<div class=\"elementor-element elementor-element-4db153f elementor-widget elementor-widget-text-editor\" data-id=\"4db153f\" data-element_type=\"widget\" data-e-type=\"widget\" data-widget_type=\"text-editor.default\">\n\t\t\t\t\t\t\t\t\t<p>Formul\u00e1rio de inscri\u00e7\u00e3o: <a href=\"https:\/\/forms.gle\/ibjg6MnPfZ3gz3Rm6\"><span style=\"color: #dc598b;\">Clique aqui<\/span><\/a><\/p>\t\t\t\t\t\t\t\t<\/div>\n\t\t\t\t<div class=\"elementor-element elementor-element-770c7fc elementor-widget elementor-widget-text-editor\" data-id=\"770c7fc\" data-element_type=\"widget\" data-e-type=\"widget\" data-widget_type=\"text-editor.default\">\n\t\t\t\t\t\t\t\t\t<p>Formul\u00e1rio de neg\u00f3cio: <a href=\"http:\/\/adesampa.com.br\/sampagames\/wp-content\/uploads\/2026\/04\/Formulario-de-Descricao-do-Negocio-Sampa-Games-5a-edicao.docx\"><span style=\"color: #dc598b;\">Clique aqui<\/span><\/a><\/p>\t\t\t\t\t\t\t\t<\/div>\n\t\t\t\t<div class=\"elementor-element elementor-element-5f2c6fc elementor-widget elementor-widget-text-editor\" data-id=\"5f2c6fc\" data-element_type=\"widget\" data-e-type=\"widget\" data-widget_type=\"text-editor.default\">\n\t\t\t\t\t\t\t\t\t<p>Declara\u00e7\u00e3o complementar de resid\u00eancia: <a href=\"http:\/\/adesampa.com.br\/sampagames\/wp-content\/uploads\/2026\/04\/ANEXO-II-Declaracao-complementar-de-residencia.docx\"><span style=\"color: #dc598b;\">Clique aqui<\/span><\/a><\/p>\t\t\t\t\t\t\t\t<\/div>\n\t\t\t\t<\/div>\n\t\t<div class=\"elementor-element elementor-element-8ec7af0 e-con-full e-flex e-con e-child\" data-id=\"8ec7af0\" data-element_type=\"container\" data-e-type=\"container\">\n\t\t\t\t<div class=\"elementor-element elementor-element-869b622 elementor-widget elementor-widget-text-editor\" data-id=\"869b622\" data-element_type=\"widget\" data-e-type=\"widget\" data-widget_type=\"text-editor.default\">\n\t\t\t\t\t\t\t\t\t<p>Comunicados<\/p>\t\t\t\t\t\t\t\t<\/div>\n\t\t\t\t<div class=\"elementor-element elementor-element-787be98 elementor-widget elementor-widget-text-editor\" data-id=\"787be98\" data-element_type=\"widget\" data-e-type=\"widget\" data-widget_type=\"text-editor.default\">\n\t\t\t\t\t\t\t\t\t<p>Comunicado 01: <span style=\"color: #dc598b;\">Em breve<\/span><\/p>\t\t\t\t\t\t\t\t<\/div>\n\t\t\t\t<div class=\"elementor-element elementor-element-6d7f77b elementor-widget elementor-widget-text-editor\" data-id=\"6d7f77b\" data-element_type=\"widget\" data-e-type=\"widget\" data-widget_type=\"text-editor.default\">\n\t\t\t\t\t\t\t\t\t<p>Resultado parcial: <span style=\"color: #dc598b;\">Em breve<\/span><\/p>\t\t\t\t\t\t\t\t<\/div>\n\t\t\t\t<\/div>\n\t\t\t\t\t<\/div>\n\t\t\t\t<\/div>\n\t\t\t\t<\/div>\n\t\t\t\t<\/div>\n\t\t","protected":false},"excerpt":{"rendered":"<p>EDITAL Documentos Edital: Clique aqui Planilha or\u00e7ament\u00e1ria: Clique aqui Formul\u00e1rio de inscri\u00e7\u00e3o: Clique aqui Formul\u00e1rio de neg\u00f3cio: Clique aqui Declara\u00e7\u00e3o complementar de resid\u00eancia: Clique aqui Comunicados Comunicado 01: Em breve Resultado parcial: Em breve<\/p>\n","protected":false},"author":1,"featured_media":0,"parent":0,"menu_order":0,"comment_status":"closed","ping_status":"closed","template":"elementor_header_footer","meta":{"footnotes":""},"class_list":["post-11987","page","type-page","status-publish"],"_links":{"self":[{"href":"https:\/\/adesampa.com.br\/sampagames\/wp-json\/wp\/v2\/pages\/11987","targetHints":{"allow":["GET"]}}],"collection":[{"href":"https:\/\/adesampa.com.br\/sampagames\/wp-json\/wp\/v2\/pages"}],"about":[{"href":"https:\/\/adesampa.com.br\/sampagames\/wp-json\/wp\/v2\/types\/page"}],"author":[{"embeddable":true,"href":"https:\/\/adesampa.com.br\/sampagames\/wp-json\/wp\/v2\/users\/1"}],"replies":[{"embeddable":true,"href":"https:\/\/adesampa.com.br\/sampagames\/wp-json\/wp\/v2\/comments?post=11987"}],"version-history":[{"count":34,"href":"https:\/\/adesampa.com.br\/sampagames\/wp-json\/wp\/v2\/pages\/11987\/revisions"}],"predecessor-version":[{"id":12377,"href":"https:\/\/adesampa.com.br\/sampagames\/wp-json\/wp\/v2\/pages\/11987\/revisions\/12377"}],"wp:attachment":[{"href":"https:\/\/adesampa.com.br\/sampagames\/wp-json\/wp\/v2\/media?parent=11987"}],"curies":[{"name":"wp","href":"https:\/\/api.w.org\/{rel}","templated":true}]}}