{"id":11957,"date":"2026-04-14T16:57:18","date_gmt":"2026-04-14T19:57:18","guid":{"rendered":"https:\/\/dev.adesampa.com.br\/?page_id=11957"},"modified":"2026-04-17T15:56:30","modified_gmt":"2026-04-17T18:56:30","slug":"contato","status":"publish","type":"page","link":"https:\/\/adesampa.com.br\/sampagames\/contato\/","title":{"rendered":"Contato"},"content":{"rendered":"\t\t<div data-elementor-type=\"wp-page\" data-elementor-id=\"11957\" class=\"elementor elementor-11957\">\n\t\t\t\t<div class=\"elementor-element elementor-element-b7f790b e-con-full e-flex e-con e-parent\" data-id=\"b7f790b\" data-element_type=\"container\" data-e-type=\"container\" data-settings=\"{&quot;background_background&quot;:&quot;classic&quot;}\">\n\t\t<div class=\"elementor-element elementor-element-a1ced7f e-flex e-con-boxed e-con e-child\" data-id=\"a1ced7f\" data-element_type=\"container\" data-e-type=\"container\">\n\t\t\t\t\t<div class=\"e-con-inner\">\n\t\t\t\t<div class=\"elementor-element elementor-element-3cc2342 elementor-widget elementor-widget-text-editor\" data-id=\"3cc2342\" data-element_type=\"widget\" data-e-type=\"widget\" data-widget_type=\"text-editor.default\">\n\t\t\t\t\t\t\t\t\t<p>CONTATO<\/p>\t\t\t\t\t\t\t\t<\/div>\n\t\t\t\t\t<\/div>\n\t\t\t\t<\/div>\n\t\t\t\t<\/div>\n\t\t<div class=\"elementor-element elementor-element-a0e062d e-con-full e-flex e-con e-parent\" data-id=\"a0e062d\" data-element_type=\"container\" data-e-type=\"container\" data-settings=\"{&quot;background_background&quot;:&quot;classic&quot;}\">\n\t\t<div class=\"elementor-element elementor-element-a61b07f e-flex e-con-boxed e-con e-child\" data-id=\"a61b07f\" data-element_type=\"container\" data-e-type=\"container\">\n\t\t\t\t\t<div class=\"e-con-inner\">\n\t\t<div class=\"elementor-element elementor-element-25dffd3 e-con-full e-flex e-con e-child\" data-id=\"25dffd3\" data-element_type=\"container\" data-e-type=\"container\">\n\t\t\t\t<div class=\"elementor-element elementor-element-fcd4bc7 elementor-hidden-desktop elementor-widget elementor-widget-image\" data-id=\"fcd4bc7\" data-element_type=\"widget\" data-e-type=\"widget\" data-widget_type=\"image.default\">\n\t\t\t\t\t\t\t\t\t\t\t\t\t\t\t<img decoding=\"async\" width=\"138\" height=\"146\" src=\"https:\/\/adesampa.com.br\/sampagames\/wp-content\/uploads\/2026\/04\/02-Ilustracao-Contato-1.png\" class=\"attachment-large size-large wp-image-12156\" alt=\"\" \/>\t\t\t\t\t\t\t\t\t\t\t\t\t\t\t<\/div>\n\t\t\t\t<div class=\"elementor-element elementor-element-257d996 elementor-widget elementor-widget-text-editor\" data-id=\"257d996\" data-element_type=\"widget\" data-e-type=\"widget\" data-widget_type=\"text-editor.default\">\n\t\t\t\t\t\t\t\t\t<p>Este \u00e9 seu espa\u00e7o de contato com a equipe do <span style=\"color: #dc598b;\">SAMPA GAMES<\/span>!<\/p>\t\t\t\t\t\t\t\t<\/div>\n\t\t\t\t<div class=\"elementor-element elementor-element-c520b59 elementor-widget elementor-widget-text-editor\" data-id=\"c520b59\" data-element_type=\"widget\" data-e-type=\"widget\" data-widget_type=\"text-editor.default\">\n\t\t\t\t\t\t\t\t\t<p>Se precisar de informa\u00e7\u00f5es sobre o programa, inscri\u00e7\u00e3o ou etapas do Sampa Games, mande um e-mail para:<br \/><br \/>vaitec@adesampa.com.br<br \/><br \/><br \/>N\u00f3s iremos te ajudar!<\/p>\t\t\t\t\t\t\t\t<\/div>\n\t\t\t\t<\/div>\n\t\t<div class=\"elementor-element elementor-element-a509109 e-con-full elementor-hidden-tablet elementor-hidden-mobile e-flex e-con e-child\" data-id=\"a509109\" data-element_type=\"container\" data-e-type=\"container\">\n\t\t\t\t<div class=\"elementor-element elementor-element-9bfbb77 elementor-widget elementor-widget-image\" data-id=\"9bfbb77\" data-element_type=\"widget\" data-e-type=\"widget\" data-widget_type=\"image.default\">\n\t\t\t\t\t\t\t\t\t\t\t\t\t\t\t<img fetchpriority=\"high\" decoding=\"async\" width=\"321\" height=\"341\" src=\"https:\/\/adesampa.com.br\/sampagames\/wp-content\/uploads\/2026\/04\/02-Ilustracao-Contato.png\" class=\"attachment-large size-large wp-image-11962\" alt=\"\" srcset=\"https:\/\/adesampa.com.br\/sampagames\/wp-content\/uploads\/2026\/04\/02-Ilustracao-Contato.png 321w, https:\/\/adesampa.com.br\/sampagames\/wp-content\/uploads\/2026\/04\/02-Ilustracao-Contato-282x300.png 282w\" sizes=\"(max-width: 321px) 100vw, 321px\" \/>\t\t\t\t\t\t\t\t\t\t\t\t\t\t\t<\/div>\n\t\t\t\t<\/div>\n\t\t\t\t\t<\/div>\n\t\t\t\t<\/div>\n\t\t\t\t<\/div>\n\t\t<div class=\"elementor-element elementor-element-5b3bb57 e-con-full elementor-hidden-tablet elementor-hidden-mobile e-flex e-con e-parent\" data-id=\"5b3bb57\" data-element_type=\"container\" data-e-type=\"container\" data-settings=\"{&quot;background_background&quot;:&quot;classic&quot;}\">\n\t\t<div class=\"elementor-element elementor-element-a03cc67 e-flex e-con-boxed e-con e-child\" data-id=\"a03cc67\" data-element_type=\"container\" data-e-type=\"container\">\n\t\t\t\t\t<div class=\"e-con-inner\">\n\t\t\t\t<div class=\"elementor-element elementor-element-331feb5 elementor-align-right elementor-widget__width-initial elementor-widget elementor-widget-button\" data-id=\"331feb5\" data-element_type=\"widget\" data-e-type=\"widget\" data-widget_type=\"button.default\">\n\t\t\t\t\t\t\t\t\t\t<a class=\"elementor-button elementor-button-link elementor-size-sm\" href=\"https:\/\/forms.gle\/ibjg6MnPfZ3gz3Rm6\">\n\t\t\t\t\t\t<span class=\"elementor-button-content-wrapper\">\n\t\t\t\t\t\t\t\t\t<span class=\"elementor-button-text\">Inscreva-se<\/span>\n\t\t\t\t\t<\/span>\n\t\t\t\t\t<\/a>\n\t\t\t\t\t\t\t\t<\/div>\n\t\t\t\t<div class=\"elementor-element elementor-element-faafba4 elementor-align-left elementor-widget__width-initial elementor-widget elementor-widget-button\" data-id=\"faafba4\" data-element_type=\"widget\" data-e-type=\"widget\" data-widget_type=\"button.default\">\n\t\t\t\t\t\t\t\t\t\t<a class=\"elementor-button elementor-button-link elementor-size-sm\" href=\"https:\/\/adesampa.com.br\/sampagames\/sobre\/\">\n\t\t\t\t\t\t<span class=\"elementor-button-content-wrapper\">\n\t\t\t\t\t\t\t\t\t<span class=\"elementor-button-text\">Saiba mais<\/span>\n\t\t\t\t\t<\/span>\n\t\t\t\t\t<\/a>\n\t\t\t\t\t\t\t\t<\/div>\n\t\t\t\t\t<\/div>\n\t\t\t\t<\/div>\n\t\t\t\t<\/div>\n\t\t<div class=\"elementor-element elementor-element-f9a68ec e-con-full elementor-hidden-desktop e-flex e-con e-parent\" data-id=\"f9a68ec\" data-element_type=\"container\" data-e-type=\"container\" data-settings=\"{&quot;background_background&quot;:&quot;classic&quot;}\">\n\t\t<div class=\"elementor-element elementor-element-b9ba93d e-flex e-con-boxed e-con e-child\" data-id=\"b9ba93d\" data-element_type=\"container\" data-e-type=\"container\">\n\t\t\t\t\t<div class=\"e-con-inner\">\n\t\t\t\t<div class=\"elementor-element elementor-element-55e5009 elementor-align-right elementor-widget__width-initial elementor-mobile-align-center elementor-widget elementor-widget-button\" data-id=\"55e5009\" data-element_type=\"widget\" data-e-type=\"widget\" data-widget_type=\"button.default\">\n\t\t\t\t\t\t\t\t\t\t<a class=\"elementor-button elementor-button-link elementor-size-sm\" href=\"https:\/\/forms.gle\/ibjg6MnPfZ3gz3Rm6\">\n\t\t\t\t\t\t<span class=\"elementor-button-content-wrapper\">\n\t\t\t\t\t\t\t\t\t<span class=\"elementor-button-text\">Inscreva-se<\/span>\n\t\t\t\t\t<\/span>\n\t\t\t\t\t<\/a>\n\t\t\t\t\t\t\t\t<\/div>\n\t\t\t\t<div class=\"elementor-element elementor-element-844463f elementor-align-left elementor-widget__width-initial elementor-mobile-align-center elementor-widget elementor-widget-button\" data-id=\"844463f\" data-element_type=\"widget\" data-e-type=\"widget\" data-widget_type=\"button.default\">\n\t\t\t\t\t\t\t\t\t\t<a class=\"elementor-button elementor-button-link elementor-size-sm\" href=\"https:\/\/adesampa.com.br\/sampagames\/sobre\/\">\n\t\t\t\t\t\t<span class=\"elementor-button-content-wrapper\">\n\t\t\t\t\t\t\t\t\t<span class=\"elementor-button-text\">Saiba mais<\/span>\n\t\t\t\t\t<\/span>\n\t\t\t\t\t<\/a>\n\t\t\t\t\t\t\t\t<\/div>\n\t\t\t\t\t<\/div>\n\t\t\t\t<\/div>\n\t\t\t\t<\/div>\n\t\t\t\t<\/div>\n\t\t","protected":false},"excerpt":{"rendered":"<p>CONTATO Este \u00e9 seu espa\u00e7o de contato com a equipe do SAMPA GAMES! Se precisar de informa\u00e7\u00f5es sobre o programa, inscri\u00e7\u00e3o ou etapas do Sampa Games, mande um e-mail para: vaitec@adesampa.com.br N\u00f3s iremos te ajudar! Inscreva-se Saiba mais Inscreva-se Saiba mais<\/p>\n","protected":false},"author":1,"featured_media":0,"parent":0,"menu_order":0,"comment_status":"closed","ping_status":"closed","template":"elementor_header_footer","meta":{"footnotes":""},"class_list":["post-11957","page","type-page","status-publish"],"_links":{"self":[{"href":"https:\/\/adesampa.com.br\/sampagames\/wp-json\/wp\/v2\/pages\/11957","targetHints":{"allow":["GET"]}}],"collection":[{"href":"https:\/\/adesampa.com.br\/sampagames\/wp-json\/wp\/v2\/pages"}],"about":[{"href":"https:\/\/adesampa.com.br\/sampagames\/wp-json\/wp\/v2\/types\/page"}],"author":[{"embeddable":true,"href":"https:\/\/adesampa.com.br\/sampagames\/wp-json\/wp\/v2\/users\/1"}],"replies":[{"embeddable":true,"href":"https:\/\/adesampa.com.br\/sampagames\/wp-json\/wp\/v2\/comments?post=11957"}],"version-history":[{"count":46,"href":"https:\/\/adesampa.com.br\/sampagames\/wp-json\/wp\/v2\/pages\/11957\/revisions"}],"predecessor-version":[{"id":12337,"href":"https:\/\/adesampa.com.br\/sampagames\/wp-json\/wp\/v2\/pages\/11957\/revisions\/12337"}],"wp:attachment":[{"href":"https:\/\/adesampa.com.br\/sampagames\/wp-json\/wp\/v2\/media?parent=11957"}],"curies":[{"name":"wp","href":"https:\/\/api.w.org\/{rel}","templated":true}]}}