{"id":13918,"date":"2026-01-09T12:18:09","date_gmt":"2026-01-09T15:18:09","guid":{"rendered":"https:\/\/adesampa.com.br\/hubsampagames\/?page_id=13918"},"modified":"2026-03-19T14:36:07","modified_gmt":"2026-03-19T17:36:07","slug":"processo-seletivo-01-2026","status":"publish","type":"page","link":"https:\/\/adesampa.com.br\/hubsampagames\/processo-seletivo-01-2026\/","title":{"rendered":"Processo seletivo &#8211; 01\/2026"},"content":{"rendered":"\t\t<div data-elementor-type=\"wp-post\" data-elementor-id=\"13918\" class=\"elementor elementor-13918\">\n\t\t\t\t<div class=\"elementor-element elementor-element-c1aff65 e-flex e-con-boxed e-con e-parent\" data-id=\"c1aff65\" data-element_type=\"container\" data-e-type=\"container\" data-settings=\"{&quot;background_background&quot;:&quot;classic&quot;}\">\n\t\t\t\t\t<div class=\"e-con-inner\">\n\t\t\t\t<div class=\"elementor-element elementor-element-04cf7f5 elementor-widget elementor-widget-spacer\" data-id=\"04cf7f5\" data-element_type=\"widget\" data-e-type=\"widget\" data-widget_type=\"spacer.default\">\n\t\t\t\t<div class=\"elementor-widget-container\">\n\t\t\t\t\t\t\t<div class=\"elementor-spacer\">\n\t\t\t<div class=\"elementor-spacer-inner\"><\/div>\n\t\t<\/div>\n\t\t\t\t\t\t<\/div>\n\t\t\t\t<\/div>\n\t\t\t\t<div class=\"elementor-element elementor-element-48d7141 elementor-widget elementor-widget-text-editor\" data-id=\"48d7141\" data-element_type=\"widget\" data-e-type=\"widget\" data-widget_type=\"text-editor.default\">\n\t\t\t\t<div class=\"elementor-widget-container\">\n\t\t\t\t\t\t\t\t\t<p>PROCESSO SELETIVO 01\/2026<\/p>\t\t\t\t\t\t\t\t<\/div>\n\t\t\t\t<\/div>\n\t\t\t\t\t<\/div>\n\t\t\t\t<\/div>\n\t\t<div class=\"elementor-element elementor-element-265f715 e-flex e-con-boxed e-con e-parent\" data-id=\"265f715\" data-element_type=\"container\" data-e-type=\"container\" data-settings=\"{&quot;background_background&quot;:&quot;classic&quot;}\">\n\t\t\t\t\t<div class=\"e-con-inner\">\n\t\t<div class=\"elementor-element elementor-element-402a15f e-con-full e-flex e-con e-child\" data-id=\"402a15f\" data-element_type=\"container\" data-e-type=\"container\">\n\t\t\t\t<div class=\"elementor-element elementor-element-135e1e6 elementor-widget elementor-widget-text-editor\" data-id=\"135e1e6\" data-element_type=\"widget\" data-e-type=\"widget\" data-widget_type=\"text-editor.default\">\n\t\t\t\t<div class=\"elementor-widget-container\">\n\t\t\t\t\t\t\t\t\t<p>Edital: <a href=\"https:\/\/adesampa.com.br\/hubsampagames\/wp-content\/uploads\/2026\/01\/Edital-de-Processo-Seletivo-01_2026-Hub-Sampa-Games-v02.pdf\" target=\"_blank\" rel=\"noopener\">Clique aqui<\/a><\/p>\t\t\t\t\t\t\t\t<\/div>\n\t\t\t\t<\/div>\n\t\t\t\t<div class=\"elementor-element elementor-element-80c8786 elementor-widget elementor-widget-text-editor\" data-id=\"80c8786\" data-element_type=\"widget\" data-e-type=\"widget\" data-widget_type=\"text-editor.default\">\n\t\t\t\t<div class=\"elementor-widget-container\">\n\t\t\t\t\t\t\t\t\t<p>Inscri\u00e7\u00e3o: <a href=\"https:\/\/docs.google.com\/forms\/d\/e\/1FAIpQLSfuYDYsTyGDIwzeKLGOsB4T2xzOlkMvOCi7qxLk6CDXJWTHgg\/viewform\" target=\"_blank\" rel=\"noopener\">Clique aqui<\/a><\/p>\t\t\t\t\t\t\t\t<\/div>\n\t\t\t\t<\/div>\n\t\t\t\t<div class=\"elementor-element elementor-element-e379453 elementor-widget elementor-widget-text-editor\" data-id=\"e379453\" data-element_type=\"widget\" data-e-type=\"widget\" data-widget_type=\"text-editor.default\">\n\t\t\t\t<div class=\"elementor-widget-container\">\n\t\t\t\t\t\t\t\t\t<p>D\u00favidas ou esclarecimentos: <a href=\"https:\/\/docs.google.com\/forms\/d\/e\/1FAIpQLSfMFkHDBiQa6L0tEMLPKkA9EJAXE_rTkTMxcMcjm-IZqhVHng\/viewform\" target=\"_blank\" rel=\"noopener\">Clique aqui<\/a><\/p>\t\t\t\t\t\t\t\t<\/div>\n\t\t\t\t<\/div>\n\t\t\t\t<div class=\"elementor-element elementor-element-7cb8c5b elementor-widget elementor-widget-text-editor\" data-id=\"7cb8c5b\" data-element_type=\"widget\" data-e-type=\"widget\" data-widget_type=\"text-editor.default\">\n\t\t\t\t<div class=\"elementor-widget-container\">\n\t\t\t\t\t\t\t\t\t<p>\u00a0ATA de Resultado Preliminar de Candidatos Convocados para Matr\u00edcula: <a href=\"https:\/\/adesampa.com.br\/hubsampagames\/wp-content\/uploads\/2026\/02\/SEI-150681098-Ata-pdf-D4Sign.pdf\" target=\"_blank\" rel=\"noopener\">Clique aqui<\/a><\/p>\t\t\t\t\t\t\t\t<\/div>\n\t\t\t\t<\/div>\n\t\t\t\t<div class=\"elementor-element elementor-element-24ab5df elementor-widget elementor-widget-text-editor\" data-id=\"24ab5df\" data-element_type=\"widget\" data-e-type=\"widget\" data-widget_type=\"text-editor.default\">\n\t\t\t\t<div class=\"elementor-widget-container\">\n\t\t\t\t\t\t\t\t\t<p>\u00a0Recursos: <a href=\"https:\/\/forms.gle\/tD8c4tRVudeeh9P18\" target=\"_blank\" rel=\"noopener\">Clique aqui<\/a><\/p>\t\t\t\t\t\t\t\t<\/div>\n\t\t\t\t<\/div>\n\t\t\t\t<div class=\"elementor-element elementor-element-72bd51f elementor-widget elementor-widget-text-editor\" data-id=\"72bd51f\" data-element_type=\"widget\" data-e-type=\"widget\" data-widget_type=\"text-editor.default\">\n\t\t\t\t<div class=\"elementor-widget-container\">\n\t\t\t\t\t\t\t\t\t<p>D\u00favidas e esclarecimentos: <a href=\"https:\/\/docs.google.com\/forms\/d\/e\/1FAIpQLSfMFkHDBiQa6L0tEMLPKkA9EJAXE_rTkTMxcMcjm-IZqhVHng\/viewform\" target=\"_blank\" rel=\"noopener\">Clique aqui<\/a><\/p>\t\t\t\t\t\t\t\t<\/div>\n\t\t\t\t<\/div>\n\t\t\t\t<div class=\"elementor-element elementor-element-d8e1e68 elementor-widget elementor-widget-text-editor\" data-id=\"d8e1e68\" data-element_type=\"widget\" data-e-type=\"widget\" data-widget_type=\"text-editor.default\">\n\t\t\t\t<div class=\"elementor-widget-container\">\n\t\t\t\t\t\t\t\t\t<p>Comunicado 01: <a href=\"https:\/\/adesampa.com.br\/hubsampagames\/wp-content\/uploads\/2026\/02\/SEI-150476150-Comunicado-pdf-D4Sign.pdf\" target=\"_blank\" rel=\"noopener\">Clique aqui<\/a><\/p>\t\t\t\t\t\t\t\t<\/div>\n\t\t\t\t<\/div>\n\t\t\t\t<div class=\"elementor-element elementor-element-1015b4a elementor-widget elementor-widget-text-editor\" data-id=\"1015b4a\" data-element_type=\"widget\" data-e-type=\"widget\" data-widget_type=\"text-editor.default\">\n\t\t\t\t<div class=\"elementor-widget-container\">\n\t\t\t\t\t\t\t\t\t<p>Comunicado 02: <a href=\"https:\/\/adesampa.com.br\/hubsampagames\/wp-content\/uploads\/2026\/02\/SEI-151008234-Comunicado-pdf-D4Sign.pdf\" target=\"_blank\" rel=\"noopener\">Clique aqui<\/a><\/p>\t\t\t\t\t\t\t\t<\/div>\n\t\t\t\t<\/div>\n\t\t\t\t<div class=\"elementor-element elementor-element-8e32f93 elementor-widget elementor-widget-text-editor\" data-id=\"8e32f93\" data-element_type=\"widget\" data-e-type=\"widget\" data-widget_type=\"text-editor.default\">\n\t\t\t\t<div class=\"elementor-widget-container\">\n\t\t\t\t\t\t\t\t\t<p>Comunicado 03: <a href=\"https:\/\/adesampa.com.br\/hubsampagames\/wp-content\/uploads\/2026\/02\/Comunicado-N\u00b03.pdf\" target=\"_blank\" rel=\"noopener\">Clique aqui<\/a><\/p>\t\t\t\t\t\t\t\t<\/div>\n\t\t\t\t<\/div>\n\t\t\t\t<div class=\"elementor-element elementor-element-9fa53b4 elementor-widget elementor-widget-text-editor\" data-id=\"9fa53b4\" data-element_type=\"widget\" data-e-type=\"widget\" data-widget_type=\"text-editor.default\">\n\t\t\t\t<div class=\"elementor-widget-container\">\n\t\t\t\t\t\t\t\t\t<p>Comunicado 04: <a href=\"https:\/\/adesampa.com.br\/hubsampagames\/wp-content\/uploads\/2026\/02\/Comunicado-N\u00b04.pdf\" target=\"_blank\" rel=\"noopener\">Clique aqui<\/a><\/p>\t\t\t\t\t\t\t\t<\/div>\n\t\t\t\t<\/div>\n\t\t\t\t<div class=\"elementor-element elementor-element-979fd11 elementor-widget elementor-widget-text-editor\" data-id=\"979fd11\" data-element_type=\"widget\" data-e-type=\"widget\" data-widget_type=\"text-editor.default\">\n\t\t\t\t<div class=\"elementor-widget-container\">\n\t\t\t\t\t\t\t\t\t<p>Comunicado 05: <a href=\"https:\/\/adesampa.com.br\/hubsampagames\/wp-content\/uploads\/2026\/02\/comunicado_n_5pdf_D4Sign.pdf\" target=\"_blank\" rel=\"noopener\">Clique aqui<\/a><\/p>\t\t\t\t\t\t\t\t<\/div>\n\t\t\t\t<\/div>\n\t\t\t\t<div class=\"elementor-element elementor-element-c53863b elementor-widget elementor-widget-text-editor\" data-id=\"c53863b\" data-element_type=\"widget\" data-e-type=\"widget\" data-widget_type=\"text-editor.default\">\n\t\t\t\t<div class=\"elementor-widget-container\">\n\t\t\t\t\t\t\t\t\t<p>Comunicado 06: <a href=\"https:\/\/adesampa.com.br\/hubsampagames\/wp-content\/uploads\/2026\/03\/Comunicado-N6-Convocacao-do-Cadastro-Reserva-pdf-D4Sign.pdf\" target=\"_blank\" rel=\"noopener\">Clique aqui<\/a><\/p>\t\t\t\t\t\t\t\t<\/div>\n\t\t\t\t<\/div>\n\t\t\t\t<div class=\"elementor-element elementor-element-3c76feb elementor-widget elementor-widget-text-editor\" data-id=\"3c76feb\" data-element_type=\"widget\" data-e-type=\"widget\" data-widget_type=\"text-editor.default\">\n\t\t\t\t<div class=\"elementor-widget-container\">\n\t\t\t\t\t\t\t\t\t<p>Ata de Resultado Final de Candidatos Convocados para Matr\u00edcula: <a href=\"https:\/\/adesampa.com.br\/hubsampagames\/wp-content\/uploads\/2026\/02\/ata_de_resultado_final_pdf_D4Sign.pdf\" target=\"_blank\" rel=\"noopener\">Clique aqui<\/a><\/p>\t\t\t\t\t\t\t\t<\/div>\n\t\t\t\t<\/div>\n\t\t\t\t<\/div>\n\t\t\t\t\t<\/div>\n\t\t\t\t<\/div>\n\t\t\t\t<\/div>\n\t\t","protected":false},"excerpt":{"rendered":"<p>PROCESSO SELETIVO 01\/2026 Edital: Clique aqui Inscri\u00e7\u00e3o: Clique aqui D\u00favidas&hellip;<\/p>\n<p> <a class=\"more-link\" href=\"https:\/\/adesampa.com.br\/hubsampagames\/processo-seletivo-01-2026\/\">Leia mais<\/a><\/p>\n","protected":false},"author":4,"featured_media":0,"parent":0,"menu_order":0,"comment_status":"closed","ping_status":"closed","template":"elementor_header_footer","meta":{"footnotes":""},"class_list":["post-13918","page","type-page","status-publish"],"_links":{"self":[{"href":"https:\/\/adesampa.com.br\/hubsampagames\/wp-json\/wp\/v2\/pages\/13918","targetHints":{"allow":["GET"]}}],"collection":[{"href":"https:\/\/adesampa.com.br\/hubsampagames\/wp-json\/wp\/v2\/pages"}],"about":[{"href":"https:\/\/adesampa.com.br\/hubsampagames\/wp-json\/wp\/v2\/types\/page"}],"author":[{"embeddable":true,"href":"https:\/\/adesampa.com.br\/hubsampagames\/wp-json\/wp\/v2\/users\/4"}],"replies":[{"embeddable":true,"href":"https:\/\/adesampa.com.br\/hubsampagames\/wp-json\/wp\/v2\/comments?post=13918"}],"version-history":[{"count":31,"href":"https:\/\/adesampa.com.br\/hubsampagames\/wp-json\/wp\/v2\/pages\/13918\/revisions"}],"predecessor-version":[{"id":14219,"href":"https:\/\/adesampa.com.br\/hubsampagames\/wp-json\/wp\/v2\/pages\/13918\/revisions\/14219"}],"wp:attachment":[{"href":"https:\/\/adesampa.com.br\/hubsampagames\/wp-json\/wp\/v2\/media?parent=13918"}],"curies":[{"name":"wp","href":"https:\/\/api.w.org\/{rel}","templated":true}]}}