{"id":13876,"date":"2025-12-17T16:35:35","date_gmt":"2025-12-17T19:35:35","guid":{"rendered":"https:\/\/adesampa.com.br\/hubsampagames\/?page_id=13876"},"modified":"2026-01-26T16:09:29","modified_gmt":"2026-01-26T19:09:29","slug":"processoseletivo01","status":"publish","type":"page","link":"https:\/\/adesampa.com.br\/hubsampagames\/processoseletivo01\/","title":{"rendered":"Processo seletivo &#8211; 01"},"content":{"rendered":"\t\t<div data-elementor-type=\"wp-post\" data-elementor-id=\"13876\" class=\"elementor elementor-13876\">\n\t\t\t\t<div class=\"elementor-element elementor-element-c1aff65 e-flex e-con-boxed e-con e-parent\" data-id=\"c1aff65\" data-element_type=\"container\" data-e-type=\"container\" data-settings=\"{&quot;background_background&quot;:&quot;classic&quot;}\">\n\t\t\t\t\t<div class=\"e-con-inner\">\n\t\t\t\t<div class=\"elementor-element elementor-element-04cf7f5 elementor-widget elementor-widget-spacer\" data-id=\"04cf7f5\" data-element_type=\"widget\" data-e-type=\"widget\" data-widget_type=\"spacer.default\">\n\t\t\t\t<div class=\"elementor-widget-container\">\n\t\t\t\t\t\t\t<div class=\"elementor-spacer\">\n\t\t\t<div class=\"elementor-spacer-inner\"><\/div>\n\t\t<\/div>\n\t\t\t\t\t\t<\/div>\n\t\t\t\t<\/div>\n\t\t\t\t<div class=\"elementor-element elementor-element-48d7141 elementor-widget elementor-widget-text-editor\" data-id=\"48d7141\" data-element_type=\"widget\" data-e-type=\"widget\" data-widget_type=\"text-editor.default\">\n\t\t\t\t<div class=\"elementor-widget-container\">\n\t\t\t\t\t\t\t\t\t<p>PROCESSO SELETIVO 01\/2025<\/p>\t\t\t\t\t\t\t\t<\/div>\n\t\t\t\t<\/div>\n\t\t\t\t\t<\/div>\n\t\t\t\t<\/div>\n\t\t<div class=\"elementor-element elementor-element-265f715 e-flex e-con-boxed e-con e-parent\" data-id=\"265f715\" data-element_type=\"container\" data-e-type=\"container\" data-settings=\"{&quot;background_background&quot;:&quot;classic&quot;}\">\n\t\t\t\t\t<div class=\"e-con-inner\">\n\t\t<div class=\"elementor-element elementor-element-402a15f e-con-full e-flex e-con e-child\" data-id=\"402a15f\" data-element_type=\"container\" data-e-type=\"container\">\n\t\t\t\t<div class=\"elementor-element elementor-element-135e1e6 elementor-widget elementor-widget-text-editor\" data-id=\"135e1e6\" data-element_type=\"widget\" data-e-type=\"widget\" data-widget_type=\"text-editor.default\">\n\t\t\t\t<div class=\"elementor-widget-container\">\n\t\t\t\t\t\t\t\t\t<p>Edital: <a href=\"https:\/\/adesampa.com.br\/hubsampagames\/wp-content\/uploads\/2025\/11\/Edital_de_Processo_Seletivo___Hub_Sampa_Games_v04.pdf\" target=\"_blank\" rel=\"noopener\">Clique aqui<\/a><\/p>\t\t\t\t\t\t\t\t<\/div>\n\t\t\t\t<\/div>\n\t\t\t\t<div class=\"elementor-element elementor-element-80c8786 elementor-widget elementor-widget-text-editor\" data-id=\"80c8786\" data-element_type=\"widget\" data-e-type=\"widget\" data-widget_type=\"text-editor.default\">\n\t\t\t\t<div class=\"elementor-widget-container\">\n\t\t\t\t\t\t\t\t\t<p>Inscri\u00e7\u00e3o: <a href=\"https:\/\/docs.google.com\/forms\/d\/e\/1FAIpQLSfS2Tpd4baILYccllRkLzs5uAbE5Bnhu8A87cuX8nolTet6rw\/viewform?usp=header\" target=\"_blank\" rel=\"noopener\">Clique aqui<\/a><\/p>\t\t\t\t\t\t\t\t<\/div>\n\t\t\t\t<\/div>\n\t\t\t\t<div class=\"elementor-element elementor-element-8761303 elementor-widget elementor-widget-text-editor\" data-id=\"8761303\" data-element_type=\"widget\" data-e-type=\"widget\" data-widget_type=\"text-editor.default\">\n\t\t\t\t<div class=\"elementor-widget-container\">\n\t\t\t\t\t\t\t\t\t<p>Termo de ci\u00eancia e responsabilidade: <a href=\"https:\/\/adesampa.com.br\/hubsampagames\/wp-content\/uploads\/2025\/11\/Termo-de-Ciencia-e-Responsabilidade-1.pdf\" target=\"_blank\" rel=\"noopener\">Clique aqui<\/a><\/p>\t\t\t\t\t\t\t\t<\/div>\n\t\t\t\t<\/div>\n\t\t\t\t<div class=\"elementor-element elementor-element-a28010c elementor-widget elementor-widget-text-editor\" data-id=\"a28010c\" data-element_type=\"widget\" data-e-type=\"widget\" data-widget_type=\"text-editor.default\">\n\t\t\t\t<div class=\"elementor-widget-container\">\n\t\t\t\t\t\t\t\t\t<p>D\u00favidas ou esclarecimentos: Clique aqui<\/p>\t\t\t\t\t\t\t\t<\/div>\n\t\t\t\t<\/div>\n\t\t\t\t<div class=\"elementor-element elementor-element-77d1e70 elementor-widget elementor-widget-text-editor\" data-id=\"77d1e70\" data-element_type=\"widget\" data-e-type=\"widget\" data-widget_type=\"text-editor.default\">\n\t\t\t\t<div class=\"elementor-widget-container\">\n\t\t\t\t\t\t\t\t\t<p>Comunicados: <a href=\"https:\/\/adesampa.com.br\/hubsampagames\/wp-content\/uploads\/2025\/11\/Comunicados-Hub-Sampa-Games.pdf\">Clique aqui<\/a><\/p>\t\t\t\t\t\t\t\t<\/div>\n\t\t\t\t<\/div>\n\t\t\t\t<div class=\"elementor-element elementor-element-f990fbb elementor-widget elementor-widget-text-editor\" data-id=\"f990fbb\" data-element_type=\"widget\" data-e-type=\"widget\" data-widget_type=\"text-editor.default\">\n\t\t\t\t<div class=\"elementor-widget-container\">\n\t\t\t\t\t\t\t\t\t<p>Resultados Parcial das Inscri\u00e7\u00f5es: <a href=\"https:\/\/adesampa.com.br\/hubsampagames\/wp-content\/uploads\/2025\/11\/Ata-Inscricoes-Processo-Seletivo-01-2025-1.pdf\">Clique aqui<\/a><\/p>\t\t\t\t\t\t\t\t<\/div>\n\t\t\t\t<\/div>\n\t\t\t\t<div class=\"elementor-element elementor-element-30e0e36 elementor-widget elementor-widget-text-editor\" data-id=\"30e0e36\" data-element_type=\"widget\" data-e-type=\"widget\" data-widget_type=\"text-editor.default\">\n\t\t\t\t<div class=\"elementor-widget-container\">\n\t\t\t\t\t\t\t\t\t<p>Resultado final das inscri\u00e7\u00f5es e convoca\u00e7\u00e3o: <a href=\"https:\/\/adesampa.com.br\/hubsampagames\/wp-content\/uploads\/2025\/12\/Ata-Resultado-Final-das-Inscricoes-Hub-Sampa-Games-.pdf\">Clique aqui<\/a><\/p>\t\t\t\t\t\t\t\t<\/div>\n\t\t\t\t<\/div>\n\t\t\t\t<div class=\"elementor-element elementor-element-e736abb elementor-widget elementor-widget-text-editor\" data-id=\"e736abb\" data-element_type=\"widget\" data-e-type=\"widget\" data-widget_type=\"text-editor.default\">\n\t\t\t\t<div class=\"elementor-widget-container\">\n\t\t\t\t\t\t\t\t\t<p>Resultado 1\u00ba Fase: <a href=\"https:\/\/adesampa.com.br\/hubsampagames\/wp-content\/uploads\/2025\/12\/SEI_147949263_Ata_assinado.pdf\">Clique aqui<\/a><\/p>\t\t\t\t\t\t\t\t<\/div>\n\t\t\t\t<\/div>\n\t\t\t\t<div class=\"elementor-element elementor-element-b81a2e0 elementor-widget elementor-widget-text-editor\" data-id=\"b81a2e0\" data-element_type=\"widget\" data-e-type=\"widget\" data-widget_type=\"text-editor.default\">\n\t\t\t\t<div class=\"elementor-widget-container\">\n\t\t\t\t\t\t\t\t\t<p>Lista preliminar de candidatos(as) selecionados(as) para 2\u00aa fase: <a href=\"https:\/\/adesampa.com.br\/hubsampagames\/wp-content\/uploads\/2025\/12\/Ata-Resultado-1\u00b0-Fase-Hub-Sampa-Games-.pdf\">Clique aqui<\/a><\/p>\t\t\t\t\t\t\t\t<\/div>\n\t\t\t\t<\/div>\n\t\t\t\t<div class=\"elementor-element elementor-element-2d1ae5a elementor-widget elementor-widget-text-editor\" data-id=\"2d1ae5a\" data-element_type=\"widget\" data-e-type=\"widget\" data-widget_type=\"text-editor.default\">\n\t\t\t\t<div class=\"elementor-widget-container\">\n\t\t\t\t\t\t\t\t\t<p>Lista preliminar de candidatos(as) convocados(as) para matr\u00edcula: <a href=\"https:\/\/adesampa.com.br\/hubsampagames\/wp-content\/uploads\/2026\/01\/Ata_Resultado-Parcial-2\u00b0-Fase-Hub-Sampa-Games-.pdf\">Clique aqui<\/a><\/p>\t\t\t\t\t\t\t\t<\/div>\n\t\t\t\t<\/div>\n\t\t\t\t<div class=\"elementor-element elementor-element-c014d3a elementor-widget elementor-widget-text-editor\" data-id=\"c014d3a\" data-element_type=\"widget\" data-e-type=\"widget\" data-widget_type=\"text-editor.default\">\n\t\t\t\t<div class=\"elementor-widget-container\">\n\t\t\t\t\t\t\t\t\t<p>Lista final de candidatos(as) convocados(as) para matr\u00edcula: <a href=\"https:\/\/adesampa.com.br\/hubsampagames\/wp-content\/uploads\/2026\/01\/COMUNICADO-N\u00b0-03.pdf\">Clique aqui<\/a><\/p>\t\t\t\t\t\t\t\t<\/div>\n\t\t\t\t<\/div>\n\t\t\t\t<div class=\"elementor-element elementor-element-cdc9ea6 elementor-widget elementor-widget-text-editor\" data-id=\"cdc9ea6\" data-element_type=\"widget\" data-e-type=\"widget\" data-widget_type=\"text-editor.default\">\n\t\t\t\t<div class=\"elementor-widget-container\">\n\t\t\t\t\t\t\t\t\t<p>Recursos: <a href=\"https:\/\/docs.google.com\/forms\/d\/1-EJCZpLyGisvKrX_kT--BQi5TphdaRYxZZnNwJZLQVA\/viewform?edit_requested=true\">Clique aqui<\/a><\/p>\t\t\t\t\t\t\t\t<\/div>\n\t\t\t\t<\/div>\n\t\t\t\t<\/div>\n\t\t\t\t\t<\/div>\n\t\t\t\t<\/div>\n\t\t\t\t<\/div>\n\t\t","protected":false},"excerpt":{"rendered":"<p>PROCESSO SELETIVO 01\/2025 Edital: Clique aqui Inscri\u00e7\u00e3o: Clique aqui Termo&hellip;<\/p>\n<p> <a class=\"more-link\" href=\"https:\/\/adesampa.com.br\/hubsampagames\/processoseletivo01\/\">Leia mais<\/a><\/p>\n","protected":false},"author":3,"featured_media":0,"parent":0,"menu_order":0,"comment_status":"closed","ping_status":"closed","template":"elementor_header_footer","meta":{"footnotes":""},"class_list":["post-13876","page","type-page","status-publish"],"_links":{"self":[{"href":"https:\/\/adesampa.com.br\/hubsampagames\/wp-json\/wp\/v2\/pages\/13876","targetHints":{"allow":["GET"]}}],"collection":[{"href":"https:\/\/adesampa.com.br\/hubsampagames\/wp-json\/wp\/v2\/pages"}],"about":[{"href":"https:\/\/adesampa.com.br\/hubsampagames\/wp-json\/wp\/v2\/types\/page"}],"author":[{"embeddable":true,"href":"https:\/\/adesampa.com.br\/hubsampagames\/wp-json\/wp\/v2\/users\/3"}],"replies":[{"embeddable":true,"href":"https:\/\/adesampa.com.br\/hubsampagames\/wp-json\/wp\/v2\/comments?post=13876"}],"version-history":[{"count":0,"href":"https:\/\/adesampa.com.br\/hubsampagames\/wp-json\/wp\/v2\/pages\/13876\/revisions"}],"wp:attachment":[{"href":"https:\/\/adesampa.com.br\/hubsampagames\/wp-json\/wp\/v2\/media?parent=13876"}],"curies":[{"name":"wp","href":"https:\/\/api.w.org\/{rel}","templated":true}]}}