{"id":13770,"date":"2025-11-05T16:44:59","date_gmt":"2025-11-05T19:44:59","guid":{"rendered":"https:\/\/adesampa.com.br\/hubsampagames\/?page_id=13770"},"modified":"2026-04-07T10:00:46","modified_gmt":"2026-04-07T13:00:46","slug":"processo-seletivo","status":"publish","type":"page","link":"https:\/\/adesampa.com.br\/hubsampagames\/processo-seletivo\/","title":{"rendered":"Processos Seletivos"},"content":{"rendered":"\t\t<div data-elementor-type=\"wp-post\" data-elementor-id=\"13770\" class=\"elementor elementor-13770\">\n\t\t\t\t<div class=\"elementor-element elementor-element-c1aff65 e-flex e-con-boxed e-con e-parent\" data-id=\"c1aff65\" data-element_type=\"container\" data-e-type=\"container\" data-settings=\"{&quot;background_background&quot;:&quot;classic&quot;}\">\n\t\t\t\t\t<div class=\"e-con-inner\">\n\t\t\t\t<div class=\"elementor-element elementor-element-04cf7f5 elementor-widget elementor-widget-spacer\" data-id=\"04cf7f5\" data-element_type=\"widget\" data-e-type=\"widget\" data-widget_type=\"spacer.default\">\n\t\t\t\t<div class=\"elementor-widget-container\">\n\t\t\t\t\t\t\t<div class=\"elementor-spacer\">\n\t\t\t<div class=\"elementor-spacer-inner\"><\/div>\n\t\t<\/div>\n\t\t\t\t\t\t<\/div>\n\t\t\t\t<\/div>\n\t\t\t\t<div class=\"elementor-element elementor-element-48d7141 elementor-widget elementor-widget-text-editor\" data-id=\"48d7141\" data-element_type=\"widget\" data-e-type=\"widget\" data-widget_type=\"text-editor.default\">\n\t\t\t\t<div class=\"elementor-widget-container\">\n\t\t\t\t\t\t\t\t\t<p><span style=\"color: #ffffff;\">PROCESSOS SELETIVOS<\/span><\/p>\t\t\t\t\t\t\t\t<\/div>\n\t\t\t\t<\/div>\n\t\t\t\t\t<\/div>\n\t\t\t\t<\/div>\n\t\t<div class=\"elementor-element elementor-element-265f715 e-flex e-con-boxed e-con e-parent\" data-id=\"265f715\" data-element_type=\"container\" data-e-type=\"container\" data-settings=\"{&quot;background_background&quot;:&quot;classic&quot;}\">\n\t\t\t\t\t<div class=\"e-con-inner\">\n\t\t<div class=\"elementor-element elementor-element-402a15f e-con-full e-flex e-con e-child\" data-id=\"402a15f\" data-element_type=\"container\" data-e-type=\"container\">\n\t\t\t\t<div class=\"elementor-element elementor-element-8761303 elementor-widget elementor-widget-text-editor\" data-id=\"8761303\" data-element_type=\"widget\" data-e-type=\"widget\" data-widget_type=\"text-editor.default\">\n\t\t\t\t<div class=\"elementor-widget-container\">\n\t\t\t\t\t\t\t\t\t<p style=\"text-align: center;\"><a href=\"https:\/\/adesampa.com.br\/hubsampagames\/processos-seletivos-inscricoes-abertas\/\">Inscri\u00e7\u00f5es abertas<\/a><\/p>\t\t\t\t\t\t\t\t<\/div>\n\t\t\t\t<\/div>\n\t\t\t\t<div class=\"elementor-element elementor-element-80c8786 elementor-widget elementor-widget-text-editor\" data-id=\"80c8786\" data-element_type=\"widget\" data-e-type=\"widget\" data-widget_type=\"text-editor.default\">\n\t\t\t\t<div class=\"elementor-widget-container\">\n\t\t\t\t\t\t\t\t\t<p style=\"text-align: center;\"><a href=\"https:\/\/adesampa.com.br\/hubsampagames\/processos-seletivos-em-andamento\/\">Em andamento<\/a><\/p>\t\t\t\t\t\t\t\t<\/div>\n\t\t\t\t<\/div>\n\t\t\t\t<div class=\"elementor-element elementor-element-135e1e6 elementor-widget elementor-widget-text-editor\" data-id=\"135e1e6\" data-element_type=\"widget\" data-e-type=\"widget\" data-widget_type=\"text-editor.default\">\n\t\t\t\t<div class=\"elementor-widget-container\">\n\t\t\t\t\t\t\t\t\t<p style=\"text-align: center;\"><a href=\"https:\/\/adesampa.com.br\/hubsampagames\/processos-seletivos-encerrados\/\">Encerrados<\/a><\/p>\t\t\t\t\t\t\t\t<\/div>\n\t\t\t\t<\/div>\n\t\t\t\t<div class=\"elementor-element elementor-element-e02f046 elementor-widget elementor-widget-text-editor\" data-id=\"e02f046\" data-element_type=\"widget\" data-e-type=\"widget\" data-widget_type=\"text-editor.default\">\n\t\t\t\t<div class=\"elementor-widget-container\">\n\t\t\t\t\t\t\t\t\t<p style=\"text-align: center;\"><a href=\"https:\/\/docs.google.com\/forms\/d\/e\/1FAIpQLSfMFkHDBiQa6L0tEMLPKkA9EJAXE_rTkTMxcMcjm-IZqhVHng\/viewform\">D\u00favidas ou esclarecimentos<\/a><\/p>\t\t\t\t\t\t\t\t<\/div>\n\t\t\t\t<\/div>\n\t\t\t\t<\/div>\n\t\t\t\t\t<\/div>\n\t\t\t\t<\/div>\n\t\t\t\t<\/div>\n\t\t","protected":false},"excerpt":{"rendered":"<p>PROCESSOS SELETIVOS Inscri\u00e7\u00f5es abertas Em andamento Encerrados D\u00favidas ou esclarecimentos<\/p>\n","protected":false},"author":4,"featured_media":0,"parent":0,"menu_order":0,"comment_status":"closed","ping_status":"closed","template":"elementor_header_footer","meta":{"footnotes":""},"class_list":["post-13770","page","type-page","status-publish"],"_links":{"self":[{"href":"https:\/\/adesampa.com.br\/hubsampagames\/wp-json\/wp\/v2\/pages\/13770","targetHints":{"allow":["GET"]}}],"collection":[{"href":"https:\/\/adesampa.com.br\/hubsampagames\/wp-json\/wp\/v2\/pages"}],"about":[{"href":"https:\/\/adesampa.com.br\/hubsampagames\/wp-json\/wp\/v2\/types\/page"}],"author":[{"embeddable":true,"href":"https:\/\/adesampa.com.br\/hubsampagames\/wp-json\/wp\/v2\/users\/4"}],"replies":[{"embeddable":true,"href":"https:\/\/adesampa.com.br\/hubsampagames\/wp-json\/wp\/v2\/comments?post=13770"}],"version-history":[{"count":18,"href":"https:\/\/adesampa.com.br\/hubsampagames\/wp-json\/wp\/v2\/pages\/13770\/revisions"}],"predecessor-version":[{"id":14288,"href":"https:\/\/adesampa.com.br\/hubsampagames\/wp-json\/wp\/v2\/pages\/13770\/revisions\/14288"}],"wp:attachment":[{"href":"https:\/\/adesampa.com.br\/hubsampagames\/wp-json\/wp\/v2\/media?parent=13770"}],"curies":[{"name":"wp","href":"https:\/\/api.w.org\/{rel}","templated":true}]}}