{"id":12382,"date":"2025-04-24T16:40:44","date_gmt":"2025-04-24T19:40:44","guid":{"rendered":"https:\/\/adesampa.com.br\/hubsampagames\/?page_id=12382"},"modified":"2025-11-04T15:49:16","modified_gmt":"2025-11-04T18:49:16","slug":"sobre","status":"publish","type":"page","link":"https:\/\/adesampa.com.br\/hubsampagames\/sobre\/","title":{"rendered":"Sobre"},"content":{"rendered":"\t\t<div data-elementor-type=\"wp-post\" data-elementor-id=\"12382\" class=\"elementor elementor-12382\">\n\t\t\t\t\t\t<section class=\"elementor-section elementor-top-section elementor-element elementor-element-aa3b2fb elementor-section-boxed elementor-section-height-default elementor-section-height-default\" data-id=\"aa3b2fb\" data-element_type=\"section\" data-e-type=\"section\" data-settings=\"{&quot;background_background&quot;:&quot;classic&quot;}\">\n\t\t\t\t\t\t<div class=\"elementor-container elementor-column-gap-default\">\n\t\t\t\t\t<div class=\"elementor-column elementor-col-100 elementor-top-column elementor-element elementor-element-0dca449\" data-id=\"0dca449\" data-element_type=\"column\" data-e-type=\"column\">\n\t\t\t<div class=\"elementor-widget-wrap elementor-element-populated\">\n\t\t\t\t\t\t<div class=\"elementor-element elementor-element-32299cf elementor-widget elementor-widget-spacer\" data-id=\"32299cf\" data-element_type=\"widget\" data-e-type=\"widget\" data-widget_type=\"spacer.default\">\n\t\t\t\t<div class=\"elementor-widget-container\">\n\t\t\t\t\t\t\t<div class=\"elementor-spacer\">\n\t\t\t<div class=\"elementor-spacer-inner\"><\/div>\n\t\t<\/div>\n\t\t\t\t\t\t<\/div>\n\t\t\t\t<\/div>\n\t\t\t\t<div class=\"elementor-element elementor-element-88d8b06 elementor-widget elementor-widget-image\" data-id=\"88d8b06\" data-element_type=\"widget\" data-e-type=\"widget\" data-widget_type=\"image.default\">\n\t\t\t\t<div class=\"elementor-widget-container\">\n\t\t\t\t\t\t\t\t\t\t\t\t\t\t\t<img fetchpriority=\"high\" decoding=\"async\" width=\"800\" height=\"326\" src=\"https:\/\/adesampa.com.br\/hubsampagames\/wp-content\/uploads\/2025\/04\/banner-sobre-1024x417.png\" class=\"attachment-large size-large wp-image-12389\" alt=\"\" srcset=\"https:\/\/adesampa.com.br\/hubsampagames\/wp-content\/uploads\/2025\/04\/banner-sobre-1024x417.png 1024w, https:\/\/adesampa.com.br\/hubsampagames\/wp-content\/uploads\/2025\/04\/banner-sobre-300x122.png 300w, https:\/\/adesampa.com.br\/hubsampagames\/wp-content\/uploads\/2025\/04\/banner-sobre-768x313.png 768w, https:\/\/adesampa.com.br\/hubsampagames\/wp-content\/uploads\/2025\/04\/banner-sobre-245x100.png 245w, https:\/\/adesampa.com.br\/hubsampagames\/wp-content\/uploads\/2025\/04\/banner-sobre.png 1080w\" sizes=\"(max-width: 800px) 100vw, 800px\" \/>\t\t\t\t\t\t\t\t\t\t\t\t\t\t\t<\/div>\n\t\t\t\t<\/div>\n\t\t\t\t<div class=\"elementor-element elementor-element-92030e4 elementor-widget elementor-widget-text-editor\" data-id=\"92030e4\" data-element_type=\"widget\" data-e-type=\"widget\" data-widget_type=\"text-editor.default\">\n\t\t\t\t<div class=\"elementor-widget-container\">\n\t\t\t\t\t\t\t\t\t<p><span style=\"font-weight: 400; color: #96f1fe;\">O Hub Sampa Games \u00e9 um centro de inova\u00e7\u00e3o para quem j\u00e1 atua ou deseja ingressar no mercado de jogos eletr\u00f4nicos. O espa\u00e7o funciona como uma escola para forma\u00e7\u00e3o de profissionais do setor de games e como local de encontros e conex\u00f5es com diversos atores do mercado.\u00a0<\/span><\/p><p><span style=\"font-weight: 400; color: #96f1fe;\">O equipamento tem o objetivo de reduzir desigualdades econ\u00f4micas, ampliar a empregabilidade e incentivar o empreendedorismo no setor de jogos eletr\u00f4nicos. Para isso, vai oferecer qualifica\u00e7\u00e3o profissional e promover a intera\u00e7\u00e3o entre empresas, startups, desenvolvedores e institui\u00e7\u00f5es de ensino, nacionais e internacionais, para conectar jovens talentos a esse mercado em expans\u00e3o.\u00a0<\/span><\/p>\t\t\t\t\t\t\t\t<\/div>\n\t\t\t\t<\/div>\n\t\t\t\t\t<\/div>\n\t\t<\/div>\n\t\t\t\t\t<\/div>\n\t\t<\/section>\n\t\t<div class=\"elementor-element elementor-element-ae10377 e-flex e-con-boxed e-con e-parent\" data-id=\"ae10377\" data-element_type=\"container\" data-e-type=\"container\" data-settings=\"{&quot;background_background&quot;:&quot;classic&quot;}\">\n\t\t\t\t\t<div class=\"e-con-inner\">\n\t\t<div class=\"elementor-element elementor-element-f1b33e7 e-con-full e-flex e-con e-child\" data-id=\"f1b33e7\" data-element_type=\"container\" data-e-type=\"container\">\n\t\t\t\t<div class=\"elementor-element elementor-element-16042f2 elementor-widget elementor-widget-text-editor\" data-id=\"16042f2\" data-element_type=\"widget\" data-e-type=\"widget\" data-widget_type=\"text-editor.default\">\n\t\t\t\t<div class=\"elementor-widget-container\">\n\t\t\t\t\t\t\t\t\t<p><span style=\"font-weight: 400; color: #ffffff;\">Um dos pilares do Hub Sampa Games \u00e9 a forma\u00e7\u00e3o completa em game developer, ou seja, desenvolvimento e design para jogos eletr\u00f4nicos. Durante a qualifica\u00e7\u00e3o, os alunos ter\u00e3o oportunidades de realizar mentorias extracurriculares e especializa\u00e7\u00f5es online complementares \u00e0 forma\u00e7\u00e3o. Os cursos acontecem por meio de forma\u00e7\u00f5es te\u00f3ricas e pr\u00e1ticas em\u00a0 design de jogos, programa\u00e7\u00e3o de games, arte digital e e-sports.\u00a0<\/span><\/p><p><span style=\"font-weight: 400; color: #ffffff;\">O Hub Sampa Games tem o intuito de fomentar o empreendedorismo, por meio do apoio \u00e0s empresas emergentes com mentorias e capacita\u00e7\u00f5es para o desenvolvimento de produtos e servi\u00e7os inovadores.\u00a0<\/span><\/p>\t\t\t\t\t\t\t\t<\/div>\n\t\t\t\t<\/div>\n\t\t\t\t<\/div>\n\t\t<div class=\"elementor-element elementor-element-07e262b e-con-full e-flex e-con e-child\" data-id=\"07e262b\" data-element_type=\"container\" data-e-type=\"container\" data-settings=\"{&quot;background_background&quot;:&quot;classic&quot;}\">\n\t\t\t\t<div class=\"elementor-element elementor-element-389a49e elementor-widget elementor-widget-text-editor\" data-id=\"389a49e\" data-element_type=\"widget\" data-e-type=\"widget\" data-widget_type=\"text-editor.default\">\n\t\t\t\t<div class=\"elementor-widget-container\">\n\t\t\t\t\t\t\t\t\t<p><span style=\"font-weight: 400; color: #ffffff;\">O p\u00fablico-alvo das forma\u00e7\u00f5es em GameDev do Hub Sampa Games \u00e9 composto por pessoas a partir dos 16 anos, preferencialmente residentes da cidade de S\u00e3o Paulo, em situa\u00e7\u00e3o de vulnerabilidade social e interessados em ingressar no setor de games, ainda pouco acess\u00edvel. As demais a\u00e7\u00f5es visam agregar empresas, est\u00fadios independentes, profissionais e entusiastas da \u00e1rea de games, e-sports, tecnologia, IA e educa\u00e7\u00e3o. Por estar localizado na regi\u00e3o central, foi pensado para atender pessoas de todo munic\u00edpio de S\u00e3o Paulo.<br \/><\/span><\/p>\t\t\t\t\t\t\t\t<\/div>\n\t\t\t\t<\/div>\n\t\t\t\t<\/div>\n\t\t\t\t\t<\/div>\n\t\t\t\t<\/div>\n\t\t\t\t<section class=\"elementor-section elementor-top-section elementor-element elementor-element-dfc5044 elementor-section-boxed elementor-section-height-default elementor-section-height-default\" data-id=\"dfc5044\" data-element_type=\"section\" data-e-type=\"section\" data-settings=\"{&quot;background_background&quot;:&quot;classic&quot;}\">\n\t\t\t\t\t\t<div class=\"elementor-container elementor-column-gap-no\">\n\t\t\t\t\t<div class=\"elementor-column elementor-col-100 elementor-top-column elementor-element elementor-element-0f7dafe\" data-id=\"0f7dafe\" data-element_type=\"column\" data-e-type=\"column\">\n\t\t\t<div class=\"elementor-widget-wrap elementor-element-populated\">\n\t\t\t\t\t\t<div class=\"elementor-element elementor-element-21ca533 elementor-widget elementor-widget-text-editor\" data-id=\"21ca533\" data-element_type=\"widget\" data-e-type=\"widget\" data-widget_type=\"text-editor.default\">\n\t\t\t\t<div class=\"elementor-widget-container\">\n\t\t\t\t\t\t\t\t\t<p style=\"text-align: center;\"><span style=\"color: #96f1fe;\">REALIZA\u00c7\u00c3O<\/span><\/p>\t\t\t\t\t\t\t\t<\/div>\n\t\t\t\t<\/div>\n\t\t\t\t<div class=\"elementor-element elementor-element-bc3b1f5 elementor-widget__width-auto elementor-widget elementor-widget-text-editor\" data-id=\"bc3b1f5\" data-element_type=\"widget\" data-e-type=\"widget\" data-widget_type=\"text-editor.default\">\n\t\t\t\t<div class=\"elementor-widget-container\">\n\t\t\t\t\t\t\t\t\t<p style=\"text-align: center;\"><span style=\"font-weight: 400; color: #96f1fe;\"><span style=\"font-weight: 400;\">O Hub Sampa Games \u00e9 uma iniciativa da Prefeitura de S\u00e3o Paulo e executado pela ADE SAMPA, entidade ligada \u00e0 Secretaria Municipal de Desenvolvimento Econ\u00f4mico e Trabalho.<\/span><\/span><\/p>\t\t\t\t\t\t\t\t<\/div>\n\t\t\t\t<\/div>\n\t\t\t\t\t<\/div>\n\t\t<\/div>\n\t\t\t\t\t<\/div>\n\t\t<\/section>\n\t\t<div class=\"elementor-element elementor-element-9037349 e-flex e-con-boxed e-con e-parent\" data-id=\"9037349\" data-element_type=\"container\" data-e-type=\"container\" data-settings=\"{&quot;background_background&quot;:&quot;classic&quot;}\">\n\t\t\t\t\t<div class=\"e-con-inner\">\n\t\t<div class=\"elementor-element elementor-element-5b3d694 e-con-full e-flex e-con e-child\" data-id=\"5b3d694\" data-element_type=\"container\" data-e-type=\"container\">\n\t\t\t\t<div class=\"elementor-element elementor-element-8ca82e4 elementor-widget elementor-widget-spacer\" data-id=\"8ca82e4\" data-element_type=\"widget\" data-e-type=\"widget\" data-widget_type=\"spacer.default\">\n\t\t\t\t<div class=\"elementor-widget-container\">\n\t\t\t\t\t\t\t<div class=\"elementor-spacer\">\n\t\t\t<div class=\"elementor-spacer-inner\"><\/div>\n\t\t<\/div>\n\t\t\t\t\t\t<\/div>\n\t\t\t\t<\/div>\n\t\t\t\t<div class=\"elementor-element elementor-element-e1d2da4 elementor-widget elementor-widget-image\" data-id=\"e1d2da4\" data-element_type=\"widget\" data-e-type=\"widget\" data-widget_type=\"image.default\">\n\t\t\t\t<div class=\"elementor-widget-container\">\n\t\t\t\t\t\t\t\t\t\t\t\t\t\t\t<img decoding=\"async\" width=\"333\" height=\"55\" src=\"https:\/\/adesampa.com.br\/hubsampagames\/wp-content\/uploads\/2025\/04\/06-Regua-Logo.png\" class=\"attachment-large size-large wp-image-13395\" alt=\"\" srcset=\"https:\/\/adesampa.com.br\/hubsampagames\/wp-content\/uploads\/2025\/04\/06-Regua-Logo.png 333w, https:\/\/adesampa.com.br\/hubsampagames\/wp-content\/uploads\/2025\/04\/06-Regua-Logo-300x50.png 300w\" sizes=\"(max-width: 333px) 100vw, 333px\" \/>\t\t\t\t\t\t\t\t\t\t\t\t\t\t\t<\/div>\n\t\t\t\t<\/div>\n\t\t\t\t<\/div>\n\t\t<div class=\"elementor-element elementor-element-c26404c e-con-full e-flex e-con e-child\" data-id=\"c26404c\" data-element_type=\"container\" data-e-type=\"container\">\n\t\t\t\t<div class=\"elementor-element elementor-element-5df400c elementor-widget elementor-widget-text-editor\" data-id=\"5df400c\" data-element_type=\"widget\" data-e-type=\"widget\" data-widget_type=\"text-editor.default\">\n\t\t\t\t<div class=\"elementor-widget-container\">\n\t\t\t\t\t\t\t\t\t<p>A Ag\u00eancia S\u00e3o Paulo de Desenvolvimento promove pol\u00edticas p\u00fablicas que contribuem para a redu\u00e7\u00e3o de desigualdades econ\u00f4micas, aumentando a competitividade e fomentando a gera\u00e7\u00e3o de emprego e renda na cidade de S\u00e3o Paulo. Com a\u00e7\u00f5es e programas voltados para empreendedorismo, inova\u00e7\u00e3o, tecnologia e sustentabilidade, oferece cursos e capacita\u00e7\u00f5es, acelera\u00e7\u00e3o de neg\u00f3cios, atendimento para MEIs, espa\u00e7os de trabalho gratuitos, est\u00fadios de podcasts e orienta\u00e7\u00e3o para obten\u00e7\u00e3o de cr\u00e9dito.<\/p>\t\t\t\t\t\t\t\t<\/div>\n\t\t\t\t<\/div>\n\t\t\t\t<\/div>\n\t\t\t\t\t<\/div>\n\t\t\t\t<\/div>\n\t\t\t\t<\/div>\n\t\t","protected":false},"excerpt":{"rendered":"<p>O Hub Sampa Games \u00e9 um centro de inova\u00e7\u00e3o para&hellip;<\/p>\n<p> <a class=\"more-link\" href=\"https:\/\/adesampa.com.br\/hubsampagames\/sobre\/\">Leia mais<\/a><\/p>\n","protected":false},"author":1,"featured_media":0,"parent":0,"menu_order":0,"comment_status":"closed","ping_status":"closed","template":"elementor_header_footer","meta":{"footnotes":""},"class_list":["post-12382","page","type-page","status-publish"],"_links":{"self":[{"href":"https:\/\/adesampa.com.br\/hubsampagames\/wp-json\/wp\/v2\/pages\/12382","targetHints":{"allow":["GET"]}}],"collection":[{"href":"https:\/\/adesampa.com.br\/hubsampagames\/wp-json\/wp\/v2\/pages"}],"about":[{"href":"https:\/\/adesampa.com.br\/hubsampagames\/wp-json\/wp\/v2\/types\/page"}],"author":[{"embeddable":true,"href":"https:\/\/adesampa.com.br\/hubsampagames\/wp-json\/wp\/v2\/users\/1"}],"replies":[{"embeddable":true,"href":"https:\/\/adesampa.com.br\/hubsampagames\/wp-json\/wp\/v2\/comments?post=12382"}],"version-history":[{"count":0,"href":"https:\/\/adesampa.com.br\/hubsampagames\/wp-json\/wp\/v2\/pages\/12382\/revisions"}],"wp:attachment":[{"href":"https:\/\/adesampa.com.br\/hubsampagames\/wp-json\/wp\/v2\/media?parent=12382"}],"curies":[{"name":"wp","href":"https:\/\/api.w.org\/{rel}","templated":true}]}}