{"id":319,"date":"2021-11-23T20:38:28","date_gmt":"2021-11-23T20:38:28","guid":{"rendered":"http:\/\/adesampa.com.br\/hackatona\/?page_id=319"},"modified":"2021-12-03T17:14:46","modified_gmt":"2021-12-03T17:14:46","slug":"desafio-violencia","status":"publish","type":"page","link":"https:\/\/adesampa.com.br\/hackatona\/desafio-violencia\/","title":{"rendered":"Desafio Viol\u00eancia"},"content":{"rendered":"\t\t<div data-elementor-type=\"wp-page\" data-elementor-id=\"319\" class=\"elementor elementor-319\">\n\t\t\t\t\t\t<section class=\"elementor-section elementor-top-section elementor-element elementor-element-30263f01 elementor-section-height-min-height elementor-section-boxed elementor-section-height-default elementor-section-items-middle\" data-id=\"30263f01\" data-element_type=\"section\" id=\"home\" data-settings=\"{&quot;background_background&quot;:&quot;classic&quot;}\">\n\t\t\t\t\t\t<div class=\"elementor-container elementor-column-gap-default\">\n\t\t\t\t\t<div class=\"elementor-column elementor-col-100 elementor-top-column elementor-element elementor-element-19c026f4\" data-id=\"19c026f4\" data-element_type=\"column\">\n\t\t\t<div class=\"elementor-widget-wrap\">\n\t\t\t\t\t\t\t<\/div>\n\t\t<\/div>\n\t\t\t\t\t<\/div>\n\t\t<\/section>\n\t\t\t\t<section class=\"elementor-section elementor-top-section elementor-element elementor-element-637fda22 elementor-section-boxed elementor-section-height-default elementor-section-height-default\" data-id=\"637fda22\" data-element_type=\"section\" id=\"desafio\" data-settings=\"{&quot;background_background&quot;:&quot;classic&quot;}\">\n\t\t\t\t\t\t<div class=\"elementor-container elementor-column-gap-default\">\n\t\t\t\t\t<div class=\"elementor-column elementor-col-100 elementor-top-column elementor-element elementor-element-21b27658\" data-id=\"21b27658\" data-element_type=\"column\">\n\t\t\t<div class=\"elementor-widget-wrap elementor-element-populated\">\n\t\t\t\t\t\t<div class=\"elementor-element elementor-element-f22ae8e elementor-widget elementor-widget-heading\" data-id=\"f22ae8e\" data-element_type=\"widget\" data-widget_type=\"heading.default\">\n\t\t\t\t<div class=\"elementor-widget-container\">\n\t\t\t\t\t<h2 class=\"elementor-heading-title elementor-size-default\">Como contribuir para a diminui\u00e7\u00e3o do \u00edndice de viol\u00eancia contra a mulher?<\/h2>\t\t\t\t<\/div>\n\t\t\t\t<\/div>\n\t\t\t\t<div class=\"elementor-element elementor-element-70e55ed8 elementor-widget elementor-widget-text-editor\" data-id=\"70e55ed8\" data-element_type=\"widget\" data-widget_type=\"text-editor.default\">\n\t\t\t\t<div class=\"elementor-widget-container\">\n\t\t\t\t\t\t\t\t\t<p>Se por um lado a viol\u00eancia letal \u00e9 um fen\u00f4meno que atinge principalmente os homens, por outro, a viol\u00eancia dom\u00e9stica vitimiza mais as mulheres. Segundo dados do DATASUS, em 2018, enquanto 30,4% dos homic\u00eddios de mulheres ocorreram no domic\u00edlio, para os homens, a propor\u00e7\u00e3o foi de 11,2%.<\/p>\n<p>Quando \u00e9 feito o recorte de ra\u00e7a, no domic\u00edlio, a taxa de homic\u00eddios para as mulheres pretas ou pardas era 34,8% maior que para as mulheres brancas; fora do domic\u00edlio era 121,7% maior.<\/p>\n<p>Segundo levantamento do Datafolha, encomendado pelo F\u00f3rum Brasileiro de Seguran\u00e7a P\u00fablica, durante a pandemia viol\u00eancia na rua caiu, enquanto as agress\u00f5es dentro de casa aumentaram. O &#8220;vizinho&#8221;, que em 2019 ficou em 2\u00ba lugar como autor das agress\u00f5es (21%), neste ano sumiu das respostas. Em seu lugar apareceram pai, m\u00e3e, irm\u00e3o, irm\u00e3, e outras pessoas do conv\u00edvio familiar.<\/p>\n<p>Uma em cada quatro mulheres acima de 16 anos afirma ter sofrido algum tipo de viol\u00eancia no \u00faltimo ano no Brasil, durante a pandemia de Covid, segundo pesquisa do Instituto Datafolha encomendada pelo F\u00f3rum Brasileiro de Seguran\u00e7a P\u00fablica (FBSP). \nDentre as formas de viol\u00eancia sofrida, 18,6% responderam que foram ofendidas verbalmente, 6,3% sofreram tapas, chutes ou empurr\u00f5es, 5,4% passaram por algum tipo de ofensa sexual ou tentativa for\u00e7ada de rela\u00e7\u00e3o, 3,1% foram amea\u00e7adas com faca ou arma de fogo e 2,4% foram espancadas.<\/p>\n<p>Alguns dados sobre o perfil de mulheres violentadas: 16 a 24 anos (35,2%); Preta (28,3%); Separada\/Divorciada (35%). Mesmo com as medidas de restri\u00e7\u00e3o impostas para conter a pandemia de Covid-19, 37,9% das brasileiras sofreram algum tipo de ass\u00e9dio sexual. Em 2019, foram 37,1%.<\/p>\n<p>Entre as mulheres que sofreram ass\u00e9dio, 31,9% ouviram coment\u00e1rios desrespeitosos quando estavam andando na rua, 12,8% receberam cantadas ou coment\u00e1rios desrespeitosos no ambiente de trabalho, 7,9% foram assediadas fisicamente no transporte p\u00fablico, 5,4% foram agarradas\/beijadas sem consentimento, e 5,6% sofreram ass\u00e9dio f\u00edsico em festa ou balada.<\/p>\t\t\t\t\t\t\t\t<\/div>\n\t\t\t\t<\/div>\n\t\t\t\t<div class=\"elementor-element elementor-element-52e6d85 elementor-align-left elementor-tablet-align-left elementor-mobile-align-center elementor-widget elementor-widget-button\" data-id=\"52e6d85\" data-element_type=\"widget\" data-widget_type=\"button.default\">\n\t\t\t\t<div class=\"elementor-widget-container\">\n\t\t\t\t\t\t\t\t\t<div class=\"elementor-button-wrapper\">\n\t\t\t\t\t<a class=\"elementor-button elementor-button-link elementor-size-md\" href=\"http:\/\/adesampa.com.br\/hackatona\/#desafios\">\n\t\t\t\t\t\t<span class=\"elementor-button-content-wrapper\">\n\t\t\t\t\t\t<span class=\"elementor-button-icon\">\n\t\t\t\t\t\t\t<\/span>\n\t\t\t\t\t\t\t\t\t<span class=\"elementor-button-text\">OUTROS DESAFIOS<\/span>\n\t\t\t\t\t<\/span>\n\t\t\t\t\t<\/a>\n\t\t\t\t<\/div>\n\t\t\t\t\t\t\t\t<\/div>\n\t\t\t\t<\/div>\n\t\t\t\t\t<\/div>\n\t\t<\/div>\n\t\t\t\t\t<\/div>\n\t\t<\/section>\n\t\t\t\t<\/div>\n\t\t","protected":false},"excerpt":{"rendered":"<p>Como contribuir para a diminui\u00e7\u00e3o do \u00edndice de viol\u00eancia contra a mulher? Se por um lado a viol\u00eancia letal \u00e9 um fen\u00f4meno que atinge principalmente os homens, por outro, a viol\u00eancia dom\u00e9stica vitimiza mais as mulheres. Segundo dados do DATASUS, em 2018, enquanto 30,4% dos homic\u00eddios de mulheres ocorreram no domic\u00edlio, para os homens, a [&hellip;]<\/p>\n","protected":false},"author":3,"featured_media":0,"parent":0,"menu_order":0,"comment_status":"closed","ping_status":"closed","template":"","meta":{"ocean_post_layout":"full-screen","ocean_both_sidebars_style":"","ocean_both_sidebars_content_width":0,"ocean_both_sidebars_sidebars_width":0,"ocean_sidebar":"0","ocean_second_sidebar":"0","ocean_disable_margins":"enable","ocean_add_body_class":"","ocean_shortcode_before_top_bar":"","ocean_shortcode_after_top_bar":"","ocean_shortcode_before_header":"","ocean_shortcode_after_header":"","ocean_has_shortcode":"","ocean_shortcode_after_title":"","ocean_shortcode_before_footer_widgets":"","ocean_shortcode_after_footer_widgets":"","ocean_shortcode_before_footer_bottom":"","ocean_shortcode_after_footer_bottom":"","ocean_display_top_bar":"default","ocean_display_header":"default","ocean_header_style":"","ocean_center_header_left_menu":"0","ocean_custom_header_template":"0","ocean_custom_logo":0,"ocean_custom_retina_logo":0,"ocean_custom_logo_max_width":0,"ocean_custom_logo_tablet_max_width":0,"ocean_custom_logo_mobile_max_width":0,"ocean_custom_logo_max_height":0,"ocean_custom_logo_tablet_max_height":0,"ocean_custom_logo_mobile_max_height":0,"ocean_header_custom_menu":"0","ocean_menu_typo_font_family":"0","ocean_menu_typo_font_subset":"","ocean_menu_typo_font_size":0,"ocean_menu_typo_font_size_tablet":0,"ocean_menu_typo_font_size_mobile":0,"ocean_menu_typo_font_size_unit":"px","ocean_menu_typo_font_weight":"","ocean_menu_typo_font_weight_tablet":"","ocean_menu_typo_font_weight_mobile":"","ocean_menu_typo_transform":"","ocean_menu_typo_transform_tablet":"","ocean_menu_typo_transform_mobile":"","ocean_menu_typo_line_height":0,"ocean_menu_typo_line_height_tablet":0,"ocean_menu_typo_line_height_mobile":0,"ocean_menu_typo_line_height_unit":"","ocean_menu_typo_spacing":0,"ocean_menu_typo_spacing_tablet":0,"ocean_menu_typo_spacing_mobile":0,"ocean_menu_typo_spacing_unit":"","ocean_menu_link_color":"","ocean_menu_link_color_hover":"","ocean_menu_link_color_active":"","ocean_menu_link_background":"","ocean_menu_link_hover_background":"","ocean_menu_link_active_background":"","ocean_menu_social_links_bg":"","ocean_menu_social_hover_links_bg":"","ocean_menu_social_links_color":"","ocean_menu_social_hover_links_color":"","ocean_disable_title":"on","ocean_disable_heading":"default","ocean_post_title":"","ocean_post_subheading":"","ocean_post_title_style":"","ocean_post_title_background_color":"","ocean_post_title_background":0,"ocean_post_title_bg_image_position":"","ocean_post_title_bg_image_attachment":"","ocean_post_title_bg_image_repeat":"","ocean_post_title_bg_image_size":"","ocean_post_title_height":0,"ocean_post_title_bg_overlay":0.5,"ocean_post_title_bg_overlay_color":"","ocean_disable_breadcrumbs":"default","ocean_breadcrumbs_color":"","ocean_breadcrumbs_separator_color":"","ocean_breadcrumbs_links_color":"","ocean_breadcrumbs_links_hover_color":"","ocean_display_footer_widgets":"default","ocean_display_footer_bottom":"default","ocean_custom_footer_template":"0","footnotes":""},"class_list":["post-319","page","type-page","status-publish","hentry","entry"],"_links":{"self":[{"href":"https:\/\/adesampa.com.br\/hackatona\/wp-json\/wp\/v2\/pages\/319","targetHints":{"allow":["GET"]}}],"collection":[{"href":"https:\/\/adesampa.com.br\/hackatona\/wp-json\/wp\/v2\/pages"}],"about":[{"href":"https:\/\/adesampa.com.br\/hackatona\/wp-json\/wp\/v2\/types\/page"}],"author":[{"embeddable":true,"href":"https:\/\/adesampa.com.br\/hackatona\/wp-json\/wp\/v2\/users\/3"}],"replies":[{"embeddable":true,"href":"https:\/\/adesampa.com.br\/hackatona\/wp-json\/wp\/v2\/comments?post=319"}],"version-history":[{"count":14,"href":"https:\/\/adesampa.com.br\/hackatona\/wp-json\/wp\/v2\/pages\/319\/revisions"}],"predecessor-version":[{"id":658,"href":"https:\/\/adesampa.com.br\/hackatona\/wp-json\/wp\/v2\/pages\/319\/revisions\/658"}],"wp:attachment":[{"href":"https:\/\/adesampa.com.br\/hackatona\/wp-json\/wp\/v2\/media?parent=319"}],"curies":[{"name":"wp","href":"https:\/\/api.w.org\/{rel}","templated":true}]}}