{"id":318,"date":"2021-11-23T20:38:24","date_gmt":"2021-11-23T20:38:24","guid":{"rendered":"http:\/\/adesampa.com.br\/hackatona\/?page_id=318"},"modified":"2021-12-03T17:10:51","modified_gmt":"2021-12-03T17:10:51","slug":"desafio-emprego","status":"publish","type":"page","link":"https:\/\/adesampa.com.br\/hackatona\/desafio-emprego\/","title":{"rendered":"Desafio Emprego"},"content":{"rendered":"\t\t<div data-elementor-type=\"wp-page\" data-elementor-id=\"318\" class=\"elementor elementor-318\">\n\t\t\t\t\t\t<section class=\"elementor-section elementor-top-section elementor-element elementor-element-30263f01 elementor-section-height-min-height elementor-section-boxed elementor-section-height-default elementor-section-items-middle\" data-id=\"30263f01\" data-element_type=\"section\" id=\"home\" data-settings=\"{&quot;background_background&quot;:&quot;classic&quot;}\">\n\t\t\t\t\t\t<div class=\"elementor-container elementor-column-gap-default\">\n\t\t\t\t\t<div class=\"elementor-column elementor-col-100 elementor-top-column elementor-element elementor-element-19c026f4\" data-id=\"19c026f4\" data-element_type=\"column\">\n\t\t\t<div class=\"elementor-widget-wrap\">\n\t\t\t\t\t\t\t<\/div>\n\t\t<\/div>\n\t\t\t\t\t<\/div>\n\t\t<\/section>\n\t\t\t\t<section class=\"elementor-section elementor-top-section elementor-element elementor-element-637fda22 elementor-section-boxed elementor-section-height-default elementor-section-height-default\" data-id=\"637fda22\" data-element_type=\"section\" id=\"desafio\" data-settings=\"{&quot;background_background&quot;:&quot;classic&quot;}\">\n\t\t\t\t\t\t<div class=\"elementor-container elementor-column-gap-default\">\n\t\t\t\t\t<div class=\"elementor-column elementor-col-100 elementor-top-column elementor-element elementor-element-21b27658\" data-id=\"21b27658\" data-element_type=\"column\">\n\t\t\t<div class=\"elementor-widget-wrap elementor-element-populated\">\n\t\t\t\t\t\t<div class=\"elementor-element elementor-element-f22ae8e elementor-widget elementor-widget-heading\" data-id=\"f22ae8e\" data-element_type=\"widget\" data-widget_type=\"heading.default\">\n\t\t\t\t<div class=\"elementor-widget-container\">\n\t\t\t\t\t<h2 class=\"elementor-heading-title elementor-size-default\">Como garantir condi\u00e7\u00f5es de igualdade  de g\u00eanero no mercado de trabalho?<\/h2>\t\t\t\t<\/div>\n\t\t\t\t<\/div>\n\t\t\t\t<div class=\"elementor-element elementor-element-70e55ed8 elementor-widget elementor-widget-text-editor\" data-id=\"70e55ed8\" data-element_type=\"widget\" data-widget_type=\"text-editor.default\">\n\t\t\t\t<div class=\"elementor-widget-container\">\n\t\t\t\t\t\t\t\t\t<p>Segundo levantamento sobre o mercado de trabalho, do Instituto Brasileiro de Geografia e Estat\u00edstica (IBGE), 54,5% das mulheres com 15 anos ou mais integravam a for\u00e7a de trabalho no pa\u00eds em 2019. Entre os homens, esse percentual era 73,7%. Uma for\u00e7a de trabalho \u00e9 composta por todas as pessoas que est\u00e3o empregadas ou procurando emprego.<\/p>\n<p>Na faixa et\u00e1ria entre 25 e 49 anos, a presen\u00e7a de crian\u00e7as com at\u00e9 3 anos de idade vivendo no domic\u00edlio se mostra como fator relevante. O n\u00edvel de ocupa\u00e7\u00e3o entre as mulheres que t\u00eam filhos dessa idade \u00e9 de 54,6%, abaixo dos 67,2% daquelas que n\u00e3o t\u00eam. A situa\u00e7\u00e3o \u00e9 oposta entre os homens. Aqueles que vivem com crian\u00e7as at\u00e9 3 anos registraram n\u00edvel de ocupa\u00e7\u00e3o de 89,2%, superior aos 83,4% dos que n\u00e3o t\u00eam filhos nessa idade.\nUma dificuldade adicional para inser\u00e7\u00e3o no mercado pode ser observada no recorte racial dos dados. As mulheres pretas ou pardas com crian\u00e7as de at\u00e9 3 anos apresentaram os menores n\u00edveis de ocupa\u00e7\u00e3o, inferiores a 50%, enquanto as brancas registraram um percentual de 62,6%.\nSegundo dados do Ipea, as categorias em que h\u00e1 mais mulheres trabalhando foram as que mais perderam popula\u00e7\u00e3o ocupada. Em alojamento e alimenta\u00e7\u00e3o, categoria em que 58,3% dos profissionais s\u00e3o mulheres, a queda foi de 51%. Nos servi\u00e7os dom\u00e9sticos, em que 85,7% dos profissionais ocupados s\u00e3o mulheres, a queda foi de 46,2%. Em educa\u00e7\u00e3o, sa\u00fade e servi\u00e7os sociais, a queda foi de 33,4%. 76,4% dos profissionais da \u00e1rea s\u00e3o mulheres.<\/p>\n<p>A Pesquisa Panorama Mulher, feita pelo Insper e pela consultoria Talenses em 2019, mostrou que 26% das posi\u00e7\u00f5es de diretoria s\u00e3o ocupadas por mulheres \u2013 apenas 13% delas ocupam a presid\u00eancia de neg\u00f3cios. Ainda nesta pesquisa, v\u00ea-se a tend\u00eancia em que a presid\u00eancia exercida por uma mulher aumenta em 4 vezes a chance de ter outra mulher em cargos de conselho e em 2,5 vezes a chance de presen\u00e7a feminina na lideran\u00e7a operacional.<\/p>\n<p>No empreendedorismo, as mulheres representam 50% dos empreendedores em est\u00e1gio inicial e 43,5% dos empreendedores estabelecidos no Brasil, segundo o estudo Global Entrepreneurship Monitor de 2019. Apesar da grande representa\u00e7\u00e3o, o desafio de captar investimentos \u00e9 presente. \u201cOs boards dos fundos s\u00e3o extremamente masculinos, e muitas vezes n\u00e3o apoiam neg\u00f3cios que podem ser excelentes. Precisamos de mais mulheres investidoras\u201d, diz Dani Junco.<\/p>\t\t\t\t\t\t\t\t<\/div>\n\t\t\t\t<\/div>\n\t\t\t\t<div class=\"elementor-element elementor-element-52e6d85 elementor-align-left elementor-tablet-align-left elementor-mobile-align-center elementor-widget elementor-widget-button\" data-id=\"52e6d85\" data-element_type=\"widget\" data-widget_type=\"button.default\">\n\t\t\t\t<div class=\"elementor-widget-container\">\n\t\t\t\t\t\t\t\t\t<div class=\"elementor-button-wrapper\">\n\t\t\t\t\t<a class=\"elementor-button elementor-button-link elementor-size-md\" href=\"http:\/\/adesampa.com.br\/hackatona\/#desafios\">\n\t\t\t\t\t\t<span class=\"elementor-button-content-wrapper\">\n\t\t\t\t\t\t<span class=\"elementor-button-icon\">\n\t\t\t\t\t\t\t<\/span>\n\t\t\t\t\t\t\t\t\t<span class=\"elementor-button-text\">OUTROS DESAFIOS<\/span>\n\t\t\t\t\t<\/span>\n\t\t\t\t\t<\/a>\n\t\t\t\t<\/div>\n\t\t\t\t\t\t\t\t<\/div>\n\t\t\t\t<\/div>\n\t\t\t\t\t<\/div>\n\t\t<\/div>\n\t\t\t\t\t<\/div>\n\t\t<\/section>\n\t\t\t\t<\/div>\n\t\t","protected":false},"excerpt":{"rendered":"<p>Como garantir condi\u00e7\u00f5es de igualdade de g\u00eanero no mercado de trabalho? Segundo levantamento sobre o mercado de trabalho, do Instituto Brasileiro de Geografia e Estat\u00edstica (IBGE), 54,5% das mulheres com 15 anos ou mais integravam a for\u00e7a de trabalho no pa\u00eds em 2019. Entre os homens, esse percentual era 73,7%. Uma for\u00e7a de trabalho \u00e9 [&hellip;]<\/p>\n","protected":false},"author":3,"featured_media":0,"parent":0,"menu_order":0,"comment_status":"closed","ping_status":"closed","template":"","meta":{"ocean_post_layout":"full-screen","ocean_both_sidebars_style":"","ocean_both_sidebars_content_width":0,"ocean_both_sidebars_sidebars_width":0,"ocean_sidebar":"0","ocean_second_sidebar":"0","ocean_disable_margins":"enable","ocean_add_body_class":"","ocean_shortcode_before_top_bar":"","ocean_shortcode_after_top_bar":"","ocean_shortcode_before_header":"","ocean_shortcode_after_header":"","ocean_has_shortcode":"","ocean_shortcode_after_title":"","ocean_shortcode_before_footer_widgets":"","ocean_shortcode_after_footer_widgets":"","ocean_shortcode_before_footer_bottom":"","ocean_shortcode_after_footer_bottom":"","ocean_display_top_bar":"default","ocean_display_header":"default","ocean_header_style":"","ocean_center_header_left_menu":"0","ocean_custom_header_template":"0","ocean_custom_logo":0,"ocean_custom_retina_logo":0,"ocean_custom_logo_max_width":0,"ocean_custom_logo_tablet_max_width":0,"ocean_custom_logo_mobile_max_width":0,"ocean_custom_logo_max_height":0,"ocean_custom_logo_tablet_max_height":0,"ocean_custom_logo_mobile_max_height":0,"ocean_header_custom_menu":"0","ocean_menu_typo_font_family":"0","ocean_menu_typo_font_subset":"","ocean_menu_typo_font_size":0,"ocean_menu_typo_font_size_tablet":0,"ocean_menu_typo_font_size_mobile":0,"ocean_menu_typo_font_size_unit":"px","ocean_menu_typo_font_weight":"","ocean_menu_typo_font_weight_tablet":"","ocean_menu_typo_font_weight_mobile":"","ocean_menu_typo_transform":"","ocean_menu_typo_transform_tablet":"","ocean_menu_typo_transform_mobile":"","ocean_menu_typo_line_height":0,"ocean_menu_typo_line_height_tablet":0,"ocean_menu_typo_line_height_mobile":0,"ocean_menu_typo_line_height_unit":"","ocean_menu_typo_spacing":0,"ocean_menu_typo_spacing_tablet":0,"ocean_menu_typo_spacing_mobile":0,"ocean_menu_typo_spacing_unit":"","ocean_menu_link_color":"","ocean_menu_link_color_hover":"","ocean_menu_link_color_active":"","ocean_menu_link_background":"","ocean_menu_link_hover_background":"","ocean_menu_link_active_background":"","ocean_menu_social_links_bg":"","ocean_menu_social_hover_links_bg":"","ocean_menu_social_links_color":"","ocean_menu_social_hover_links_color":"","ocean_disable_title":"on","ocean_disable_heading":"default","ocean_post_title":"","ocean_post_subheading":"","ocean_post_title_style":"","ocean_post_title_background_color":"","ocean_post_title_background":0,"ocean_post_title_bg_image_position":"","ocean_post_title_bg_image_attachment":"","ocean_post_title_bg_image_repeat":"","ocean_post_title_bg_image_size":"","ocean_post_title_height":0,"ocean_post_title_bg_overlay":0.5,"ocean_post_title_bg_overlay_color":"","ocean_disable_breadcrumbs":"default","ocean_breadcrumbs_color":"","ocean_breadcrumbs_separator_color":"","ocean_breadcrumbs_links_color":"","ocean_breadcrumbs_links_hover_color":"","ocean_display_footer_widgets":"default","ocean_display_footer_bottom":"default","ocean_custom_footer_template":"0","footnotes":""},"class_list":["post-318","page","type-page","status-publish","hentry","entry"],"_links":{"self":[{"href":"https:\/\/adesampa.com.br\/hackatona\/wp-json\/wp\/v2\/pages\/318","targetHints":{"allow":["GET"]}}],"collection":[{"href":"https:\/\/adesampa.com.br\/hackatona\/wp-json\/wp\/v2\/pages"}],"about":[{"href":"https:\/\/adesampa.com.br\/hackatona\/wp-json\/wp\/v2\/types\/page"}],"author":[{"embeddable":true,"href":"https:\/\/adesampa.com.br\/hackatona\/wp-json\/wp\/v2\/users\/3"}],"replies":[{"embeddable":true,"href":"https:\/\/adesampa.com.br\/hackatona\/wp-json\/wp\/v2\/comments?post=318"}],"version-history":[{"count":14,"href":"https:\/\/adesampa.com.br\/hackatona\/wp-json\/wp\/v2\/pages\/318\/revisions"}],"predecessor-version":[{"id":649,"href":"https:\/\/adesampa.com.br\/hackatona\/wp-json\/wp\/v2\/pages\/318\/revisions\/649"}],"wp:attachment":[{"href":"https:\/\/adesampa.com.br\/hackatona\/wp-json\/wp\/v2\/media?parent=318"}],"curies":[{"name":"wp","href":"https:\/\/api.w.org\/{rel}","templated":true}]}}