{"id":317,"date":"2021-11-23T20:38:17","date_gmt":"2021-11-23T20:38:17","guid":{"rendered":"http:\/\/adesampa.com.br\/hackatona\/?page_id=317"},"modified":"2021-12-03T17:13:37","modified_gmt":"2021-12-03T17:13:37","slug":"desafio-saude","status":"publish","type":"page","link":"https:\/\/adesampa.com.br\/hackatona\/desafio-saude\/","title":{"rendered":"Desafio Sa\u00fade"},"content":{"rendered":"\t\t<div data-elementor-type=\"wp-page\" data-elementor-id=\"317\" class=\"elementor elementor-317\">\n\t\t\t\t\t\t<section class=\"elementor-section elementor-top-section elementor-element elementor-element-30263f01 elementor-section-height-min-height elementor-section-boxed elementor-section-height-default elementor-section-items-middle\" data-id=\"30263f01\" data-element_type=\"section\" id=\"home\" data-settings=\"{&quot;background_background&quot;:&quot;classic&quot;}\">\n\t\t\t\t\t\t<div class=\"elementor-container elementor-column-gap-default\">\n\t\t\t\t\t<div class=\"elementor-column elementor-col-100 elementor-top-column elementor-element elementor-element-19c026f4\" data-id=\"19c026f4\" data-element_type=\"column\">\n\t\t\t<div class=\"elementor-widget-wrap\">\n\t\t\t\t\t\t\t<\/div>\n\t\t<\/div>\n\t\t\t\t\t<\/div>\n\t\t<\/section>\n\t\t\t\t<section class=\"elementor-section elementor-top-section elementor-element elementor-element-637fda22 elementor-section-boxed elementor-section-height-default elementor-section-height-default\" data-id=\"637fda22\" data-element_type=\"section\" id=\"desafio\" data-settings=\"{&quot;background_background&quot;:&quot;classic&quot;}\">\n\t\t\t\t\t\t<div class=\"elementor-container elementor-column-gap-default\">\n\t\t\t\t\t<div class=\"elementor-column elementor-col-100 elementor-top-column elementor-element elementor-element-21b27658\" data-id=\"21b27658\" data-element_type=\"column\">\n\t\t\t<div class=\"elementor-widget-wrap elementor-element-populated\">\n\t\t\t\t\t\t<div class=\"elementor-element elementor-element-f22ae8e elementor-widget elementor-widget-heading\" data-id=\"f22ae8e\" data-element_type=\"widget\" data-widget_type=\"heading.default\">\n\t\t\t\t<div class=\"elementor-widget-container\">\n\t\t\t\t\t<h2 class=\"elementor-heading-title elementor-size-default\">Como garantir a sa\u00fade e bem estar da mulher?<\/h2>\t\t\t\t<\/div>\n\t\t\t\t<\/div>\n\t\t\t\t<div class=\"elementor-element elementor-element-70e55ed8 elementor-widget elementor-widget-text-editor\" data-id=\"70e55ed8\" data-element_type=\"widget\" data-widget_type=\"text-editor.default\">\n\t\t\t\t<div class=\"elementor-widget-container\">\n\t\t\t\t\t\t\t\t\t<p>O Brasil concentra 77% das mortes de gestantes e pu\u00e9rperas.<\/p>\n<p>No cen\u00e1rio da pandemia do novo coronav\u00edrus, dentre as v\u00edtimas, a mortalidade materna de mulheres negras por covid-19 \u00e9 duas vezes maior que a de mulheres brancas.<\/p>\n<p>Entre as gestantes negras hospitalizadas 14,2% foram a \u00f3bito. Entre as brancas, 7% morreram, metade dos casos.\nPara al\u00e9m da sa\u00fade f\u00edsica, 60% das m\u00e3es brasileiras afirmam sentir o impacto da quarentena na sa\u00fade emocional.<\/p>\n<p>Apesar de o \u00edndice geral de mortes registradas at\u00e9 agora ser maior entre homens, s\u00e3o as mulheres negras e ind\u00edgenas as mais expostas aos riscos de contamina\u00e7\u00e3o, desemprego, viol\u00eancia, falta de acesso aos servi\u00e7os de sa\u00fade e aumento da pobreza, causados pela COVID-19.<\/p>\n<p>Em um estudo realizado pelo Instituto P\u00f3lis ainda no in\u00edcio da pandemia, no per\u00edodo de 1\u00ba de mar\u00e7o e 31 de julho de 2020, os dados revelam que em S\u00e3o Paulo, entre as mulheres brancas, a taxa de \u00f3bitos por Covid-19 foi de 85 mortes\/100 mil habitantes e, para mulheres negras, o indicador subiu para 140 mortes\/100 mil habitantes.<\/p>\t\t\t\t\t\t\t\t<\/div>\n\t\t\t\t<\/div>\n\t\t\t\t<div class=\"elementor-element elementor-element-52e6d85 elementor-align-left elementor-tablet-align-left elementor-mobile-align-center elementor-widget elementor-widget-button\" data-id=\"52e6d85\" data-element_type=\"widget\" data-widget_type=\"button.default\">\n\t\t\t\t<div class=\"elementor-widget-container\">\n\t\t\t\t\t\t\t\t\t<div class=\"elementor-button-wrapper\">\n\t\t\t\t\t<a class=\"elementor-button elementor-button-link elementor-size-md\" href=\"http:\/\/adesampa.com.br\/hackatona\/#desafios\">\n\t\t\t\t\t\t<span class=\"elementor-button-content-wrapper\">\n\t\t\t\t\t\t<span class=\"elementor-button-icon\">\n\t\t\t\t\t\t\t<\/span>\n\t\t\t\t\t\t\t\t\t<span class=\"elementor-button-text\">OUTROS DESAFIOS<\/span>\n\t\t\t\t\t<\/span>\n\t\t\t\t\t<\/a>\n\t\t\t\t<\/div>\n\t\t\t\t\t\t\t\t<\/div>\n\t\t\t\t<\/div>\n\t\t\t\t\t<\/div>\n\t\t<\/div>\n\t\t\t\t\t<\/div>\n\t\t<\/section>\n\t\t\t\t<\/div>\n\t\t","protected":false},"excerpt":{"rendered":"<p>Como garantir a sa\u00fade e bem estar da mulher? O Brasil concentra 77% das mortes de gestantes e pu\u00e9rperas. No cen\u00e1rio da pandemia do novo coronav\u00edrus, dentre as v\u00edtimas, a mortalidade materna de mulheres negras por covid-19 \u00e9 duas vezes maior que a de mulheres brancas. Entre as gestantes negras hospitalizadas 14,2% foram a \u00f3bito. [&hellip;]<\/p>\n","protected":false},"author":3,"featured_media":0,"parent":0,"menu_order":0,"comment_status":"closed","ping_status":"closed","template":"","meta":{"ocean_post_layout":"full-screen","ocean_both_sidebars_style":"","ocean_both_sidebars_content_width":0,"ocean_both_sidebars_sidebars_width":0,"ocean_sidebar":"0","ocean_second_sidebar":"0","ocean_disable_margins":"enable","ocean_add_body_class":"","ocean_shortcode_before_top_bar":"","ocean_shortcode_after_top_bar":"","ocean_shortcode_before_header":"","ocean_shortcode_after_header":"","ocean_has_shortcode":"","ocean_shortcode_after_title":"","ocean_shortcode_before_footer_widgets":"","ocean_shortcode_after_footer_widgets":"","ocean_shortcode_before_footer_bottom":"","ocean_shortcode_after_footer_bottom":"","ocean_display_top_bar":"default","ocean_display_header":"default","ocean_header_style":"","ocean_center_header_left_menu":"0","ocean_custom_header_template":"0","ocean_custom_logo":0,"ocean_custom_retina_logo":0,"ocean_custom_logo_max_width":0,"ocean_custom_logo_tablet_max_width":0,"ocean_custom_logo_mobile_max_width":0,"ocean_custom_logo_max_height":0,"ocean_custom_logo_tablet_max_height":0,"ocean_custom_logo_mobile_max_height":0,"ocean_header_custom_menu":"0","ocean_menu_typo_font_family":"0","ocean_menu_typo_font_subset":"","ocean_menu_typo_font_size":0,"ocean_menu_typo_font_size_tablet":0,"ocean_menu_typo_font_size_mobile":0,"ocean_menu_typo_font_size_unit":"px","ocean_menu_typo_font_weight":"","ocean_menu_typo_font_weight_tablet":"","ocean_menu_typo_font_weight_mobile":"","ocean_menu_typo_transform":"","ocean_menu_typo_transform_tablet":"","ocean_menu_typo_transform_mobile":"","ocean_menu_typo_line_height":0,"ocean_menu_typo_line_height_tablet":0,"ocean_menu_typo_line_height_mobile":0,"ocean_menu_typo_line_height_unit":"","ocean_menu_typo_spacing":0,"ocean_menu_typo_spacing_tablet":0,"ocean_menu_typo_spacing_mobile":0,"ocean_menu_typo_spacing_unit":"","ocean_menu_link_color":"","ocean_menu_link_color_hover":"","ocean_menu_link_color_active":"","ocean_menu_link_background":"","ocean_menu_link_hover_background":"","ocean_menu_link_active_background":"","ocean_menu_social_links_bg":"","ocean_menu_social_hover_links_bg":"","ocean_menu_social_links_color":"","ocean_menu_social_hover_links_color":"","ocean_disable_title":"on","ocean_disable_heading":"default","ocean_post_title":"","ocean_post_subheading":"","ocean_post_title_style":"","ocean_post_title_background_color":"","ocean_post_title_background":0,"ocean_post_title_bg_image_position":"","ocean_post_title_bg_image_attachment":"","ocean_post_title_bg_image_repeat":"","ocean_post_title_bg_image_size":"","ocean_post_title_height":0,"ocean_post_title_bg_overlay":0.5,"ocean_post_title_bg_overlay_color":"","ocean_disable_breadcrumbs":"default","ocean_breadcrumbs_color":"","ocean_breadcrumbs_separator_color":"","ocean_breadcrumbs_links_color":"","ocean_breadcrumbs_links_hover_color":"","ocean_display_footer_widgets":"default","ocean_display_footer_bottom":"default","ocean_custom_footer_template":"0","footnotes":""},"class_list":["post-317","page","type-page","status-publish","hentry","entry"],"_links":{"self":[{"href":"https:\/\/adesampa.com.br\/hackatona\/wp-json\/wp\/v2\/pages\/317","targetHints":{"allow":["GET"]}}],"collection":[{"href":"https:\/\/adesampa.com.br\/hackatona\/wp-json\/wp\/v2\/pages"}],"about":[{"href":"https:\/\/adesampa.com.br\/hackatona\/wp-json\/wp\/v2\/types\/page"}],"author":[{"embeddable":true,"href":"https:\/\/adesampa.com.br\/hackatona\/wp-json\/wp\/v2\/users\/3"}],"replies":[{"embeddable":true,"href":"https:\/\/adesampa.com.br\/hackatona\/wp-json\/wp\/v2\/comments?post=317"}],"version-history":[{"count":23,"href":"https:\/\/adesampa.com.br\/hackatona\/wp-json\/wp\/v2\/pages\/317\/revisions"}],"predecessor-version":[{"id":655,"href":"https:\/\/adesampa.com.br\/hackatona\/wp-json\/wp\/v2\/pages\/317\/revisions\/655"}],"wp:attachment":[{"href":"https:\/\/adesampa.com.br\/hackatona\/wp-json\/wp\/v2\/media?parent=317"}],"curies":[{"name":"wp","href":"https:\/\/api.w.org\/{rel}","templated":true}]}}