{"id":285,"date":"2021-11-23T19:56:29","date_gmt":"2021-11-23T19:56:29","guid":{"rendered":"http:\/\/adesampa.com.br\/hackatona\/?page_id=285"},"modified":"2021-12-03T17:13:07","modified_gmt":"2021-12-03T17:13:07","slug":"desafio-mobilidade","status":"publish","type":"page","link":"https:\/\/adesampa.com.br\/hackatona\/desafio-mobilidade\/","title":{"rendered":"Desafio Mobilidade"},"content":{"rendered":"\t\t<div data-elementor-type=\"wp-page\" data-elementor-id=\"285\" class=\"elementor elementor-285\">\n\t\t\t\t\t\t<section class=\"elementor-section elementor-top-section elementor-element elementor-element-30263f01 elementor-section-height-min-height elementor-section-boxed elementor-section-height-default elementor-section-items-middle\" data-id=\"30263f01\" data-element_type=\"section\" id=\"home\" data-settings=\"{&quot;background_background&quot;:&quot;classic&quot;}\">\n\t\t\t\t\t\t<div class=\"elementor-container elementor-column-gap-default\">\n\t\t\t\t\t<div class=\"elementor-column elementor-col-100 elementor-top-column elementor-element elementor-element-19c026f4\" data-id=\"19c026f4\" data-element_type=\"column\">\n\t\t\t<div class=\"elementor-widget-wrap\">\n\t\t\t\t\t\t\t<\/div>\n\t\t<\/div>\n\t\t\t\t\t<\/div>\n\t\t<\/section>\n\t\t\t\t<section class=\"elementor-section elementor-top-section elementor-element elementor-element-637fda22 elementor-section-boxed elementor-section-height-default elementor-section-height-default\" data-id=\"637fda22\" data-element_type=\"section\" id=\"desafio\" data-settings=\"{&quot;background_background&quot;:&quot;classic&quot;}\">\n\t\t\t\t\t\t<div class=\"elementor-container elementor-column-gap-default\">\n\t\t\t\t\t<div class=\"elementor-column elementor-col-100 elementor-top-column elementor-element elementor-element-21b27658\" data-id=\"21b27658\" data-element_type=\"column\">\n\t\t\t<div class=\"elementor-widget-wrap elementor-element-populated\">\n\t\t\t\t\t\t<div class=\"elementor-element elementor-element-f22ae8e elementor-widget elementor-widget-heading\" data-id=\"f22ae8e\" data-element_type=\"widget\" data-widget_type=\"heading.default\">\n\t\t\t\t<div class=\"elementor-widget-container\">\n\t\t\t\t\t<h2 class=\"elementor-heading-title elementor-size-default\">Como melhorar a qualidade da mobilidade urbana para mulheres na cidade de S\u00e3o Paulo?<\/h2>\t\t\t\t<\/div>\n\t\t\t\t<\/div>\n\t\t\t\t<div class=\"elementor-element elementor-element-70e55ed8 elementor-widget elementor-widget-text-editor\" data-id=\"70e55ed8\" data-element_type=\"widget\" data-widget_type=\"text-editor.default\">\n\t\t\t\t<div class=\"elementor-widget-container\">\n\t\t\t\t\t\t\t\t\t<p>A mobilidade urbana \u00e9 um dos desafios do munic\u00edpio de S\u00e3o Paulo, e este desafio se agrava quando falamos em mobilidade urbana feminina.\nDados apontam que h\u00e1 uma diferen\u00e7a no modo como as mulheres e os homens se locomovem pela cidade. A Secretaria de Desenvolvimento Urbano, informa que em 2017 as mulheres se locomoviam menos pela cidade (m\u00e9dia de 2,03 viagens ao dia, enquanto os homens fizeram a m\u00e9dia de 2,23 viagens ao dia).<\/p>\n<p>A pesquisa Informes Urbanos, feita em 2016 pela Prefeitura de S\u00e3o Paulo, mostra que as mulheres s\u00e3o as que mais utilizam o transporte coletivo e andam mais a p\u00e9 do que os homens; em geral, 74,6% dos deslocamentos femininos s\u00e3o feitos dessas duas maneiras.<\/p>\n<p>Foram identificados os seguintes problemas: a falta de cal\u00e7adas e pontos de travessias de ruas inadequadas (o que se torna mais grave quando a mulher est\u00e1 levando alguma crian\u00e7a); a falta de oferta de transportes fora do hor\u00e1rio de pico; a falta de oferta de transporte que circule no interior do bairro e a dificuldade para entrar no transporte p\u00fablico superlotado (com aumento maior de dificuldade quando ela est\u00e1 com crian\u00e7as, acompanhando idosos ou levando pacotes de compras).<\/p>\n<p>Ao caminhar, experimentam problemas no itiner\u00e1rio, como a falta de seguran\u00e7a, ruas esburacadas e sem ilumina\u00e7\u00e3o adequada, falta de cal\u00e7adas e a disputa do espa\u00e7o com autom\u00f3veis. S\u00e3o \u00e1reas segregadas e com severos problemas de acessibilidade (MARTINEZ, 2015), que exige delas um esfor\u00e7o para deslocamentos a p\u00e9. O espa\u00e7o urbano n\u00e3o \u00e9 neutro em g\u00eanero, e as diversas mulheres brasileiras que o ocupam sentem a hostilidade do territ\u00f3rio em camadas f\u00edsicas e subjetivas de viol\u00eancia.<\/p>\t\t\t\t\t\t\t\t<\/div>\n\t\t\t\t<\/div>\n\t\t\t\t<div class=\"elementor-element elementor-element-52e6d85 elementor-align-left elementor-tablet-align-left elementor-mobile-align-center elementor-widget elementor-widget-button\" data-id=\"52e6d85\" data-element_type=\"widget\" data-widget_type=\"button.default\">\n\t\t\t\t<div class=\"elementor-widget-container\">\n\t\t\t\t\t\t\t\t\t<div class=\"elementor-button-wrapper\">\n\t\t\t\t\t<a class=\"elementor-button elementor-button-link elementor-size-md\" href=\"http:\/\/adesampa.com.br\/hackatona\/#desafios\">\n\t\t\t\t\t\t<span class=\"elementor-button-content-wrapper\">\n\t\t\t\t\t\t<span class=\"elementor-button-icon\">\n\t\t\t\t\t\t\t<\/span>\n\t\t\t\t\t\t\t\t\t<span class=\"elementor-button-text\">OUTROS DESAFIOS<\/span>\n\t\t\t\t\t<\/span>\n\t\t\t\t\t<\/a>\n\t\t\t\t<\/div>\n\t\t\t\t\t\t\t\t<\/div>\n\t\t\t\t<\/div>\n\t\t\t\t\t<\/div>\n\t\t<\/div>\n\t\t\t\t\t<\/div>\n\t\t<\/section>\n\t\t\t\t<\/div>\n\t\t","protected":false},"excerpt":{"rendered":"<p>Como melhorar a qualidade da mobilidade urbana para mulheres na cidade de S\u00e3o Paulo? A mobilidade urbana \u00e9 um dos desafios do munic\u00edpio de S\u00e3o Paulo, e este desafio se agrava quando falamos em mobilidade urbana feminina. Dados apontam que h\u00e1 uma diferen\u00e7a no modo como as mulheres e os homens se locomovem pela cidade. [&hellip;]<\/p>\n","protected":false},"author":3,"featured_media":0,"parent":0,"menu_order":0,"comment_status":"closed","ping_status":"closed","template":"","meta":{"ocean_post_layout":"full-screen","ocean_both_sidebars_style":"","ocean_both_sidebars_content_width":0,"ocean_both_sidebars_sidebars_width":0,"ocean_sidebar":"0","ocean_second_sidebar":"0","ocean_disable_margins":"enable","ocean_add_body_class":"","ocean_shortcode_before_top_bar":"","ocean_shortcode_after_top_bar":"","ocean_shortcode_before_header":"","ocean_shortcode_after_header":"","ocean_has_shortcode":"","ocean_shortcode_after_title":"","ocean_shortcode_before_footer_widgets":"","ocean_shortcode_after_footer_widgets":"","ocean_shortcode_before_footer_bottom":"","ocean_shortcode_after_footer_bottom":"","ocean_display_top_bar":"default","ocean_display_header":"default","ocean_header_style":"","ocean_center_header_left_menu":"0","ocean_custom_header_template":"0","ocean_custom_logo":0,"ocean_custom_retina_logo":0,"ocean_custom_logo_max_width":0,"ocean_custom_logo_tablet_max_width":0,"ocean_custom_logo_mobile_max_width":0,"ocean_custom_logo_max_height":0,"ocean_custom_logo_tablet_max_height":0,"ocean_custom_logo_mobile_max_height":0,"ocean_header_custom_menu":"0","ocean_menu_typo_font_family":"0","ocean_menu_typo_font_subset":"","ocean_menu_typo_font_size":0,"ocean_menu_typo_font_size_tablet":0,"ocean_menu_typo_font_size_mobile":0,"ocean_menu_typo_font_size_unit":"px","ocean_menu_typo_font_weight":"","ocean_menu_typo_font_weight_tablet":"","ocean_menu_typo_font_weight_mobile":"","ocean_menu_typo_transform":"","ocean_menu_typo_transform_tablet":"","ocean_menu_typo_transform_mobile":"","ocean_menu_typo_line_height":0,"ocean_menu_typo_line_height_tablet":0,"ocean_menu_typo_line_height_mobile":0,"ocean_menu_typo_line_height_unit":"","ocean_menu_typo_spacing":0,"ocean_menu_typo_spacing_tablet":0,"ocean_menu_typo_spacing_mobile":0,"ocean_menu_typo_spacing_unit":"","ocean_menu_link_color":"","ocean_menu_link_color_hover":"","ocean_menu_link_color_active":"","ocean_menu_link_background":"","ocean_menu_link_hover_background":"","ocean_menu_link_active_background":"","ocean_menu_social_links_bg":"","ocean_menu_social_hover_links_bg":"","ocean_menu_social_links_color":"","ocean_menu_social_hover_links_color":"","ocean_disable_title":"on","ocean_disable_heading":"default","ocean_post_title":"","ocean_post_subheading":"","ocean_post_title_style":"","ocean_post_title_background_color":"","ocean_post_title_background":0,"ocean_post_title_bg_image_position":"","ocean_post_title_bg_image_attachment":"","ocean_post_title_bg_image_repeat":"","ocean_post_title_bg_image_size":"","ocean_post_title_height":0,"ocean_post_title_bg_overlay":0.5,"ocean_post_title_bg_overlay_color":"","ocean_disable_breadcrumbs":"default","ocean_breadcrumbs_color":"","ocean_breadcrumbs_separator_color":"","ocean_breadcrumbs_links_color":"","ocean_breadcrumbs_links_hover_color":"","ocean_display_footer_widgets":"default","ocean_display_footer_bottom":"default","ocean_custom_footer_template":"0","footnotes":""},"class_list":["post-285","page","type-page","status-publish","hentry","entry"],"_links":{"self":[{"href":"https:\/\/adesampa.com.br\/hackatona\/wp-json\/wp\/v2\/pages\/285","targetHints":{"allow":["GET"]}}],"collection":[{"href":"https:\/\/adesampa.com.br\/hackatona\/wp-json\/wp\/v2\/pages"}],"about":[{"href":"https:\/\/adesampa.com.br\/hackatona\/wp-json\/wp\/v2\/types\/page"}],"author":[{"embeddable":true,"href":"https:\/\/adesampa.com.br\/hackatona\/wp-json\/wp\/v2\/users\/3"}],"replies":[{"embeddable":true,"href":"https:\/\/adesampa.com.br\/hackatona\/wp-json\/wp\/v2\/comments?post=285"}],"version-history":[{"count":40,"href":"https:\/\/adesampa.com.br\/hackatona\/wp-json\/wp\/v2\/pages\/285\/revisions"}],"predecessor-version":[{"id":652,"href":"https:\/\/adesampa.com.br\/hackatona\/wp-json\/wp\/v2\/pages\/285\/revisions\/652"}],"wp:attachment":[{"href":"https:\/\/adesampa.com.br\/hackatona\/wp-json\/wp\/v2\/media?parent=285"}],"curies":[{"name":"wp","href":"https:\/\/api.w.org\/{rel}","templated":true}]}}