{"id":585,"date":"2022-07-11T19:35:48","date_gmt":"2022-07-11T22:35:48","guid":{"rendered":"https:\/\/adesampa.com.br\/hackathon\/?page_id=585"},"modified":"2023-03-23T10:48:39","modified_gmt":"2023-03-23T13:48:39","slug":"qualidade-de-vida","status":"publish","type":"page","link":"https:\/\/adesampa.com.br\/hackathon50mais\/qualidade-de-vida\/","title":{"rendered":"Qualidade de Vida"},"content":{"rendered":"\t\t<div data-elementor-type=\"wp-post\" data-elementor-id=\"585\" class=\"elementor elementor-585\">\n\t\t\t\t\t\t<section class=\"elementor-section elementor-top-section elementor-element elementor-element-ce4a94f elementor-section-height-min-height elementor-section-boxed elementor-section-height-default elementor-section-items-middle\" data-id=\"ce4a94f\" data-element_type=\"section\" data-settings=\"{&quot;background_background&quot;:&quot;classic&quot;}\">\n\t\t\t\t\t\t\t<div class=\"elementor-background-overlay\"><\/div>\n\t\t\t\t\t\t\t<div class=\"elementor-container elementor-column-gap-default\">\n\t\t\t\t\t<div class=\"elementor-column elementor-col-100 elementor-top-column elementor-element elementor-element-7c34d88\" data-id=\"7c34d88\" data-element_type=\"column\">\n\t\t\t<div class=\"elementor-widget-wrap elementor-element-populated\">\n\t\t\t\t\t\t\t<\/div>\n\t\t<\/div>\n\t\t\t\t\t<\/div>\n\t\t<\/section>\n\t\t\t\t<section class=\"elementor-section elementor-top-section elementor-element elementor-element-7cfb4a7 elementor-section-stretched elementor-section-boxed elementor-section-height-default elementor-section-height-default\" data-id=\"7cfb4a7\" data-element_type=\"section\" data-settings=\"{&quot;stretch_section&quot;:&quot;section-stretched&quot;}\">\n\t\t\t\t\t\t<div class=\"elementor-container elementor-column-gap-default\">\n\t\t\t\t\t<div class=\"elementor-column elementor-col-100 elementor-top-column elementor-element elementor-element-64aeb60\" data-id=\"64aeb60\" data-element_type=\"column\">\n\t\t\t<div class=\"elementor-widget-wrap elementor-element-populated\">\n\t\t\t\t\t\t<div class=\"elementor-element elementor-element-9477af8 elementor-widget elementor-widget-text-editor\" data-id=\"9477af8\" data-element_type=\"widget\" data-widget_type=\"text-editor.default\">\n\t\t\t\t<div class=\"elementor-widget-container\">\n\t\t\t\t\t\t\t\t\t<p>qualidade de vida<\/p>\t\t\t\t\t\t\t\t<\/div>\n\t\t\t\t<\/div>\n\t\t\t\t<div class=\"elementor-element elementor-element-eb5922a elementor-widget elementor-widget-text-editor\" data-id=\"eb5922a\" data-element_type=\"widget\" data-widget_type=\"text-editor.default\">\n\t\t\t\t<div class=\"elementor-widget-container\">\n\t\t\t\t\t\t\t\t\t<p>O Objetivo de Desenvolvimento Sustent\u00e1vel (ODS) n\u00ba 3 Sa\u00fade e bem-estar &#8211; Assegurar uma vida saud\u00e1vel e promover o bem-estar para todos, em todas as idades.<\/p><p>Ao mesmo tempo, \u00e9 preciso lembrar que assistimos a importantes processos atualmente, um intenso processo de urbaniza\u00e7\u00e3o (at\u00e9 2050 a popula\u00e7\u00e3o vivendo em cidades deve duplicar) e o envelhecimento da popula\u00e7\u00e3o (em 2018, pela primeira vez na hist\u00f3ria, o n\u00famero de pessoas acima dos 65 anos superou o de crian\u00e7as abaixo dos cinco anos).<\/p><p>Um dos desafios das cidades \u00e9 estarem preparadas para atender as necessidades da popula\u00e7\u00e3o idosa. A concepc\u0327a\u0303o de bem-estar urbano decorre da compreensa\u0303o daquilo que a cidade deve propiciar a\u0300s pessoas em termos de condic\u0327o\u0303es materiais de vida, a serem providas e utilizadas de forma coletiva.<\/p><p>A sociedade civil deve participar como um todo, observando bancos em pra\u00e7as, a qualidade das cal\u00e7adas, as lixeiras, ciclovias e tudo que comp\u00f5e o espa\u00e7o urbano e que \u00e9 fundamental para nossa qualidade de vida.<\/p>\t\t\t\t\t\t\t\t<\/div>\n\t\t\t\t<\/div>\n\t\t\t\t\t<\/div>\n\t\t<\/div>\n\t\t\t\t\t<\/div>\n\t\t<\/section>\n\t\t\t\t<section class=\"elementor-section elementor-top-section elementor-element elementor-element-72893e9 elementor-section-stretched elementor-section-boxed elementor-section-height-default elementor-section-height-default\" data-id=\"72893e9\" data-element_type=\"section\" data-settings=\"{&quot;stretch_section&quot;:&quot;section-stretched&quot;}\">\n\t\t\t\t\t\t<div class=\"elementor-container elementor-column-gap-default\">\n\t\t\t\t\t<div class=\"elementor-column elementor-col-100 elementor-top-column elementor-element elementor-element-73e8c66\" data-id=\"73e8c66\" data-element_type=\"column\">\n\t\t\t<div class=\"elementor-widget-wrap\">\n\t\t\t\t\t\t\t<\/div>\n\t\t<\/div>\n\t\t\t\t\t<\/div>\n\t\t<\/section>\n\t\t\t\t<section class=\"elementor-section elementor-top-section elementor-element elementor-element-74198bd elementor-section-stretched elementor-section-boxed elementor-section-height-default elementor-section-height-default\" data-id=\"74198bd\" data-element_type=\"section\" data-settings=\"{&quot;stretch_section&quot;:&quot;section-stretched&quot;}\">\n\t\t\t\t\t\t<div class=\"elementor-container elementor-column-gap-default\">\n\t\t\t\t\t<div class=\"elementor-column elementor-col-100 elementor-top-column elementor-element elementor-element-dda8f2c\" data-id=\"dda8f2c\" data-element_type=\"column\">\n\t\t\t<div class=\"elementor-widget-wrap elementor-element-populated\">\n\t\t\t\t\t\t<div class=\"elementor-element elementor-element-65b1539 elementor-widget-divider--view-line elementor-widget elementor-widget-divider\" data-id=\"65b1539\" data-element_type=\"widget\" data-widget_type=\"divider.default\">\n\t\t\t\t<div class=\"elementor-widget-container\">\n\t\t\t\t\t\t\t<div class=\"elementor-divider\">\n\t\t\t<span class=\"elementor-divider-separator\">\n\t\t\t\t\t\t<\/span>\n\t\t<\/div>\n\t\t\t\t\t\t<\/div>\n\t\t\t\t<\/div>\n\t\t\t\t\t<\/div>\n\t\t<\/div>\n\t\t\t\t\t<\/div>\n\t\t<\/section>\n\t\t\t\t<\/div>\n\t\t","protected":false},"excerpt":{"rendered":"<p>qualidade de vida O Objetivo de Desenvolvimento Sustent\u00e1vel (ODS) n\u00ba 3 Sa\u00fade e bem-estar &#8211; Assegurar uma vida saud\u00e1vel e promover o bem-estar para todos, em todas as idades. Ao mesmo tempo, \u00e9 preciso lembrar que assistimos a importantes processos atualmente, um intenso processo de urbaniza\u00e7\u00e3o (at\u00e9 2050 a popula\u00e7\u00e3o vivendo em cidades deve duplicar) [&hellip;]<\/p>\n","protected":false},"author":1,"featured_media":0,"parent":0,"menu_order":0,"comment_status":"closed","ping_status":"closed","template":"","meta":{"footnotes":""},"class_list":["post-585","page","type-page","status-publish","hentry","entry"],"_links":{"self":[{"href":"https:\/\/adesampa.com.br\/hackathon50mais\/wp-json\/wp\/v2\/pages\/585","targetHints":{"allow":["GET"]}}],"collection":[{"href":"https:\/\/adesampa.com.br\/hackathon50mais\/wp-json\/wp\/v2\/pages"}],"about":[{"href":"https:\/\/adesampa.com.br\/hackathon50mais\/wp-json\/wp\/v2\/types\/page"}],"author":[{"embeddable":true,"href":"https:\/\/adesampa.com.br\/hackathon50mais\/wp-json\/wp\/v2\/users\/1"}],"replies":[{"embeddable":true,"href":"https:\/\/adesampa.com.br\/hackathon50mais\/wp-json\/wp\/v2\/comments?post=585"}],"version-history":[{"count":59,"href":"https:\/\/adesampa.com.br\/hackathon50mais\/wp-json\/wp\/v2\/pages\/585\/revisions"}],"predecessor-version":[{"id":1210,"href":"https:\/\/adesampa.com.br\/hackathon50mais\/wp-json\/wp\/v2\/pages\/585\/revisions\/1210"}],"wp:attachment":[{"href":"https:\/\/adesampa.com.br\/hackathon50mais\/wp-json\/wp\/v2\/media?parent=585"}],"curies":[{"name":"wp","href":"https:\/\/api.w.org\/{rel}","templated":true}]}}