{"id":580,"date":"2022-07-11T19:34:39","date_gmt":"2022-07-11T22:34:39","guid":{"rendered":"https:\/\/adesampa.com.br\/hackathon\/?page_id=580"},"modified":"2023-03-23T10:49:13","modified_gmt":"2023-03-23T13:49:13","slug":"empregabilidade","status":"publish","type":"page","link":"https:\/\/adesampa.com.br\/hackathon50mais\/empregabilidade\/","title":{"rendered":"Empregabilidade"},"content":{"rendered":"\t\t<div data-elementor-type=\"wp-post\" data-elementor-id=\"580\" class=\"elementor elementor-580\">\n\t\t\t\t\t\t<section class=\"elementor-section elementor-top-section elementor-element elementor-element-e34c598 elementor-section-height-min-height elementor-section-boxed elementor-section-height-default elementor-section-items-middle\" data-id=\"e34c598\" data-element_type=\"section\" data-settings=\"{&quot;background_background&quot;:&quot;classic&quot;}\">\n\t\t\t\t\t\t\t<div class=\"elementor-background-overlay\"><\/div>\n\t\t\t\t\t\t\t<div class=\"elementor-container elementor-column-gap-default\">\n\t\t\t\t\t<div class=\"elementor-column elementor-col-100 elementor-top-column elementor-element elementor-element-8a14058\" data-id=\"8a14058\" data-element_type=\"column\">\n\t\t\t<div class=\"elementor-widget-wrap elementor-element-populated\">\n\t\t\t\t\t\t\t<\/div>\n\t\t<\/div>\n\t\t\t\t\t<\/div>\n\t\t<\/section>\n\t\t\t\t<section class=\"elementor-section elementor-top-section elementor-element elementor-element-7cfb4a7 elementor-section-stretched elementor-section-boxed elementor-section-height-default elementor-section-height-default\" data-id=\"7cfb4a7\" data-element_type=\"section\" data-settings=\"{&quot;stretch_section&quot;:&quot;section-stretched&quot;}\">\n\t\t\t\t\t\t<div class=\"elementor-container elementor-column-gap-default\">\n\t\t\t\t\t<div class=\"elementor-column elementor-col-100 elementor-top-column elementor-element elementor-element-64aeb60\" data-id=\"64aeb60\" data-element_type=\"column\">\n\t\t\t<div class=\"elementor-widget-wrap elementor-element-populated\">\n\t\t\t\t\t\t<div class=\"elementor-element elementor-element-9477af8 elementor-widget elementor-widget-text-editor\" data-id=\"9477af8\" data-element_type=\"widget\" data-widget_type=\"text-editor.default\">\n\t\t\t\t<div class=\"elementor-widget-container\">\n\t\t\t\t\t\t\t\t\t<p>Empreendedorismo<\/p>\t\t\t\t\t\t\t\t<\/div>\n\t\t\t\t<\/div>\n\t\t\t\t<div class=\"elementor-element elementor-element-eb5922a elementor-widget elementor-widget-text-editor\" data-id=\"eb5922a\" data-element_type=\"widget\" data-widget_type=\"text-editor.default\">\n\t\t\t\t<div class=\"elementor-widget-container\">\n\t\t\t\t\t\t\t\t\t<p>Abrir um neg\u00f3cio pode ser uma boa op\u00e7\u00e3o, ou uma solu\u00e7\u00e3o para quem est\u00e1 aposentado ou est\u00e1 perto de aposentar-se. Um estudo realizado a partir da pesquisa Global Entrepreneurship Monitor, mostrou que a quantidade de donos de neg\u00f3cio com 60 anos ou mais representa 10%.<\/p><p>Segundo a pesquisa, 14% deles faturam cinco sal\u00e1rios m\u00ednimos ou mais mensalmente. Eles tamb\u00e9m t\u00eam desenvolvido um papel importante: gera\u00e7\u00e3o de empregos. \u00c9 a faixa et\u00e1ria que mais emprega e contabiliza 18% do total de empregos gerados.<\/p><p>O perfil do empreendedor desta faixa et\u00e1ria \u00e9 bem definido: tem o neg\u00f3cio h\u00e1 pelo menos dois anos e geralmente esse empreendimento \u00e9 em estabelecimento fixo ou no domic\u00edlio, mas a modalidade m\u00f3vel apresenta crescimento. Este grupo de pessoas est\u00e1 mais interessado em ter uma renda adicional ou fazer algo que realmente goste para aproveitar o tempo.<\/p><p>Em contrapartida, estes empreendedores ainda enfrentam muitos desafios, um deles \u00e9 o mundo digital, com processos cada vez mais informatizados, eles muitas vezes n\u00e3o t\u00eam o conhecimento necess\u00e1rio para lidar com essas tecnologias.<\/p>\t\t\t\t\t\t\t\t<\/div>\n\t\t\t\t<\/div>\n\t\t\t\t\t<\/div>\n\t\t<\/div>\n\t\t\t\t\t<\/div>\n\t\t<\/section>\n\t\t\t\t<section class=\"elementor-section elementor-top-section elementor-element elementor-element-fa2fc59 elementor-section-stretched elementor-section-boxed elementor-section-height-default elementor-section-height-default\" data-id=\"fa2fc59\" data-element_type=\"section\" data-settings=\"{&quot;stretch_section&quot;:&quot;section-stretched&quot;}\">\n\t\t\t\t\t\t<div class=\"elementor-container elementor-column-gap-default\">\n\t\t\t\t\t<div class=\"elementor-column elementor-col-100 elementor-top-column elementor-element elementor-element-4af1c44\" data-id=\"4af1c44\" data-element_type=\"column\">\n\t\t\t<div class=\"elementor-widget-wrap\">\n\t\t\t\t\t\t\t<\/div>\n\t\t<\/div>\n\t\t\t\t\t<\/div>\n\t\t<\/section>\n\t\t\t\t<section class=\"elementor-section elementor-top-section elementor-element elementor-element-74198bd elementor-section-stretched elementor-section-boxed elementor-section-height-default elementor-section-height-default\" data-id=\"74198bd\" data-element_type=\"section\" data-settings=\"{&quot;stretch_section&quot;:&quot;section-stretched&quot;}\">\n\t\t\t\t\t\t<div class=\"elementor-container elementor-column-gap-default\">\n\t\t\t\t\t<div class=\"elementor-column elementor-col-100 elementor-top-column elementor-element elementor-element-dda8f2c\" data-id=\"dda8f2c\" data-element_type=\"column\">\n\t\t\t<div class=\"elementor-widget-wrap elementor-element-populated\">\n\t\t\t\t\t\t<div class=\"elementor-element elementor-element-65b1539 elementor-widget-divider--view-line elementor-widget elementor-widget-divider\" data-id=\"65b1539\" data-element_type=\"widget\" data-widget_type=\"divider.default\">\n\t\t\t\t<div class=\"elementor-widget-container\">\n\t\t\t\t\t\t\t<div class=\"elementor-divider\">\n\t\t\t<span class=\"elementor-divider-separator\">\n\t\t\t\t\t\t<\/span>\n\t\t<\/div>\n\t\t\t\t\t\t<\/div>\n\t\t\t\t<\/div>\n\t\t\t\t\t<\/div>\n\t\t<\/div>\n\t\t\t\t\t<\/div>\n\t\t<\/section>\n\t\t\t\t<\/div>\n\t\t","protected":false},"excerpt":{"rendered":"<p>Empreendedorismo Abrir um neg\u00f3cio pode ser uma boa op\u00e7\u00e3o, ou uma solu\u00e7\u00e3o para quem est\u00e1 aposentado ou est\u00e1 perto de aposentar-se. Um estudo realizado a partir da pesquisa Global Entrepreneurship Monitor, mostrou que a quantidade de donos de neg\u00f3cio com 60 anos ou mais representa 10%. Segundo a pesquisa, 14% deles faturam cinco sal\u00e1rios m\u00ednimos [&hellip;]<\/p>\n","protected":false},"author":1,"featured_media":0,"parent":0,"menu_order":0,"comment_status":"closed","ping_status":"closed","template":"","meta":{"footnotes":""},"class_list":["post-580","page","type-page","status-publish","hentry","entry"],"_links":{"self":[{"href":"https:\/\/adesampa.com.br\/hackathon50mais\/wp-json\/wp\/v2\/pages\/580","targetHints":{"allow":["GET"]}}],"collection":[{"href":"https:\/\/adesampa.com.br\/hackathon50mais\/wp-json\/wp\/v2\/pages"}],"about":[{"href":"https:\/\/adesampa.com.br\/hackathon50mais\/wp-json\/wp\/v2\/types\/page"}],"author":[{"embeddable":true,"href":"https:\/\/adesampa.com.br\/hackathon50mais\/wp-json\/wp\/v2\/users\/1"}],"replies":[{"embeddable":true,"href":"https:\/\/adesampa.com.br\/hackathon50mais\/wp-json\/wp\/v2\/comments?post=580"}],"version-history":[{"count":61,"href":"https:\/\/adesampa.com.br\/hackathon50mais\/wp-json\/wp\/v2\/pages\/580\/revisions"}],"predecessor-version":[{"id":1213,"href":"https:\/\/adesampa.com.br\/hackathon50mais\/wp-json\/wp\/v2\/pages\/580\/revisions\/1213"}],"wp:attachment":[{"href":"https:\/\/adesampa.com.br\/hackathon50mais\/wp-json\/wp\/v2\/media?parent=580"}],"curies":[{"name":"wp","href":"https:\/\/api.w.org\/{rel}","templated":true}]}}