{"id":569,"date":"2022-07-11T19:23:23","date_gmt":"2022-07-11T22:23:23","guid":{"rendered":"https:\/\/adesampa.com.br\/hackathon\/?page_id=569"},"modified":"2023-03-23T10:47:54","modified_gmt":"2023-03-23T13:47:54","slug":"sobre","status":"publish","type":"page","link":"https:\/\/adesampa.com.br\/hackathon50mais\/sobre\/","title":{"rendered":"Sobre"},"content":{"rendered":"\t\t<div data-elementor-type=\"wp-post\" data-elementor-id=\"569\" class=\"elementor elementor-569\">\n\t\t\t\t\t\t<section class=\"elementor-section elementor-top-section elementor-element elementor-element-6ba0fca elementor-section-height-min-height elementor-section-boxed elementor-section-height-default elementor-section-items-middle\" data-id=\"6ba0fca\" data-element_type=\"section\" data-settings=\"{&quot;background_background&quot;:&quot;classic&quot;}\">\n\t\t\t\t\t\t\t<div class=\"elementor-background-overlay\"><\/div>\n\t\t\t\t\t\t\t<div class=\"elementor-container elementor-column-gap-default\">\n\t\t\t\t\t<div class=\"elementor-column elementor-col-100 elementor-top-column elementor-element elementor-element-8a6fb49\" data-id=\"8a6fb49\" data-element_type=\"column\">\n\t\t\t<div class=\"elementor-widget-wrap elementor-element-populated\">\n\t\t\t\t\t\t\t<\/div>\n\t\t<\/div>\n\t\t\t\t\t<\/div>\n\t\t<\/section>\n\t\t\t\t<section class=\"elementor-section elementor-top-section elementor-element elementor-element-7cfb4a7 elementor-section-stretched elementor-section-boxed elementor-section-height-default elementor-section-height-default\" data-id=\"7cfb4a7\" data-element_type=\"section\" data-settings=\"{&quot;stretch_section&quot;:&quot;section-stretched&quot;}\">\n\t\t\t\t\t\t<div class=\"elementor-container elementor-column-gap-default\">\n\t\t\t\t\t<div class=\"elementor-column elementor-col-100 elementor-top-column elementor-element elementor-element-64aeb60\" data-id=\"64aeb60\" data-element_type=\"column\">\n\t\t\t<div class=\"elementor-widget-wrap elementor-element-populated\">\n\t\t\t\t\t\t<div class=\"elementor-element elementor-element-9477af8 elementor-widget elementor-widget-text-editor\" data-id=\"9477af8\" data-element_type=\"widget\" data-widget_type=\"text-editor.default\">\n\t\t\t\t<div class=\"elementor-widget-container\">\n\t\t\t\t\t\t\t\t\t<p>sobre<\/p>\t\t\t\t\t\t\t\t<\/div>\n\t\t\t\t<\/div>\n\t\t\t\t\t<\/div>\n\t\t<\/div>\n\t\t\t\t\t<\/div>\n\t\t<\/section>\n\t\t\t\t<section class=\"elementor-section elementor-top-section elementor-element elementor-element-74198bd elementor-section-stretched elementor-section-boxed elementor-section-height-default elementor-section-height-default\" data-id=\"74198bd\" data-element_type=\"section\" data-settings=\"{&quot;stretch_section&quot;:&quot;section-stretched&quot;}\">\n\t\t\t\t\t\t<div class=\"elementor-container elementor-column-gap-default\">\n\t\t\t\t\t<div class=\"elementor-column elementor-col-100 elementor-top-column elementor-element elementor-element-dda8f2c\" data-id=\"dda8f2c\" data-element_type=\"column\">\n\t\t\t<div class=\"elementor-widget-wrap elementor-element-populated\">\n\t\t\t\t\t\t<div class=\"elementor-element elementor-element-eb5922a elementor-widget elementor-widget-text-editor\" data-id=\"eb5922a\" data-element_type=\"widget\" data-widget_type=\"text-editor.default\">\n\t\t\t\t<div class=\"elementor-widget-container\">\n\t\t\t\t\t\t\t\t\t<p>Com o objetivo de gerar solu\u00e7\u00f5es para as problem\u00e1ticas que a popula\u00e7\u00e3o com mais de 50 anos enfrenta na cidade de S\u00e3o Paulo, chegou o Hackathon Ade Sampa 50+!<\/p><p>Partindo do princ\u00edpio de que a melhoria da qualidade de vida das pessoas que habitam os grandes centros urbanos \u00e9 fundamental para o conv\u00edvio harm\u00f4nico e desenvolvimento econ\u00f4mico, este hackathon chega em um momento de transi\u00e7\u00e3o da pir\u00e2mide et\u00e1ria e promove debates sobre empregabilidade e qualidade de vida para a popula\u00e7\u00e3o que est\u00e1 envelhecendo.<\/p><p>O Hackathon vai acontecer entre os dias 24, 25 e 26 de mar\u00e7o de 2023, no Centro de Inova\u00e7\u00e3o Verde Bruno Covas \u2013 Hub Green Sampa, oferece um total de R$ 30 mil em pr\u00eamios, al\u00e9m de brindes e \u00e9 aberto para pessoas a partir dos 18 anos. Esta edi\u00e7\u00e3o do Hackathon vai reunir at\u00e9 100 profissionais para desenvolver solu\u00e7\u00f5es inovadoras para os desafios selecionados:<\/p><p><strong>QUALIDADE DE VIDA<\/strong><br \/>Quais s\u00e3o as necessidades de prepara\u00e7\u00e3o das cidades para atender a popula\u00e7\u00e3o 50+? Como n\u00f3s podemos assegurar uma vida saud\u00e1vel e promover o bem-estar no ambiente urbano para todos, em todas as idades.<\/p><p><strong>EMPREENDEDORISMO<\/strong><br \/>Como fortalecer e impulsionar o empreendedorismo e a gera\u00e7\u00e3o de renda para este grupo, que ainda enfrenta muitos desafios para se manter no mercado de trabalho, principalmente com os avan\u00e7os digitais?<\/p>\t\t\t\t\t\t\t\t<\/div>\n\t\t\t\t<\/div>\n\t\t\t\t<div class=\"elementor-element elementor-element-65b1539 elementor-widget-divider--view-line elementor-widget elementor-widget-divider\" data-id=\"65b1539\" data-element_type=\"widget\" data-widget_type=\"divider.default\">\n\t\t\t\t<div class=\"elementor-widget-container\">\n\t\t\t\t\t\t\t<div class=\"elementor-divider\">\n\t\t\t<span class=\"elementor-divider-separator\">\n\t\t\t\t\t\t<\/span>\n\t\t<\/div>\n\t\t\t\t\t\t<\/div>\n\t\t\t\t<\/div>\n\t\t\t\t\t<\/div>\n\t\t<\/div>\n\t\t\t\t\t<\/div>\n\t\t<\/section>\n\t\t\t\t<\/div>\n\t\t","protected":false},"excerpt":{"rendered":"<p>sobre Com o objetivo de gerar solu\u00e7\u00f5es para as problem\u00e1ticas que a popula\u00e7\u00e3o com mais de 50 anos enfrenta na cidade de S\u00e3o Paulo, chegou o Hackathon Ade Sampa 50+! Partindo do princ\u00edpio de que a melhoria da qualidade de vida das pessoas que habitam os grandes centros urbanos \u00e9 fundamental para o conv\u00edvio harm\u00f4nico [&hellip;]<\/p>\n","protected":false},"author":1,"featured_media":0,"parent":0,"menu_order":0,"comment_status":"closed","ping_status":"closed","template":"","meta":{"footnotes":""},"class_list":["post-569","page","type-page","status-publish","hentry","entry"],"_links":{"self":[{"href":"https:\/\/adesampa.com.br\/hackathon50mais\/wp-json\/wp\/v2\/pages\/569","targetHints":{"allow":["GET"]}}],"collection":[{"href":"https:\/\/adesampa.com.br\/hackathon50mais\/wp-json\/wp\/v2\/pages"}],"about":[{"href":"https:\/\/adesampa.com.br\/hackathon50mais\/wp-json\/wp\/v2\/types\/page"}],"author":[{"embeddable":true,"href":"https:\/\/adesampa.com.br\/hackathon50mais\/wp-json\/wp\/v2\/users\/1"}],"replies":[{"embeddable":true,"href":"https:\/\/adesampa.com.br\/hackathon50mais\/wp-json\/wp\/v2\/comments?post=569"}],"version-history":[{"count":55,"href":"https:\/\/adesampa.com.br\/hackathon50mais\/wp-json\/wp\/v2\/pages\/569\/revisions"}],"predecessor-version":[{"id":1207,"href":"https:\/\/adesampa.com.br\/hackathon50mais\/wp-json\/wp\/v2\/pages\/569\/revisions\/1207"}],"wp:attachment":[{"href":"https:\/\/adesampa.com.br\/hackathon50mais\/wp-json\/wp\/v2\/media?parent=569"}],"curies":[{"name":"wp","href":"https:\/\/api.w.org\/{rel}","templated":true}]}}