{"id":585,"date":"2022-07-11T19:35:48","date_gmt":"2022-07-11T22:35:48","guid":{"rendered":"https:\/\/adesampa.com.br\/hackathon\/?page_id=585"},"modified":"2022-07-12T16:32:15","modified_gmt":"2022-07-12T19:32:15","slug":"mobilidade","status":"publish","type":"page","link":"https:\/\/adesampa.com.br\/hackathon\/mobilidade\/","title":{"rendered":"Mobilidade"},"content":{"rendered":"\t\t<div data-elementor-type=\"wp-post\" data-elementor-id=\"585\" class=\"elementor elementor-585\">\n\t\t\t\t\t\t<section class=\"elementor-section elementor-top-section elementor-element elementor-element-ce4a94f elementor-section-height-min-height elementor-section-boxed elementor-section-height-default elementor-section-items-middle\" data-id=\"ce4a94f\" data-element_type=\"section\" data-settings=\"{&quot;background_background&quot;:&quot;classic&quot;}\">\n\t\t\t\t\t\t\t<div class=\"elementor-background-overlay\"><\/div>\n\t\t\t\t\t\t\t<div class=\"elementor-container elementor-column-gap-default\">\n\t\t\t\t\t<div class=\"elementor-column elementor-col-100 elementor-top-column elementor-element elementor-element-7c34d88\" data-id=\"7c34d88\" data-element_type=\"column\">\n\t\t\t<div class=\"elementor-widget-wrap elementor-element-populated\">\n\t\t\t\t\t\t\t<\/div>\n\t\t<\/div>\n\t\t\t\t\t<\/div>\n\t\t<\/section>\n\t\t\t\t<section class=\"elementor-section elementor-top-section elementor-element elementor-element-7cfb4a7 elementor-section-stretched elementor-section-boxed elementor-section-height-default elementor-section-height-default\" data-id=\"7cfb4a7\" data-element_type=\"section\" data-settings=\"{&quot;stretch_section&quot;:&quot;section-stretched&quot;}\">\n\t\t\t\t\t\t<div class=\"elementor-container elementor-column-gap-default\">\n\t\t\t\t\t<div class=\"elementor-column elementor-col-100 elementor-top-column elementor-element elementor-element-64aeb60\" data-id=\"64aeb60\" data-element_type=\"column\">\n\t\t\t<div class=\"elementor-widget-wrap elementor-element-populated\">\n\t\t\t\t\t\t<div class=\"elementor-element elementor-element-9477af8 elementor-widget elementor-widget-text-editor\" data-id=\"9477af8\" data-element_type=\"widget\" data-widget_type=\"text-editor.default\">\n\t\t\t\t<div class=\"elementor-widget-container\">\n\t\t\t\t\t\t\t<p>mobilidade<\/p>\t\t\t\t\t\t<\/div>\n\t\t\t\t<\/div>\n\t\t\t\t<div class=\"elementor-element elementor-element-eb5922a elementor-widget elementor-widget-text-editor\" data-id=\"eb5922a\" data-element_type=\"widget\" data-widget_type=\"text-editor.default\">\n\t\t\t\t<div class=\"elementor-widget-container\">\n\t\t\t\t\t\t\t<p>O carro &#8211; s\u00edmbolo m\u00e1ximo de autonomia e liberdade, j\u00e1 teve seu sucesso comprovado. Por\u00e9m nossas cidades est\u00e3o congestionadas e a qualidade do ar se deteriorou, representando uma amea\u00e7a para a nossa sa\u00fade f\u00edsica e mental. Al\u00e9m disso, tem um custo muito alto para o poder p\u00fablico, tanto pelo tr\u00e2nsito que faz as pessoas gastarem energia, atrasar para o trabalho, inclusive at\u00e9 mesmo em sa\u00fade p\u00fablica pela polui\u00e7\u00e3o, estresse e acidentes.<\/p><p>\u00c0 medida que a popula\u00e7\u00e3o global cresce e mais pessoas moram em centros urbanos, h\u00e1 uma necessidade urgente de pensar sobre como nos deslocamos. Hoje se investe muito em transporte eletr\u00f4nico e aut\u00f4nomo. Mas enquanto os ve\u00edculos el\u00e9tricos e aut\u00f4nomos parecem ser os principais impulsionadores dessa transforma\u00e7\u00e3o crucial, ainda h\u00e1 um intenso debate sobre como os diferentes meios de transporte ser\u00e3o acessados e controlados, e como as zonas urbanas v\u00e3o compartilhar servi\u00e7os de mobilidade.<\/p><p>Um dos problemas dos sistemas de transportes urbanos \u00e9 a falta de coordena\u00e7\u00e3o entre os diferentes meios de transportes. Queremos saber como ir de A para B com a maior facilidade poss\u00edvel, seja a p\u00e9, de bicicleta, motocicleta, metr\u00f4, \u00f4nibus, trem, Uber ou t\u00e1xi, ou uma mistura de alguns ou de todos eles.<\/p><p>VLT, \u00f4nibus el\u00e9tricos, corredores de \u00f4nibus e de motos, barcos\/balsas, carro compartilhado s\u00e3o algumas das possibilidades de solu\u00e7\u00e3o para os problemas de mobilidade, mas tamb\u00e9m a gera\u00e7\u00e3o de oportunidades de gera\u00e7\u00e3o de postos de trabalho pr\u00f3ximos \u00e0s comunidades perif\u00e9ricas facilitaria e colabora para diminuir o fluxo de pessoas nos centros urbanos.<\/p><p>O desafio prop\u00f5e o pensamento para al\u00e9m de um APP de oferta de emprego. Instiga um pensamento mais elaborado, visando o desenvolvimento de uma ferramenta de intelig\u00eancia que cruze dados e informa\u00e7\u00f5es, entregando ao usu\u00e1rio uma oferta customizada e com forte potencial de convers\u00e3o em gera\u00e7\u00e3o de emprego. <br \/>O desafio vai para al\u00e9m de aplicativos de viagens e geolocaliza\u00e7\u00e3o de ve\u00edculos, se propondo a reflex\u00f5es e solu\u00e7\u00f5es que englobem as v\u00e1rias vertentes da mobilidade urbana como polui\u00e7\u00e3o do meio ambiente, qualidade do transporte p\u00fablico, acessibilidade inclusiva para todos(as) em vias p\u00fablicas, solu\u00e7\u00f5es essas que pensem em uma cidade inteligente onde a locomo\u00e7\u00e3o pela cidade seja democr\u00e1tica e segura.<\/p>\t\t\t\t\t\t<\/div>\n\t\t\t\t<\/div>\n\t\t\t\t\t<\/div>\n\t\t<\/div>\n\t\t\t\t\t<\/div>\n\t\t<\/section>\n\t\t\t\t<section class=\"elementor-section elementor-top-section elementor-element elementor-element-72893e9 elementor-section-stretched elementor-section-boxed elementor-section-height-default elementor-section-height-default\" data-id=\"72893e9\" data-element_type=\"section\" data-settings=\"{&quot;stretch_section&quot;:&quot;section-stretched&quot;}\">\n\t\t\t\t\t\t<div class=\"elementor-container elementor-column-gap-default\">\n\t\t\t\t\t<div class=\"elementor-column elementor-col-100 elementor-top-column elementor-element elementor-element-73e8c66\" data-id=\"73e8c66\" data-element_type=\"column\">\n\t\t\t<div class=\"elementor-widget-wrap elementor-element-populated\">\n\t\t\t\t\t\t<div class=\"elementor-element elementor-element-755402e elementor-align-center elementor-widget elementor-widget-button\" data-id=\"755402e\" data-element_type=\"widget\" data-widget_type=\"button.default\">\n\t\t\t\t<div class=\"elementor-widget-container\">\n\t\t\t\t\t\t\t<div class=\"elementor-button-wrapper\">\n\t\t\t\t\t<a class=\"elementor-button elementor-button-link elementor-size-md\" href=\"#\">\n\t\t\t\t\t\t<span class=\"elementor-button-content-wrapper\">\n\t\t\t\t\t\t\t\t\t<span class=\"elementor-button-text\">INSCREVA-SE<\/span>\n\t\t\t\t\t<\/span>\n\t\t\t\t\t<\/a>\n\t\t\t\t<\/div>\n\t\t\t\t\t\t<\/div>\n\t\t\t\t<\/div>\n\t\t\t\t\t<\/div>\n\t\t<\/div>\n\t\t\t\t\t<\/div>\n\t\t<\/section>\n\t\t\t\t<section class=\"elementor-section elementor-top-section elementor-element elementor-element-74198bd elementor-section-stretched elementor-section-boxed elementor-section-height-default elementor-section-height-default\" data-id=\"74198bd\" data-element_type=\"section\" data-settings=\"{&quot;stretch_section&quot;:&quot;section-stretched&quot;}\">\n\t\t\t\t\t\t<div class=\"elementor-container elementor-column-gap-default\">\n\t\t\t\t\t<div class=\"elementor-column elementor-col-100 elementor-top-column elementor-element elementor-element-dda8f2c\" data-id=\"dda8f2c\" data-element_type=\"column\">\n\t\t\t<div class=\"elementor-widget-wrap elementor-element-populated\">\n\t\t\t\t\t\t<div class=\"elementor-element elementor-element-65b1539 elementor-widget-divider--view-line elementor-widget elementor-widget-divider\" data-id=\"65b1539\" data-element_type=\"widget\" data-widget_type=\"divider.default\">\n\t\t\t\t<div class=\"elementor-widget-container\">\n\t\t\t\t\t<div class=\"elementor-divider\">\n\t\t\t<span class=\"elementor-divider-separator\">\n\t\t\t\t\t\t<\/span>\n\t\t<\/div>\n\t\t\t\t<\/div>\n\t\t\t\t<\/div>\n\t\t\t\t\t<\/div>\n\t\t<\/div>\n\t\t\t\t\t<\/div>\n\t\t<\/section>\n\t\t\t\t<\/div>\n\t\t","protected":false},"excerpt":{"rendered":"<p>mobilidade O carro &#8211; s\u00edmbolo m\u00e1ximo de autonomia e liberdade, j\u00e1 teve seu sucesso comprovado. Por\u00e9m nossas cidades est\u00e3o congestionadas e a qualidade do ar se deteriorou, representando uma amea\u00e7a para a nossa sa\u00fade f\u00edsica e mental. Al\u00e9m disso, tem um custo muito alto para o poder p\u00fablico, tanto pelo tr\u00e2nsito que faz as pessoas [&hellip;]<\/p>\n","protected":false},"author":1,"featured_media":0,"parent":0,"menu_order":0,"comment_status":"closed","ping_status":"closed","template":"","meta":{"ocean_post_layout":"full-screen","ocean_both_sidebars_style":"","ocean_both_sidebars_content_width":0,"ocean_both_sidebars_sidebars_width":0,"ocean_sidebar":"0","ocean_second_sidebar":"0","ocean_disable_margins":"on","ocean_add_body_class":"","ocean_shortcode_before_top_bar":"","ocean_shortcode_after_top_bar":"","ocean_shortcode_before_header":"","ocean_shortcode_after_header":"","ocean_has_shortcode":"","ocean_shortcode_after_title":"","ocean_shortcode_before_footer_widgets":"","ocean_shortcode_after_footer_widgets":"","ocean_shortcode_before_footer_bottom":"","ocean_shortcode_after_footer_bottom":"","ocean_display_top_bar":"default","ocean_display_header":"default","ocean_header_style":"","ocean_center_header_left_menu":"0","ocean_custom_header_template":"0","ocean_custom_logo":0,"ocean_custom_retina_logo":0,"ocean_custom_logo_max_width":0,"ocean_custom_logo_tablet_max_width":0,"ocean_custom_logo_mobile_max_width":0,"ocean_custom_logo_max_height":0,"ocean_custom_logo_tablet_max_height":0,"ocean_custom_logo_mobile_max_height":0,"ocean_header_custom_menu":"0","ocean_menu_typo_font_family":"0","ocean_menu_typo_font_subset":"","ocean_menu_typo_font_size":0,"ocean_menu_typo_font_size_tablet":0,"ocean_menu_typo_font_size_mobile":0,"ocean_menu_typo_font_size_unit":"px","ocean_menu_typo_font_weight":"","ocean_menu_typo_font_weight_tablet":"","ocean_menu_typo_font_weight_mobile":"","ocean_menu_typo_transform":"","ocean_menu_typo_transform_tablet":"","ocean_menu_typo_transform_mobile":"","ocean_menu_typo_line_height":0,"ocean_menu_typo_line_height_tablet":0,"ocean_menu_typo_line_height_mobile":0,"ocean_menu_typo_line_height_unit":"","ocean_menu_typo_spacing":0,"ocean_menu_typo_spacing_tablet":0,"ocean_menu_typo_spacing_mobile":0,"ocean_menu_typo_spacing_unit":"","ocean_menu_link_color":"","ocean_menu_link_color_hover":"","ocean_menu_link_color_active":"","ocean_menu_link_background":"","ocean_menu_link_hover_background":"","ocean_menu_link_active_background":"","ocean_menu_social_links_bg":"","ocean_menu_social_hover_links_bg":"","ocean_menu_social_links_color":"","ocean_menu_social_hover_links_color":"","ocean_disable_title":"on","ocean_disable_heading":"default","ocean_post_title":"","ocean_post_subheading":"","ocean_post_title_style":"","ocean_post_title_background_color":"","ocean_post_title_background":0,"ocean_post_title_bg_image_position":"","ocean_post_title_bg_image_attachment":"","ocean_post_title_bg_image_repeat":"","ocean_post_title_bg_image_size":"","ocean_post_title_height":0,"ocean_post_title_bg_overlay":0.5,"ocean_post_title_bg_overlay_color":"","ocean_disable_breadcrumbs":"default","ocean_breadcrumbs_color":"","ocean_breadcrumbs_separator_color":"","ocean_breadcrumbs_links_color":"","ocean_breadcrumbs_links_hover_color":"","ocean_display_footer_widgets":"default","ocean_display_footer_bottom":"default","ocean_custom_footer_template":"0","footnotes":""},"class_list":["post-585","page","type-page","status-publish","hentry","entry"],"_links":{"self":[{"href":"https:\/\/adesampa.com.br\/hackathon\/wp-json\/wp\/v2\/pages\/585","targetHints":{"allow":["GET"]}}],"collection":[{"href":"https:\/\/adesampa.com.br\/hackathon\/wp-json\/wp\/v2\/pages"}],"about":[{"href":"https:\/\/adesampa.com.br\/hackathon\/wp-json\/wp\/v2\/types\/page"}],"author":[{"embeddable":true,"href":"https:\/\/adesampa.com.br\/hackathon\/wp-json\/wp\/v2\/users\/1"}],"replies":[{"embeddable":true,"href":"https:\/\/adesampa.com.br\/hackathon\/wp-json\/wp\/v2\/comments?post=585"}],"version-history":[{"count":19,"href":"https:\/\/adesampa.com.br\/hackathon\/wp-json\/wp\/v2\/pages\/585\/revisions"}],"predecessor-version":[{"id":725,"href":"https:\/\/adesampa.com.br\/hackathon\/wp-json\/wp\/v2\/pages\/585\/revisions\/725"}],"wp:attachment":[{"href":"https:\/\/adesampa.com.br\/hackathon\/wp-json\/wp\/v2\/media?parent=585"}],"curies":[{"name":"wp","href":"https:\/\/api.w.org\/{rel}","templated":true}]}}