{"id":580,"date":"2022-07-11T19:34:39","date_gmt":"2022-07-11T22:34:39","guid":{"rendered":"https:\/\/adesampa.com.br\/hackathon\/?page_id=580"},"modified":"2022-07-12T16:31:31","modified_gmt":"2022-07-12T19:31:31","slug":"empregabilidade","status":"publish","type":"page","link":"https:\/\/adesampa.com.br\/hackathon\/empregabilidade\/","title":{"rendered":"Empregabilidade"},"content":{"rendered":"\t\t<div data-elementor-type=\"wp-post\" data-elementor-id=\"580\" class=\"elementor elementor-580\">\n\t\t\t\t\t\t<section class=\"elementor-section elementor-top-section elementor-element elementor-element-e34c598 elementor-section-height-min-height elementor-section-boxed elementor-section-height-default elementor-section-items-middle\" data-id=\"e34c598\" data-element_type=\"section\" data-settings=\"{&quot;background_background&quot;:&quot;classic&quot;}\">\n\t\t\t\t\t\t\t<div class=\"elementor-background-overlay\"><\/div>\n\t\t\t\t\t\t\t<div class=\"elementor-container elementor-column-gap-default\">\n\t\t\t\t\t<div class=\"elementor-column elementor-col-100 elementor-top-column elementor-element elementor-element-8a14058\" data-id=\"8a14058\" data-element_type=\"column\">\n\t\t\t<div class=\"elementor-widget-wrap elementor-element-populated\">\n\t\t\t\t\t\t\t<\/div>\n\t\t<\/div>\n\t\t\t\t\t<\/div>\n\t\t<\/section>\n\t\t\t\t<section class=\"elementor-section elementor-top-section elementor-element elementor-element-7cfb4a7 elementor-section-stretched elementor-section-boxed elementor-section-height-default elementor-section-height-default\" data-id=\"7cfb4a7\" data-element_type=\"section\" data-settings=\"{&quot;stretch_section&quot;:&quot;section-stretched&quot;}\">\n\t\t\t\t\t\t<div class=\"elementor-container elementor-column-gap-default\">\n\t\t\t\t\t<div class=\"elementor-column elementor-col-100 elementor-top-column elementor-element elementor-element-64aeb60\" data-id=\"64aeb60\" data-element_type=\"column\">\n\t\t\t<div class=\"elementor-widget-wrap elementor-element-populated\">\n\t\t\t\t\t\t<div class=\"elementor-element elementor-element-9477af8 elementor-widget elementor-widget-text-editor\" data-id=\"9477af8\" data-element_type=\"widget\" data-widget_type=\"text-editor.default\">\n\t\t\t\t<div class=\"elementor-widget-container\">\n\t\t\t\t\t\t\t<p>empregabilidade<\/p>\t\t\t\t\t\t<\/div>\n\t\t\t\t<\/div>\n\t\t\t\t<div class=\"elementor-element elementor-element-eb5922a elementor-widget elementor-widget-text-editor\" data-id=\"eb5922a\" data-element_type=\"widget\" data-widget_type=\"text-editor.default\">\n\t\t\t\t<div class=\"elementor-widget-container\">\n\t\t\t\t\t\t\t<p>A pandemia da Covid-19 elevou ainda mais a vulnerabilidade das pessoas que vivem em situa\u00e7\u00e3o de rua, ampliando o contingente populacional e mudando o perfil dessa parcela da popula\u00e7\u00e3o.<\/p><p>Em momentos de crise de desemprego acirrada, com a popula\u00e7\u00e3o comparecendo em peso nos mutir\u00f5es da prefeitura, lotando o vale do Anhangaba\u00fa com filas imensas e esgotando, no primeiro dia, as senhas de todos os demais dias, a cidade fica mais improdutiva, mais lenta e, como consequ\u00eancia, mais vulner\u00e1vel \u00e0 viol\u00eancia e atitudes impensadas de pessoas desesperadas para colocar comida na mesa e cuidar de suas fam\u00edlias.<br \/>Esta situa\u00e7\u00e3o pressiona tamb\u00e9m os trabalhadores empregados, que s\u00e3o cobrados cada vez mais por produtividade, considerando a quantidade e n\u00e3o a qualidade como premissa para entregas que, muitas das vezes, passam a ser equivocadas e n\u00e3o atendendo plenamente \u00e0s necessidades dos consumidores de produtos e usu\u00e1rios de servi\u00e7os essenciais para o bom funcionamento de uma cidade.<\/p><p>\u00c9 necess\u00e1rio que a tecnologia seja uma aliada nas pol\u00edticas p\u00fablicas voltadas para essas pessoas, para que seja tra\u00e7ado um projeto de vida, com reinser\u00e7\u00e3o no mercado de trabalho e na garantia de renda.<br \/>Como criar ferramentas que possam desempenhar o papel de pontes que facilitem o di\u00e1logo entre as empresas e as suas ofertas de vagas e as necessidades dos cidad\u00e3os com suas demandas que v\u00e3o desde a mais absoluta falta de conhecimento t\u00e9cnico, aos mais qualificados que se encontram desempregados por conta da crise econ\u00f4mica?<\/p><p>O desafio prop\u00f5e o pensamento para al\u00e9m de um APP de oferta de empregos. Instiga um pensamento mais elaborado, visando o desenvolvimento de uma ferramenta de intelig\u00eancia que cruze dados e informa\u00e7\u00f5es, entregando ao usu\u00e1rio uma oferta customizada e com forte potencial de convers\u00e3o em gera\u00e7\u00e3o de emprego.<\/p>\t\t\t\t\t\t<\/div>\n\t\t\t\t<\/div>\n\t\t\t\t\t<\/div>\n\t\t<\/div>\n\t\t\t\t\t<\/div>\n\t\t<\/section>\n\t\t\t\t<section class=\"elementor-section elementor-top-section elementor-element elementor-element-fa2fc59 elementor-section-stretched elementor-section-boxed elementor-section-height-default elementor-section-height-default\" data-id=\"fa2fc59\" data-element_type=\"section\" data-settings=\"{&quot;stretch_section&quot;:&quot;section-stretched&quot;}\">\n\t\t\t\t\t\t<div class=\"elementor-container elementor-column-gap-default\">\n\t\t\t\t\t<div class=\"elementor-column elementor-col-100 elementor-top-column elementor-element elementor-element-4af1c44\" data-id=\"4af1c44\" data-element_type=\"column\">\n\t\t\t<div class=\"elementor-widget-wrap elementor-element-populated\">\n\t\t\t\t\t\t<div class=\"elementor-element elementor-element-5ef25fd elementor-align-center elementor-widget elementor-widget-button\" data-id=\"5ef25fd\" data-element_type=\"widget\" data-widget_type=\"button.default\">\n\t\t\t\t<div class=\"elementor-widget-container\">\n\t\t\t\t\t\t\t<div class=\"elementor-button-wrapper\">\n\t\t\t\t\t<a class=\"elementor-button elementor-button-link elementor-size-md\" href=\"#\">\n\t\t\t\t\t\t<span class=\"elementor-button-content-wrapper\">\n\t\t\t\t\t\t\t\t\t<span class=\"elementor-button-text\">INSCREVA-SE<\/span>\n\t\t\t\t\t<\/span>\n\t\t\t\t\t<\/a>\n\t\t\t\t<\/div>\n\t\t\t\t\t\t<\/div>\n\t\t\t\t<\/div>\n\t\t\t\t\t<\/div>\n\t\t<\/div>\n\t\t\t\t\t<\/div>\n\t\t<\/section>\n\t\t\t\t<section class=\"elementor-section elementor-top-section elementor-element elementor-element-74198bd elementor-section-stretched elementor-section-boxed elementor-section-height-default elementor-section-height-default\" data-id=\"74198bd\" data-element_type=\"section\" data-settings=\"{&quot;stretch_section&quot;:&quot;section-stretched&quot;}\">\n\t\t\t\t\t\t<div class=\"elementor-container elementor-column-gap-default\">\n\t\t\t\t\t<div class=\"elementor-column elementor-col-100 elementor-top-column elementor-element elementor-element-dda8f2c\" data-id=\"dda8f2c\" data-element_type=\"column\">\n\t\t\t<div class=\"elementor-widget-wrap elementor-element-populated\">\n\t\t\t\t\t\t<div class=\"elementor-element elementor-element-65b1539 elementor-widget-divider--view-line elementor-widget elementor-widget-divider\" data-id=\"65b1539\" data-element_type=\"widget\" data-widget_type=\"divider.default\">\n\t\t\t\t<div class=\"elementor-widget-container\">\n\t\t\t\t\t<div class=\"elementor-divider\">\n\t\t\t<span class=\"elementor-divider-separator\">\n\t\t\t\t\t\t<\/span>\n\t\t<\/div>\n\t\t\t\t<\/div>\n\t\t\t\t<\/div>\n\t\t\t\t\t<\/div>\n\t\t<\/div>\n\t\t\t\t\t<\/div>\n\t\t<\/section>\n\t\t\t\t<\/div>\n\t\t","protected":false},"excerpt":{"rendered":"<p>empregabilidade A pandemia da Covid-19 elevou ainda mais a vulnerabilidade das pessoas que vivem em situa\u00e7\u00e3o de rua, ampliando o contingente populacional e mudando o perfil dessa parcela da popula\u00e7\u00e3o. Em momentos de crise de desemprego acirrada, com a popula\u00e7\u00e3o comparecendo em peso nos mutir\u00f5es da prefeitura, lotando o vale do Anhangaba\u00fa com filas imensas [&hellip;]<\/p>\n","protected":false},"author":1,"featured_media":0,"parent":0,"menu_order":0,"comment_status":"closed","ping_status":"closed","template":"","meta":{"ocean_post_layout":"full-screen","ocean_both_sidebars_style":"","ocean_both_sidebars_content_width":0,"ocean_both_sidebars_sidebars_width":0,"ocean_sidebar":"0","ocean_second_sidebar":"0","ocean_disable_margins":"on","ocean_add_body_class":"","ocean_shortcode_before_top_bar":"","ocean_shortcode_after_top_bar":"","ocean_shortcode_before_header":"","ocean_shortcode_after_header":"","ocean_has_shortcode":"","ocean_shortcode_after_title":"","ocean_shortcode_before_footer_widgets":"","ocean_shortcode_after_footer_widgets":"","ocean_shortcode_before_footer_bottom":"","ocean_shortcode_after_footer_bottom":"","ocean_display_top_bar":"default","ocean_display_header":"default","ocean_header_style":"","ocean_center_header_left_menu":"0","ocean_custom_header_template":"0","ocean_custom_logo":0,"ocean_custom_retina_logo":0,"ocean_custom_logo_max_width":0,"ocean_custom_logo_tablet_max_width":0,"ocean_custom_logo_mobile_max_width":0,"ocean_custom_logo_max_height":0,"ocean_custom_logo_tablet_max_height":0,"ocean_custom_logo_mobile_max_height":0,"ocean_header_custom_menu":"0","ocean_menu_typo_font_family":"0","ocean_menu_typo_font_subset":"","ocean_menu_typo_font_size":0,"ocean_menu_typo_font_size_tablet":0,"ocean_menu_typo_font_size_mobile":0,"ocean_menu_typo_font_size_unit":"px","ocean_menu_typo_font_weight":"","ocean_menu_typo_font_weight_tablet":"","ocean_menu_typo_font_weight_mobile":"","ocean_menu_typo_transform":"","ocean_menu_typo_transform_tablet":"","ocean_menu_typo_transform_mobile":"","ocean_menu_typo_line_height":0,"ocean_menu_typo_line_height_tablet":0,"ocean_menu_typo_line_height_mobile":0,"ocean_menu_typo_line_height_unit":"","ocean_menu_typo_spacing":0,"ocean_menu_typo_spacing_tablet":0,"ocean_menu_typo_spacing_mobile":0,"ocean_menu_typo_spacing_unit":"","ocean_menu_link_color":"","ocean_menu_link_color_hover":"","ocean_menu_link_color_active":"","ocean_menu_link_background":"","ocean_menu_link_hover_background":"","ocean_menu_link_active_background":"","ocean_menu_social_links_bg":"","ocean_menu_social_hover_links_bg":"","ocean_menu_social_links_color":"","ocean_menu_social_hover_links_color":"","ocean_disable_title":"on","ocean_disable_heading":"default","ocean_post_title":"","ocean_post_subheading":"","ocean_post_title_style":"","ocean_post_title_background_color":"","ocean_post_title_background":0,"ocean_post_title_bg_image_position":"","ocean_post_title_bg_image_attachment":"","ocean_post_title_bg_image_repeat":"","ocean_post_title_bg_image_size":"","ocean_post_title_height":0,"ocean_post_title_bg_overlay":0.5,"ocean_post_title_bg_overlay_color":"","ocean_disable_breadcrumbs":"default","ocean_breadcrumbs_color":"","ocean_breadcrumbs_separator_color":"","ocean_breadcrumbs_links_color":"","ocean_breadcrumbs_links_hover_color":"","ocean_display_footer_widgets":"default","ocean_display_footer_bottom":"default","ocean_custom_footer_template":"0","footnotes":""},"class_list":["post-580","page","type-page","status-publish","hentry","entry"],"_links":{"self":[{"href":"https:\/\/adesampa.com.br\/hackathon\/wp-json\/wp\/v2\/pages\/580","targetHints":{"allow":["GET"]}}],"collection":[{"href":"https:\/\/adesampa.com.br\/hackathon\/wp-json\/wp\/v2\/pages"}],"about":[{"href":"https:\/\/adesampa.com.br\/hackathon\/wp-json\/wp\/v2\/types\/page"}],"author":[{"embeddable":true,"href":"https:\/\/adesampa.com.br\/hackathon\/wp-json\/wp\/v2\/users\/1"}],"replies":[{"embeddable":true,"href":"https:\/\/adesampa.com.br\/hackathon\/wp-json\/wp\/v2\/comments?post=580"}],"version-history":[{"count":19,"href":"https:\/\/adesampa.com.br\/hackathon\/wp-json\/wp\/v2\/pages\/580\/revisions"}],"predecessor-version":[{"id":719,"href":"https:\/\/adesampa.com.br\/hackathon\/wp-json\/wp\/v2\/pages\/580\/revisions\/719"}],"wp:attachment":[{"href":"https:\/\/adesampa.com.br\/hackathon\/wp-json\/wp\/v2\/media?parent=580"}],"curies":[{"name":"wp","href":"https:\/\/api.w.org\/{rel}","templated":true}]}}