{"id":569,"date":"2022-07-11T19:23:23","date_gmt":"2022-07-11T22:23:23","guid":{"rendered":"https:\/\/adesampa.com.br\/hackathon\/?page_id=569"},"modified":"2022-07-12T16:35:39","modified_gmt":"2022-07-12T19:35:39","slug":"sobre","status":"publish","type":"page","link":"https:\/\/adesampa.com.br\/hackathon\/sobre\/","title":{"rendered":"Sobre"},"content":{"rendered":"\t\t<div data-elementor-type=\"wp-post\" data-elementor-id=\"569\" class=\"elementor elementor-569\">\n\t\t\t\t\t\t<section class=\"elementor-section elementor-top-section elementor-element elementor-element-6ba0fca elementor-section-height-min-height elementor-section-boxed elementor-section-height-default elementor-section-items-middle\" data-id=\"6ba0fca\" data-element_type=\"section\" data-settings=\"{&quot;background_background&quot;:&quot;classic&quot;}\">\n\t\t\t\t\t\t\t<div class=\"elementor-background-overlay\"><\/div>\n\t\t\t\t\t\t\t<div class=\"elementor-container elementor-column-gap-default\">\n\t\t\t\t\t<div class=\"elementor-column elementor-col-100 elementor-top-column elementor-element elementor-element-8a6fb49\" data-id=\"8a6fb49\" data-element_type=\"column\">\n\t\t\t<div class=\"elementor-widget-wrap elementor-element-populated\">\n\t\t\t\t\t\t\t<\/div>\n\t\t<\/div>\n\t\t\t\t\t<\/div>\n\t\t<\/section>\n\t\t\t\t<section class=\"elementor-section elementor-top-section elementor-element elementor-element-7cfb4a7 elementor-section-stretched elementor-section-boxed elementor-section-height-default elementor-section-height-default\" data-id=\"7cfb4a7\" data-element_type=\"section\" data-settings=\"{&quot;stretch_section&quot;:&quot;section-stretched&quot;}\">\n\t\t\t\t\t\t<div class=\"elementor-container elementor-column-gap-default\">\n\t\t\t\t\t<div class=\"elementor-column elementor-col-100 elementor-top-column elementor-element elementor-element-64aeb60\" data-id=\"64aeb60\" data-element_type=\"column\">\n\t\t\t<div class=\"elementor-widget-wrap elementor-element-populated\">\n\t\t\t\t\t\t<div class=\"elementor-element elementor-element-9477af8 elementor-widget elementor-widget-text-editor\" data-id=\"9477af8\" data-element_type=\"widget\" data-widget_type=\"text-editor.default\">\n\t\t\t\t<div class=\"elementor-widget-container\">\n\t\t\t\t\t\t\t<p>sobre<\/p>\t\t\t\t\t\t<\/div>\n\t\t\t\t<\/div>\n\t\t\t\t\t<\/div>\n\t\t<\/div>\n\t\t\t\t\t<\/div>\n\t\t<\/section>\n\t\t\t\t<section class=\"elementor-section elementor-top-section elementor-element elementor-element-74198bd elementor-section-stretched elementor-section-boxed elementor-section-height-default elementor-section-height-default\" data-id=\"74198bd\" data-element_type=\"section\" data-settings=\"{&quot;stretch_section&quot;:&quot;section-stretched&quot;}\">\n\t\t\t\t\t\t<div class=\"elementor-container elementor-column-gap-default\">\n\t\t\t\t\t<div class=\"elementor-column elementor-col-100 elementor-top-column elementor-element elementor-element-dda8f2c\" data-id=\"dda8f2c\" data-element_type=\"column\">\n\t\t\t<div class=\"elementor-widget-wrap elementor-element-populated\">\n\t\t\t\t\t\t<div class=\"elementor-element elementor-element-eb5922a elementor-widget elementor-widget-text-editor\" data-id=\"eb5922a\" data-element_type=\"widget\" data-widget_type=\"text-editor.default\">\n\t\t\t\t<div class=\"elementor-widget-container\">\n\t\t\t\t\t\t\t<p>Uma cidade \u00e9 considerada inteligente quando h\u00e1 impulsionadores de crescimento econ\u00f4mico sustent\u00e1vel, elevada qualidade de vida e gest\u00e3o consciente dos recursos naturais, por meio de uma governan\u00e7a participativa e democr\u00e1tica. Pensando nisso, a Prefeitura de S\u00e3o Paulo, por meio da Secretaria Municipal de Desenvolvimento Econ\u00f4mico e Trabalho (SMDET), por interm\u00e9dio da Ag\u00eancia S\u00e3o Paulo de Desenvolvimento (Ade Sampa) lan\u00e7a a primeira edi\u00e7\u00e3o do Hackathon voltado para Cidades Inteligentes.<br \/>A maratona hacker vai acontecer entre os dias 05, 06 e 07 de agosto de 2022, no Centro de Inova\u00e7\u00e3o Verde Bruno Covas &#8211; Hub Green Sampa, na Rua Sumidouro, 580, dentro da Pra\u00e7a Victor Civita, em Pinheiros. O projeto, que tem o objetivo de reunir 100 profissionais que ir\u00e3o desenvolver solu\u00e7\u00f5es voltadas para os temas da Empregabilidade e Mobilidade Urbana, \u00e9 voltado para profissionais de marketing, design, programa\u00e7\u00e3o, desenvolvimento, comunica\u00e7\u00e3o e gest\u00e3o. <br \/>Os selecionados ser\u00e3o divididos em at\u00e9 20 grupos, dez para cada desafio, e os tr\u00eas melhores avaliados por uma comiss\u00e3o de especialistas ser\u00e3o premiados financeiramente e ter\u00e3o apoio de rede e capacita\u00e7\u00e3o para a aplica\u00e7\u00e3o de seus projetos no munic\u00edpio de S\u00e3o Paulo. Al\u00e9m disso, o programa tamb\u00e9m prev\u00ea a forma\u00e7\u00e3o de networking entre os participantes e o desenvolvimento de debates que envolvam temas do universo de Smart Cities.<br \/>Os tr\u00eas projetos vencedores receber\u00e3o um aporte financeiro no valor total de R$ 60 mil: R$ 30 mil para o primeiro lugar, R$ 20 mil, segundo lugar, e R$ 10 mil para o terceiro colocado. Todos os premiados ser\u00e3o acompanhados e avaliados pelas equipes da Ade Sampa e SMDET, para verificar o seu potencial de viabilidade com apoio e continuidade para a implanta\u00e7\u00e3o.<br \/>Se interessou? Vem participar!<\/p>\t\t\t\t\t\t<\/div>\n\t\t\t\t<\/div>\n\t\t\t\t<div class=\"elementor-element elementor-element-65b1539 elementor-widget-divider--view-line elementor-widget elementor-widget-divider\" data-id=\"65b1539\" data-element_type=\"widget\" data-widget_type=\"divider.default\">\n\t\t\t\t<div class=\"elementor-widget-container\">\n\t\t\t\t\t<div class=\"elementor-divider\">\n\t\t\t<span class=\"elementor-divider-separator\">\n\t\t\t\t\t\t<\/span>\n\t\t<\/div>\n\t\t\t\t<\/div>\n\t\t\t\t<\/div>\n\t\t\t\t\t<\/div>\n\t\t<\/div>\n\t\t\t\t\t<\/div>\n\t\t<\/section>\n\t\t\t\t<\/div>\n\t\t","protected":false},"excerpt":{"rendered":"<p>sobre Uma cidade \u00e9 considerada inteligente quando h\u00e1 impulsionadores de crescimento econ\u00f4mico sustent\u00e1vel, elevada qualidade de vida e gest\u00e3o consciente dos recursos naturais, por meio de uma governan\u00e7a participativa e democr\u00e1tica. Pensando nisso, a Prefeitura de S\u00e3o Paulo, por meio da Secretaria Municipal de Desenvolvimento Econ\u00f4mico e Trabalho (SMDET), por interm\u00e9dio da Ag\u00eancia S\u00e3o Paulo [&hellip;]<\/p>\n","protected":false},"author":1,"featured_media":0,"parent":0,"menu_order":0,"comment_status":"closed","ping_status":"closed","template":"","meta":{"ocean_post_layout":"full-screen","ocean_both_sidebars_style":"","ocean_both_sidebars_content_width":0,"ocean_both_sidebars_sidebars_width":0,"ocean_sidebar":"0","ocean_second_sidebar":"0","ocean_disable_margins":"on","ocean_add_body_class":"","ocean_shortcode_before_top_bar":"","ocean_shortcode_after_top_bar":"","ocean_shortcode_before_header":"","ocean_shortcode_after_header":"","ocean_has_shortcode":"","ocean_shortcode_after_title":"","ocean_shortcode_before_footer_widgets":"","ocean_shortcode_after_footer_widgets":"","ocean_shortcode_before_footer_bottom":"","ocean_shortcode_after_footer_bottom":"","ocean_display_top_bar":"default","ocean_display_header":"default","ocean_header_style":"","ocean_center_header_left_menu":"0","ocean_custom_header_template":"0","ocean_custom_logo":0,"ocean_custom_retina_logo":0,"ocean_custom_logo_max_width":0,"ocean_custom_logo_tablet_max_width":0,"ocean_custom_logo_mobile_max_width":0,"ocean_custom_logo_max_height":0,"ocean_custom_logo_tablet_max_height":0,"ocean_custom_logo_mobile_max_height":0,"ocean_header_custom_menu":"0","ocean_menu_typo_font_family":"0","ocean_menu_typo_font_subset":"","ocean_menu_typo_font_size":0,"ocean_menu_typo_font_size_tablet":0,"ocean_menu_typo_font_size_mobile":0,"ocean_menu_typo_font_size_unit":"px","ocean_menu_typo_font_weight":"","ocean_menu_typo_font_weight_tablet":"","ocean_menu_typo_font_weight_mobile":"","ocean_menu_typo_transform":"","ocean_menu_typo_transform_tablet":"","ocean_menu_typo_transform_mobile":"","ocean_menu_typo_line_height":0,"ocean_menu_typo_line_height_tablet":0,"ocean_menu_typo_line_height_mobile":0,"ocean_menu_typo_line_height_unit":"","ocean_menu_typo_spacing":0,"ocean_menu_typo_spacing_tablet":0,"ocean_menu_typo_spacing_mobile":0,"ocean_menu_typo_spacing_unit":"","ocean_menu_link_color":"","ocean_menu_link_color_hover":"","ocean_menu_link_color_active":"","ocean_menu_link_background":"","ocean_menu_link_hover_background":"","ocean_menu_link_active_background":"","ocean_menu_social_links_bg":"","ocean_menu_social_hover_links_bg":"","ocean_menu_social_links_color":"","ocean_menu_social_hover_links_color":"","ocean_disable_title":"on","ocean_disable_heading":"default","ocean_post_title":"","ocean_post_subheading":"","ocean_post_title_style":"","ocean_post_title_background_color":"","ocean_post_title_background":0,"ocean_post_title_bg_image_position":"","ocean_post_title_bg_image_attachment":"","ocean_post_title_bg_image_repeat":"","ocean_post_title_bg_image_size":"","ocean_post_title_height":0,"ocean_post_title_bg_overlay":0.5,"ocean_post_title_bg_overlay_color":"","ocean_disable_breadcrumbs":"default","ocean_breadcrumbs_color":"","ocean_breadcrumbs_separator_color":"","ocean_breadcrumbs_links_color":"","ocean_breadcrumbs_links_hover_color":"","ocean_display_footer_widgets":"default","ocean_display_footer_bottom":"default","ocean_custom_footer_template":"0","footnotes":""},"class_list":["post-569","page","type-page","status-publish","hentry","entry"],"_links":{"self":[{"href":"https:\/\/adesampa.com.br\/hackathon\/wp-json\/wp\/v2\/pages\/569","targetHints":{"allow":["GET"]}}],"collection":[{"href":"https:\/\/adesampa.com.br\/hackathon\/wp-json\/wp\/v2\/pages"}],"about":[{"href":"https:\/\/adesampa.com.br\/hackathon\/wp-json\/wp\/v2\/types\/page"}],"author":[{"embeddable":true,"href":"https:\/\/adesampa.com.br\/hackathon\/wp-json\/wp\/v2\/users\/1"}],"replies":[{"embeddable":true,"href":"https:\/\/adesampa.com.br\/hackathon\/wp-json\/wp\/v2\/comments?post=569"}],"version-history":[{"count":10,"href":"https:\/\/adesampa.com.br\/hackathon\/wp-json\/wp\/v2\/pages\/569\/revisions"}],"predecessor-version":[{"id":730,"href":"https:\/\/adesampa.com.br\/hackathon\/wp-json\/wp\/v2\/pages\/569\/revisions\/730"}],"wp:attachment":[{"href":"https:\/\/adesampa.com.br\/hackathon\/wp-json\/wp\/v2\/media?parent=569"}],"curies":[{"name":"wp","href":"https:\/\/api.w.org\/{rel}","templated":true}]}}