{"id":12256,"date":"2025-11-10T16:21:33","date_gmt":"2025-11-10T19:21:33","guid":{"rendered":"https:\/\/adesampa.com.br\/dev\/?page_id=12256"},"modified":"2026-02-12T11:16:39","modified_gmt":"2026-02-12T14:16:39","slug":"edital","status":"publish","type":"page","link":"https:\/\/adesampa.com.br\/fashionsampa\/edital\/","title":{"rendered":"Edital"},"content":{"rendered":"\t\t<div data-elementor-type=\"wp-page\" data-elementor-id=\"12256\" class=\"elementor elementor-12256\">\n\t\t\t\t<div class=\"elementor-element elementor-element-c987536 e-flex e-con-boxed e-con e-parent\" data-id=\"c987536\" data-element_type=\"container\" data-e-type=\"container\" data-settings=\"{&quot;background_background&quot;:&quot;classic&quot;}\">\n\t\t\t\t\t<div class=\"e-con-inner\">\n\t\t\t\t<div class=\"elementor-element elementor-element-31c6f4b elementor-widget elementor-widget-heading\" data-id=\"31c6f4b\" data-element_type=\"widget\" data-e-type=\"widget\" data-widget_type=\"heading.default\">\n\t\t\t\t\t<h2 class=\"elementor-heading-title elementor-size-default\">DOCUMENTOS<\/h2>\t\t\t\t<\/div>\n\t\t\t\t\t<\/div>\n\t\t\t\t<\/div>\n\t\t<div class=\"elementor-element elementor-element-bd9e2e7 e-flex e-con-boxed e-con e-parent\" data-id=\"bd9e2e7\" data-element_type=\"container\" data-e-type=\"container\">\n\t\t\t\t\t<div class=\"e-con-inner\">\n\t\t\t\t<div class=\"elementor-element elementor-element-a669419 elementor-widget elementor-widget-spacer\" data-id=\"a669419\" data-element_type=\"widget\" data-e-type=\"widget\" data-widget_type=\"spacer.default\">\n\t\t\t\t\t\t\t<div class=\"elementor-spacer\">\n\t\t\t<div class=\"elementor-spacer-inner\"><\/div>\n\t\t<\/div>\n\t\t\t\t\t\t<\/div>\n\t\t\t\t\t<\/div>\n\t\t\t\t<\/div>\n\t\t<div class=\"elementor-element elementor-element-fac43a4 e-flex e-con-boxed e-con e-parent\" data-id=\"fac43a4\" data-element_type=\"container\" data-e-type=\"container\">\n\t\t\t\t\t<div class=\"e-con-inner\">\n\t\t\t\t<div class=\"elementor-element elementor-element-24db632 elementor-widget__width-initial elementor-widget-mobile__width-initial elementor-widget elementor-widget-heading\" data-id=\"24db632\" data-element_type=\"widget\" data-e-type=\"widget\" data-widget_type=\"heading.default\">\n\t\t\t\t\t<h2 class=\"elementor-heading-title elementor-size-default\">Acesse o edital, os documentos necess\u00e1rios para participar e inscreva-se!<\/h2>\t\t\t\t<\/div>\n\t\t\t\t<div class=\"elementor-element elementor-element-9735117 elementor-widget elementor-widget-spacer\" data-id=\"9735117\" data-element_type=\"widget\" data-e-type=\"widget\" data-widget_type=\"spacer.default\">\n\t\t\t\t\t\t\t<div class=\"elementor-spacer\">\n\t\t\t<div class=\"elementor-spacer-inner\"><\/div>\n\t\t<\/div>\n\t\t\t\t\t\t<\/div>\n\t\t\t\t<div class=\"elementor-element elementor-element-9c47e72 elementor-widget elementor-widget-text-editor\" data-id=\"9c47e72\" data-element_type=\"widget\" data-e-type=\"widget\" data-widget_type=\"text-editor.default\">\n\t\t\t\t\t\t\t\t\t<p><span style=\"font-weight: 400;\">Edital: <\/span><a href=\"http:\/\/adesampa.com.br\/fashionsampa\/wp-content\/uploads\/2025\/11\/Edital-251113_Chamamento_Fashion_Sampa_2a_edicao___Edital_19.2025__1_.pdf\" target=\"_blank\" rel=\"noopener\"><b>Clique aqui<\/b><\/a><\/p>\t\t\t\t\t\t\t\t<\/div>\n\t\t\t\t<div class=\"elementor-element elementor-element-ff6a1ef elementor-widget elementor-widget-text-editor\" data-id=\"ff6a1ef\" data-element_type=\"widget\" data-e-type=\"widget\" data-widget_type=\"text-editor.default\">\n\t\t\t\t\t\t\t\t\t<p><span style=\"font-weight: 400;\">Anexo II \u2013 Declara\u00e7\u00e3o de uso do im\u00f3vel: <\/span><a href=\"https:\/\/adesampa.com.br\/fashionsampa\/anexo-ii-declaracao-de-uso-do-imovel-2\/\" target=\"_blank\" rel=\"noopener\"><b>Clique aqui<\/b><\/a><\/p>\t\t\t\t\t\t\t\t<\/div>\n\t\t\t\t<div class=\"elementor-element elementor-element-f1d6c18 elementor-widget elementor-widget-text-editor\" data-id=\"f1d6c18\" data-element_type=\"widget\" data-e-type=\"widget\" data-widget_type=\"text-editor.default\">\n\t\t\t\t\t\t\t\t\t<p><span style=\"font-weight: 400;\">Anexo III &#8211; Declara\u00e7\u00e3o complementar de resid\u00eancia: <\/span><a href=\"https:\/\/adesampa.com.br\/fashionsampa\/anexo-iii-declaracao-complementar-de-residencia\/\" target=\"_blank\" rel=\"noopener\"><b>Clique aqui<\/b><\/a><\/p>\t\t\t\t\t\t\t\t<\/div>\n\t\t\t\t<div class=\"elementor-element elementor-element-bbcf220 elementor-widget elementor-widget-text-editor\" data-id=\"bbcf220\" data-element_type=\"widget\" data-e-type=\"widget\" data-widget_type=\"text-editor.default\">\n\t\t\t\t\t\t\t\t\t<p><span style=\"font-weight: 400;\">Anexo V &#8211; Declara\u00e7\u00e3o de n\u00e3o impedimento: <\/span><a href=\"https:\/\/adesampa.com.br\/fashionsampa\/anexo-v-declaracao-de-nao-impedimento\/\" target=\"_blank\" rel=\"noopener\"><b>Clique aqui<\/b><\/a><\/p>\t\t\t\t\t\t\t\t<\/div>\n\t\t\t\t<div class=\"elementor-element elementor-element-2549b94 elementor-widget elementor-widget-text-editor\" data-id=\"2549b94\" data-element_type=\"widget\" data-e-type=\"widget\" data-widget_type=\"text-editor.default\">\n\t\t\t\t\t\t\t\t\t<p><span style=\"font-weight: 400;\">D\u00favidas e respostas: <\/span><a href=\"http:\/\/adesampa.com.br\/fashionsampa\/wp-content\/uploads\/2025\/12\/Esclarecimentos-Edital-19.2025-_-Fashion-Sampa-2a-Edicao-ate-15.12.pdf\" target=\"_blank\" rel=\"noopener\"><b>Clique aqui<\/b><\/a><\/p>\t\t\t\t\t\t\t\t<\/div>\n\t\t\t\t<div class=\"elementor-element elementor-element-f90c4ce elementor-widget elementor-widget-text-editor\" data-id=\"f90c4ce\" data-element_type=\"widget\" data-e-type=\"widget\" data-widget_type=\"text-editor.default\">\n\t\t\t\t\t\t\t\t\t<p><span style=\"font-weight: 400;\">Comunicado: <\/span><a href=\"http:\/\/adesampa.com.br\/fashionsampa\/wp-content\/uploads\/2025\/12\/SEI_147679098_Extrato.pdf\" target=\"_blank\" rel=\"noopener\"><b>Clique aqui<\/b><\/a><\/p>\t\t\t\t\t\t\t\t<\/div>\n\t\t\t\t<div class=\"elementor-element elementor-element-13caaa6 elementor-widget elementor-widget-text-editor\" data-id=\"13caaa6\" data-element_type=\"widget\" data-e-type=\"widget\" data-widget_type=\"text-editor.default\">\n\t\t\t\t\t\t\t\t\t<p><span style=\"font-weight: 400;\">Comunicado 2: <\/span><a href=\"http:\/\/adesampa.com.br\/fashionsampa\/wp-content\/uploads\/2026\/01\/SEI_Ata-5.1.26_e_Comunicado1.pdf\"><b>Clique aqui<\/b><\/a><\/p>\t\t\t\t\t\t\t\t<\/div>\n\t\t\t\t<div class=\"elementor-element elementor-element-622bfe3 elementor-widget elementor-widget-text-editor\" data-id=\"622bfe3\" data-element_type=\"widget\" data-e-type=\"widget\" data-widget_type=\"text-editor.default\">\n\t\t\t\t\t\t\t\t\t<p><span style=\"font-weight: 400;\">Resultado preliminar: <\/span><a href=\"http:\/\/adesampa.com.br\/fashionsampa\/wp-content\/uploads\/2026\/01\/SEI_149335537_Ata_Resultado-Preliminar-Fashion-Sampa-2.pdf\"><b>Clique aqui<\/b><\/a><\/p>\t\t\t\t\t\t\t\t<\/div>\n\t\t\t\t<div class=\"elementor-element elementor-element-e6414d9 elementor-widget elementor-widget-text-editor\" data-id=\"e6414d9\" data-element_type=\"widget\" data-e-type=\"widget\" data-widget_type=\"text-editor.default\">\n\t\t\t\t\t\t\t\t\t<p><span style=\"font-weight: 400;\">Resultado dos recursos: <\/span><a href=\"http:\/\/adesampa.com.br\/fashionsampa\/wp-content\/uploads\/2026\/01\/Resultado-Final_-Edital-019.2025_Fashion-Sampa-2a-edicao.pdf\"><b>Clique aqui<\/b><\/a><\/p>\t\t\t\t\t\t\t\t<\/div>\n\t\t\t\t<div class=\"elementor-element elementor-element-0d72bf1 elementor-widget elementor-widget-text-editor\" data-id=\"0d72bf1\" data-element_type=\"widget\" data-e-type=\"widget\" data-widget_type=\"text-editor.default\">\n\t\t\t\t\t\t\t\t\t<p><span style=\"font-weight: 400;\">Resultado final: <\/span><a href=\"http:\/\/adesampa.com.br\/fashionsampa\/wp-content\/uploads\/2026\/02\/SEI_150959782_Solicitacao.pdf\"><b>Clique aqui<\/b><\/a><\/p>\t\t\t\t\t\t\t\t<\/div>\n\t\t\t\t\t<\/div>\n\t\t\t\t<\/div>\n\t\t<div class=\"elementor-element elementor-element-b68ddc1 e-flex e-con-boxed e-con e-parent\" data-id=\"b68ddc1\" data-element_type=\"container\" data-e-type=\"container\">\n\t\t\t\t\t<div class=\"e-con-inner\">\n\t\t\t\t<div class=\"elementor-element elementor-element-ac4adeb elementor-widget__width-initial elementor-widget-mobile__width-initial elementor-align-justify elementor-widget elementor-widget-button\" data-id=\"ac4adeb\" data-element_type=\"widget\" data-e-type=\"widget\" data-widget_type=\"button.default\">\n\t\t\t\t\t\t\t\t\t\t<a class=\"elementor-button elementor-button-link elementor-size-sm\" href=\"https:\/\/docs.google.com\/forms\/d\/e\/1FAIpQLSdTKfgJePAqOTkzd36GMVCe-Pd9hmKKzuHIpm3BMe9xhcJNLA\/viewform\">\n\t\t\t\t\t\t<span class=\"elementor-button-content-wrapper\">\n\t\t\t\t\t\t\t\t\t<span class=\"elementor-button-text\">INSCREVA-SE<\/span>\n\t\t\t\t\t<\/span>\n\t\t\t\t\t<\/a>\n\t\t\t\t\t\t\t\t<\/div>\n\t\t\t\t<div class=\"elementor-element elementor-element-d9cba25 elementor-widget elementor-widget-spacer\" data-id=\"d9cba25\" data-element_type=\"widget\" data-e-type=\"widget\" data-widget_type=\"spacer.default\">\n\t\t\t\t\t\t\t<div class=\"elementor-spacer\">\n\t\t\t<div class=\"elementor-spacer-inner\"><\/div>\n\t\t<\/div>\n\t\t\t\t\t\t<\/div>\n\t\t\t\t\t<\/div>\n\t\t\t\t<\/div>\n\t\t\t\t<\/div>\n\t\t","protected":false},"excerpt":{"rendered":"<p>DOCUMENTOS Acesse o edital, os documentos necess\u00e1rios para participar e&hellip;<\/p>\n<p> <a class=\"more-link\" href=\"https:\/\/adesampa.com.br\/fashionsampa\/edital\/\">Read more<\/a><\/p>\n","protected":false},"author":2,"featured_media":0,"parent":0,"menu_order":0,"comment_status":"closed","ping_status":"closed","template":"elementor_header_footer","meta":{"footnotes":""},"class_list":["post-12256","page","type-page","status-publish"],"_links":{"self":[{"href":"https:\/\/adesampa.com.br\/fashionsampa\/wp-json\/wp\/v2\/pages\/12256","targetHints":{"allow":["GET"]}}],"collection":[{"href":"https:\/\/adesampa.com.br\/fashionsampa\/wp-json\/wp\/v2\/pages"}],"about":[{"href":"https:\/\/adesampa.com.br\/fashionsampa\/wp-json\/wp\/v2\/types\/page"}],"author":[{"embeddable":true,"href":"https:\/\/adesampa.com.br\/fashionsampa\/wp-json\/wp\/v2\/users\/2"}],"replies":[{"embeddable":true,"href":"https:\/\/adesampa.com.br\/fashionsampa\/wp-json\/wp\/v2\/comments?post=12256"}],"version-history":[{"count":27,"href":"https:\/\/adesampa.com.br\/fashionsampa\/wp-json\/wp\/v2\/pages\/12256\/revisions"}],"predecessor-version":[{"id":13175,"href":"https:\/\/adesampa.com.br\/fashionsampa\/wp-json\/wp\/v2\/pages\/12256\/revisions\/13175"}],"wp:attachment":[{"href":"https:\/\/adesampa.com.br\/fashionsampa\/wp-json\/wp\/v2\/media?parent=12256"}],"curies":[{"name":"wp","href":"https:\/\/api.w.org\/{rel}","templated":true}]}}