{"id":12191,"date":"2026-01-06T14:33:13","date_gmt":"2026-01-06T17:33:13","guid":{"rendered":"https:\/\/adesampa.com.br\/fabricadenegocios\/?page_id=12191"},"modified":"2026-01-12T16:58:15","modified_gmt":"2026-01-12T19:58:15","slug":"sobre","status":"publish","type":"page","link":"https:\/\/adesampa.com.br\/fabricadenegocios\/sobre\/","title":{"rendered":"Sobre"},"content":{"rendered":"\t\t<div data-elementor-type=\"wp-post\" data-elementor-id=\"12191\" class=\"elementor elementor-12191\">\n\t\t\t\t<div class=\"elementor-element elementor-element-9aa5b76 e-con-full e-flex e-con e-parent\" data-id=\"9aa5b76\" data-element_type=\"container\" data-e-type=\"container\" id=\"home\" data-settings=\"{&quot;background_background&quot;:&quot;classic&quot;}\">\n\t\t<div class=\"elementor-element elementor-element-7e22327 e-flex e-con-boxed e-con e-child\" data-id=\"7e22327\" data-element_type=\"container\" data-e-type=\"container\">\n\t\t\t\t\t<div class=\"e-con-inner\">\n\t\t\t\t<div class=\"elementor-element elementor-element-84a773f elementor-widget elementor-widget-heading\" data-id=\"84a773f\" data-element_type=\"widget\" data-e-type=\"widget\" data-widget_type=\"heading.default\">\n\t\t\t\t\t<h2 class=\"elementor-heading-title elementor-size-default\">Sobre<\/h2>\t\t\t\t<\/div>\n\t\t\t\t\t<\/div>\n\t\t\t\t<\/div>\n\t\t\t\t<\/div>\n\t\t<div class=\"elementor-element elementor-element-27a8242 e-con-full e-flex e-con e-parent\" data-id=\"27a8242\" data-element_type=\"container\" data-e-type=\"container\" data-settings=\"{&quot;background_background&quot;:&quot;classic&quot;}\">\n\t\t\t\t<div class=\"elementor-element elementor-element-55c21bc elementor-widget elementor-widget-spacer\" data-id=\"55c21bc\" data-element_type=\"widget\" data-e-type=\"widget\" data-widget_type=\"spacer.default\">\n\t\t\t\t\t\t\t<div class=\"elementor-spacer\">\n\t\t\t<div class=\"elementor-spacer-inner\"><\/div>\n\t\t<\/div>\n\t\t\t\t\t\t<\/div>\n\t\t\t\t<div class=\"elementor-element elementor-element-88775a4 elementor-widget-mobile__width-inherit elementor-widget elementor-widget-text-editor\" data-id=\"88775a4\" data-element_type=\"widget\" data-e-type=\"widget\" data-widget_type=\"text-editor.default\">\n\t\t\t\t\t\t\t\t\t<p>O <strong>F\u00e1brica de Neg\u00f3cios<\/strong> \u00e9 um curso gratuito de empreendedorismo do zero, que ensina a criar e gerir neg\u00f3cios, voltado para quem j\u00e1 empreende ou deseja iniciar sua jornada. Por meio de uma metodologia pr\u00f3pria e aplicada, a iniciativa prop\u00f5e um percurso desde o mapeamento de habilidades pessoais e tend\u00eancias de mercado, at\u00e9 a jornada do cliente, divulga\u00e7\u00e3o online e t\u00e9cnicas de venda.<\/p>\t\t\t\t\t\t\t\t<\/div>\n\t\t\t\t<\/div>\n\t\t<div class=\"elementor-element elementor-element-ce9817e e-con-full e-flex e-con e-parent\" data-id=\"ce9817e\" data-element_type=\"container\" data-e-type=\"container\" data-settings=\"{&quot;background_background&quot;:&quot;classic&quot;}\">\n\t\t<div class=\"elementor-element elementor-element-cd04533 e-con-full e-flex e-con e-child\" data-id=\"cd04533\" data-element_type=\"container\" data-e-type=\"container\" data-settings=\"{&quot;background_background&quot;:&quot;classic&quot;}\">\n\t\t\t\t<div class=\"elementor-element elementor-element-d71604c elementor-widget elementor-widget-image\" data-id=\"d71604c\" data-element_type=\"widget\" data-e-type=\"widget\" data-widget_type=\"image.default\">\n\t\t\t\t\t\t\t\t\t\t\t\t\t\t\t<img fetchpriority=\"high\" decoding=\"async\" width=\"1856\" height=\"1344\" src=\"https:\/\/adesampa.com.br\/fabricadenegocios\/wp-content\/uploads\/2026\/01\/B2-Fotografia.png\" class=\"attachment-full size-full wp-image-12198\" alt=\"\" srcset=\"https:\/\/adesampa.com.br\/fabricadenegocios\/wp-content\/uploads\/2026\/01\/B2-Fotografia.png 1856w, https:\/\/adesampa.com.br\/fabricadenegocios\/wp-content\/uploads\/2026\/01\/B2-Fotografia-300x217.png 300w, https:\/\/adesampa.com.br\/fabricadenegocios\/wp-content\/uploads\/2026\/01\/B2-Fotografia-1024x742.png 1024w, https:\/\/adesampa.com.br\/fabricadenegocios\/wp-content\/uploads\/2026\/01\/B2-Fotografia-768x556.png 768w, https:\/\/adesampa.com.br\/fabricadenegocios\/wp-content\/uploads\/2026\/01\/B2-Fotografia-1536x1112.png 1536w\" sizes=\"(max-width: 1856px) 100vw, 1856px\" \/>\t\t\t\t\t\t\t\t\t\t\t\t\t\t\t<\/div>\n\t\t\t\t<\/div>\n\t\t<div class=\"elementor-element elementor-element-ffad7a7 e-con-full e-flex e-con e-child\" data-id=\"ffad7a7\" data-element_type=\"container\" data-e-type=\"container\">\n\t\t\t\t<div class=\"elementor-element elementor-element-46e4a49 elementor-widget-mobile__width-initial elementor-widget__width-initial elementor-widget elementor-widget-text-editor\" data-id=\"46e4a49\" data-element_type=\"widget\" data-e-type=\"widget\" data-widget_type=\"text-editor.default\">\n\t\t\t\t\t\t\t\t\t<p>Estruturado em seis encontros, com dura\u00e7\u00e3o de tr\u00eas semanas, o F\u00e1brica de Neg\u00f3cios tem como objetivo fortalecer o ecossistema empreendedor na cidade. A metodologia aborda as etapas de idea\u00e7\u00e3o, valida\u00e7\u00e3o, modelagem de neg\u00f3cio e desenvolvimento do M\u00ednimo Produto Vi\u00e1vel (MVP). Tamb\u00e9m h\u00e1 conte\u00fados voltados para precifica\u00e7\u00e3o, marketing digital, vendas e pitch. O curso, ainda, oferece kit lanche em todas as aulas.<\/p><p>Ap\u00f3s conclus\u00e3o e certifica\u00e7\u00e3o no curso, o empreendedor recebe acompanhamento inicial para a elabora\u00e7\u00e3o de um roteiro de atendimento para canais online, uma p\u00e1gina de vendas online e identidade visual das marcas.<\/p>\t\t\t\t\t\t\t\t<\/div>\n\t\t\t\t<\/div>\n\t\t\t\t<\/div>\n\t\t<div class=\"elementor-element elementor-element-1595443 e-con-full e-flex e-con e-parent\" data-id=\"1595443\" data-element_type=\"container\" data-e-type=\"container\" id=\"about\" data-settings=\"{&quot;background_background&quot;:&quot;classic&quot;}\">\n\t\t\t\t<div class=\"elementor-element elementor-element-9a87048 elementor-widget elementor-widget-spacer\" data-id=\"9a87048\" data-element_type=\"widget\" data-e-type=\"widget\" data-widget_type=\"spacer.default\">\n\t\t\t\t\t\t\t<div class=\"elementor-spacer\">\n\t\t\t<div class=\"elementor-spacer-inner\"><\/div>\n\t\t<\/div>\n\t\t\t\t\t\t<\/div>\n\t\t<div class=\"elementor-element elementor-element-c3fc7f3 e-con-full e-flex e-con e-child\" data-id=\"c3fc7f3\" data-element_type=\"container\" data-e-type=\"container\">\n\t\t\t\t<div class=\"elementor-element elementor-element-fd8b42a elementor-widget__width-inherit elementor-widget elementor-widget-heading\" data-id=\"fd8b42a\" data-element_type=\"widget\" data-e-type=\"widget\" data-widget_type=\"heading.default\">\n\t\t\t\t\t<h2 class=\"elementor-heading-title elementor-size-default\">Realiza\u00e7\u00e3o<\/h2>\t\t\t\t<\/div>\n\t\t\t\t<div class=\"elementor-element elementor-element-a135a40 elementor-widget elementor-widget-text-editor\" data-id=\"a135a40\" data-element_type=\"widget\" data-e-type=\"widget\" data-widget_type=\"text-editor.default\">\n\t\t\t\t\t\t\t\t\t<p>O <strong>F\u00e1brica de Neg\u00f3cios<\/strong> \u00e9 uma iniciativa da Prefeitura de S\u00e3o Paulo e executado pela ADE SAMPA, entidade ligada \u00e0 Secretaria Municipal de Desenvolvimento Econ\u00f4mico e Trabalho.<\/p>\t\t\t\t\t\t\t\t<\/div>\n\t\t\t\t<div class=\"elementor-element elementor-element-7b37d97 elementor-widget elementor-widget-spacer\" data-id=\"7b37d97\" data-element_type=\"widget\" data-e-type=\"widget\" data-widget_type=\"spacer.default\">\n\t\t\t\t\t\t\t<div class=\"elementor-spacer\">\n\t\t\t<div class=\"elementor-spacer-inner\"><\/div>\n\t\t<\/div>\n\t\t\t\t\t\t<\/div>\n\t\t\t\t<div class=\"elementor-element elementor-element-2ce4212 elementor-widget__width-inherit elementor-widget elementor-widget-heading\" data-id=\"2ce4212\" data-element_type=\"widget\" data-e-type=\"widget\" data-widget_type=\"heading.default\">\n\t\t\t\t\t<h2 class=\"elementor-heading-title elementor-size-default\">ADE SAMPA<\/h2>\t\t\t\t<\/div>\n\t\t\t\t<div class=\"elementor-element elementor-element-0b7502f elementor-widget elementor-widget-text-editor\" data-id=\"0b7502f\" data-element_type=\"widget\" data-e-type=\"widget\" data-widget_type=\"text-editor.default\">\n\t\t\t\t\t\t\t\t\t<p>A <strong>Ag\u00eancia S\u00e3o Paulo de Desenvolvimento<\/strong> promove pol\u00edticas p\u00fablicas que contribuem para a redu\u00e7\u00e3o de desigualdades econ\u00f4micas, aumentando a competitividade e fomentando a gera\u00e7\u00e3o de emprego e renda na cidade de S\u00e3o Paulo. Com a\u00e7\u00f5es e programas voltados para empreendedorismo, inova\u00e7\u00e3o, tecnologia e sustentabilidade, oferece cursos e capacita\u00e7\u00f5es, acelera\u00e7\u00e3o de neg\u00f3cios, atendimento para MEIs, espa\u00e7os de trabalho gratuitos, est\u00fadios de podcasts e orienta\u00e7\u00e3o para obten\u00e7\u00e3o de cr\u00e9dito.<\/p>\t\t\t\t\t\t\t\t<\/div>\n\t\t\t\t<\/div>\n\t\t\t\t<div class=\"elementor-element elementor-element-69725b9 elementor-widget elementor-widget-spacer\" data-id=\"69725b9\" data-element_type=\"widget\" data-e-type=\"widget\" data-widget_type=\"spacer.default\">\n\t\t\t\t\t\t\t<div class=\"elementor-spacer\">\n\t\t\t<div class=\"elementor-spacer-inner\"><\/div>\n\t\t<\/div>\n\t\t\t\t\t\t<\/div>\n\t\t\t\t<\/div>\n\t\t\t\t<\/div>\n\t\t","protected":false},"excerpt":{"rendered":"<p>Sobre O F\u00e1brica de Neg\u00f3cios \u00e9 um curso gratuito de&hellip;<\/p>\n<p> <a class=\"more-link\" href=\"https:\/\/adesampa.com.br\/fabricadenegocios\/sobre\/\">Read more<\/a><\/p>\n","protected":false},"author":2,"featured_media":0,"parent":0,"menu_order":0,"comment_status":"closed","ping_status":"closed","template":"","meta":{"footnotes":""},"class_list":["post-12191","page","type-page","status-publish"],"_links":{"self":[{"href":"https:\/\/adesampa.com.br\/fabricadenegocios\/wp-json\/wp\/v2\/pages\/12191","targetHints":{"allow":["GET"]}}],"collection":[{"href":"https:\/\/adesampa.com.br\/fabricadenegocios\/wp-json\/wp\/v2\/pages"}],"about":[{"href":"https:\/\/adesampa.com.br\/fabricadenegocios\/wp-json\/wp\/v2\/types\/page"}],"author":[{"embeddable":true,"href":"https:\/\/adesampa.com.br\/fabricadenegocios\/wp-json\/wp\/v2\/users\/2"}],"replies":[{"embeddable":true,"href":"https:\/\/adesampa.com.br\/fabricadenegocios\/wp-json\/wp\/v2\/comments?post=12191"}],"version-history":[{"count":130,"href":"https:\/\/adesampa.com.br\/fabricadenegocios\/wp-json\/wp\/v2\/pages\/12191\/revisions"}],"predecessor-version":[{"id":12646,"href":"https:\/\/adesampa.com.br\/fabricadenegocios\/wp-json\/wp\/v2\/pages\/12191\/revisions\/12646"}],"wp:attachment":[{"href":"https:\/\/adesampa.com.br\/fabricadenegocios\/wp-json\/wp\/v2\/media?parent=12191"}],"curies":[{"name":"wp","href":"https:\/\/api.w.org\/{rel}","templated":true}]}}