{"id":12226,"date":"2025-09-24T20:44:32","date_gmt":"2025-09-24T23:44:32","guid":{"rendered":"https:\/\/adesampa.com.br\/dev\/?page_id=12226"},"modified":"2026-01-30T17:37:53","modified_gmt":"2026-01-30T20:37:53","slug":"edital","status":"publish","type":"page","link":"https:\/\/adesampa.com.br\/amplificacine\/edital\/","title":{"rendered":"Edital"},"content":{"rendered":"\t\t<div data-elementor-type=\"wp-page\" data-elementor-id=\"12226\" class=\"elementor elementor-12226\">\n\t\t\t\t<div class=\"elementor-element elementor-element-a60b429 e-con-full elementor-hidden-tablet elementor-hidden-mobile e-flex e-con e-parent\" data-id=\"a60b429\" data-element_type=\"container\" data-e-type=\"container\" data-settings=\"{&quot;background_background&quot;:&quot;classic&quot;}\">\n\t\t\t\t<div class=\"elementor-element elementor-element-e64f25c elementor-widget__width-inherit elementor-widget elementor-widget-heading\" data-id=\"e64f25c\" data-element_type=\"widget\" data-e-type=\"widget\" data-widget_type=\"heading.default\">\n\t\t\t\t\t<h2 class=\"elementor-heading-title elementor-size-default\">Documentos<\/h2>\t\t\t\t<\/div>\n\t\t\t\t<\/div>\n\t\t<div class=\"elementor-element elementor-element-e0f91d1 e-con-full elementor-hidden-desktop e-flex e-con e-parent\" data-id=\"e0f91d1\" data-element_type=\"container\" data-e-type=\"container\" data-settings=\"{&quot;background_background&quot;:&quot;classic&quot;}\">\n\t\t\t\t<div class=\"elementor-element elementor-element-d9c462c elementor-widget__width-inherit elementor-widget elementor-widget-heading\" data-id=\"d9c462c\" data-element_type=\"widget\" data-e-type=\"widget\" data-widget_type=\"heading.default\">\n\t\t\t\t\t<h2 class=\"elementor-heading-title elementor-size-default\">Documentos<\/h2>\t\t\t\t<\/div>\n\t\t\t\t<\/div>\n\t\t<div class=\"elementor-element elementor-element-b231d72 elementor-hidden-tablet elementor-hidden-mobile e-flex e-con-boxed e-con e-parent\" data-id=\"b231d72\" data-element_type=\"container\" data-e-type=\"container\">\n\t\t\t\t\t<div class=\"e-con-inner\">\n\t\t\t\t<div class=\"elementor-element elementor-element-9acb808 elementor-widget elementor-widget-spacer\" data-id=\"9acb808\" data-element_type=\"widget\" data-e-type=\"widget\" data-widget_type=\"spacer.default\">\n\t\t\t\t\t\t\t<div class=\"elementor-spacer\">\n\t\t\t<div class=\"elementor-spacer-inner\"><\/div>\n\t\t<\/div>\n\t\t\t\t\t\t<\/div>\n\t\t\t\t\t<\/div>\n\t\t\t\t<\/div>\n\t\t<div class=\"elementor-element elementor-element-651798e e-flex e-con-boxed e-con e-parent\" data-id=\"651798e\" data-element_type=\"container\" data-e-type=\"container\">\n\t\t\t\t\t<div class=\"e-con-inner\">\n\t\t\t\t<div class=\"elementor-element elementor-element-0987854 elementor-hidden-desktop elementor-widget elementor-widget-spacer\" data-id=\"0987854\" data-element_type=\"widget\" data-e-type=\"widget\" data-widget_type=\"spacer.default\">\n\t\t\t\t\t\t\t<div class=\"elementor-spacer\">\n\t\t\t<div class=\"elementor-spacer-inner\"><\/div>\n\t\t<\/div>\n\t\t\t\t\t\t<\/div>\n\t\t\t\t\t<\/div>\n\t\t\t\t<\/div>\n\t\t<div class=\"elementor-element elementor-element-de6bc95 elementor-hidden-tablet e-flex e-con-boxed e-con e-parent\" data-id=\"de6bc95\" data-element_type=\"container\" data-e-type=\"container\">\n\t\t\t\t\t<div class=\"e-con-inner\">\n\t\t<div class=\"elementor-element elementor-element-5324aab e-con-full e-flex e-con e-child\" data-id=\"5324aab\" data-element_type=\"container\" data-e-type=\"container\">\n\t\t\t\t<div class=\"elementor-element elementor-element-4638284 elementor-widget elementor-widget-text-editor\" data-id=\"4638284\" data-element_type=\"widget\" data-e-type=\"widget\" data-widget_type=\"text-editor.default\">\n\t\t\t\t\t\t\t\t\t<p>Edital: <strong><a href=\"https:\/\/adesampa.com.br\/amplificacine\/wp-content\/uploads\/2025\/11\/AMPLIFICA_CINE_por_VAI_TEC_4.docx__1_.pdf\">Clique aqui<\/a><\/strong><\/p>\t\t\t\t\t\t\t\t<\/div>\n\t\t\t\t<div class=\"elementor-element elementor-element-eced411 elementor-widget elementor-widget-text-editor\" data-id=\"eced411\" data-element_type=\"widget\" data-e-type=\"widget\" data-widget_type=\"text-editor.default\">\n\t\t\t\t\t\t\t\t\t<p>Declara\u00e7\u00e3o Complementar de Resid\u00eancia: <strong><a href=\"https:\/\/adesampa.com.br\/amplificacine\/wp-content\/uploads\/2025\/11\/ANEXO-I-DECLARACAO-COMPLEMENTAR-DE-RESIDENCIA.docx\">Clique aqui<\/a><\/strong><\/p>\t\t\t\t\t\t\t\t<\/div>\n\t\t\t\t<div class=\"elementor-element elementor-element-6236d43 elementor-widget elementor-widget-text-editor\" data-id=\"6236d43\" data-element_type=\"widget\" data-e-type=\"widget\" data-widget_type=\"text-editor.default\">\n\t\t\t\t\t\t\t\t\t<p>Descri\u00e7\u00e3o do Projeto (PDF): <strong><a href=\"https:\/\/adesampa.com.br\/amplificacine\/wp-content\/uploads\/2025\/10\/Documento-de-descricao-do-negocio.docx-2.pdf\">Clique aqui<\/a><\/strong><\/p>\t\t\t\t\t\t\t\t<\/div>\n\t\t\t\t<div class=\"elementor-element elementor-element-2315e16 elementor-widget elementor-widget-text-editor\" data-id=\"2315e16\" data-element_type=\"widget\" data-e-type=\"widget\" data-widget_type=\"text-editor.default\">\n\t\t\t\t\t\t\t\t\t<p>Descri\u00e7\u00e3o do Projeto (WORD): <strong><a href=\"https:\/\/adesampa.com.br\/amplificacine\/wp-content\/uploads\/2025\/10\/Documento-de-descricao-do-negocio-2.docx\">Clique aqui<\/a><\/strong><\/p>\t\t\t\t\t\t\t\t<\/div>\n\t\t\t\t<div class=\"elementor-element elementor-element-3fe53ed elementor-widget elementor-widget-text-editor\" data-id=\"3fe53ed\" data-element_type=\"widget\" data-e-type=\"widget\" data-widget_type=\"text-editor.default\">\n\t\t\t\t\t\t\t\t\t<p>Planilha Or\u00e7ament\u00e1ria: <strong><a href=\"https:\/\/adesampa.com.br\/amplificacine\/wp-content\/uploads\/2025\/11\/Modelo-de-Planilha-orcamentaria-AMPLIFICA-CINE-4.xlsx\">Clique aqui<\/a><\/strong><\/p>\t\t\t\t\t\t\t\t<\/div>\n\t\t\t\t<div class=\"elementor-element elementor-element-80eedd6 elementor-widget elementor-widget-text-editor\" data-id=\"80eedd6\" data-element_type=\"widget\" data-e-type=\"widget\" data-widget_type=\"text-editor.default\">\n\t\t\t\t\t\t\t\t\t<p>Comunicado 01: <strong><a href=\"https:\/\/adesampa.com.br\/amplificacine\/wp-content\/uploads\/2025\/10\/COMUNICADO-No-01-Prorrogacao-das-inscricoes.docx.pdf\">Clique aqui<\/a><\/strong><\/p>\t\t\t\t\t\t\t\t<\/div>\n\t\t\t\t<div class=\"elementor-element elementor-element-8a43424 elementor-widget elementor-widget-text-editor\" data-id=\"8a43424\" data-element_type=\"widget\" data-e-type=\"widget\" data-widget_type=\"text-editor.default\">\n\t\t\t\t\t\t\t\t\t<p>Ata de Retifica\u00e7\u00e3o de Documenta\u00e7\u00e3o: <strong><a href=\"https:\/\/adesampa.com.br\/amplificacine\/wp-content\/uploads\/2025\/11\/Ata_Retificacao-de-documentacao-Amplifica-Cine-4a-edicao-.docx.pdf\">Clique aqui<\/a><\/strong><\/p>\t\t\t\t\t\t\t\t<\/div>\n\t\t\t\t<div class=\"elementor-element elementor-element-f3629db elementor-widget elementor-widget-text-editor\" data-id=\"f3629db\" data-element_type=\"widget\" data-e-type=\"widget\" data-widget_type=\"text-editor.default\">\n\t\t\t\t\t\t\t\t\t<p>Formul\u00e1rio de Retifica\u00e7\u00e3o Documental: <strong><a href=\"https:\/\/forms.gle\/7aKkcWYyqVhp67VU7\">Clique aqui<\/a><\/strong><\/p>\t\t\t\t\t\t\t\t<\/div>\n\t\t\t\t<div class=\"elementor-element elementor-element-fdc3f4d elementor-widget elementor-widget-text-editor\" data-id=\"fdc3f4d\" data-element_type=\"widget\" data-e-type=\"widget\" data-widget_type=\"text-editor.default\">\n\t\t\t\t\t\t\t\t\t<p>Ata de resultado parcial &#8211; 2\u00aa fase de avalia\u00e7\u00e3o: <strong><a href=\"https:\/\/adesampa.com.br\/amplificacine\/wp-content\/uploads\/2025\/12\/Resultado-Parcial-AMPLIFICA-CINE-4-2a-fase.docx-1.pdf\">Clique aqui<\/a><\/strong><\/p>\t\t\t\t\t\t\t\t<\/div>\n\t\t\t\t<div class=\"elementor-element elementor-element-a9f1779 elementor-widget elementor-widget-text-editor\" data-id=\"a9f1779\" data-element_type=\"widget\" data-e-type=\"widget\" data-widget_type=\"text-editor.default\">\n\t\t\t\t\t\t\t\t\t<p>Comunicado n\u00ba 02 &#8211; Cronograma de entrevistas: <strong><a href=\"https:\/\/adesampa.com.br\/amplificacine\/wp-content\/uploads\/2025\/12\/Comunicado-No-02-3a-fase-de-selecao-cronograma-de-entrevistas.docx.pdf\">Clique aqui<\/a><\/strong><\/p>\t\t\t\t\t\t\t\t<\/div>\n\t\t\t\t<div class=\"elementor-element elementor-element-bc042c5 elementor-widget elementor-widget-text-editor\" data-id=\"bc042c5\" data-element_type=\"widget\" data-e-type=\"widget\" data-widget_type=\"text-editor.default\">\n\t\t\t\t\t\t\t\t\t<p>Ata de resultado final: <strong><a href=\"https:\/\/adesampa.com.br\/amplificacine\/wp-content\/uploads\/2026\/01\/Ata_Resultado-Final-Amplifica-Cine-4a-edicao.docx-2.pdf\">Clique aqui<\/a><\/strong><\/p>\t\t\t\t\t\t\t\t<\/div>\n\t\t\t\t<\/div>\n\t\t\t\t\t<\/div>\n\t\t\t\t<\/div>\n\t\t<div class=\"elementor-element elementor-element-5ca150a e-flex e-con-boxed e-con e-parent\" data-id=\"5ca150a\" data-element_type=\"container\" data-e-type=\"container\">\n\t\t\t\t\t<div class=\"e-con-inner\">\n\t\t\t\t<div class=\"elementor-element elementor-element-678cf7a elementor-widget elementor-widget-spacer\" data-id=\"678cf7a\" data-element_type=\"widget\" data-e-type=\"widget\" data-widget_type=\"spacer.default\">\n\t\t\t\t\t\t\t<div class=\"elementor-spacer\">\n\t\t\t<div class=\"elementor-spacer-inner\"><\/div>\n\t\t<\/div>\n\t\t\t\t\t\t<\/div>\n\t\t\t\t\t<\/div>\n\t\t\t\t<\/div>\n\t\t\t\t<\/div>\n\t\t","protected":false},"excerpt":{"rendered":"<p>Documentos Documentos Edital: Clique aqui Declara\u00e7\u00e3o Complementar de Resid\u00eancia: Clique&hellip;<\/p>\n<p> <a class=\"more-link\" href=\"https:\/\/adesampa.com.br\/amplificacine\/edital\/\">Leia mais<\/a><\/p>\n","protected":false},"author":1,"featured_media":0,"parent":0,"menu_order":0,"comment_status":"closed","ping_status":"closed","template":"elementor_header_footer","meta":{"footnotes":""},"class_list":["post-12226","page","type-page","status-publish"],"_links":{"self":[{"href":"https:\/\/adesampa.com.br\/amplificacine\/wp-json\/wp\/v2\/pages\/12226","targetHints":{"allow":["GET"]}}],"collection":[{"href":"https:\/\/adesampa.com.br\/amplificacine\/wp-json\/wp\/v2\/pages"}],"about":[{"href":"https:\/\/adesampa.com.br\/amplificacine\/wp-json\/wp\/v2\/types\/page"}],"author":[{"embeddable":true,"href":"https:\/\/adesampa.com.br\/amplificacine\/wp-json\/wp\/v2\/users\/1"}],"replies":[{"embeddable":true,"href":"https:\/\/adesampa.com.br\/amplificacine\/wp-json\/wp\/v2\/comments?post=12226"}],"version-history":[{"count":98,"href":"https:\/\/adesampa.com.br\/amplificacine\/wp-json\/wp\/v2\/pages\/12226\/revisions"}],"predecessor-version":[{"id":13322,"href":"https:\/\/adesampa.com.br\/amplificacine\/wp-json\/wp\/v2\/pages\/12226\/revisions\/13322"}],"wp:attachment":[{"href":"https:\/\/adesampa.com.br\/amplificacine\/wp-json\/wp\/v2\/media?parent=12226"}],"curies":[{"name":"wp","href":"https:\/\/api.w.org\/{rel}","templated":true}]}}