{"id":12217,"date":"2025-09-24T20:25:13","date_gmt":"2025-09-24T23:25:13","guid":{"rendered":"https:\/\/adesampa.com.br\/dev\/?page_id=12217"},"modified":"2025-10-08T13:58:13","modified_gmt":"2025-10-08T16:58:13","slug":"contatos","status":"publish","type":"page","link":"https:\/\/adesampa.com.br\/amplificacine\/contatos\/","title":{"rendered":"Contatos"},"content":{"rendered":"\t\t<div data-elementor-type=\"wp-page\" data-elementor-id=\"12217\" class=\"elementor elementor-12217\">\n\t\t\t\t<div class=\"elementor-element elementor-element-a60b429 e-con-full elementor-hidden-tablet elementor-hidden-mobile e-flex e-con e-parent\" data-id=\"a60b429\" data-element_type=\"container\" data-e-type=\"container\" data-settings=\"{&quot;background_background&quot;:&quot;classic&quot;}\">\n\t\t\t\t<div class=\"elementor-element elementor-element-e64f25c elementor-widget__width-inherit elementor-widget elementor-widget-heading\" data-id=\"e64f25c\" data-element_type=\"widget\" data-e-type=\"widget\" data-widget_type=\"heading.default\">\n\t\t\t\t\t<h2 class=\"elementor-heading-title elementor-size-default\">Contatos<\/h2>\t\t\t\t<\/div>\n\t\t\t\t<\/div>\n\t\t<div class=\"elementor-element elementor-element-a708515 e-con-full elementor-hidden-desktop e-flex e-con e-parent\" data-id=\"a708515\" data-element_type=\"container\" data-e-type=\"container\" data-settings=\"{&quot;background_background&quot;:&quot;classic&quot;}\">\n\t\t\t\t<div class=\"elementor-element elementor-element-673072b elementor-widget__width-inherit elementor-widget elementor-widget-heading\" data-id=\"673072b\" data-element_type=\"widget\" data-e-type=\"widget\" data-widget_type=\"heading.default\">\n\t\t\t\t\t<h2 class=\"elementor-heading-title elementor-size-default\">Contatos<\/h2>\t\t\t\t<\/div>\n\t\t\t\t<\/div>\n\t\t<div class=\"elementor-element elementor-element-b231d72 e-flex e-con-boxed e-con e-parent\" data-id=\"b231d72\" data-element_type=\"container\" data-e-type=\"container\">\n\t\t\t\t\t<div class=\"e-con-inner\">\n\t\t\t\t<div class=\"elementor-element elementor-element-9acb808 elementor-widget elementor-widget-spacer\" data-id=\"9acb808\" data-element_type=\"widget\" data-e-type=\"widget\" data-widget_type=\"spacer.default\">\n\t\t\t\t\t\t\t<div class=\"elementor-spacer\">\n\t\t\t<div class=\"elementor-spacer-inner\"><\/div>\n\t\t<\/div>\n\t\t\t\t\t\t<\/div>\n\t\t\t\t\t<\/div>\n\t\t\t\t<\/div>\n\t\t<div class=\"elementor-element elementor-element-fe5c80f elementor-hidden-tablet elementor-hidden-mobile e-flex e-con-boxed e-con e-parent\" data-id=\"fe5c80f\" data-element_type=\"container\" data-e-type=\"container\">\n\t\t\t\t\t<div class=\"e-con-inner\">\n\t\t<div class=\"elementor-element elementor-element-3a21b08 e-con-full e-flex e-con e-child\" data-id=\"3a21b08\" data-element_type=\"container\" data-e-type=\"container\">\n\t\t\t\t<div class=\"elementor-element elementor-element-275e9ef elementor-widget elementor-widget-heading\" data-id=\"275e9ef\" data-element_type=\"widget\" data-e-type=\"widget\" data-widget_type=\"heading.default\">\n\t\t\t\t\t<h2 class=\"elementor-heading-title elementor-size-default\">Este \u00e9 seu espa\u00e7o de contato com a equipe do Amplifica Cine!<\/h2>\t\t\t\t<\/div>\n\t\t<div class=\"elementor-element elementor-element-997f18f e-con-full e-flex e-con e-child\" data-id=\"997f18f\" data-element_type=\"container\" data-e-type=\"container\">\n\t\t\t\t<div class=\"elementor-element elementor-element-556255a elementor-widget elementor-widget-text-editor\" data-id=\"556255a\" data-element_type=\"widget\" data-e-type=\"widget\" data-widget_type=\"text-editor.default\">\n\t\t\t\t\t\t\t\t\t<p>Se voc\u00ea tem alguma d\u00favida ou sugest\u00e3o sobre o programa, inscri\u00e7\u00e3o ou etapas do Amplifica, mande um e-mail para:\u2028<\/p><p>vaitec@adesampa.com.br\u2028<\/p><p>N\u00f3s iremos te ajudar!<\/p>\t\t\t\t\t\t\t\t<\/div>\n\t\t\t\t<\/div>\n\t\t\t\t<\/div>\n\t\t<div class=\"elementor-element elementor-element-c26f0e0 e-con-full e-flex e-con e-child\" data-id=\"c26f0e0\" data-element_type=\"container\" data-e-type=\"container\" data-settings=\"{&quot;background_background&quot;:&quot;classic&quot;}\">\n\t\t\t\t<div class=\"elementor-element elementor-element-d483114 elementor-widget elementor-widget-image\" data-id=\"d483114\" data-element_type=\"widget\" data-e-type=\"widget\" data-widget_type=\"image.default\">\n\t\t\t\t\t\t\t\t\t\t\t\t\t\t\t<img fetchpriority=\"high\" decoding=\"async\" width=\"508\" height=\"470\" src=\"https:\/\/adesampa.com.br\/amplificacine\/wp-content\/uploads\/2025\/09\/02-Email.png\" class=\"attachment-large size-large wp-image-12222\" alt=\"\" srcset=\"https:\/\/adesampa.com.br\/amplificacine\/wp-content\/uploads\/2025\/09\/02-Email.png 508w, https:\/\/adesampa.com.br\/amplificacine\/wp-content\/uploads\/2025\/09\/02-Email-300x278.png 300w\" sizes=\"(max-width: 508px) 100vw, 508px\" \/>\t\t\t\t\t\t\t\t\t\t\t\t\t\t\t<\/div>\n\t\t\t\t<\/div>\n\t\t\t\t\t<\/div>\n\t\t\t\t<\/div>\n\t\t<div class=\"elementor-element elementor-element-70a89eb e-grid elementor-hidden-desktop e-con-boxed e-con e-parent\" data-id=\"70a89eb\" data-element_type=\"container\" data-e-type=\"container\">\n\t\t\t\t\t<div class=\"e-con-inner\">\n\t\t\t\t<div class=\"elementor-element elementor-element-0a027e5 elementor-widget elementor-widget-heading\" data-id=\"0a027e5\" data-element_type=\"widget\" data-e-type=\"widget\" data-widget_type=\"heading.default\">\n\t\t\t\t\t<h2 class=\"elementor-heading-title elementor-size-default\">Este \u00e9 seu espa\u00e7o de contato com a equipe do Amplifica Cine!<\/h2>\t\t\t\t<\/div>\n\t\t\t\t<div class=\"elementor-element elementor-element-fea4652 elementor-widget elementor-widget-image\" data-id=\"fea4652\" data-element_type=\"widget\" data-e-type=\"widget\" data-widget_type=\"image.default\">\n\t\t\t\t\t\t\t\t\t\t\t\t\t\t\t<img decoding=\"async\" width=\"508\" height=\"470\" src=\"https:\/\/adesampa.com.br\/amplificacine\/wp-content\/uploads\/2025\/09\/02-Email.png\" class=\"attachment-full size-full wp-image-12222\" alt=\"\" srcset=\"https:\/\/adesampa.com.br\/amplificacine\/wp-content\/uploads\/2025\/09\/02-Email.png 508w, https:\/\/adesampa.com.br\/amplificacine\/wp-content\/uploads\/2025\/09\/02-Email-300x278.png 300w\" sizes=\"(max-width: 508px) 100vw, 508px\" \/>\t\t\t\t\t\t\t\t\t\t\t\t\t\t\t<\/div>\n\t\t\t\t\t<\/div>\n\t\t\t\t<\/div>\n\t\t<div class=\"elementor-element elementor-element-e8ef41c elementor-hidden-desktop e-flex e-con-boxed e-con e-parent\" data-id=\"e8ef41c\" data-element_type=\"container\" data-e-type=\"container\">\n\t\t\t\t\t<div class=\"e-con-inner\">\n\t\t<div class=\"elementor-element elementor-element-cf181d3 e-con-full e-flex e-con e-child\" data-id=\"cf181d3\" data-element_type=\"container\" data-e-type=\"container\">\n\t\t\t\t<div class=\"elementor-element elementor-element-f20267f elementor-widget-tablet__width-initial elementor-widget elementor-widget-text-editor\" data-id=\"f20267f\" data-element_type=\"widget\" data-e-type=\"widget\" data-widget_type=\"text-editor.default\">\n\t\t\t\t\t\t\t\t\t<p>Se voc\u00ea tem alguma d\u00favida ou sugest\u00e3o sobre o programa, inscri\u00e7\u00e3o ou etapas do Amplifica, mande um e-mail para:\u2028<\/p><p><a href=\"https:\/\/adesampa.com.br\/amplificacine\/contato\/vaitec@adesampa.com.br\" target=\"_blank\" rel=\"noopener\" data-fpl-component=\"primitive\">vaitec@adesampa.com.br<\/a>\u2028<\/p><p>N\u00f3s iremos te ajudar!<\/p>\t\t\t\t\t\t\t\t<\/div>\n\t\t\t\t<\/div>\n\t\t\t\t\t<\/div>\n\t\t\t\t<\/div>\n\t\t<div class=\"elementor-element elementor-element-5ca150a e-flex e-con-boxed e-con e-parent\" data-id=\"5ca150a\" data-element_type=\"container\" data-e-type=\"container\">\n\t\t\t\t\t<div class=\"e-con-inner\">\n\t\t\t\t<div class=\"elementor-element elementor-element-678cf7a elementor-widget elementor-widget-spacer\" data-id=\"678cf7a\" data-element_type=\"widget\" data-e-type=\"widget\" data-widget_type=\"spacer.default\">\n\t\t\t\t\t\t\t<div class=\"elementor-spacer\">\n\t\t\t<div class=\"elementor-spacer-inner\"><\/div>\n\t\t<\/div>\n\t\t\t\t\t\t<\/div>\n\t\t\t\t\t<\/div>\n\t\t\t\t<\/div>\n\t\t\t\t<\/div>\n\t\t","protected":false},"excerpt":{"rendered":"<p>Contatos Contatos Este \u00e9 seu espa\u00e7o de contato com a&hellip;<\/p>\n<p> <a class=\"more-link\" href=\"https:\/\/adesampa.com.br\/amplificacine\/contatos\/\">Leia mais<\/a><\/p>\n","protected":false},"author":1,"featured_media":0,"parent":0,"menu_order":0,"comment_status":"closed","ping_status":"closed","template":"elementor_header_footer","meta":{"footnotes":""},"class_list":["post-12217","page","type-page","status-publish"],"_links":{"self":[{"href":"https:\/\/adesampa.com.br\/amplificacine\/wp-json\/wp\/v2\/pages\/12217","targetHints":{"allow":["GET"]}}],"collection":[{"href":"https:\/\/adesampa.com.br\/amplificacine\/wp-json\/wp\/v2\/pages"}],"about":[{"href":"https:\/\/adesampa.com.br\/amplificacine\/wp-json\/wp\/v2\/types\/page"}],"author":[{"embeddable":true,"href":"https:\/\/adesampa.com.br\/amplificacine\/wp-json\/wp\/v2\/users\/1"}],"replies":[{"embeddable":true,"href":"https:\/\/adesampa.com.br\/amplificacine\/wp-json\/wp\/v2\/comments?post=12217"}],"version-history":[{"count":53,"href":"https:\/\/adesampa.com.br\/amplificacine\/wp-json\/wp\/v2\/pages\/12217\/revisions"}],"predecessor-version":[{"id":13165,"href":"https:\/\/adesampa.com.br\/amplificacine\/wp-json\/wp\/v2\/pages\/12217\/revisions\/13165"}],"wp:attachment":[{"href":"https:\/\/adesampa.com.br\/amplificacine\/wp-json\/wp\/v2\/media?parent=12217"}],"curies":[{"name":"wp","href":"https:\/\/api.w.org\/{rel}","templated":true}]}}