{"id":24547,"date":"2026-03-11T09:31:27","date_gmt":"2026-03-11T12:31:27","guid":{"rendered":"https:\/\/adesampa.com.br\/adeeditais\/?page_id=24547"},"modified":"2026-04-16T11:14:07","modified_gmt":"2026-04-16T14:14:07","slug":"edital-07-2026-chamamento","status":"publish","type":"page","link":"https:\/\/adesampa.com.br\/adeeditais\/edital-07-2026-chamamento\/","title":{"rendered":"Edital 07\/2026 &#8211; Chamamento"},"content":{"rendered":"\t\t<div data-elementor-type=\"wp-page\" data-elementor-id=\"24547\" class=\"elementor elementor-24547\">\n\t\t\t\t\t\t<section class=\"elementor-section elementor-top-section elementor-element elementor-element-1b530d0 elementor-section-boxed elementor-section-height-default elementor-section-height-default\" data-id=\"1b530d0\" data-element_type=\"section\" data-e-type=\"section\">\n\t\t\t\t\t\t<div class=\"elementor-container elementor-column-gap-default\">\n\t\t\t\t\t<div class=\"elementor-column elementor-col-50 elementor-top-column elementor-element elementor-element-4185013\" data-id=\"4185013\" data-element_type=\"column\" data-e-type=\"column\">\n\t\t\t<div class=\"elementor-widget-wrap elementor-element-populated\">\n\t\t\t\t\t\t<div class=\"elementor-element elementor-element-863ad9f elementor-widget elementor-widget-text-editor\" data-id=\"863ad9f\" data-element_type=\"widget\" data-e-type=\"widget\" data-widget_type=\"text-editor.default\">\n\t\t\t\t<div class=\"elementor-widget-container\">\n\t\t\t\t\t\t\t\t\t<p><strong>Edital 07\/2026 &#8211; Chamamento<\/strong><\/p>\t\t\t\t\t\t\t\t<\/div>\n\t\t\t\t<\/div>\n\t\t\t\t\t<\/div>\n\t\t<\/div>\n\t\t\t\t<div class=\"elementor-column elementor-col-50 elementor-top-column elementor-element elementor-element-3b4420c\" data-id=\"3b4420c\" data-element_type=\"column\" data-e-type=\"column\">\n\t\t\t<div class=\"elementor-widget-wrap elementor-element-populated\">\n\t\t\t\t\t\t<div class=\"elementor-element elementor-element-a741994 elementor-widget elementor-widget-image\" data-id=\"a741994\" data-element_type=\"widget\" data-e-type=\"widget\" data-widget_type=\"image.default\">\n\t\t\t\t<div class=\"elementor-widget-container\">\n\t\t\t\t\t\t\t\t\t\t\t\t\t\t\t<img fetchpriority=\"high\" decoding=\"async\" width=\"798\" height=\"201\" src=\"https:\/\/adesampa.com.br\/adeeditais\/wp-content\/uploads\/2023\/09\/imagem.png\" class=\"attachment-large size-large wp-image-18290\" alt=\"\" srcset=\"https:\/\/adesampa.com.br\/adeeditais\/wp-content\/uploads\/2023\/09\/imagem.png 798w, https:\/\/adesampa.com.br\/adeeditais\/wp-content\/uploads\/2023\/09\/imagem-300x76.png 300w, https:\/\/adesampa.com.br\/adeeditais\/wp-content\/uploads\/2023\/09\/imagem-768x193.png 768w\" sizes=\"(max-width: 798px) 100vw, 798px\" \/>\t\t\t\t\t\t\t\t\t\t\t\t\t\t\t<\/div>\n\t\t\t\t<\/div>\n\t\t\t\t\t<\/div>\n\t\t<\/div>\n\t\t\t\t\t<\/div>\n\t\t<\/section>\n\t\t\t\t<section class=\"elementor-section elementor-top-section elementor-element elementor-element-0c771aa elementor-section-boxed elementor-section-height-default elementor-section-height-default\" data-id=\"0c771aa\" data-element_type=\"section\" data-e-type=\"section\">\n\t\t\t\t\t\t<div class=\"elementor-container elementor-column-gap-default\">\n\t\t\t\t\t<div class=\"elementor-column elementor-col-100 elementor-top-column elementor-element elementor-element-55acc4a\" data-id=\"55acc4a\" data-element_type=\"column\" data-e-type=\"column\">\n\t\t\t<div class=\"elementor-widget-wrap elementor-element-populated\">\n\t\t\t\t\t\t<div class=\"elementor-element elementor-element-f4c44d5 elementor-widget elementor-widget-text-editor\" data-id=\"f4c44d5\" data-element_type=\"widget\" data-e-type=\"widget\" data-widget_type=\"text-editor.default\">\n\t\t\t\t<div class=\"elementor-widget-container\">\n\t\t\t\t\t\t\t\t\t<p><strong>OBJETO :<\/strong><\/p><p>Este Edital tem como objetivo selecionar 30 (trinta) Neg\u00f3cios Rurais localizados no Polo de Ecoturismo de S\u00e3o Paulo, nos distritos de Parelheiros, Marsilac e Graja\u00fa\/Ilha do Boror\u00e9, para participar de uma jornada de acelera\u00e7\u00e3o de neg\u00f3cios.<\/p>\t\t\t\t\t\t\t\t<\/div>\n\t\t\t\t<\/div>\n\t\t\t\t\t<\/div>\n\t\t<\/div>\n\t\t\t\t\t<\/div>\n\t\t<\/section>\n\t\t\t\t<section class=\"elementor-section elementor-top-section elementor-element elementor-element-0246a34 elementor-section-boxed elementor-section-height-default elementor-section-height-default\" data-id=\"0246a34\" data-element_type=\"section\" data-e-type=\"section\">\n\t\t\t\t\t\t<div class=\"elementor-container elementor-column-gap-default\">\n\t\t\t\t\t<div class=\"elementor-column elementor-col-33 elementor-top-column elementor-element elementor-element-1ca27d5\" data-id=\"1ca27d5\" data-element_type=\"column\" data-e-type=\"column\">\n\t\t\t<div class=\"elementor-widget-wrap elementor-element-populated\">\n\t\t\t\t\t\t<div class=\"elementor-element elementor-element-aeaf563 elementor-position-top elementor-widget elementor-widget-image-box\" data-id=\"aeaf563\" data-element_type=\"widget\" data-e-type=\"widget\" data-widget_type=\"image-box.default\">\n\t\t\t\t<div class=\"elementor-widget-container\">\n\t\t\t\t\t<div class=\"elementor-image-box-wrapper\"><figure class=\"elementor-image-box-img\"><a href=\"https:\/\/adesampa.com.br\/adeeditais\/wp-content\/uploads\/2026\/03\/Edital-de-Chamamento-Publico-n.-07.2026-_-SN2-PRORROGADO.pdf\" tabindex=\"-1\"><img decoding=\"async\" width=\"1241\" height=\"1755\" src=\"https:\/\/adesampa.com.br\/adeeditais\/wp-content\/uploads\/2020\/05\/1a_page-0001.jpg\" class=\"attachment-full size-full wp-image-11609\" alt=\"\" srcset=\"https:\/\/adesampa.com.br\/adeeditais\/wp-content\/uploads\/2020\/05\/1a_page-0001.jpg 1241w, https:\/\/adesampa.com.br\/adeeditais\/wp-content\/uploads\/2020\/05\/1a_page-0001-212x300.jpg 212w, https:\/\/adesampa.com.br\/adeeditais\/wp-content\/uploads\/2020\/05\/1a_page-0001-724x1024.jpg 724w, https:\/\/adesampa.com.br\/adeeditais\/wp-content\/uploads\/2020\/05\/1a_page-0001-768x1086.jpg 768w, https:\/\/adesampa.com.br\/adeeditais\/wp-content\/uploads\/2020\/05\/1a_page-0001-1086x1536.jpg 1086w\" sizes=\"(max-width: 1241px) 100vw, 1241px\" \/><\/a><\/figure><div class=\"elementor-image-box-content\"><h3 class=\"elementor-image-box-title\"><a href=\"https:\/\/adesampa.com.br\/adeeditais\/wp-content\/uploads\/2026\/03\/Edital-de-Chamamento-Publico-n.-07.2026-_-SN2-PRORROGADO.pdf\">Edital<\/a><\/h3><\/div><\/div>\t\t\t\t<\/div>\n\t\t\t\t<\/div>\n\t\t\t\t\t<\/div>\n\t\t<\/div>\n\t\t\t\t<div class=\"elementor-column elementor-col-33 elementor-top-column elementor-element elementor-element-622c0af\" data-id=\"622c0af\" data-element_type=\"column\" data-e-type=\"column\">\n\t\t\t<div class=\"elementor-widget-wrap elementor-element-populated\">\n\t\t\t\t\t\t<div class=\"elementor-element elementor-element-53b9eba elementor-position-top elementor-widget elementor-widget-image-box\" data-id=\"53b9eba\" data-element_type=\"widget\" data-e-type=\"widget\" data-widget_type=\"image-box.default\">\n\t\t\t\t<div class=\"elementor-widget-container\">\n\t\t\t\t\t<div class=\"elementor-image-box-wrapper\"><figure class=\"elementor-image-box-img\"><a href=\"https:\/\/adesampa.com.br\/adeeditais\/wp-content\/uploads\/2026\/03\/Esclarecimentos-Edital-n.-07.2026-ate-19.03.2026.pdf\" tabindex=\"-1\"><img decoding=\"async\" width=\"512\" height=\"512\" src=\"https:\/\/adesampa.com.br\/adeeditais\/wp-content\/uploads\/2020\/06\/emoticon-face-of-doubt.png\" class=\"attachment-full size-full wp-image-11796\" alt=\"\" srcset=\"https:\/\/adesampa.com.br\/adeeditais\/wp-content\/uploads\/2020\/06\/emoticon-face-of-doubt.png 512w, https:\/\/adesampa.com.br\/adeeditais\/wp-content\/uploads\/2020\/06\/emoticon-face-of-doubt-300x300.png 300w, https:\/\/adesampa.com.br\/adeeditais\/wp-content\/uploads\/2020\/06\/emoticon-face-of-doubt-150x150.png 150w\" sizes=\"(max-width: 512px) 100vw, 512px\" \/><\/a><\/figure><div class=\"elementor-image-box-content\"><h3 class=\"elementor-image-box-title\"><a href=\"https:\/\/adesampa.com.br\/adeeditais\/wp-content\/uploads\/2026\/03\/Esclarecimentos-Edital-n.-07.2026-ate-19.03.2026.pdf\">Esclarecimento\/Impugna\u00e7\u00e3o<\/a><\/h3><\/div><\/div>\t\t\t\t<\/div>\n\t\t\t\t<\/div>\n\t\t\t\t<div class=\"elementor-element elementor-element-2b1030e elementor-widget elementor-widget-text-editor\" data-id=\"2b1030e\" data-element_type=\"widget\" data-e-type=\"widget\" data-widget_type=\"text-editor.default\">\n\t\t\t\t<div class=\"elementor-widget-container\">\n\t\t\t\t\t\t\t\t\t<p style=\"text-align: center;\">D\u00favidas dever\u00e3o ser enviadas para o e-mail semeandonegocios@adesampa.com.br, com o assunto &#8220;D\u00favidas &#8211; Edital n\u00b0 007\/2026&#8221;, at\u00e9 3 (tr\u00eas) dias antes do t\u00e9rmino de inscri\u00e7\u00e3o.<\/p>\t\t\t\t\t\t\t\t<\/div>\n\t\t\t\t<\/div>\n\t\t\t\t\t<\/div>\n\t\t<\/div>\n\t\t\t\t<div class=\"elementor-column elementor-col-33 elementor-top-column elementor-element elementor-element-d6c17b5\" data-id=\"d6c17b5\" data-element_type=\"column\" data-e-type=\"column\">\n\t\t\t<div class=\"elementor-widget-wrap elementor-element-populated\">\n\t\t\t\t\t\t<div class=\"elementor-element elementor-element-4a54c2b elementor-position-top elementor-widget elementor-widget-image-box\" data-id=\"4a54c2b\" data-element_type=\"widget\" data-e-type=\"widget\" data-widget_type=\"image-box.default\">\n\t\t\t\t<div class=\"elementor-widget-container\">\n\t\t\t\t\t<div class=\"elementor-image-box-wrapper\"><figure class=\"elementor-image-box-img\"><a href=\"https:\/\/docs.google.com\/forms\/d\/e\/1FAIpQLSeGE5HZ9CxbsQup4bQQnKlNWtzS9LoFpDeCkgv3UgVaeDra2g\/viewform?usp=header\" tabindex=\"-1\"><img loading=\"lazy\" decoding=\"async\" width=\"512\" height=\"512\" src=\"https:\/\/adesampa.com.br\/adeeditais\/wp-content\/uploads\/2020\/05\/mallet.png\" class=\"attachment-full size-full wp-image-11744\" alt=\"\" srcset=\"https:\/\/adesampa.com.br\/adeeditais\/wp-content\/uploads\/2020\/05\/mallet.png 512w, https:\/\/adesampa.com.br\/adeeditais\/wp-content\/uploads\/2020\/05\/mallet-300x300.png 300w, https:\/\/adesampa.com.br\/adeeditais\/wp-content\/uploads\/2020\/05\/mallet-150x150.png 150w\" sizes=\"(max-width: 512px) 100vw, 512px\" \/><\/a><\/figure><div class=\"elementor-image-box-content\"><h3 class=\"elementor-image-box-title\"><a href=\"https:\/\/docs.google.com\/forms\/d\/e\/1FAIpQLSeGE5HZ9CxbsQup4bQQnKlNWtzS9LoFpDeCkgv3UgVaeDra2g\/viewform?usp=header\">Recurso \/ PEDIDO DE RECONSIDERA\u00c7\u00c3O<\/a><\/h3><\/div><\/div>\t\t\t\t<\/div>\n\t\t\t\t<\/div>\n\t\t\t\t<div class=\"elementor-element elementor-element-6529cdb elementor-widget elementor-widget-text-editor\" data-id=\"6529cdb\" data-element_type=\"widget\" data-e-type=\"widget\" data-widget_type=\"text-editor.default\">\n\t\t\t\t<div class=\"elementor-widget-container\">\n\t\t\t\t\t\t\t\t\t<p style=\"text-align: center;\">Os pedidos de reconsidera\u00e7\u00e3o dever\u00e3o ser enviados por meio de correio eletr\u00f4nico para semeandonegocios@adesampa.com.br, com o assunto \u201cPEDIDO DE RECONSIDERA\u00c7\u00c3O &#8211; EDITAL N\u00ba 07\/2026\u201d.<\/p>\t\t\t\t\t\t\t\t<\/div>\n\t\t\t\t<\/div>\n\t\t\t\t\t<\/div>\n\t\t<\/div>\n\t\t\t\t\t<\/div>\n\t\t<\/section>\n\t\t\t\t<section class=\"elementor-section elementor-top-section elementor-element elementor-element-314680d elementor-section-boxed elementor-section-height-default elementor-section-height-default\" data-id=\"314680d\" data-element_type=\"section\" data-e-type=\"section\">\n\t\t\t\t\t\t<div class=\"elementor-container elementor-column-gap-default\">\n\t\t\t\t\t<div class=\"elementor-column elementor-col-33 elementor-top-column elementor-element elementor-element-a1d5d28\" data-id=\"a1d5d28\" data-element_type=\"column\" data-e-type=\"column\">\n\t\t\t<div class=\"elementor-widget-wrap elementor-element-populated\">\n\t\t\t\t\t\t<div class=\"elementor-element elementor-element-2b1a1c2 elementor-position-top elementor-widget elementor-widget-image-box\" data-id=\"2b1a1c2\" data-element_type=\"widget\" data-e-type=\"widget\" data-widget_type=\"image-box.default\">\n\t\t\t\t<div class=\"elementor-widget-container\">\n\t\t\t\t\t<div class=\"elementor-image-box-wrapper\"><figure class=\"elementor-image-box-img\"><a href=\"https:\/\/survey123.arcgis.com\/share\/f63b5c45d100470f877ee1aa55e923e6?portalUrl=https:\/\/datasampa.com.br\/portal\" tabindex=\"-1\"><img loading=\"lazy\" decoding=\"async\" width=\"512\" height=\"512\" src=\"https:\/\/adesampa.com.br\/adeeditais\/wp-content\/uploads\/2020\/05\/documents-symbol.png\" class=\"attachment-full size-full wp-image-11625\" alt=\"\" srcset=\"https:\/\/adesampa.com.br\/adeeditais\/wp-content\/uploads\/2020\/05\/documents-symbol.png 512w, https:\/\/adesampa.com.br\/adeeditais\/wp-content\/uploads\/2020\/05\/documents-symbol-300x300.png 300w, https:\/\/adesampa.com.br\/adeeditais\/wp-content\/uploads\/2020\/05\/documents-symbol-150x150.png 150w\" sizes=\"(max-width: 512px) 100vw, 512px\" \/><\/a><\/figure><div class=\"elementor-image-box-content\"><h3 class=\"elementor-image-box-title\"><a href=\"https:\/\/survey123.arcgis.com\/share\/f63b5c45d100470f877ee1aa55e923e6?portalUrl=https:\/\/datasampa.com.br\/portal\">Inscri\u00e7\u00f5es<\/a><\/h3><\/div><\/div>\t\t\t\t<\/div>\n\t\t\t\t<\/div>\n\t\t\t\t\t<\/div>\n\t\t<\/div>\n\t\t\t\t<div class=\"elementor-column elementor-col-33 elementor-top-column elementor-element elementor-element-0ba3636\" data-id=\"0ba3636\" data-element_type=\"column\" data-e-type=\"column\">\n\t\t\t<div class=\"elementor-widget-wrap elementor-element-populated\">\n\t\t\t\t\t\t<div class=\"elementor-element elementor-element-33c70f0 elementor-position-top elementor-widget elementor-widget-image-box\" data-id=\"33c70f0\" data-element_type=\"widget\" data-e-type=\"widget\" data-widget_type=\"image-box.default\">\n\t\t\t\t<div class=\"elementor-widget-container\">\n\t\t\t\t\t<div class=\"elementor-image-box-wrapper\"><figure class=\"elementor-image-box-img\"><a href=\"https:\/\/drive.google.com\/drive\/folders\/1cQf6AQxvyftaNdXoR7o2cBCNLAnG8TOs?usp=sharing\" tabindex=\"-1\"><img loading=\"lazy\" decoding=\"async\" width=\"512\" height=\"512\" src=\"https:\/\/adesampa.com.br\/adeeditais\/wp-content\/uploads\/2020\/05\/documents-symbol.png\" class=\"attachment-full size-full wp-image-11625\" alt=\"\" srcset=\"https:\/\/adesampa.com.br\/adeeditais\/wp-content\/uploads\/2020\/05\/documents-symbol.png 512w, https:\/\/adesampa.com.br\/adeeditais\/wp-content\/uploads\/2020\/05\/documents-symbol-300x300.png 300w, https:\/\/adesampa.com.br\/adeeditais\/wp-content\/uploads\/2020\/05\/documents-symbol-150x150.png 150w\" sizes=\"(max-width: 512px) 100vw, 512px\" \/><\/a><\/figure><div class=\"elementor-image-box-content\"><h3 class=\"elementor-image-box-title\"><a href=\"https:\/\/drive.google.com\/drive\/folders\/1cQf6AQxvyftaNdXoR7o2cBCNLAnG8TOs?usp=sharing\">Anexos<\/a><\/h3><\/div><\/div>\t\t\t\t<\/div>\n\t\t\t\t<\/div>\n\t\t\t\t\t<\/div>\n\t\t<\/div>\n\t\t\t\t<div class=\"elementor-column elementor-col-33 elementor-top-column elementor-element elementor-element-bafed3f\" data-id=\"bafed3f\" data-element_type=\"column\" data-e-type=\"column\">\n\t\t\t<div class=\"elementor-widget-wrap elementor-element-populated\">\n\t\t\t\t\t\t<div class=\"elementor-element elementor-element-eef6ea6 elementor-position-top elementor-widget elementor-widget-image-box\" data-id=\"eef6ea6\" data-element_type=\"widget\" data-e-type=\"widget\" data-widget_type=\"image-box.default\">\n\t\t\t\t<div class=\"elementor-widget-container\">\n\t\t\t\t\t<div class=\"elementor-image-box-wrapper\"><figure class=\"elementor-image-box-img\"><a href=\"https:\/\/adesampa.com.br\/adeeditais\/wp-content\/uploads\/2026\/03\/SEI_153475956_Informacao.pdf\" tabindex=\"-1\"><img loading=\"lazy\" decoding=\"async\" width=\"512\" height=\"512\" src=\"https:\/\/adesampa.com.br\/adeeditais\/wp-content\/uploads\/2020\/05\/documents-symbol.png\" class=\"attachment-full size-full wp-image-11625\" alt=\"\" srcset=\"https:\/\/adesampa.com.br\/adeeditais\/wp-content\/uploads\/2020\/05\/documents-symbol.png 512w, https:\/\/adesampa.com.br\/adeeditais\/wp-content\/uploads\/2020\/05\/documents-symbol-300x300.png 300w, https:\/\/adesampa.com.br\/adeeditais\/wp-content\/uploads\/2020\/05\/documents-symbol-150x150.png 150w\" sizes=\"(max-width: 512px) 100vw, 512px\" \/><\/a><\/figure><div class=\"elementor-image-box-content\"><h3 class=\"elementor-image-box-title\"><a href=\"https:\/\/adesampa.com.br\/adeeditais\/wp-content\/uploads\/2026\/03\/SEI_153475956_Informacao.pdf\">Comunicado<\/a><\/h3><\/div><\/div>\t\t\t\t<\/div>\n\t\t\t\t<\/div>\n\t\t\t\t\t<\/div>\n\t\t<\/div>\n\t\t\t\t\t<\/div>\n\t\t<\/section>\n\t\t\t\t<section class=\"elementor-section elementor-top-section elementor-element elementor-element-3977cb0 elementor-section-boxed elementor-section-height-default elementor-section-height-default\" data-id=\"3977cb0\" data-element_type=\"section\" data-e-type=\"section\">\n\t\t\t\t\t\t<div class=\"elementor-container elementor-column-gap-default\">\n\t\t\t\t\t<div class=\"elementor-column elementor-col-33 elementor-top-column elementor-element elementor-element-c2d55c4\" data-id=\"c2d55c4\" data-element_type=\"column\" data-e-type=\"column\">\n\t\t\t<div class=\"elementor-widget-wrap elementor-element-populated\">\n\t\t\t\t\t\t<div class=\"elementor-element elementor-element-982eefe elementor-position-top elementor-widget elementor-widget-image-box\" data-id=\"982eefe\" data-element_type=\"widget\" data-e-type=\"widget\" data-widget_type=\"image-box.default\">\n\t\t\t\t<div class=\"elementor-widget-container\">\n\t\t\t\t\t<div class=\"elementor-image-box-wrapper\"><figure class=\"elementor-image-box-img\"><a href=\"https:\/\/adesampa.com.br\/adeeditais\/wp-content\/uploads\/2026\/04\/SEI_154686797_Ata-1.pdf\" tabindex=\"-1\"><img loading=\"lazy\" decoding=\"async\" width=\"512\" height=\"512\" src=\"https:\/\/adesampa.com.br\/adeeditais\/wp-content\/uploads\/2020\/05\/documents-symbol.png\" class=\"attachment-full size-full wp-image-11625\" alt=\"\" srcset=\"https:\/\/adesampa.com.br\/adeeditais\/wp-content\/uploads\/2020\/05\/documents-symbol.png 512w, https:\/\/adesampa.com.br\/adeeditais\/wp-content\/uploads\/2020\/05\/documents-symbol-300x300.png 300w, https:\/\/adesampa.com.br\/adeeditais\/wp-content\/uploads\/2020\/05\/documents-symbol-150x150.png 150w\" sizes=\"(max-width: 512px) 100vw, 512px\" \/><\/a><\/figure><div class=\"elementor-image-box-content\"><h3 class=\"elementor-image-box-title\"><a href=\"https:\/\/adesampa.com.br\/adeeditais\/wp-content\/uploads\/2026\/04\/SEI_154686797_Ata-1.pdf\">Ata da Comiss\u00e3o de Sele\u00e7\u00e3o T\u00e9cnica<\/a><\/h3><\/div><\/div>\t\t\t\t<\/div>\n\t\t\t\t<\/div>\n\t\t\t\t\t<\/div>\n\t\t<\/div>\n\t\t\t\t<div class=\"elementor-column elementor-col-33 elementor-top-column elementor-element elementor-element-660d7f1\" data-id=\"660d7f1\" data-element_type=\"column\" data-e-type=\"column\">\n\t\t\t<div class=\"elementor-widget-wrap\">\n\t\t\t\t\t\t\t<\/div>\n\t\t<\/div>\n\t\t\t\t<div class=\"elementor-column elementor-col-33 elementor-top-column elementor-element elementor-element-9fbc30a\" data-id=\"9fbc30a\" data-element_type=\"column\" data-e-type=\"column\">\n\t\t\t<div class=\"elementor-widget-wrap\">\n\t\t\t\t\t\t\t<\/div>\n\t\t<\/div>\n\t\t\t\t\t<\/div>\n\t\t<\/section>\n\t\t\t\t<section class=\"elementor-section elementor-top-section elementor-element elementor-element-369c9cd elementor-section-boxed elementor-section-height-default elementor-section-height-default\" data-id=\"369c9cd\" data-element_type=\"section\" data-e-type=\"section\">\n\t\t\t\t\t\t<div class=\"elementor-container elementor-column-gap-default\">\n\t\t\t\t\t<div class=\"elementor-column elementor-col-33 elementor-top-column elementor-element elementor-element-e688ca1\" data-id=\"e688ca1\" data-element_type=\"column\" data-e-type=\"column\">\n\t\t\t<div class=\"elementor-widget-wrap\">\n\t\t\t\t\t\t\t<\/div>\n\t\t<\/div>\n\t\t\t\t<div class=\"elementor-column elementor-col-33 elementor-top-column elementor-element elementor-element-ef0b667\" data-id=\"ef0b667\" data-element_type=\"column\" data-e-type=\"column\">\n\t\t\t<div class=\"elementor-widget-wrap\">\n\t\t\t\t\t\t\t<\/div>\n\t\t<\/div>\n\t\t\t\t<div class=\"elementor-column elementor-col-33 elementor-top-column elementor-element elementor-element-01fc7c1\" data-id=\"01fc7c1\" data-element_type=\"column\" data-e-type=\"column\">\n\t\t\t<div class=\"elementor-widget-wrap\">\n\t\t\t\t\t\t\t<\/div>\n\t\t<\/div>\n\t\t\t\t\t<\/div>\n\t\t<\/section>\n\t\t\t\t<section class=\"elementor-section elementor-top-section elementor-element elementor-element-71f58cd elementor-section-boxed elementor-section-height-default elementor-section-height-default\" data-id=\"71f58cd\" data-element_type=\"section\" data-e-type=\"section\">\n\t\t\t\t\t\t<div class=\"elementor-container elementor-column-gap-default\">\n\t\t\t\t\t<div class=\"elementor-column elementor-col-100 elementor-top-column elementor-element elementor-element-a9ac834\" data-id=\"a9ac834\" data-element_type=\"column\" data-e-type=\"column\">\n\t\t\t<div class=\"elementor-widget-wrap elementor-element-populated\">\n\t\t\t\t\t\t<div class=\"elementor-element elementor-element-bee8707 elementor-widget elementor-widget-spacer\" data-id=\"bee8707\" data-element_type=\"widget\" data-e-type=\"widget\" data-widget_type=\"spacer.default\">\n\t\t\t\t<div class=\"elementor-widget-container\">\n\t\t\t\t\t\t\t<div class=\"elementor-spacer\">\n\t\t\t<div class=\"elementor-spacer-inner\"><\/div>\n\t\t<\/div>\n\t\t\t\t\t\t<\/div>\n\t\t\t\t<\/div>\n\t\t\t\t<div class=\"elementor-element elementor-element-0ee5f54 elementor-widget elementor-widget-menu-anchor\" data-id=\"0ee5f54\" data-element_type=\"widget\" data-e-type=\"widget\" data-widget_type=\"menu-anchor.default\">\n\t\t\t\t<div class=\"elementor-widget-container\">\n\t\t\t\t\t\t\t<div class=\"elementor-menu-anchor\" id=\"a15\"><\/div>\n\t\t\t\t\t\t<\/div>\n\t\t\t\t<\/div>\n\t\t\t\t\t<\/div>\n\t\t<\/div>\n\t\t\t\t\t<\/div>\n\t\t<\/section>\n\t\t\t\t<section class=\"elementor-section elementor-top-section elementor-element elementor-element-675eb1c elementor-section-boxed elementor-section-height-default elementor-section-height-default\" data-id=\"675eb1c\" data-element_type=\"section\" data-e-type=\"section\">\n\t\t\t\t\t\t<div class=\"elementor-container elementor-column-gap-default\">\n\t\t\t\t\t<div class=\"elementor-column elementor-col-100 elementor-top-column elementor-element elementor-element-76f27d4\" data-id=\"76f27d4\" data-element_type=\"column\" data-e-type=\"column\">\n\t\t\t<div class=\"elementor-widget-wrap elementor-element-populated\">\n\t\t\t\t\t\t<div class=\"elementor-element elementor-element-47cc7aa elementor-alert-danger elementor-widget elementor-widget-alert\" data-id=\"47cc7aa\" data-element_type=\"widget\" data-e-type=\"widget\" data-widget_type=\"alert.default\">\n\t\t\t\t<div class=\"elementor-widget-container\">\n\t\t\t\t\t\t\t<div class=\"elementor-alert\" role=\"alert\">\n\n\t\t\t\t\t\t<span class=\"elementor-alert-title\">Aviso<\/span>\n\t\t\t\n\t\t\t\t\t\t<span class=\"elementor-alert-description\">Para efetuar o cadastramento, \u00e9 obrigat\u00f3rio a utiliza\u00e7\u00e3o de uma conta GMAIL, caso n\u00e3o possua uma, crie gratuitamente em www.gmail.com<br>A Sess\u00e3o P\u00fablica \u00e9 gravada e seu conte\u00fado ficar\u00e1 sob responsabilidade da Ag\u00eancia S\u00e3o Paulo de Desenvolvimento.<br> A participa\u00e7\u00e3o nos editais s\u00e3o regidos pelo Regulamento Interno para Licita\u00e7\u00f5es, Aliena\u00e7\u00f5es e Contratos da ADE SAMPA.\n<\/span>\n\t\t\t\n\t\t\t\t\t\t<button type=\"button\" class=\"elementor-alert-dismiss\" aria-label=\"Dispensar este alerta.\">\n\t\t\t\t\t\t\t\t\t<span aria-hidden=\"true\">&times;<\/span>\n\t\t\t\t\t\t\t<\/button>\n\t\t\t\n\t\t<\/div>\n\t\t\t\t\t\t<\/div>\n\t\t\t\t<\/div>\n\t\t\t\t\t<\/div>\n\t\t<\/div>\n\t\t\t\t\t<\/div>\n\t\t<\/section>\n\t\t\t\t<section class=\"elementor-section elementor-top-section elementor-element elementor-element-7615ea8 elementor-section-boxed elementor-section-height-default elementor-section-height-default\" data-id=\"7615ea8\" data-element_type=\"section\" data-e-type=\"section\">\n\t\t\t\t\t\t<div class=\"elementor-container elementor-column-gap-default\">\n\t\t\t\t\t<div class=\"elementor-column elementor-col-100 elementor-top-column elementor-element elementor-element-9c08d62\" data-id=\"9c08d62\" data-element_type=\"column\" data-e-type=\"column\">\n\t\t\t<div class=\"elementor-widget-wrap elementor-element-populated\">\n\t\t\t\t\t\t<div class=\"elementor-element elementor-element-200b5f9 elementor-widget elementor-widget-html\" data-id=\"200b5f9\" data-element_type=\"widget\" data-e-type=\"widget\" data-widget_type=\"html.default\">\n\t\t\t\t<div class=\"elementor-widget-container\">\n\t\t\t\t\t<!--Start of Tawk.to Script-->\r\n<script type=\"text\/javascript\">\r\nvar Tawk_API=Tawk_API||{}, Tawk_LoadStart=new Date();\r\n(function(){\r\nvar s1=document.createElement(\"script\"),s0=document.getElementsByTagName(\"script\")[0];\r\ns1.async=true;\r\ns1.src='https:\/\/embed.tawk.to\/5ec3de508ee2956d73a29570\/default';\r\ns1.charset='UTF-8';\r\ns1.setAttribute('crossorigin','*');\r\ns0.parentNode.insertBefore(s1,s0);\r\n})();\r\n<\/script>\r\n<!--End of Tawk.to Script-->\t\t\t\t<\/div>\n\t\t\t\t<\/div>\n\t\t\t\t\t<\/div>\n\t\t<\/div>\n\t\t\t\t\t<\/div>\n\t\t<\/section>\n\t\t\t\t<\/div>\n\t\t","protected":false},"excerpt":{"rendered":"<p>Edital 07\/2026 &#8211; Chamamento OBJETO : Este Edital tem como&hellip;<\/p>\n<p> <a class=\"more-link\" href=\"https:\/\/adesampa.com.br\/adeeditais\/edital-07-2026-chamamento\/\">Leia mais<\/a><\/p>\n","protected":false},"author":3,"featured_media":0,"parent":0,"menu_order":0,"comment_status":"closed","ping_status":"closed","template":"elementor_header_footer","meta":{"_monsterinsights_skip_tracking":false,"_monsterinsights_sitenote_active":false,"_monsterinsights_sitenote_note":"","_monsterinsights_sitenote_category":0,"footnotes":""},"class_list":["post-24547","page","type-page","status-publish"],"_links":{"self":[{"href":"https:\/\/adesampa.com.br\/adeeditais\/wp-json\/wp\/v2\/pages\/24547","targetHints":{"allow":["GET"]}}],"collection":[{"href":"https:\/\/adesampa.com.br\/adeeditais\/wp-json\/wp\/v2\/pages"}],"about":[{"href":"https:\/\/adesampa.com.br\/adeeditais\/wp-json\/wp\/v2\/types\/page"}],"author":[{"embeddable":true,"href":"https:\/\/adesampa.com.br\/adeeditais\/wp-json\/wp\/v2\/users\/3"}],"replies":[{"embeddable":true,"href":"https:\/\/adesampa.com.br\/adeeditais\/wp-json\/wp\/v2\/comments?post=24547"}],"version-history":[{"count":45,"href":"https:\/\/adesampa.com.br\/adeeditais\/wp-json\/wp\/v2\/pages\/24547\/revisions"}],"predecessor-version":[{"id":24894,"href":"https:\/\/adesampa.com.br\/adeeditais\/wp-json\/wp\/v2\/pages\/24547\/revisions\/24894"}],"wp:attachment":[{"href":"https:\/\/adesampa.com.br\/adeeditais\/wp-json\/wp\/v2\/media?parent=24547"}],"curies":[{"name":"wp","href":"https:\/\/api.w.org\/{rel}","templated":true}]}}