{"id":24210,"date":"2026-01-09T10:56:31","date_gmt":"2026-01-09T13:56:31","guid":{"rendered":"https:\/\/adesampa.com.br\/adeeditais\/?page_id=24210"},"modified":"2026-03-16T17:27:05","modified_gmt":"2026-03-16T20:27:05","slug":"edital-01-2026-processo-seletivo","status":"publish","type":"page","link":"https:\/\/adesampa.com.br\/adeeditais\/edital-01-2026-processo-seletivo\/","title":{"rendered":"Edital 01\/2026 &#8211; Processo seletivo"},"content":{"rendered":"\t\t<div data-elementor-type=\"wp-page\" data-elementor-id=\"24210\" class=\"elementor elementor-24210\">\n\t\t\t\t\t\t<section class=\"elementor-section elementor-top-section elementor-element elementor-element-1b530d0 elementor-section-boxed elementor-section-height-default elementor-section-height-default\" data-id=\"1b530d0\" data-element_type=\"section\" data-e-type=\"section\">\n\t\t\t\t\t\t<div class=\"elementor-container elementor-column-gap-default\">\n\t\t\t\t\t<div class=\"elementor-column elementor-col-50 elementor-top-column elementor-element elementor-element-4185013\" data-id=\"4185013\" data-element_type=\"column\" data-e-type=\"column\">\n\t\t\t<div class=\"elementor-widget-wrap elementor-element-populated\">\n\t\t\t\t\t\t<div class=\"elementor-element elementor-element-863ad9f elementor-widget elementor-widget-text-editor\" data-id=\"863ad9f\" data-element_type=\"widget\" data-e-type=\"widget\" data-widget_type=\"text-editor.default\">\n\t\t\t\t<div class=\"elementor-widget-container\">\n\t\t\t\t\t\t\t\t\t<p style=\"text-align: left;\"><strong>Edital de Processo seletivo 01\/2026<\/strong><\/p>\t\t\t\t\t\t\t\t<\/div>\n\t\t\t\t<\/div>\n\t\t\t\t\t<\/div>\n\t\t<\/div>\n\t\t\t\t<div class=\"elementor-column elementor-col-50 elementor-top-column elementor-element elementor-element-3b4420c\" data-id=\"3b4420c\" data-element_type=\"column\" data-e-type=\"column\">\n\t\t\t<div class=\"elementor-widget-wrap elementor-element-populated\">\n\t\t\t\t\t\t<div class=\"elementor-element elementor-element-f962808 elementor-widget elementor-widget-image\" data-id=\"f962808\" data-element_type=\"widget\" data-e-type=\"widget\" data-widget_type=\"image.default\">\n\t\t\t\t<div class=\"elementor-widget-container\">\n\t\t\t\t\t\t\t\t\t\t\t\t\t\t\t<img fetchpriority=\"high\" decoding=\"async\" width=\"640\" height=\"307\" src=\"https:\/\/adesampa.com.br\/adeeditais\/wp-content\/uploads\/2020\/05\/convite.jpg\" class=\"attachment-large size-large wp-image-11637\" alt=\"\" srcset=\"https:\/\/adesampa.com.br\/adeeditais\/wp-content\/uploads\/2020\/05\/convite.jpg 640w, https:\/\/adesampa.com.br\/adeeditais\/wp-content\/uploads\/2020\/05\/convite-300x144.jpg 300w\" sizes=\"(max-width: 640px) 100vw, 640px\" \/>\t\t\t\t\t\t\t\t\t\t\t\t\t\t\t<\/div>\n\t\t\t\t<\/div>\n\t\t\t\t\t<\/div>\n\t\t<\/div>\n\t\t\t\t\t<\/div>\n\t\t<\/section>\n\t\t\t\t<section class=\"elementor-section elementor-top-section elementor-element elementor-element-0c771aa elementor-section-boxed elementor-section-height-default elementor-section-height-default\" data-id=\"0c771aa\" data-element_type=\"section\" data-e-type=\"section\">\n\t\t\t\t\t\t<div class=\"elementor-container elementor-column-gap-default\">\n\t\t\t\t\t<div class=\"elementor-column elementor-col-100 elementor-top-column elementor-element elementor-element-55acc4a\" data-id=\"55acc4a\" data-element_type=\"column\" data-e-type=\"column\">\n\t\t\t<div class=\"elementor-widget-wrap elementor-element-populated\">\n\t\t\t\t\t\t<div class=\"elementor-element elementor-element-f4c44d5 elementor-widget elementor-widget-text-editor\" data-id=\"f4c44d5\" data-element_type=\"widget\" data-e-type=\"widget\" data-widget_type=\"text-editor.default\">\n\t\t\t\t<div class=\"elementor-widget-container\">\n\t\t\t\t\t\t\t\t\t<p>Processo seletivo para ocupa\u00e7\u00e3o de 120 vagas do curso de Forma\u00e7\u00e3o em Desenvolvimento de Jogos Eletr\u00f4nicos (gamedev ou game developer) realizado no Hub Sampa Games, localizado na Rua L\u00edbero Badar\u00f3, n\u00ba 425, t\u00e9rreo &#8211; Centro Hist\u00f3rico de S\u00e3o Paulo-SP.<\/p>\t\t\t\t\t\t\t\t<\/div>\n\t\t\t\t<\/div>\n\t\t\t\t\t<\/div>\n\t\t<\/div>\n\t\t\t\t\t<\/div>\n\t\t<\/section>\n\t\t\t\t<section class=\"elementor-section elementor-top-section elementor-element elementor-element-0246a34 elementor-section-boxed elementor-section-height-default elementor-section-height-default\" data-id=\"0246a34\" data-element_type=\"section\" data-e-type=\"section\">\n\t\t\t\t\t\t<div class=\"elementor-container elementor-column-gap-default\">\n\t\t\t\t\t<div class=\"elementor-column elementor-col-33 elementor-top-column elementor-element elementor-element-1ca27d5\" data-id=\"1ca27d5\" data-element_type=\"column\" data-e-type=\"column\">\n\t\t\t<div class=\"elementor-widget-wrap elementor-element-populated\">\n\t\t\t\t\t\t<div class=\"elementor-element elementor-element-aeaf563 elementor-position-top elementor-widget elementor-widget-image-box\" data-id=\"aeaf563\" data-element_type=\"widget\" data-e-type=\"widget\" data-widget_type=\"image-box.default\">\n\t\t\t\t<div class=\"elementor-widget-container\">\n\t\t\t\t\t<div class=\"elementor-image-box-wrapper\"><figure class=\"elementor-image-box-img\"><a href=\"https:\/\/adesampa.com.br\/adeeditais\/wp-content\/uploads\/2026\/01\/Edital-de-Processo-Seletivo-01_2026-Hub-Sampa-Games-v02.pdf\" target=\"_blank\" tabindex=\"-1\"><img decoding=\"async\" width=\"1241\" height=\"1755\" src=\"https:\/\/adesampa.com.br\/adeeditais\/wp-content\/uploads\/2020\/05\/1a_page-0001.jpg\" class=\"attachment-full size-full wp-image-11609\" alt=\"\" srcset=\"https:\/\/adesampa.com.br\/adeeditais\/wp-content\/uploads\/2020\/05\/1a_page-0001.jpg 1241w, https:\/\/adesampa.com.br\/adeeditais\/wp-content\/uploads\/2020\/05\/1a_page-0001-212x300.jpg 212w, https:\/\/adesampa.com.br\/adeeditais\/wp-content\/uploads\/2020\/05\/1a_page-0001-724x1024.jpg 724w, https:\/\/adesampa.com.br\/adeeditais\/wp-content\/uploads\/2020\/05\/1a_page-0001-768x1086.jpg 768w, https:\/\/adesampa.com.br\/adeeditais\/wp-content\/uploads\/2020\/05\/1a_page-0001-1086x1536.jpg 1086w\" sizes=\"(max-width: 1241px) 100vw, 1241px\" \/><\/a><\/figure><div class=\"elementor-image-box-content\"><h3 class=\"elementor-image-box-title\"><a href=\"https:\/\/adesampa.com.br\/adeeditais\/wp-content\/uploads\/2026\/01\/Edital-de-Processo-Seletivo-01_2026-Hub-Sampa-Games-v02.pdf\" target=\"_blank\">Edital<\/a><\/h3><\/div><\/div>\t\t\t\t<\/div>\n\t\t\t\t<\/div>\n\t\t\t\t\t<\/div>\n\t\t<\/div>\n\t\t\t\t<div class=\"elementor-column elementor-col-33 elementor-top-column elementor-element elementor-element-622c0af\" data-id=\"622c0af\" data-element_type=\"column\" data-e-type=\"column\">\n\t\t\t<div class=\"elementor-widget-wrap elementor-element-populated\">\n\t\t\t\t\t\t<div class=\"elementor-element elementor-element-8d476be elementor-position-top elementor-widget elementor-widget-image-box\" data-id=\"8d476be\" data-element_type=\"widget\" data-e-type=\"widget\" data-widget_type=\"image-box.default\">\n\t\t\t\t<div class=\"elementor-widget-container\">\n\t\t\t\t\t<div class=\"elementor-image-box-wrapper\"><figure class=\"elementor-image-box-img\"><a href=\"https:\/\/forms.gle\/yDM5cQD34DYt1MgUA\" tabindex=\"-1\"><img decoding=\"async\" width=\"512\" height=\"512\" src=\"https:\/\/adesampa.com.br\/adeeditais\/wp-content\/uploads\/2020\/05\/letter.png\" class=\"attachment-full size-full wp-image-11708\" alt=\"\" srcset=\"https:\/\/adesampa.com.br\/adeeditais\/wp-content\/uploads\/2020\/05\/letter.png 512w, https:\/\/adesampa.com.br\/adeeditais\/wp-content\/uploads\/2020\/05\/letter-300x300.png 300w, https:\/\/adesampa.com.br\/adeeditais\/wp-content\/uploads\/2020\/05\/letter-150x150.png 150w\" sizes=\"(max-width: 512px) 100vw, 512px\" \/><\/a><\/figure><div class=\"elementor-image-box-content\"><h3 class=\"elementor-image-box-title\"><a href=\"https:\/\/forms.gle\/yDM5cQD34DYt1MgUA\">Inscri\u00e7\u00e3o<\/a><\/h3><\/div><\/div>\t\t\t\t<\/div>\n\t\t\t\t<\/div>\n\t\t\t\t\t<\/div>\n\t\t<\/div>\n\t\t\t\t<div class=\"elementor-column elementor-col-33 elementor-top-column elementor-element elementor-element-d6c17b5\" data-id=\"d6c17b5\" data-element_type=\"column\" data-e-type=\"column\">\n\t\t\t<div class=\"elementor-widget-wrap elementor-element-populated\">\n\t\t\t\t\t\t<div class=\"elementor-element elementor-element-842668a elementor-position-top elementor-widget elementor-widget-image-box\" data-id=\"842668a\" data-element_type=\"widget\" data-e-type=\"widget\" data-widget_type=\"image-box.default\">\n\t\t\t\t<div class=\"elementor-widget-container\">\n\t\t\t\t\t<div class=\"elementor-image-box-wrapper\"><figure class=\"elementor-image-box-img\"><a href=\"https:\/\/docs.google.com\/forms\/d\/e\/1FAIpQLSfMFkHDBiQa6L0tEMLPKkA9EJAXE_rTkTMxcMcjm-IZqhVHng\/viewform\" tabindex=\"-1\"><img loading=\"lazy\" decoding=\"async\" width=\"512\" height=\"512\" src=\"https:\/\/adesampa.com.br\/adeeditais\/wp-content\/uploads\/2020\/06\/emoticon-face-of-doubt.png\" class=\"attachment-full size-full wp-image-11796\" alt=\"\" srcset=\"https:\/\/adesampa.com.br\/adeeditais\/wp-content\/uploads\/2020\/06\/emoticon-face-of-doubt.png 512w, https:\/\/adesampa.com.br\/adeeditais\/wp-content\/uploads\/2020\/06\/emoticon-face-of-doubt-300x300.png 300w, https:\/\/adesampa.com.br\/adeeditais\/wp-content\/uploads\/2020\/06\/emoticon-face-of-doubt-150x150.png 150w\" sizes=\"(max-width: 512px) 100vw, 512px\" \/><\/a><\/figure><div class=\"elementor-image-box-content\"><h3 class=\"elementor-image-box-title\"><a href=\"https:\/\/docs.google.com\/forms\/d\/e\/1FAIpQLSfMFkHDBiQa6L0tEMLPKkA9EJAXE_rTkTMxcMcjm-IZqhVHng\/viewform\">D\u00favidas ou esclarecimentos<\/a><\/h3><\/div><\/div>\t\t\t\t<\/div>\n\t\t\t\t<\/div>\n\t\t\t\t\t<\/div>\n\t\t<\/div>\n\t\t\t\t\t<\/div>\n\t\t<\/section>\n\t\t\t\t<section class=\"elementor-section elementor-top-section elementor-element elementor-element-369c9cd elementor-section-boxed elementor-section-height-default elementor-section-height-default\" data-id=\"369c9cd\" data-element_type=\"section\" data-e-type=\"section\">\n\t\t\t\t\t\t<div class=\"elementor-container elementor-column-gap-default\">\n\t\t\t\t\t<div class=\"elementor-column elementor-col-33 elementor-top-column elementor-element elementor-element-e688ca1\" data-id=\"e688ca1\" data-element_type=\"column\" data-e-type=\"column\">\n\t\t\t<div class=\"elementor-widget-wrap elementor-element-populated\">\n\t\t\t\t\t\t<div class=\"elementor-element elementor-element-6e9b2aa elementor-position-top elementor-widget elementor-widget-image-box\" data-id=\"6e9b2aa\" data-element_type=\"widget\" data-e-type=\"widget\" data-widget_type=\"image-box.default\">\n\t\t\t\t<div class=\"elementor-widget-container\">\n\t\t\t\t\t<div class=\"elementor-image-box-wrapper\"><figure class=\"elementor-image-box-img\"><a href=\"https:\/\/forms.gle\/tD8c4tRVudeeh9P18\" tabindex=\"-1\"><img loading=\"lazy\" decoding=\"async\" width=\"512\" height=\"512\" src=\"https:\/\/adesampa.com.br\/adeeditais\/wp-content\/uploads\/2020\/05\/mallet.png\" class=\"attachment-full size-full wp-image-11744\" alt=\"\" srcset=\"https:\/\/adesampa.com.br\/adeeditais\/wp-content\/uploads\/2020\/05\/mallet.png 512w, https:\/\/adesampa.com.br\/adeeditais\/wp-content\/uploads\/2020\/05\/mallet-300x300.png 300w, https:\/\/adesampa.com.br\/adeeditais\/wp-content\/uploads\/2020\/05\/mallet-150x150.png 150w\" sizes=\"(max-width: 512px) 100vw, 512px\" \/><\/a><\/figure><div class=\"elementor-image-box-content\"><h3 class=\"elementor-image-box-title\"><a href=\"https:\/\/forms.gle\/tD8c4tRVudeeh9P18\">Recurso<\/a><\/h3><\/div><\/div>\t\t\t\t<\/div>\n\t\t\t\t<\/div>\n\t\t\t\t\t<\/div>\n\t\t<\/div>\n\t\t\t\t<div class=\"elementor-column elementor-col-33 elementor-top-column elementor-element elementor-element-ef0b667\" data-id=\"ef0b667\" data-element_type=\"column\" data-e-type=\"column\">\n\t\t\t<div class=\"elementor-widget-wrap elementor-element-populated\">\n\t\t\t\t\t\t<div class=\"elementor-element elementor-element-aaeb00f elementor-position-top elementor-widget elementor-widget-image-box\" data-id=\"aaeb00f\" data-element_type=\"widget\" data-e-type=\"widget\" data-widget_type=\"image-box.default\">\n\t\t\t\t<div class=\"elementor-widget-container\">\n\t\t\t\t\t<div class=\"elementor-image-box-wrapper\"><figure class=\"elementor-image-box-img\"><a href=\"https:\/\/adesampa.com.br\/adeeditais\/wp-content\/uploads\/2026\/03\/ilovepdf_merged.pdf\" target=\"_blank\" tabindex=\"-1\"><img loading=\"lazy\" decoding=\"async\" width=\"512\" height=\"512\" src=\"https:\/\/adesampa.com.br\/adeeditais\/wp-content\/uploads\/2020\/05\/documents-symbol.png\" class=\"attachment-full size-full wp-image-11625\" alt=\"\" srcset=\"https:\/\/adesampa.com.br\/adeeditais\/wp-content\/uploads\/2020\/05\/documents-symbol.png 512w, https:\/\/adesampa.com.br\/adeeditais\/wp-content\/uploads\/2020\/05\/documents-symbol-300x300.png 300w, https:\/\/adesampa.com.br\/adeeditais\/wp-content\/uploads\/2020\/05\/documents-symbol-150x150.png 150w\" sizes=\"(max-width: 512px) 100vw, 512px\" \/><\/a><\/figure><div class=\"elementor-image-box-content\"><h3 class=\"elementor-image-box-title\"><a href=\"https:\/\/adesampa.com.br\/adeeditais\/wp-content\/uploads\/2026\/03\/ilovepdf_merged.pdf\" target=\"_blank\">Comunicados<\/a><\/h3><\/div><\/div>\t\t\t\t<\/div>\n\t\t\t\t<\/div>\n\t\t\t\t\t<\/div>\n\t\t<\/div>\n\t\t\t\t<div class=\"elementor-column elementor-col-33 elementor-top-column elementor-element elementor-element-01fc7c1\" data-id=\"01fc7c1\" data-element_type=\"column\" data-e-type=\"column\">\n\t\t\t<div class=\"elementor-widget-wrap elementor-element-populated\">\n\t\t\t\t\t\t<div class=\"elementor-element elementor-element-c0af792 elementor-position-top elementor-widget elementor-widget-image-box\" data-id=\"c0af792\" data-element_type=\"widget\" data-e-type=\"widget\" data-widget_type=\"image-box.default\">\n\t\t\t\t<div class=\"elementor-widget-container\">\n\t\t\t\t\t<div class=\"elementor-image-box-wrapper\"><figure class=\"elementor-image-box-img\"><a href=\"https:\/\/adesampa.com.br\/adeeditais\/wp-content\/uploads\/2026\/02\/SEI-150681098-Ata-pdf-D4Sign.pdf\" target=\"_blank\" tabindex=\"-1\"><img loading=\"lazy\" decoding=\"async\" width=\"512\" height=\"512\" src=\"https:\/\/adesampa.com.br\/adeeditais\/wp-content\/uploads\/2020\/05\/documents-symbol.png\" class=\"attachment-full size-full wp-image-11625\" alt=\"\" srcset=\"https:\/\/adesampa.com.br\/adeeditais\/wp-content\/uploads\/2020\/05\/documents-symbol.png 512w, https:\/\/adesampa.com.br\/adeeditais\/wp-content\/uploads\/2020\/05\/documents-symbol-300x300.png 300w, https:\/\/adesampa.com.br\/adeeditais\/wp-content\/uploads\/2020\/05\/documents-symbol-150x150.png 150w\" sizes=\"(max-width: 512px) 100vw, 512px\" \/><\/a><\/figure><div class=\"elementor-image-box-content\"><h3 class=\"elementor-image-box-title\"><a href=\"https:\/\/adesampa.com.br\/adeeditais\/wp-content\/uploads\/2026\/02\/SEI-150681098-Ata-pdf-D4Sign.pdf\" target=\"_blank\"> ATA de Resultado Preliminar de Candidatos Convocados para Matr\u00edcula<\/a><\/h3><\/div><\/div>\t\t\t\t<\/div>\n\t\t\t\t<\/div>\n\t\t\t\t\t<\/div>\n\t\t<\/div>\n\t\t\t\t\t<\/div>\n\t\t<\/section>\n\t\t\t\t<section class=\"elementor-section elementor-top-section elementor-element elementor-element-550e905 elementor-section-boxed elementor-section-height-default elementor-section-height-default\" data-id=\"550e905\" data-element_type=\"section\" data-e-type=\"section\">\n\t\t\t\t\t\t<div class=\"elementor-container elementor-column-gap-default\">\n\t\t\t\t\t<div class=\"elementor-column elementor-col-33 elementor-top-column elementor-element elementor-element-9fde1b4\" data-id=\"9fde1b4\" data-element_type=\"column\" data-e-type=\"column\">\n\t\t\t<div class=\"elementor-widget-wrap elementor-element-populated\">\n\t\t\t\t\t\t<div class=\"elementor-element elementor-element-8037a28 elementor-position-top elementor-widget elementor-widget-image-box\" data-id=\"8037a28\" data-element_type=\"widget\" data-e-type=\"widget\" data-widget_type=\"image-box.default\">\n\t\t\t\t<div class=\"elementor-widget-container\">\n\t\t\t\t\t<div class=\"elementor-image-box-wrapper\"><figure class=\"elementor-image-box-img\"><a href=\"https:\/\/adesampa.com.br\/adeeditais\/wp-content\/uploads\/2026\/02\/ata_de_resultado_final_pdf_D4Sign.pdf\" target=\"_blank\" tabindex=\"-1\"><img loading=\"lazy\" decoding=\"async\" width=\"512\" height=\"512\" src=\"https:\/\/adesampa.com.br\/adeeditais\/wp-content\/uploads\/2020\/05\/documents-symbol.png\" class=\"attachment-full size-full wp-image-11625\" alt=\"\" srcset=\"https:\/\/adesampa.com.br\/adeeditais\/wp-content\/uploads\/2020\/05\/documents-symbol.png 512w, https:\/\/adesampa.com.br\/adeeditais\/wp-content\/uploads\/2020\/05\/documents-symbol-300x300.png 300w, https:\/\/adesampa.com.br\/adeeditais\/wp-content\/uploads\/2020\/05\/documents-symbol-150x150.png 150w\" sizes=\"(max-width: 512px) 100vw, 512px\" \/><\/a><\/figure><div class=\"elementor-image-box-content\"><h3 class=\"elementor-image-box-title\"><a href=\"https:\/\/adesampa.com.br\/adeeditais\/wp-content\/uploads\/2026\/02\/ata_de_resultado_final_pdf_D4Sign.pdf\" target=\"_blank\">Ata de Resultado Final de Candidatos Convocados para Matr\u00edcula<\/a><\/h3><\/div><\/div>\t\t\t\t<\/div>\n\t\t\t\t<\/div>\n\t\t\t\t\t<\/div>\n\t\t<\/div>\n\t\t\t\t<div class=\"elementor-column elementor-col-33 elementor-top-column elementor-element elementor-element-a835963\" data-id=\"a835963\" data-element_type=\"column\" data-e-type=\"column\">\n\t\t\t<div class=\"elementor-widget-wrap\">\n\t\t\t\t\t\t\t<\/div>\n\t\t<\/div>\n\t\t\t\t<div class=\"elementor-column elementor-col-33 elementor-top-column elementor-element elementor-element-c68af5d\" data-id=\"c68af5d\" data-element_type=\"column\" data-e-type=\"column\">\n\t\t\t<div class=\"elementor-widget-wrap\">\n\t\t\t\t\t\t\t<\/div>\n\t\t<\/div>\n\t\t\t\t\t<\/div>\n\t\t<\/section>\n\t\t\t\t<section class=\"elementor-section elementor-top-section elementor-element elementor-element-675eb1c elementor-section-boxed elementor-section-height-default elementor-section-height-default\" data-id=\"675eb1c\" data-element_type=\"section\" data-e-type=\"section\">\n\t\t\t\t\t\t<div class=\"elementor-container elementor-column-gap-default\">\n\t\t\t\t\t<div class=\"elementor-column elementor-col-100 elementor-top-column elementor-element elementor-element-76f27d4\" data-id=\"76f27d4\" data-element_type=\"column\" data-e-type=\"column\">\n\t\t\t<div class=\"elementor-widget-wrap elementor-element-populated\">\n\t\t\t\t\t\t<div class=\"elementor-element elementor-element-47cc7aa elementor-alert-danger elementor-widget elementor-widget-alert\" data-id=\"47cc7aa\" data-element_type=\"widget\" data-e-type=\"widget\" data-widget_type=\"alert.default\">\n\t\t\t\t<div class=\"elementor-widget-container\">\n\t\t\t\t\t\t\t<div class=\"elementor-alert\" role=\"alert\">\n\n\t\t\t\t\t\t<span class=\"elementor-alert-title\">Aviso<\/span>\n\t\t\t\n\t\t\t\t\t\t<span class=\"elementor-alert-description\">Para efetuar o cadastramento, \u00e9 obrigat\u00f3rio a utiliza\u00e7\u00e3o de uma conta GMAIL, caso n\u00e3o possua uma, crie gratuitamente em www.gmail.com<br>A Sess\u00e3o P\u00fablica \u00e9 gravada e seu conte\u00fado ficar\u00e1 sob responsabilidade da Ag\u00eancia S\u00e3o Paulo de Desenvolvimento.<br> A participa\u00e7\u00e3o nos editais s\u00e3o regidos pelo Regulamento Interno para Licita\u00e7\u00f5es, Aliena\u00e7\u00f5es e Contratos da ADE SAMPA.\n<\/span>\n\t\t\t\n\t\t\t\t\t\t<button type=\"button\" class=\"elementor-alert-dismiss\" aria-label=\"Dispensar este alerta.\">\n\t\t\t\t\t\t\t\t\t<span aria-hidden=\"true\">&times;<\/span>\n\t\t\t\t\t\t\t<\/button>\n\t\t\t\n\t\t<\/div>\n\t\t\t\t\t\t<\/div>\n\t\t\t\t<\/div>\n\t\t\t\t\t<\/div>\n\t\t<\/div>\n\t\t\t\t\t<\/div>\n\t\t<\/section>\n\t\t\t\t<section class=\"elementor-section elementor-top-section elementor-element elementor-element-7615ea8 elementor-section-boxed elementor-section-height-default elementor-section-height-default\" data-id=\"7615ea8\" data-element_type=\"section\" data-e-type=\"section\">\n\t\t\t\t\t\t<div class=\"elementor-container elementor-column-gap-default\">\n\t\t\t\t\t<div class=\"elementor-column elementor-col-100 elementor-top-column elementor-element elementor-element-9c08d62\" data-id=\"9c08d62\" data-element_type=\"column\" data-e-type=\"column\">\n\t\t\t<div class=\"elementor-widget-wrap elementor-element-populated\">\n\t\t\t\t\t\t<div class=\"elementor-element elementor-element-200b5f9 elementor-widget elementor-widget-html\" data-id=\"200b5f9\" data-element_type=\"widget\" data-e-type=\"widget\" data-widget_type=\"html.default\">\n\t\t\t\t<div class=\"elementor-widget-container\">\n\t\t\t\t\t<!--Start of Tawk.to Script-->\r\n<script type=\"text\/javascript\">\r\nvar Tawk_API=Tawk_API||{}, Tawk_LoadStart=new Date();\r\n(function(){\r\nvar s1=document.createElement(\"script\"),s0=document.getElementsByTagName(\"script\")[0];\r\ns1.async=true;\r\ns1.src='https:\/\/embed.tawk.to\/5ec3de508ee2956d73a29570\/default';\r\ns1.charset='UTF-8';\r\ns1.setAttribute('crossorigin','*');\r\ns0.parentNode.insertBefore(s1,s0);\r\n})();\r\n<\/script>\r\n<!--End of Tawk.to Script-->\t\t\t\t<\/div>\n\t\t\t\t<\/div>\n\t\t\t\t\t<\/div>\n\t\t<\/div>\n\t\t\t\t\t<\/div>\n\t\t<\/section>\n\t\t\t\t<\/div>\n\t\t","protected":false},"excerpt":{"rendered":"<p>Edital de Processo seletivo 01\/2026 Processo seletivo para ocupa\u00e7\u00e3o de&hellip;<\/p>\n<p> <a class=\"more-link\" href=\"https:\/\/adesampa.com.br\/adeeditais\/edital-01-2026-processo-seletivo\/\">Leia mais<\/a><\/p>\n","protected":false},"author":2,"featured_media":0,"parent":0,"menu_order":0,"comment_status":"closed","ping_status":"closed","template":"elementor_header_footer","meta":{"_monsterinsights_skip_tracking":false,"_monsterinsights_sitenote_active":false,"_monsterinsights_sitenote_note":"","_monsterinsights_sitenote_category":0,"footnotes":""},"class_list":["post-24210","page","type-page","status-publish"],"_links":{"self":[{"href":"https:\/\/adesampa.com.br\/adeeditais\/wp-json\/wp\/v2\/pages\/24210","targetHints":{"allow":["GET"]}}],"collection":[{"href":"https:\/\/adesampa.com.br\/adeeditais\/wp-json\/wp\/v2\/pages"}],"about":[{"href":"https:\/\/adesampa.com.br\/adeeditais\/wp-json\/wp\/v2\/types\/page"}],"author":[{"embeddable":true,"href":"https:\/\/adesampa.com.br\/adeeditais\/wp-json\/wp\/v2\/users\/2"}],"replies":[{"embeddable":true,"href":"https:\/\/adesampa.com.br\/adeeditais\/wp-json\/wp\/v2\/comments?post=24210"}],"version-history":[{"count":3,"href":"https:\/\/adesampa.com.br\/adeeditais\/wp-json\/wp\/v2\/pages\/24210\/revisions"}],"predecessor-version":[{"id":24644,"href":"https:\/\/adesampa.com.br\/adeeditais\/wp-json\/wp\/v2\/pages\/24210\/revisions\/24644"}],"wp:attachment":[{"href":"https:\/\/adesampa.com.br\/adeeditais\/wp-json\/wp\/v2\/media?parent=24210"}],"curies":[{"name":"wp","href":"https:\/\/api.w.org\/{rel}","templated":true}]}}