{"id":23774,"date":"2025-10-23T17:17:48","date_gmt":"2025-10-23T20:17:48","guid":{"rendered":"https:\/\/adesampa.com.br\/adeeditais\/?page_id=23774"},"modified":"2026-03-12T09:31:45","modified_gmt":"2026-03-12T12:31:45","slug":"edital-16-2025-chamamento","status":"publish","type":"page","link":"https:\/\/adesampa.com.br\/adeeditais\/edital-16-2025-chamamento\/","title":{"rendered":"Edital 16\/2025 &#8211; Chamamento"},"content":{"rendered":"\t\t<div data-elementor-type=\"wp-page\" data-elementor-id=\"23774\" class=\"elementor elementor-23774\">\n\t\t\t\t\t\t<section class=\"elementor-section elementor-top-section elementor-element elementor-element-1b530d0 elementor-section-boxed elementor-section-height-default elementor-section-height-default\" data-id=\"1b530d0\" data-element_type=\"section\" data-e-type=\"section\">\n\t\t\t\t\t\t<div class=\"elementor-container elementor-column-gap-default\">\n\t\t\t\t\t<div class=\"elementor-column elementor-col-50 elementor-top-column elementor-element elementor-element-4185013\" data-id=\"4185013\" data-element_type=\"column\" data-e-type=\"column\">\n\t\t\t<div class=\"elementor-widget-wrap elementor-element-populated\">\n\t\t\t\t\t\t<div class=\"elementor-element elementor-element-863ad9f elementor-widget elementor-widget-text-editor\" data-id=\"863ad9f\" data-element_type=\"widget\" data-e-type=\"widget\" data-widget_type=\"text-editor.default\">\n\t\t\t\t<div class=\"elementor-widget-container\">\n\t\t\t\t\t\t\t\t\t<p><strong>Edital 16\/2025 &#8211; Chamamento<\/strong><\/p>\t\t\t\t\t\t\t\t<\/div>\n\t\t\t\t<\/div>\n\t\t\t\t\t<\/div>\n\t\t<\/div>\n\t\t\t\t<div class=\"elementor-column elementor-col-50 elementor-top-column elementor-element elementor-element-3b4420c\" data-id=\"3b4420c\" data-element_type=\"column\" data-e-type=\"column\">\n\t\t\t<div class=\"elementor-widget-wrap elementor-element-populated\">\n\t\t\t\t\t\t<div class=\"elementor-element elementor-element-a741994 elementor-widget elementor-widget-image\" data-id=\"a741994\" data-element_type=\"widget\" data-e-type=\"widget\" data-widget_type=\"image.default\">\n\t\t\t\t<div class=\"elementor-widget-container\">\n\t\t\t\t\t\t\t\t\t\t\t\t\t\t\t<img fetchpriority=\"high\" decoding=\"async\" width=\"798\" height=\"201\" src=\"https:\/\/adesampa.com.br\/adeeditais\/wp-content\/uploads\/2023\/09\/imagem.png\" class=\"attachment-large size-large wp-image-18290\" alt=\"\" srcset=\"https:\/\/adesampa.com.br\/adeeditais\/wp-content\/uploads\/2023\/09\/imagem.png 798w, https:\/\/adesampa.com.br\/adeeditais\/wp-content\/uploads\/2023\/09\/imagem-300x76.png 300w, https:\/\/adesampa.com.br\/adeeditais\/wp-content\/uploads\/2023\/09\/imagem-768x193.png 768w\" sizes=\"(max-width: 798px) 100vw, 798px\" \/>\t\t\t\t\t\t\t\t\t\t\t\t\t\t\t<\/div>\n\t\t\t\t<\/div>\n\t\t\t\t\t<\/div>\n\t\t<\/div>\n\t\t\t\t\t<\/div>\n\t\t<\/section>\n\t\t\t\t<section class=\"elementor-section elementor-top-section elementor-element elementor-element-0c771aa elementor-section-boxed elementor-section-height-default elementor-section-height-default\" data-id=\"0c771aa\" data-element_type=\"section\" data-e-type=\"section\">\n\t\t\t\t\t\t<div class=\"elementor-container elementor-column-gap-default\">\n\t\t\t\t\t<div class=\"elementor-column elementor-col-100 elementor-top-column elementor-element elementor-element-55acc4a\" data-id=\"55acc4a\" data-element_type=\"column\" data-e-type=\"column\">\n\t\t\t<div class=\"elementor-widget-wrap elementor-element-populated\">\n\t\t\t\t\t\t<div class=\"elementor-element elementor-element-f4c44d5 elementor-widget elementor-widget-text-editor\" data-id=\"f4c44d5\" data-element_type=\"widget\" data-e-type=\"widget\" data-widget_type=\"text-editor.default\">\n\t\t\t\t<div class=\"elementor-widget-container\">\n\t\t\t\t\t\t\t\t\t<p><strong>OBJETO :<\/strong><\/p><p><span class=\"fontstyle0\">Constitui objeto deste Edital a sele\u00e7\u00e3o de 30 (trinta) projetos de iniciativas ligadas \u00e0 cadeia de valor da agricultura urbana e periurbana org\u00e2nica, de base agroecol\u00f3gica ou em transi\u00e7\u00e3o agroecol\u00f3gica na cidade de S\u00e3o Paulo, para participar de acelera\u00e7\u00e3o de neg\u00f3cios, por meio aporte financeiro na forma de materiais e servi\u00e7os, assessoria individual e encontros coletivos, oferecendo suporte t\u00e9cnico-gerencial, apoio na estrutura\u00e7\u00e3o de espa\u00e7os e ado\u00e7\u00e3o de tecnologias sociais e\/ou sustent\u00e1veis para o impulsionamento da cadeia da agricultura na cidade de S\u00e3o Paulo. <\/span><\/p>\t\t\t\t\t\t\t\t<\/div>\n\t\t\t\t<\/div>\n\t\t\t\t\t<\/div>\n\t\t<\/div>\n\t\t\t\t\t<\/div>\n\t\t<\/section>\n\t\t\t\t<section class=\"elementor-section elementor-top-section elementor-element elementor-element-0246a34 elementor-section-boxed elementor-section-height-default elementor-section-height-default\" data-id=\"0246a34\" data-element_type=\"section\" data-e-type=\"section\">\n\t\t\t\t\t\t<div class=\"elementor-container elementor-column-gap-default\">\n\t\t\t\t\t<div class=\"elementor-column elementor-col-33 elementor-top-column elementor-element elementor-element-1ca27d5\" data-id=\"1ca27d5\" data-element_type=\"column\" data-e-type=\"column\">\n\t\t\t<div class=\"elementor-widget-wrap elementor-element-populated\">\n\t\t\t\t\t\t<div class=\"elementor-element elementor-element-aeaf563 elementor-position-top elementor-widget elementor-widget-image-box\" data-id=\"aeaf563\" data-element_type=\"widget\" data-e-type=\"widget\" data-widget_type=\"image-box.default\">\n\t\t\t\t<div class=\"elementor-widget-container\">\n\t\t\t\t\t<div class=\"elementor-image-box-wrapper\"><figure class=\"elementor-image-box-img\"><a href=\"https:\/\/adesampa.com.br\/adeeditais\/wp-content\/uploads\/2025\/10\/250728_Chamamento_AH3__1_.pdf\" tabindex=\"-1\"><img decoding=\"async\" width=\"1241\" height=\"1755\" src=\"https:\/\/adesampa.com.br\/adeeditais\/wp-content\/uploads\/2020\/05\/1a_page-0001.jpg\" class=\"attachment-full size-full wp-image-11609\" alt=\"\" srcset=\"https:\/\/adesampa.com.br\/adeeditais\/wp-content\/uploads\/2020\/05\/1a_page-0001.jpg 1241w, https:\/\/adesampa.com.br\/adeeditais\/wp-content\/uploads\/2020\/05\/1a_page-0001-212x300.jpg 212w, https:\/\/adesampa.com.br\/adeeditais\/wp-content\/uploads\/2020\/05\/1a_page-0001-724x1024.jpg 724w, https:\/\/adesampa.com.br\/adeeditais\/wp-content\/uploads\/2020\/05\/1a_page-0001-768x1086.jpg 768w, https:\/\/adesampa.com.br\/adeeditais\/wp-content\/uploads\/2020\/05\/1a_page-0001-1086x1536.jpg 1086w\" sizes=\"(max-width: 1241px) 100vw, 1241px\" \/><\/a><\/figure><div class=\"elementor-image-box-content\"><h3 class=\"elementor-image-box-title\"><a href=\"https:\/\/adesampa.com.br\/adeeditais\/wp-content\/uploads\/2025\/10\/250728_Chamamento_AH3__1_.pdf\">Edital<\/a><\/h3><\/div><\/div>\t\t\t\t<\/div>\n\t\t\t\t<\/div>\n\t\t\t\t\t<\/div>\n\t\t<\/div>\n\t\t\t\t<div class=\"elementor-column elementor-col-33 elementor-top-column elementor-element elementor-element-622c0af\" data-id=\"622c0af\" data-element_type=\"column\" data-e-type=\"column\">\n\t\t\t<div class=\"elementor-widget-wrap elementor-element-populated\">\n\t\t\t\t\t\t<div class=\"elementor-element elementor-element-2b1a1c2 elementor-position-top elementor-widget elementor-widget-image-box\" data-id=\"2b1a1c2\" data-element_type=\"widget\" data-e-type=\"widget\" data-widget_type=\"image-box.default\">\n\t\t\t\t<div class=\"elementor-widget-container\">\n\t\t\t\t\t<div class=\"elementor-image-box-wrapper\"><figure class=\"elementor-image-box-img\"><a href=\"https:\/\/forms.gle\/bScyEqgLvccibDTw5\" tabindex=\"-1\"><img decoding=\"async\" width=\"512\" height=\"512\" src=\"https:\/\/adesampa.com.br\/adeeditais\/wp-content\/uploads\/2020\/05\/documents-symbol.png\" class=\"attachment-full size-full wp-image-11625\" alt=\"\" srcset=\"https:\/\/adesampa.com.br\/adeeditais\/wp-content\/uploads\/2020\/05\/documents-symbol.png 512w, https:\/\/adesampa.com.br\/adeeditais\/wp-content\/uploads\/2020\/05\/documents-symbol-300x300.png 300w, https:\/\/adesampa.com.br\/adeeditais\/wp-content\/uploads\/2020\/05\/documents-symbol-150x150.png 150w\" sizes=\"(max-width: 512px) 100vw, 512px\" \/><\/a><\/figure><div class=\"elementor-image-box-content\"><h3 class=\"elementor-image-box-title\"><a href=\"https:\/\/forms.gle\/bScyEqgLvccibDTw5\">Inscri\u00e7\u00f5es<\/a><\/h3><\/div><\/div>\t\t\t\t<\/div>\n\t\t\t\t<\/div>\n\t\t\t\t\t<\/div>\n\t\t<\/div>\n\t\t\t\t<div class=\"elementor-column elementor-col-33 elementor-top-column elementor-element elementor-element-d6c17b5\" data-id=\"d6c17b5\" data-element_type=\"column\" data-e-type=\"column\">\n\t\t\t<div class=\"elementor-widget-wrap elementor-element-populated\">\n\t\t\t\t\t\t<div class=\"elementor-element elementor-element-62d7df4 elementor-position-top elementor-widget elementor-widget-image-box\" data-id=\"62d7df4\" data-element_type=\"widget\" data-e-type=\"widget\" data-widget_type=\"image-box.default\">\n\t\t\t\t<div class=\"elementor-widget-container\">\n\t\t\t\t\t<div class=\"elementor-image-box-wrapper\"><figure class=\"elementor-image-box-img\"><a href=\"https:\/\/adesampa.com.br\/adeeditais\/wp-content\/uploads\/2026\/01\/ilovepdf_merged.pdf\" tabindex=\"-1\"><img decoding=\"async\" width=\"512\" height=\"512\" src=\"https:\/\/adesampa.com.br\/adeeditais\/wp-content\/uploads\/2020\/05\/documents-symbol.png\" class=\"attachment-full size-full wp-image-11625\" alt=\"\" srcset=\"https:\/\/adesampa.com.br\/adeeditais\/wp-content\/uploads\/2020\/05\/documents-symbol.png 512w, https:\/\/adesampa.com.br\/adeeditais\/wp-content\/uploads\/2020\/05\/documents-symbol-300x300.png 300w, https:\/\/adesampa.com.br\/adeeditais\/wp-content\/uploads\/2020\/05\/documents-symbol-150x150.png 150w\" sizes=\"(max-width: 512px) 100vw, 512px\" \/><\/a><\/figure><div class=\"elementor-image-box-content\"><h3 class=\"elementor-image-box-title\"><a href=\"https:\/\/adesampa.com.br\/adeeditais\/wp-content\/uploads\/2026\/01\/ilovepdf_merged.pdf\">Ata Comiss\u00e3o de Sele\u00e7\u00e3o<\/a><\/h3><\/div><\/div>\t\t\t\t<\/div>\n\t\t\t\t<\/div>\n\t\t\t\t\t<\/div>\n\t\t<\/div>\n\t\t\t\t\t<\/div>\n\t\t<\/section>\n\t\t\t\t<section class=\"elementor-section elementor-top-section elementor-element elementor-element-b7158f6 elementor-section-boxed elementor-section-height-default elementor-section-height-default\" data-id=\"b7158f6\" data-element_type=\"section\" data-e-type=\"section\">\n\t\t\t\t\t\t<div class=\"elementor-container elementor-column-gap-default\">\n\t\t\t\t\t<div class=\"elementor-column elementor-col-33 elementor-top-column elementor-element elementor-element-b3ffbce\" data-id=\"b3ffbce\" data-element_type=\"column\" data-e-type=\"column\">\n\t\t\t<div class=\"elementor-widget-wrap elementor-element-populated\">\n\t\t\t\t\t\t<div class=\"elementor-element elementor-element-7b77078 elementor-position-top elementor-widget elementor-widget-image-box\" data-id=\"7b77078\" data-element_type=\"widget\" data-e-type=\"widget\" data-widget_type=\"image-box.default\">\n\t\t\t\t<div class=\"elementor-widget-container\">\n\t\t\t\t\t<div class=\"elementor-image-box-wrapper\"><figure class=\"elementor-image-box-img\"><img loading=\"lazy\" decoding=\"async\" width=\"512\" height=\"512\" src=\"https:\/\/adesampa.com.br\/adeeditais\/wp-content\/uploads\/2020\/05\/mallet.png\" class=\"attachment-full size-full wp-image-11744\" alt=\"\" srcset=\"https:\/\/adesampa.com.br\/adeeditais\/wp-content\/uploads\/2020\/05\/mallet.png 512w, https:\/\/adesampa.com.br\/adeeditais\/wp-content\/uploads\/2020\/05\/mallet-300x300.png 300w, https:\/\/adesampa.com.br\/adeeditais\/wp-content\/uploads\/2020\/05\/mallet-150x150.png 150w\" sizes=\"(max-width: 512px) 100vw, 512px\" \/><\/figure><div class=\"elementor-image-box-content\"><h3 class=\"elementor-image-box-title\">Recurso<\/h3><p class=\"elementor-image-box-description\">Os recursos dever\u00e3o ser enviados atrav\u00e9s de correio eletr\u00f4nico para hortasurbanas@adesampa.com.br, com o assunto \"RECURSOS - EDITAL 16\/2025\"<\/p><\/div><\/div>\t\t\t\t<\/div>\n\t\t\t\t<\/div>\n\t\t\t\t\t<\/div>\n\t\t<\/div>\n\t\t\t\t<div class=\"elementor-column elementor-col-33 elementor-top-column elementor-element elementor-element-2ab1685\" data-id=\"2ab1685\" data-element_type=\"column\" data-e-type=\"column\">\n\t\t\t<div class=\"elementor-widget-wrap elementor-element-populated\">\n\t\t\t\t\t\t<div class=\"elementor-element elementor-element-e07b8fc elementor-position-top elementor-widget elementor-widget-image-box\" data-id=\"e07b8fc\" data-element_type=\"widget\" data-e-type=\"widget\" data-widget_type=\"image-box.default\">\n\t\t\t\t<div class=\"elementor-widget-container\">\n\t\t\t\t\t<div class=\"elementor-image-box-wrapper\"><figure class=\"elementor-image-box-img\"><a href=\"https:\/\/adesampa.com.br\/adeeditais\/wp-content\/uploads\/2025\/12\/Comunicados-Acelerando-Hortas.pdf\" target=\"_blank\" tabindex=\"-1\"><img decoding=\"async\" width=\"512\" height=\"512\" src=\"https:\/\/adesampa.com.br\/adeeditais\/wp-content\/uploads\/2020\/05\/documents-symbol.png\" class=\"attachment-full size-full wp-image-11625\" alt=\"\" srcset=\"https:\/\/adesampa.com.br\/adeeditais\/wp-content\/uploads\/2020\/05\/documents-symbol.png 512w, https:\/\/adesampa.com.br\/adeeditais\/wp-content\/uploads\/2020\/05\/documents-symbol-300x300.png 300w, https:\/\/adesampa.com.br\/adeeditais\/wp-content\/uploads\/2020\/05\/documents-symbol-150x150.png 150w\" sizes=\"(max-width: 512px) 100vw, 512px\" \/><\/a><\/figure><div class=\"elementor-image-box-content\"><h3 class=\"elementor-image-box-title\"><a href=\"https:\/\/adesampa.com.br\/adeeditais\/wp-content\/uploads\/2025\/12\/Comunicados-Acelerando-Hortas.pdf\" target=\"_blank\">Comunicado<\/a><\/h3><\/div><\/div>\t\t\t\t<\/div>\n\t\t\t\t<\/div>\n\t\t\t\t\t<\/div>\n\t\t<\/div>\n\t\t\t\t<div class=\"elementor-column elementor-col-33 elementor-top-column elementor-element elementor-element-9269941\" data-id=\"9269941\" data-element_type=\"column\" data-e-type=\"column\">\n\t\t\t<div class=\"elementor-widget-wrap elementor-element-populated\">\n\t\t\t\t\t\t<div class=\"elementor-element elementor-element-343d75a elementor-position-top elementor-widget elementor-widget-image-box\" data-id=\"343d75a\" data-element_type=\"widget\" data-e-type=\"widget\" data-widget_type=\"image-box.default\">\n\t\t\t\t<div class=\"elementor-widget-container\">\n\t\t\t\t\t<div class=\"elementor-image-box-wrapper\"><figure class=\"elementor-image-box-img\"><img loading=\"lazy\" decoding=\"async\" width=\"591\" height=\"513\" src=\"https:\/\/adesampa.com.br\/adeeditais\/wp-content\/uploads\/2020\/10\/resposta-2.png\" class=\"attachment-full size-full wp-image-12261\" alt=\"\" srcset=\"https:\/\/adesampa.com.br\/adeeditais\/wp-content\/uploads\/2020\/10\/resposta-2.png 591w, https:\/\/adesampa.com.br\/adeeditais\/wp-content\/uploads\/2020\/10\/resposta-2-300x260.png 300w\" sizes=\"(max-width: 591px) 100vw, 591px\" \/><\/figure><div class=\"elementor-image-box-content\"><h3 class=\"elementor-image-box-title\">Respostas - recursos<\/h3><\/div><\/div>\t\t\t\t<\/div>\n\t\t\t\t<\/div>\n\t\t\t\t\t<\/div>\n\t\t<\/div>\n\t\t\t\t\t<\/div>\n\t\t<\/section>\n\t\t\t\t<section class=\"elementor-section elementor-top-section elementor-element elementor-element-8dcd8af elementor-section-boxed elementor-section-height-default elementor-section-height-default\" data-id=\"8dcd8af\" data-element_type=\"section\" data-e-type=\"section\">\n\t\t\t\t\t\t<div class=\"elementor-container elementor-column-gap-default\">\n\t\t\t\t\t<div class=\"elementor-column elementor-col-33 elementor-top-column elementor-element elementor-element-9a564ab\" data-id=\"9a564ab\" data-element_type=\"column\" data-e-type=\"column\">\n\t\t\t<div class=\"elementor-widget-wrap elementor-element-populated\">\n\t\t\t\t\t\t<div class=\"elementor-element elementor-element-0bb7303 elementor-position-top elementor-widget elementor-widget-image-box\" data-id=\"0bb7303\" data-element_type=\"widget\" data-e-type=\"widget\" data-widget_type=\"image-box.default\">\n\t\t\t\t<div class=\"elementor-widget-container\">\n\t\t\t\t\t<div class=\"elementor-image-box-wrapper\"><figure class=\"elementor-image-box-img\"><a href=\"https:\/\/adesampa.com.br\/adeeditais\/wp-content\/uploads\/2025\/11\/Perguntas-AH-semana-1-e-2.pdf\" tabindex=\"-1\"><img loading=\"lazy\" decoding=\"async\" width=\"512\" height=\"512\" src=\"https:\/\/adesampa.com.br\/adeeditais\/wp-content\/uploads\/2020\/06\/emoticon-face-of-doubt.png\" class=\"attachment-full size-full wp-image-11796\" alt=\"\" srcset=\"https:\/\/adesampa.com.br\/adeeditais\/wp-content\/uploads\/2020\/06\/emoticon-face-of-doubt.png 512w, https:\/\/adesampa.com.br\/adeeditais\/wp-content\/uploads\/2020\/06\/emoticon-face-of-doubt-300x300.png 300w, https:\/\/adesampa.com.br\/adeeditais\/wp-content\/uploads\/2020\/06\/emoticon-face-of-doubt-150x150.png 150w\" sizes=\"(max-width: 512px) 100vw, 512px\" \/><\/a><\/figure><div class=\"elementor-image-box-content\"><h3 class=\"elementor-image-box-title\"><a href=\"https:\/\/adesampa.com.br\/adeeditais\/wp-content\/uploads\/2025\/11\/Perguntas-AH-semana-1-e-2.pdf\">D\u00favidas e Respostas<\/a><\/h3><\/div><\/div>\t\t\t\t<\/div>\n\t\t\t\t<\/div>\n\t\t\t\t\t<\/div>\n\t\t<\/div>\n\t\t\t\t<div class=\"elementor-column elementor-col-33 elementor-top-column elementor-element elementor-element-2379816\" data-id=\"2379816\" data-element_type=\"column\" data-e-type=\"column\">\n\t\t\t<div class=\"elementor-widget-wrap elementor-element-populated\">\n\t\t\t\t\t\t<div class=\"elementor-element elementor-element-a16e6bf elementor-position-top elementor-widget elementor-widget-image-box\" data-id=\"a16e6bf\" data-element_type=\"widget\" data-e-type=\"widget\" data-widget_type=\"image-box.default\">\n\t\t\t\t<div class=\"elementor-widget-container\">\n\t\t\t\t\t<div class=\"elementor-image-box-wrapper\"><figure class=\"elementor-image-box-img\"><a href=\"https:\/\/adesampa.com.br\/adeeditais\/wp-content\/uploads\/2026\/03\/SEI_149014365_Manifestacao-1.pdf\" tabindex=\"-1\"><img decoding=\"async\" width=\"512\" height=\"512\" src=\"https:\/\/adesampa.com.br\/adeeditais\/wp-content\/uploads\/2020\/05\/documents-symbol.png\" class=\"attachment-full size-full wp-image-11625\" alt=\"\" srcset=\"https:\/\/adesampa.com.br\/adeeditais\/wp-content\/uploads\/2020\/05\/documents-symbol.png 512w, https:\/\/adesampa.com.br\/adeeditais\/wp-content\/uploads\/2020\/05\/documents-symbol-300x300.png 300w, https:\/\/adesampa.com.br\/adeeditais\/wp-content\/uploads\/2020\/05\/documents-symbol-150x150.png 150w\" sizes=\"(max-width: 512px) 100vw, 512px\" \/><\/a><\/figure><div class=\"elementor-image-box-content\"><h3 class=\"elementor-image-box-title\"><a href=\"https:\/\/adesampa.com.br\/adeeditais\/wp-content\/uploads\/2026\/03\/SEI_149014365_Manifestacao-1.pdf\">Ata de resultado final<\/a><\/h3><\/div><\/div>\t\t\t\t<\/div>\n\t\t\t\t<\/div>\n\t\t\t\t\t<\/div>\n\t\t<\/div>\n\t\t\t\t<div class=\"elementor-column elementor-col-33 elementor-top-column elementor-element elementor-element-ce7b94a\" data-id=\"ce7b94a\" data-element_type=\"column\" data-e-type=\"column\">\n\t\t\t<div class=\"elementor-widget-wrap\">\n\t\t\t\t\t\t\t<\/div>\n\t\t<\/div>\n\t\t\t\t\t<\/div>\n\t\t<\/section>\n\t\t\t\t<section class=\"elementor-section elementor-top-section elementor-element elementor-element-71f58cd elementor-section-boxed elementor-section-height-default elementor-section-height-default\" data-id=\"71f58cd\" data-element_type=\"section\" data-e-type=\"section\">\n\t\t\t\t\t\t<div class=\"elementor-container elementor-column-gap-default\">\n\t\t\t\t\t<div class=\"elementor-column elementor-col-100 elementor-top-column elementor-element elementor-element-a9ac834\" data-id=\"a9ac834\" data-element_type=\"column\" data-e-type=\"column\">\n\t\t\t<div class=\"elementor-widget-wrap elementor-element-populated\">\n\t\t\t\t\t\t<div class=\"elementor-element elementor-element-bee8707 elementor-widget elementor-widget-spacer\" data-id=\"bee8707\" data-element_type=\"widget\" data-e-type=\"widget\" data-widget_type=\"spacer.default\">\n\t\t\t\t<div class=\"elementor-widget-container\">\n\t\t\t\t\t\t\t<div class=\"elementor-spacer\">\n\t\t\t<div class=\"elementor-spacer-inner\"><\/div>\n\t\t<\/div>\n\t\t\t\t\t\t<\/div>\n\t\t\t\t<\/div>\n\t\t\t\t<div class=\"elementor-element elementor-element-0ee5f54 elementor-widget elementor-widget-menu-anchor\" data-id=\"0ee5f54\" data-element_type=\"widget\" data-e-type=\"widget\" data-widget_type=\"menu-anchor.default\">\n\t\t\t\t<div class=\"elementor-widget-container\">\n\t\t\t\t\t\t\t<div class=\"elementor-menu-anchor\" id=\"a15\"><\/div>\n\t\t\t\t\t\t<\/div>\n\t\t\t\t<\/div>\n\t\t\t\t\t<\/div>\n\t\t<\/div>\n\t\t\t\t\t<\/div>\n\t\t<\/section>\n\t\t\t\t<section class=\"elementor-section elementor-top-section elementor-element elementor-element-675eb1c elementor-section-boxed elementor-section-height-default elementor-section-height-default\" data-id=\"675eb1c\" data-element_type=\"section\" data-e-type=\"section\">\n\t\t\t\t\t\t<div class=\"elementor-container elementor-column-gap-default\">\n\t\t\t\t\t<div class=\"elementor-column elementor-col-100 elementor-top-column elementor-element elementor-element-76f27d4\" data-id=\"76f27d4\" data-element_type=\"column\" data-e-type=\"column\">\n\t\t\t<div class=\"elementor-widget-wrap elementor-element-populated\">\n\t\t\t\t\t\t<div class=\"elementor-element elementor-element-47cc7aa elementor-alert-danger elementor-widget elementor-widget-alert\" data-id=\"47cc7aa\" data-element_type=\"widget\" data-e-type=\"widget\" data-widget_type=\"alert.default\">\n\t\t\t\t<div class=\"elementor-widget-container\">\n\t\t\t\t\t\t\t<div class=\"elementor-alert\" role=\"alert\">\n\n\t\t\t\t\t\t<span class=\"elementor-alert-title\">Aviso<\/span>\n\t\t\t\n\t\t\t\t\t\t<span class=\"elementor-alert-description\">Para efetuar o cadastramento, \u00e9 obrigat\u00f3rio a utiliza\u00e7\u00e3o de uma conta GMAIL, caso n\u00e3o possua uma, crie gratuitamente em www.gmail.com<br>A Sess\u00e3o P\u00fablica \u00e9 gravada e seu conte\u00fado ficar\u00e1 sob responsabilidade da Ag\u00eancia S\u00e3o Paulo de Desenvolvimento.<br> A participa\u00e7\u00e3o nos editais s\u00e3o regidos pelo Regulamento Interno para Licita\u00e7\u00f5es, Aliena\u00e7\u00f5es e Contratos da ADE SAMPA.\n<\/span>\n\t\t\t\n\t\t\t\t\t\t<button type=\"button\" class=\"elementor-alert-dismiss\" aria-label=\"Dispensar este alerta.\">\n\t\t\t\t\t\t\t\t\t<span aria-hidden=\"true\">&times;<\/span>\n\t\t\t\t\t\t\t<\/button>\n\t\t\t\n\t\t<\/div>\n\t\t\t\t\t\t<\/div>\n\t\t\t\t<\/div>\n\t\t\t\t\t<\/div>\n\t\t<\/div>\n\t\t\t\t\t<\/div>\n\t\t<\/section>\n\t\t\t\t<section class=\"elementor-section elementor-top-section elementor-element elementor-element-7615ea8 elementor-section-boxed elementor-section-height-default elementor-section-height-default\" data-id=\"7615ea8\" data-element_type=\"section\" data-e-type=\"section\">\n\t\t\t\t\t\t<div class=\"elementor-container elementor-column-gap-default\">\n\t\t\t\t\t<div class=\"elementor-column elementor-col-100 elementor-top-column elementor-element elementor-element-9c08d62\" data-id=\"9c08d62\" data-element_type=\"column\" data-e-type=\"column\">\n\t\t\t<div class=\"elementor-widget-wrap elementor-element-populated\">\n\t\t\t\t\t\t<div class=\"elementor-element elementor-element-200b5f9 elementor-widget elementor-widget-html\" data-id=\"200b5f9\" data-element_type=\"widget\" data-e-type=\"widget\" data-widget_type=\"html.default\">\n\t\t\t\t<div class=\"elementor-widget-container\">\n\t\t\t\t\t<!--Start of Tawk.to Script-->\r\n<script type=\"text\/javascript\">\r\nvar Tawk_API=Tawk_API||{}, Tawk_LoadStart=new Date();\r\n(function(){\r\nvar s1=document.createElement(\"script\"),s0=document.getElementsByTagName(\"script\")[0];\r\ns1.async=true;\r\ns1.src='https:\/\/embed.tawk.to\/5ec3de508ee2956d73a29570\/default';\r\ns1.charset='UTF-8';\r\ns1.setAttribute('crossorigin','*');\r\ns0.parentNode.insertBefore(s1,s0);\r\n})();\r\n<\/script>\r\n<!--End of Tawk.to Script-->\t\t\t\t<\/div>\n\t\t\t\t<\/div>\n\t\t\t\t\t<\/div>\n\t\t<\/div>\n\t\t\t\t\t<\/div>\n\t\t<\/section>\n\t\t\t\t<\/div>\n\t\t","protected":false},"excerpt":{"rendered":"<p>Edital 16\/2025 &#8211; Chamamento OBJETO : Constitui objeto deste Edital&hellip;<\/p>\n<p> <a class=\"more-link\" href=\"https:\/\/adesampa.com.br\/adeeditais\/edital-16-2025-chamamento\/\">Leia mais<\/a><\/p>\n","protected":false},"author":2,"featured_media":0,"parent":0,"menu_order":0,"comment_status":"closed","ping_status":"closed","template":"elementor_header_footer","meta":{"_monsterinsights_skip_tracking":false,"_monsterinsights_sitenote_active":false,"_monsterinsights_sitenote_note":"","_monsterinsights_sitenote_category":0,"footnotes":""},"class_list":["post-23774","page","type-page","status-publish"],"_links":{"self":[{"href":"https:\/\/adesampa.com.br\/adeeditais\/wp-json\/wp\/v2\/pages\/23774","targetHints":{"allow":["GET"]}}],"collection":[{"href":"https:\/\/adesampa.com.br\/adeeditais\/wp-json\/wp\/v2\/pages"}],"about":[{"href":"https:\/\/adesampa.com.br\/adeeditais\/wp-json\/wp\/v2\/types\/page"}],"author":[{"embeddable":true,"href":"https:\/\/adesampa.com.br\/adeeditais\/wp-json\/wp\/v2\/users\/2"}],"replies":[{"embeddable":true,"href":"https:\/\/adesampa.com.br\/adeeditais\/wp-json\/wp\/v2\/comments?post=23774"}],"version-history":[{"count":6,"href":"https:\/\/adesampa.com.br\/adeeditais\/wp-json\/wp\/v2\/pages\/23774\/revisions"}],"predecessor-version":[{"id":24613,"href":"https:\/\/adesampa.com.br\/adeeditais\/wp-json\/wp\/v2\/pages\/23774\/revisions\/24613"}],"wp:attachment":[{"href":"https:\/\/adesampa.com.br\/adeeditais\/wp-json\/wp\/v2\/media?parent=23774"}],"curies":[{"name":"wp","href":"https:\/\/api.w.org\/{rel}","templated":true}]}}