{"id":22234,"date":"2025-02-06T11:57:23","date_gmt":"2025-02-06T14:57:23","guid":{"rendered":"https:\/\/adesampa.com.br\/adeeditais\/?page_id=22234"},"modified":"2025-10-29T17:33:49","modified_gmt":"2025-10-29T20:33:49","slug":"edital-01-2025-chamamento-publico","status":"publish","type":"page","link":"https:\/\/adesampa.com.br\/adeeditais\/edital-01-2025-chamamento-publico\/","title":{"rendered":"Edital 01\/2025 \u2013 Chamamento P\u00fablico"},"content":{"rendered":"\t\t<div data-elementor-type=\"wp-page\" data-elementor-id=\"22234\" class=\"elementor elementor-22234\">\n\t\t\t\t\t\t<section class=\"elementor-section elementor-top-section elementor-element elementor-element-8a6eefa elementor-section-boxed elementor-section-height-default elementor-section-height-default\" data-id=\"8a6eefa\" data-element_type=\"section\" data-e-type=\"section\">\n\t\t\t\t\t\t<div class=\"elementor-container elementor-column-gap-default\">\n\t\t\t\t\t<div class=\"elementor-column elementor-col-100 elementor-top-column elementor-element elementor-element-01241fe\" data-id=\"01241fe\" data-element_type=\"column\" data-e-type=\"column\">\n\t\t\t<div class=\"elementor-widget-wrap elementor-element-populated\">\n\t\t\t\t\t\t<div class=\"elementor-element elementor-element-a0c1e85 elementor-widget elementor-widget-text-editor\" data-id=\"a0c1e85\" data-element_type=\"widget\" data-e-type=\"widget\" data-widget_type=\"text-editor.default\">\n\t\t\t\t<div class=\"elementor-widget-container\">\n\t\t\t\t\t\t\t\t\t<p><strong>Edital 01\/2025 &#8211; Chamamento P\u00fablico<\/strong><\/p><p><strong>OBJETO :<\/strong> Sele\u00e7\u00e3o de pessoas jur\u00eddicas de direito privado ou p\u00fablico, aut\u00e1rquico ou fundacional, de direito<br \/>interno ou externo, interessadas em firmar parcerias, sem transfer\u00eancia de recursos financeiros entre<br \/>as partes, para a execu\u00e7\u00e3o de projetos, eventos e atividades realizadas pela Ag\u00eancia S\u00e3o Paulo de<br \/>Desenvolvimento &#8211; ADE SAMPA, bem como para o desenvolvimento de a\u00e7\u00f5es relacionadas \u00e0s suas<br \/>atribui\u00e7\u00f5es legais durante o ano de 2025 no Munic\u00edpio de S\u00e3o Paulo.<\/p><p><strong>Edital atualizado (05\/05\/2025) \u2013<\/strong>\u00a0<strong><span style=\"color: #0000ff;\"><a style=\"color: #0000ff;\" href=\"https:\/\/adesampa.com.br\/adeeditais\/wp-content\/uploads\/2025\/05\/Edital_de_chamamento_publico___Parcerias_sem_repasse.pdf\">Clique aqui<\/a><\/span><\/strong><\/p><p><strong>Proposta da Omnismart\u00a0 (07\/02\/2025)\u00a0 \u2013\u00a0<span style=\"color: #0000ff;\"><a style=\"color: #0000ff;\" href=\"https:\/\/adesampa.com.br\/adeeditais\/wp-content\/uploads\/2025\/02\/Ominismart.pdf\">Clique aqui<\/a><\/span><\/strong><\/p><p><strong>Syhus Contabilidade\u00a0 (12\/02\/2025)\u00a0 \u2013 <span style=\"color: #0000ff;\"><a style=\"color: #0000ff;\" href=\"https:\/\/adesampa.com.br\/adeeditais\/wp-content\/uploads\/2025\/02\/Manifestacao_de_interesse_para_envio_de_propostas.docx___Clicksign.pdf\">Clique aqui<\/a><\/span><\/strong><\/p><p><strong>Geek Organiza\u00e7\u00e3o de Feiras\u00a0 (26\/02\/2025)\u00a0 \u2013 <span style=\"color: #0000ff;\"><a style=\"color: #0000ff;\" href=\"https:\/\/adesampa.com.br\/adeeditais\/wp-content\/uploads\/2025\/02\/Proposta-World-Cosplay-Summit-_-Ade-Sampa.pdf\">Clique aqui<\/a><\/span><\/strong><\/p><p><strong>Funda\u00e7\u00e3o Instituto de Administra\u00e7\u00e3o &#8211; FIA\u00a0 (25\/03\/2025)\u00a0 \u2013 <span style=\"color: #0000ff;\"><a style=\"color: #0000ff;\" href=\"https:\/\/adesampa.com.br\/adeeditais\/wp-content\/uploads\/2025\/03\/MANIFESTACAO-DE-INTERESSE-PARA-ENVIO-DE-PROPOSTAS_ADE-SAMPA-1-1.pdf\">Clique aqui<\/a><\/span><\/strong><\/p><p><strong>PwTech Ind\u00fastria e Com\u00e9rcio de Purificadores\u00a0 (11\/04<\/strong><strong>\/2025)\u00a0 \u2013 <span style=\"color: #0000ff;\"><a style=\"color: #0000ff;\" href=\"https:\/\/adesampa.com.br\/adeeditais\/wp-content\/uploads\/2025\/04\/OFICIO.pdf\">Clique aqui<\/a><\/span><\/strong><\/p><p><strong>SICRED Vale do Piquiri ABCD PR\/SP (22\/04<\/strong><strong>\/2025)\u00a0 \u2013 <span style=\"color: #0000ff;\"><a style=\"color: #0000ff;\" href=\"https:\/\/adesampa.com.br\/adeeditais\/wp-content\/uploads\/2025\/04\/Manifestacao_de_interesse_09.04.2025._Manifesto.pdf\">Clique aqui<\/a><\/span><\/strong><\/p><p><strong>Associa\u00e7\u00e3o BM&amp;F (30\/04<\/strong><strong>\/2025)\u00a0 \u2013 <span style=\"color: #0000ff;\"><a style=\"color: #0000ff;\" href=\"https:\/\/adesampa.com.br\/adeeditais\/wp-content\/uploads\/2025\/04\/Termo_de_parceria_ADESAMPA_Assinado.pdf\">Clique aqui<\/a><\/span><\/strong><\/p><p><strong>Credituz (28\/05<\/strong><strong>\/2025)\u00a0 \u2013 <span style=\"color: #0000ff;\"><a style=\"color: #0000ff;\" href=\"https:\/\/adesampa.com.br\/adeeditais\/wp-content\/uploads\/2025\/05\/Manifestacao_de_Interesse___Edital_n_C2_BA_01_2025_ADE_SAMPA_assinado.pdf\">Clique aqui<\/a><\/span><\/strong><\/p><p><strong>Federa\u00e7\u00e3o das Empresas Juniores do Estado de S\u00e3o Paulo &#8211; FEJESP (29\/05<\/strong><strong>\/2025)\u00a0 \u2013 <span style=\"color: #0000ff;\"><a style=\"color: #0000ff;\" href=\"https:\/\/adesampa.com.br\/adeeditais\/wp-content\/uploads\/2025\/05\/Anexo-II-\u2013-Manifestacao-de-Interesse.docx.pdf\">Clique aqui<\/a><\/span><\/strong><\/p><p><strong>Instituto Inova\/BR (06\/06<\/strong><strong>\/2025)\u00a0 \u2013 <span style=\"color: #0000ff;\"><a style=\"color: #0000ff;\" href=\"https:\/\/adesampa.com.br\/adeeditais\/wp-content\/uploads\/2025\/06\/Manifestacao_de_Interesse.docx_assinado.pdf\">Clique aqui<\/a><\/span><\/strong><\/p><p><strong>OFUTURO CONSULTORIA E TREINAMENTOS LTDA (08\/07<\/strong><strong>\/2025)\u00a0 \u2013 <span style=\"color: #0000ff;\"><a style=\"color: #0000ff;\" href=\"https:\/\/adesampa.com.br\/adeeditais\/wp-content\/uploads\/2025\/07\/Anexo-II-Manifestacao-de-interesse.pdf\">Clique aqui<\/a><\/span><\/strong><\/p><p><strong>Lellolab Inova\u00e7\u00e3o Urbana Ltda (08\/07<\/strong><strong>\/2025)\u00a0 \u2013 <span style=\"color: #0000ff;\"><a style=\"color: #0000ff;\" href=\"https:\/\/adesampa.com.br\/adeeditais\/wp-content\/uploads\/2025\/07\/MODELO_DE_MANIFESTACAO_DE_INTERESSE_LELLOLAB_ADESAMPA.pdf\">Clique aqui<\/a><\/span><\/strong><\/p><p><strong>Recickla (21\/07<\/strong><strong>\/2025)\u00a0 \u2013 <span style=\"color: #0000ff;\"><a style=\"color: #0000ff;\" href=\"https:\/\/adesampa.com.br\/adeeditais\/wp-content\/uploads\/2025\/07\/Anexo-III-ADE-SAMPA_Recickla_rev_I.pdf\">Clique aqui<\/a><\/span><\/strong><\/p><p><strong>Associa\u00e7\u00e3o BM&amp;F (11\/08<\/strong><strong>\/2025)\u00a0 \u2013 <span style=\"color: #0000ff;\"><a style=\"color: #0000ff;\" href=\"https:\/\/adesampa.com.br\/adeeditais\/wp-content\/uploads\/2025\/08\/Manifestacao_de_Interesse_B3_cursos.pdf\">Clique aqui<\/a><\/span><\/strong><\/p><p><strong>Nova Urbs LTDA (23\/09<\/strong><strong>\/2025)\u00a0 \u2013 <span style=\"color: #0000ff;\"><a style=\"color: #0000ff;\" href=\"https:\/\/adesampa.com.br\/adeeditais\/wp-content\/uploads\/2025\/09\/Manifestacao_de_Interesse_ADESampa-Nova_Urbs_v1.1.docx_assinado.pdf\">Clique aqui<\/a><\/span><\/strong><\/p><p><strong>AESPM \u2013 ASSOCIA\u00c7\u00c3O ESCOLA SUPERIOR DE PROPAGANDA E MARKETING (07\/10<\/strong><strong>\/2025)\u00a0 \u2013 <span style=\"color: #0000ff;\"><a style=\"color: #0000ff;\" href=\"https:\/\/adesampa.com.br\/adeeditais\/wp-content\/uploads\/2025\/10\/Manifestacao-Interesse-ADE-Sampa-2026.pdf\">Clique aqui<\/a><\/span><\/strong><\/p><p><strong>Associa\u00e7\u00e3o de Cr\u00e9dito ao Empreendedor P\u00e9rola (Banco P\u00e9rola) (29\/10<\/strong><strong>\/2025)\u00a0 \u2013 <span style=\"color: #0000ff;\"><a style=\"color: #0000ff;\" href=\"https:\/\/adesampa.com.br\/adeeditais\/wp-content\/uploads\/2025\/10\/MANIFESTACAO_DE_INTERESSE_PARA_ENVIO_DE_PROPOSTAS___Ade_Sampa.docx___Clicksign.pdf\">Clique aqui<\/a><\/span><\/strong><\/p>\t\t\t\t\t\t\t\t<\/div>\n\t\t\t\t<\/div>\n\t\t\t\t<div class=\"elementor-element elementor-element-a032e3e elementor-widget elementor-widget-spacer\" data-id=\"a032e3e\" data-element_type=\"widget\" data-e-type=\"widget\" data-widget_type=\"spacer.default\">\n\t\t\t\t<div class=\"elementor-widget-container\">\n\t\t\t\t\t\t\t<div class=\"elementor-spacer\">\n\t\t\t<div class=\"elementor-spacer-inner\"><\/div>\n\t\t<\/div>\n\t\t\t\t\t\t<\/div>\n\t\t\t\t<\/div>\n\t\t\t\t\t<\/div>\n\t\t<\/div>\n\t\t\t\t\t<\/div>\n\t\t<\/section>\n\t\t\t\t<\/div>\n\t\t","protected":false},"excerpt":{"rendered":"<p>Edital 01\/2025 &#8211; Chamamento P\u00fablico OBJETO : Sele\u00e7\u00e3o de pessoas&hellip;<\/p>\n<p> <a class=\"more-link\" href=\"https:\/\/adesampa.com.br\/adeeditais\/edital-01-2025-chamamento-publico\/\">Leia mais<\/a><\/p>\n","protected":false},"author":1,"featured_media":0,"parent":0,"menu_order":0,"comment_status":"closed","ping_status":"closed","template":"","meta":{"_monsterinsights_skip_tracking":false,"_monsterinsights_sitenote_active":false,"_monsterinsights_sitenote_note":"","_monsterinsights_sitenote_category":0,"footnotes":""},"class_list":["post-22234","page","type-page","status-publish"],"_links":{"self":[{"href":"https:\/\/adesampa.com.br\/adeeditais\/wp-json\/wp\/v2\/pages\/22234","targetHints":{"allow":["GET"]}}],"collection":[{"href":"https:\/\/adesampa.com.br\/adeeditais\/wp-json\/wp\/v2\/pages"}],"about":[{"href":"https:\/\/adesampa.com.br\/adeeditais\/wp-json\/wp\/v2\/types\/page"}],"author":[{"embeddable":true,"href":"https:\/\/adesampa.com.br\/adeeditais\/wp-json\/wp\/v2\/users\/1"}],"replies":[{"embeddable":true,"href":"https:\/\/adesampa.com.br\/adeeditais\/wp-json\/wp\/v2\/comments?post=22234"}],"version-history":[{"count":0,"href":"https:\/\/adesampa.com.br\/adeeditais\/wp-json\/wp\/v2\/pages\/22234\/revisions"}],"wp:attachment":[{"href":"https:\/\/adesampa.com.br\/adeeditais\/wp-json\/wp\/v2\/media?parent=22234"}],"curies":[{"name":"wp","href":"https:\/\/api.w.org\/{rel}","templated":true}]}}