{"id":21972,"date":"2024-12-13T11:35:14","date_gmt":"2024-12-13T14:35:14","guid":{"rendered":"https:\/\/adesampa.com.br\/adeeditais\/?page_id=21972"},"modified":"2025-01-08T18:04:20","modified_gmt":"2025-01-08T21:04:20","slug":"edital-40-2024-carta-convite","status":"publish","type":"page","link":"https:\/\/adesampa.com.br\/adeeditais\/edital-40-2024-carta-convite\/","title":{"rendered":"Edital 40\/2024 &#8211; Carta Convite"},"content":{"rendered":"\t\t<div data-elementor-type=\"wp-page\" data-elementor-id=\"21972\" class=\"elementor elementor-21972\">\n\t\t\t\t\t\t<section class=\"elementor-section elementor-top-section elementor-element elementor-element-1b530d0 elementor-section-boxed elementor-section-height-default elementor-section-height-default\" data-id=\"1b530d0\" data-element_type=\"section\" data-e-type=\"section\">\n\t\t\t\t\t\t<div class=\"elementor-container elementor-column-gap-default\">\n\t\t\t\t\t<div class=\"elementor-column elementor-col-50 elementor-top-column elementor-element elementor-element-4185013\" data-id=\"4185013\" data-element_type=\"column\" data-e-type=\"column\">\n\t\t\t<div class=\"elementor-widget-wrap elementor-element-populated\">\n\t\t\t\t\t\t<div class=\"elementor-element elementor-element-863ad9f elementor-widget elementor-widget-text-editor\" data-id=\"863ad9f\" data-element_type=\"widget\" data-e-type=\"widget\" data-widget_type=\"text-editor.default\">\n\t\t\t\t<div class=\"elementor-widget-container\">\n\t\t\t\t\t\t\t\t\t<p><strong>Edital 40\/2024 &#8211; Carta Convite<\/strong><\/p>\t\t\t\t\t\t\t\t<\/div>\n\t\t\t\t<\/div>\n\t\t\t\t\t<\/div>\n\t\t<\/div>\n\t\t\t\t<div class=\"elementor-column elementor-col-50 elementor-top-column elementor-element elementor-element-3b4420c\" data-id=\"3b4420c\" data-element_type=\"column\" data-e-type=\"column\">\n\t\t\t<div class=\"elementor-widget-wrap elementor-element-populated\">\n\t\t\t\t\t\t<div class=\"elementor-element elementor-element-a741994 elementor-widget elementor-widget-image\" data-id=\"a741994\" data-element_type=\"widget\" data-e-type=\"widget\" data-widget_type=\"image.default\">\n\t\t\t\t<div class=\"elementor-widget-container\">\n\t\t\t\t\t\t\t\t\t\t\t\t\t\t\t<img fetchpriority=\"high\" decoding=\"async\" width=\"798\" height=\"201\" src=\"https:\/\/adesampa.com.br\/adeeditais\/wp-content\/uploads\/2023\/09\/imagem.png\" class=\"attachment-large size-large wp-image-18290\" alt=\"\" srcset=\"https:\/\/adesampa.com.br\/adeeditais\/wp-content\/uploads\/2023\/09\/imagem.png 798w, https:\/\/adesampa.com.br\/adeeditais\/wp-content\/uploads\/2023\/09\/imagem-300x76.png 300w, https:\/\/adesampa.com.br\/adeeditais\/wp-content\/uploads\/2023\/09\/imagem-768x193.png 768w\" sizes=\"(max-width: 798px) 100vw, 798px\" \/>\t\t\t\t\t\t\t\t\t\t\t\t\t\t\t<\/div>\n\t\t\t\t<\/div>\n\t\t\t\t\t<\/div>\n\t\t<\/div>\n\t\t\t\t\t<\/div>\n\t\t<\/section>\n\t\t\t\t<section class=\"elementor-section elementor-top-section elementor-element elementor-element-0c771aa elementor-section-boxed elementor-section-height-default elementor-section-height-default\" data-id=\"0c771aa\" data-element_type=\"section\" data-e-type=\"section\">\n\t\t\t\t\t\t<div class=\"elementor-container elementor-column-gap-default\">\n\t\t\t\t\t<div class=\"elementor-column elementor-col-100 elementor-top-column elementor-element elementor-element-55acc4a\" data-id=\"55acc4a\" data-element_type=\"column\" data-e-type=\"column\">\n\t\t\t<div class=\"elementor-widget-wrap elementor-element-populated\">\n\t\t\t\t\t\t<div class=\"elementor-element elementor-element-f4c44d5 elementor-widget elementor-widget-text-editor\" data-id=\"f4c44d5\" data-element_type=\"widget\" data-e-type=\"widget\" data-widget_type=\"text-editor.default\">\n\t\t\t\t<div class=\"elementor-widget-container\">\n\t\t\t\t\t\t\t\t\t<p><strong>OBJETO\u00a0<\/strong><span class=\"fontstyle0\"><br \/><\/span><\/p><p><span class=\"fontstyle0\"><span style=\"font-weight: 400;\">O presente Termo de Refer\u00eancia (TR) tem como objeto a contrata\u00e7\u00e3o de servi\u00e7o em nuvem baseado em plataforma para o fornecimento de imagens de sat\u00e9lite de alt\u00edssima resolu\u00e7\u00e3o, com base em cr\u00e9ditos di\u00e1rios, incluindo acesso a novas coletas e acervo hist\u00f3rico de imagens, para a visualiza\u00e7\u00e3o de \u00e1reas do territ\u00f3rio da cidade de S\u00e3o Paulo. O foco \u00e9 a redu\u00e7\u00e3o de assimetrias de informa\u00e7\u00e3o para os pequenos empreendedores da cidade, visando apoiar a tomada de decis\u00f5es estrat\u00e9gicas e promover o desenvolvimento econ\u00f4mico local.<\/span><\/span><span class=\"fontstyle0\"><br \/><\/span><\/p>\t\t\t\t\t\t\t\t<\/div>\n\t\t\t\t<\/div>\n\t\t\t\t\t<\/div>\n\t\t<\/div>\n\t\t\t\t\t<\/div>\n\t\t<\/section>\n\t\t\t\t<section class=\"elementor-section elementor-top-section elementor-element elementor-element-0246a34 elementor-section-boxed elementor-section-height-default elementor-section-height-default\" data-id=\"0246a34\" data-element_type=\"section\" data-e-type=\"section\">\n\t\t\t\t\t\t<div class=\"elementor-container elementor-column-gap-default\">\n\t\t\t\t\t<div class=\"elementor-column elementor-col-33 elementor-top-column elementor-element elementor-element-1ca27d5\" data-id=\"1ca27d5\" data-element_type=\"column\" data-e-type=\"column\">\n\t\t\t<div class=\"elementor-widget-wrap elementor-element-populated\">\n\t\t\t\t\t\t<div class=\"elementor-element elementor-element-aeaf563 elementor-position-top elementor-widget elementor-widget-image-box\" data-id=\"aeaf563\" data-element_type=\"widget\" data-e-type=\"widget\" data-widget_type=\"image-box.default\">\n\t\t\t\t<div class=\"elementor-widget-container\">\n\t\t\t\t\t<div class=\"elementor-image-box-wrapper\"><figure class=\"elementor-image-box-img\"><a href=\"https:\/\/adesampa.com.br\/adeeditais\/wp-content\/uploads\/2024\/12\/Carta-Convite-no-040_2024-plataforma-para-o-fornecimento-de-imagens-de-satelite.docx-Documentos-Google.pdf\" tabindex=\"-1\"><img decoding=\"async\" width=\"1241\" height=\"1755\" src=\"https:\/\/adesampa.com.br\/adeeditais\/wp-content\/uploads\/2020\/05\/1a_page-0001.jpg\" class=\"attachment-full size-full wp-image-11609\" alt=\"\" srcset=\"https:\/\/adesampa.com.br\/adeeditais\/wp-content\/uploads\/2020\/05\/1a_page-0001.jpg 1241w, https:\/\/adesampa.com.br\/adeeditais\/wp-content\/uploads\/2020\/05\/1a_page-0001-212x300.jpg 212w, https:\/\/adesampa.com.br\/adeeditais\/wp-content\/uploads\/2020\/05\/1a_page-0001-724x1024.jpg 724w, https:\/\/adesampa.com.br\/adeeditais\/wp-content\/uploads\/2020\/05\/1a_page-0001-768x1086.jpg 768w, https:\/\/adesampa.com.br\/adeeditais\/wp-content\/uploads\/2020\/05\/1a_page-0001-1086x1536.jpg 1086w\" sizes=\"(max-width: 1241px) 100vw, 1241px\" \/><\/a><\/figure><div class=\"elementor-image-box-content\"><h3 class=\"elementor-image-box-title\"><a href=\"https:\/\/adesampa.com.br\/adeeditais\/wp-content\/uploads\/2024\/12\/Carta-Convite-no-040_2024-plataforma-para-o-fornecimento-de-imagens-de-satelite.docx-Documentos-Google.pdf\">Edital<\/a><\/h3><\/div><\/div>\t\t\t\t<\/div>\n\t\t\t\t<\/div>\n\t\t\t\t\t<\/div>\n\t\t<\/div>\n\t\t\t\t<div class=\"elementor-column elementor-col-33 elementor-top-column elementor-element elementor-element-622c0af\" data-id=\"622c0af\" data-element_type=\"column\" data-e-type=\"column\">\n\t\t\t<div class=\"elementor-widget-wrap elementor-element-populated\">\n\t\t\t\t\t\t<div class=\"elementor-element elementor-element-53b9eba elementor-position-top elementor-widget elementor-widget-image-box\" data-id=\"53b9eba\" data-element_type=\"widget\" data-e-type=\"widget\" data-widget_type=\"image-box.default\">\n\t\t\t\t<div class=\"elementor-widget-container\">\n\t\t\t\t\t<div class=\"elementor-image-box-wrapper\"><figure class=\"elementor-image-box-img\"><a href=\"https:\/\/forms.gle\/SEsziTX7osBa8rif6\" tabindex=\"-1\"><img decoding=\"async\" width=\"512\" height=\"512\" src=\"https:\/\/adesampa.com.br\/adeeditais\/wp-content\/uploads\/2020\/06\/emoticon-face-of-doubt.png\" class=\"attachment-full size-full wp-image-11796\" alt=\"\" srcset=\"https:\/\/adesampa.com.br\/adeeditais\/wp-content\/uploads\/2020\/06\/emoticon-face-of-doubt.png 512w, https:\/\/adesampa.com.br\/adeeditais\/wp-content\/uploads\/2020\/06\/emoticon-face-of-doubt-300x300.png 300w, https:\/\/adesampa.com.br\/adeeditais\/wp-content\/uploads\/2020\/06\/emoticon-face-of-doubt-150x150.png 150w\" sizes=\"(max-width: 512px) 100vw, 512px\" \/><\/a><\/figure><div class=\"elementor-image-box-content\"><h3 class=\"elementor-image-box-title\"><a href=\"https:\/\/forms.gle\/SEsziTX7osBa8rif6\">Esclarecimento\/impugna\u00e7\u00e3o<\/a><\/h3><\/div><\/div>\t\t\t\t<\/div>\n\t\t\t\t<\/div>\n\t\t\t\t\t<\/div>\n\t\t<\/div>\n\t\t\t\t<div class=\"elementor-column elementor-col-33 elementor-top-column elementor-element elementor-element-d6c17b5\" data-id=\"d6c17b5\" data-element_type=\"column\" data-e-type=\"column\">\n\t\t\t<div class=\"elementor-widget-wrap elementor-element-populated\">\n\t\t\t\t\t\t<div class=\"elementor-element elementor-element-7b77078 elementor-position-top elementor-widget elementor-widget-image-box\" data-id=\"7b77078\" data-element_type=\"widget\" data-e-type=\"widget\" data-widget_type=\"image-box.default\">\n\t\t\t\t<div class=\"elementor-widget-container\">\n\t\t\t\t\t<div class=\"elementor-image-box-wrapper\"><figure class=\"elementor-image-box-img\"><a href=\"https:\/\/forms.gle\/7Qrqh82W91VLWfmv7\" tabindex=\"-1\"><img loading=\"lazy\" decoding=\"async\" width=\"512\" height=\"512\" src=\"https:\/\/adesampa.com.br\/adeeditais\/wp-content\/uploads\/2020\/05\/mallet.png\" class=\"attachment-full size-full wp-image-11744\" alt=\"\" srcset=\"https:\/\/adesampa.com.br\/adeeditais\/wp-content\/uploads\/2020\/05\/mallet.png 512w, https:\/\/adesampa.com.br\/adeeditais\/wp-content\/uploads\/2020\/05\/mallet-300x300.png 300w, https:\/\/adesampa.com.br\/adeeditais\/wp-content\/uploads\/2020\/05\/mallet-150x150.png 150w\" sizes=\"(max-width: 512px) 100vw, 512px\" \/><\/a><\/figure><div class=\"elementor-image-box-content\"><h3 class=\"elementor-image-box-title\"><a href=\"https:\/\/forms.gle\/7Qrqh82W91VLWfmv7\">Recurso<\/a><\/h3><\/div><\/div>\t\t\t\t<\/div>\n\t\t\t\t<\/div>\n\t\t\t\t\t<\/div>\n\t\t<\/div>\n\t\t\t\t\t<\/div>\n\t\t<\/section>\n\t\t\t\t<section class=\"elementor-section elementor-top-section elementor-element elementor-element-369c9cd elementor-section-boxed elementor-section-height-default elementor-section-height-default\" data-id=\"369c9cd\" data-element_type=\"section\" data-e-type=\"section\">\n\t\t\t\t\t\t<div class=\"elementor-container elementor-column-gap-default\">\n\t\t\t\t\t<div class=\"elementor-column elementor-col-33 elementor-top-column elementor-element elementor-element-e688ca1\" data-id=\"e688ca1\" data-element_type=\"column\" data-e-type=\"column\">\n\t\t\t<div class=\"elementor-widget-wrap elementor-element-populated\">\n\t\t\t\t\t\t<div class=\"elementor-element elementor-element-b30cddd elementor-position-top elementor-widget elementor-widget-image-box\" data-id=\"b30cddd\" data-element_type=\"widget\" data-e-type=\"widget\" data-widget_type=\"image-box.default\">\n\t\t\t\t<div class=\"elementor-widget-container\">\n\t\t\t\t\t<div class=\"elementor-image-box-wrapper\"><figure class=\"elementor-image-box-img\"><img loading=\"lazy\" decoding=\"async\" width=\"512\" height=\"512\" src=\"https:\/\/adesampa.com.br\/adeeditais\/wp-content\/uploads\/2020\/05\/documents-symbol.png\" class=\"attachment-full size-full wp-image-11625\" alt=\"\" srcset=\"https:\/\/adesampa.com.br\/adeeditais\/wp-content\/uploads\/2020\/05\/documents-symbol.png 512w, https:\/\/adesampa.com.br\/adeeditais\/wp-content\/uploads\/2020\/05\/documents-symbol-300x300.png 300w, https:\/\/adesampa.com.br\/adeeditais\/wp-content\/uploads\/2020\/05\/documents-symbol-150x150.png 150w\" sizes=\"(max-width: 512px) 100vw, 512px\" \/><\/figure><div class=\"elementor-image-box-content\"><h3 class=\"elementor-image-box-title\">Comunicado<\/h3><\/div><\/div>\t\t\t\t<\/div>\n\t\t\t\t<\/div>\n\t\t\t\t\t<\/div>\n\t\t<\/div>\n\t\t\t\t<div class=\"elementor-column elementor-col-33 elementor-top-column elementor-element elementor-element-ef0b667\" data-id=\"ef0b667\" data-element_type=\"column\" data-e-type=\"column\">\n\t\t\t<div class=\"elementor-widget-wrap elementor-element-populated\">\n\t\t\t\t\t\t<div class=\"elementor-element elementor-element-47b7625 elementor-position-top elementor-widget elementor-widget-image-box\" data-id=\"47b7625\" data-element_type=\"widget\" data-e-type=\"widget\" data-widget_type=\"image-box.default\">\n\t\t\t\t<div class=\"elementor-widget-container\">\n\t\t\t\t\t<div class=\"elementor-image-box-wrapper\"><figure class=\"elementor-image-box-img\"><a href=\"https:\/\/adesampa.com.br\/adeeditais\/wp-content\/uploads\/2025\/01\/Homologacao-Carta-Convite-n\u00b0040_2024.pdf\" tabindex=\"-1\"><img loading=\"lazy\" decoding=\"async\" width=\"512\" height=\"512\" src=\"https:\/\/adesampa.com.br\/adeeditais\/wp-content\/uploads\/2020\/05\/documents-symbol.png\" class=\"attachment-full size-full wp-image-11625\" alt=\"\" srcset=\"https:\/\/adesampa.com.br\/adeeditais\/wp-content\/uploads\/2020\/05\/documents-symbol.png 512w, https:\/\/adesampa.com.br\/adeeditais\/wp-content\/uploads\/2020\/05\/documents-symbol-300x300.png 300w, https:\/\/adesampa.com.br\/adeeditais\/wp-content\/uploads\/2020\/05\/documents-symbol-150x150.png 150w\" sizes=\"(max-width: 512px) 100vw, 512px\" \/><\/a><\/figure><div class=\"elementor-image-box-content\"><h3 class=\"elementor-image-box-title\"><a href=\"https:\/\/adesampa.com.br\/adeeditais\/wp-content\/uploads\/2025\/01\/Homologacao-Carta-Convite-n\u00b0040_2024.pdf\">Resultados\/Homologa\u00e7\u00e3o<\/a><\/h3><\/div><\/div>\t\t\t\t<\/div>\n\t\t\t\t<\/div>\n\t\t\t\t\t<\/div>\n\t\t<\/div>\n\t\t\t\t<div class=\"elementor-column elementor-col-33 elementor-top-column elementor-element elementor-element-01fc7c1\" data-id=\"01fc7c1\" data-element_type=\"column\" data-e-type=\"column\">\n\t\t\t<div class=\"elementor-widget-wrap elementor-element-populated\">\n\t\t\t\t\t\t<div class=\"elementor-element elementor-element-02a341d elementor-position-top elementor-widget elementor-widget-image-box\" data-id=\"02a341d\" data-element_type=\"widget\" data-e-type=\"widget\" data-widget_type=\"image-box.default\">\n\t\t\t\t<div class=\"elementor-widget-container\">\n\t\t\t\t\t<div class=\"elementor-image-box-wrapper\"><figure class=\"elementor-image-box-img\"><img loading=\"lazy\" decoding=\"async\" width=\"591\" height=\"513\" src=\"https:\/\/adesampa.com.br\/adeeditais\/wp-content\/uploads\/2020\/10\/resposta-2.png\" class=\"attachment-full size-full wp-image-12261\" alt=\"\" srcset=\"https:\/\/adesampa.com.br\/adeeditais\/wp-content\/uploads\/2020\/10\/resposta-2.png 591w, https:\/\/adesampa.com.br\/adeeditais\/wp-content\/uploads\/2020\/10\/resposta-2-300x260.png 300w\" sizes=\"(max-width: 591px) 100vw, 591px\" \/><\/figure><div class=\"elementor-image-box-content\"><h3 class=\"elementor-image-box-title\">Respostas \/ esclarecimentos \/ Impugna\u00e7\u00e3o<\/h3><\/div><\/div>\t\t\t\t<\/div>\n\t\t\t\t<\/div>\n\t\t\t\t\t<\/div>\n\t\t<\/div>\n\t\t\t\t\t<\/div>\n\t\t<\/section>\n\t\t\t\t<section class=\"elementor-section elementor-top-section elementor-element elementor-element-d8abe23 elementor-section-boxed elementor-section-height-default elementor-section-height-default\" data-id=\"d8abe23\" data-element_type=\"section\" data-e-type=\"section\">\n\t\t\t\t\t\t<div class=\"elementor-container elementor-column-gap-default\">\n\t\t\t\t\t<div class=\"elementor-column elementor-col-33 elementor-top-column elementor-element elementor-element-32252d8\" data-id=\"32252d8\" data-element_type=\"column\" data-e-type=\"column\">\n\t\t\t<div class=\"elementor-widget-wrap elementor-element-populated\">\n\t\t\t\t\t\t<div class=\"elementor-element elementor-element-00c0843 elementor-position-top elementor-widget elementor-widget-image-box\" data-id=\"00c0843\" data-element_type=\"widget\" data-e-type=\"widget\" data-widget_type=\"image-box.default\">\n\t\t\t\t<div class=\"elementor-widget-container\">\n\t\t\t\t\t<div class=\"elementor-image-box-wrapper\"><figure class=\"elementor-image-box-img\"><img loading=\"lazy\" decoding=\"async\" width=\"591\" height=\"513\" src=\"https:\/\/adesampa.com.br\/adeeditais\/wp-content\/uploads\/2020\/10\/resposta-2.png\" class=\"attachment-full size-full wp-image-12261\" alt=\"\" srcset=\"https:\/\/adesampa.com.br\/adeeditais\/wp-content\/uploads\/2020\/10\/resposta-2.png 591w, https:\/\/adesampa.com.br\/adeeditais\/wp-content\/uploads\/2020\/10\/resposta-2-300x260.png 300w\" sizes=\"(max-width: 591px) 100vw, 591px\" \/><\/figure><div class=\"elementor-image-box-content\"><h3 class=\"elementor-image-box-title\">Respostas - recursos<\/h3><\/div><\/div>\t\t\t\t<\/div>\n\t\t\t\t<\/div>\n\t\t\t\t\t<\/div>\n\t\t<\/div>\n\t\t\t\t<div class=\"elementor-column elementor-col-33 elementor-top-column elementor-element elementor-element-1fd2405\" data-id=\"1fd2405\" data-element_type=\"column\" data-e-type=\"column\">\n\t\t\t<div class=\"elementor-widget-wrap elementor-element-populated\">\n\t\t\t\t\t\t<div class=\"elementor-element elementor-element-cfded69 elementor-position-top elementor-widget elementor-widget-image-box\" data-id=\"cfded69\" data-element_type=\"widget\" data-e-type=\"widget\" data-widget_type=\"image-box.default\">\n\t\t\t\t<div class=\"elementor-widget-container\">\n\t\t\t\t\t<div class=\"elementor-image-box-wrapper\"><figure class=\"elementor-image-box-img\"><a href=\"https:\/\/adesampa.com.br\/adeeditais\/wp-content\/uploads\/2024\/12\/Ata-da-Sessao-Publica-Carta-Convite-n\u00b0-040_2024.pdf\" tabindex=\"-1\"><img loading=\"lazy\" decoding=\"async\" width=\"512\" height=\"512\" src=\"https:\/\/adesampa.com.br\/adeeditais\/wp-content\/uploads\/2020\/05\/documents-symbol.png\" class=\"attachment-full size-full wp-image-11625\" alt=\"\" srcset=\"https:\/\/adesampa.com.br\/adeeditais\/wp-content\/uploads\/2020\/05\/documents-symbol.png 512w, https:\/\/adesampa.com.br\/adeeditais\/wp-content\/uploads\/2020\/05\/documents-symbol-300x300.png 300w, https:\/\/adesampa.com.br\/adeeditais\/wp-content\/uploads\/2020\/05\/documents-symbol-150x150.png 150w\" sizes=\"(max-width: 512px) 100vw, 512px\" \/><\/a><\/figure><div class=\"elementor-image-box-content\"><h3 class=\"elementor-image-box-title\"><a href=\"https:\/\/adesampa.com.br\/adeeditais\/wp-content\/uploads\/2024\/12\/Ata-da-Sessao-Publica-Carta-Convite-n\u00b0-040_2024.pdf\">Ata<\/a><\/h3><\/div><\/div>\t\t\t\t<\/div>\n\t\t\t\t<\/div>\n\t\t\t\t\t<\/div>\n\t\t<\/div>\n\t\t\t\t<div class=\"elementor-column elementor-col-33 elementor-top-column elementor-element elementor-element-9b611f0\" data-id=\"9b611f0\" data-element_type=\"column\" data-e-type=\"column\">\n\t\t\t<div class=\"elementor-widget-wrap\">\n\t\t\t\t\t\t\t<\/div>\n\t\t<\/div>\n\t\t\t\t\t<\/div>\n\t\t<\/section>\n\t\t\t\t<section class=\"elementor-section elementor-top-section elementor-element elementor-element-71f58cd elementor-section-boxed elementor-section-height-default elementor-section-height-default\" data-id=\"71f58cd\" data-element_type=\"section\" data-e-type=\"section\">\n\t\t\t\t\t\t<div class=\"elementor-container elementor-column-gap-default\">\n\t\t\t\t\t<div class=\"elementor-column elementor-col-100 elementor-top-column elementor-element elementor-element-a9ac834\" data-id=\"a9ac834\" data-element_type=\"column\" data-e-type=\"column\">\n\t\t\t<div class=\"elementor-widget-wrap elementor-element-populated\">\n\t\t\t\t\t\t<div class=\"elementor-element elementor-element-bee8707 elementor-widget elementor-widget-spacer\" data-id=\"bee8707\" data-element_type=\"widget\" data-e-type=\"widget\" data-widget_type=\"spacer.default\">\n\t\t\t\t<div class=\"elementor-widget-container\">\n\t\t\t\t\t\t\t<div class=\"elementor-spacer\">\n\t\t\t<div class=\"elementor-spacer-inner\"><\/div>\n\t\t<\/div>\n\t\t\t\t\t\t<\/div>\n\t\t\t\t<\/div>\n\t\t\t\t<div class=\"elementor-element elementor-element-0ee5f54 elementor-widget elementor-widget-menu-anchor\" data-id=\"0ee5f54\" data-element_type=\"widget\" data-e-type=\"widget\" data-widget_type=\"menu-anchor.default\">\n\t\t\t\t<div class=\"elementor-widget-container\">\n\t\t\t\t\t\t\t<div class=\"elementor-menu-anchor\" id=\"a15\"><\/div>\n\t\t\t\t\t\t<\/div>\n\t\t\t\t<\/div>\n\t\t\t\t\t<\/div>\n\t\t<\/div>\n\t\t\t\t\t<\/div>\n\t\t<\/section>\n\t\t\t\t<section class=\"elementor-section elementor-top-section elementor-element elementor-element-675eb1c elementor-section-boxed elementor-section-height-default elementor-section-height-default\" data-id=\"675eb1c\" data-element_type=\"section\" data-e-type=\"section\">\n\t\t\t\t\t\t<div class=\"elementor-container elementor-column-gap-default\">\n\t\t\t\t\t<div class=\"elementor-column elementor-col-100 elementor-top-column elementor-element elementor-element-76f27d4\" data-id=\"76f27d4\" data-element_type=\"column\" data-e-type=\"column\">\n\t\t\t<div class=\"elementor-widget-wrap elementor-element-populated\">\n\t\t\t\t\t\t<div class=\"elementor-element elementor-element-47cc7aa elementor-alert-danger elementor-widget elementor-widget-alert\" data-id=\"47cc7aa\" data-element_type=\"widget\" data-e-type=\"widget\" data-widget_type=\"alert.default\">\n\t\t\t\t<div class=\"elementor-widget-container\">\n\t\t\t\t\t\t\t<div class=\"elementor-alert\" role=\"alert\">\n\n\t\t\t\t\t\t<span class=\"elementor-alert-title\">Aviso<\/span>\n\t\t\t\n\t\t\t\t\t\t<span class=\"elementor-alert-description\">Para efetuar o cadastramento, \u00e9 obrigat\u00f3rio a utiliza\u00e7\u00e3o de uma conta GMAIL, caso n\u00e3o possua uma, crie gratuitamente em www.gmail.com<br>A Sess\u00e3o P\u00fablica \u00e9 gravada e seu conte\u00fado ficar\u00e1 sob responsabilidade da Ag\u00eancia S\u00e3o Paulo de Desenvolvimento.<br> A participa\u00e7\u00e3o nos editais s\u00e3o regidos pelo Regulamento Interno para Licita\u00e7\u00f5es, Aliena\u00e7\u00f5es e Contratos da ADE SAMPA.\n<\/span>\n\t\t\t\n\t\t\t\t\t\t<button type=\"button\" class=\"elementor-alert-dismiss\" aria-label=\"Dispensar este alerta.\">\n\t\t\t\t\t\t\t\t\t<span aria-hidden=\"true\">&times;<\/span>\n\t\t\t\t\t\t\t<\/button>\n\t\t\t\n\t\t<\/div>\n\t\t\t\t\t\t<\/div>\n\t\t\t\t<\/div>\n\t\t\t\t\t<\/div>\n\t\t<\/div>\n\t\t\t\t\t<\/div>\n\t\t<\/section>\n\t\t\t\t<section class=\"elementor-section elementor-top-section elementor-element elementor-element-7615ea8 elementor-section-boxed elementor-section-height-default elementor-section-height-default\" data-id=\"7615ea8\" data-element_type=\"section\" data-e-type=\"section\">\n\t\t\t\t\t\t<div class=\"elementor-container elementor-column-gap-default\">\n\t\t\t\t\t<div class=\"elementor-column elementor-col-100 elementor-top-column elementor-element elementor-element-9c08d62\" data-id=\"9c08d62\" data-element_type=\"column\" data-e-type=\"column\">\n\t\t\t<div class=\"elementor-widget-wrap elementor-element-populated\">\n\t\t\t\t\t\t<div class=\"elementor-element elementor-element-200b5f9 elementor-widget elementor-widget-html\" data-id=\"200b5f9\" data-element_type=\"widget\" data-e-type=\"widget\" data-widget_type=\"html.default\">\n\t\t\t\t<div class=\"elementor-widget-container\">\n\t\t\t\t\t<!--Start of Tawk.to Script-->\r\n<script type=\"text\/javascript\">\r\nvar Tawk_API=Tawk_API||{}, Tawk_LoadStart=new Date();\r\n(function(){\r\nvar s1=document.createElement(\"script\"),s0=document.getElementsByTagName(\"script\")[0];\r\ns1.async=true;\r\ns1.src='https:\/\/embed.tawk.to\/5ec3de508ee2956d73a29570\/default';\r\ns1.charset='UTF-8';\r\ns1.setAttribute('crossorigin','*');\r\ns0.parentNode.insertBefore(s1,s0);\r\n})();\r\n<\/script>\r\n<!--End of Tawk.to Script-->\t\t\t\t<\/div>\n\t\t\t\t<\/div>\n\t\t\t\t\t<\/div>\n\t\t<\/div>\n\t\t\t\t\t<\/div>\n\t\t<\/section>\n\t\t\t\t<\/div>\n\t\t","protected":false},"excerpt":{"rendered":"<p>Edital 40\/2024 &#8211; Carta Convite OBJETO\u00a0 O presente Termo de&hellip;<\/p>\n<p> <a class=\"more-link\" href=\"https:\/\/adesampa.com.br\/adeeditais\/edital-40-2024-carta-convite\/\">Leia mais<\/a><\/p>\n","protected":false},"author":1,"featured_media":0,"parent":0,"menu_order":0,"comment_status":"closed","ping_status":"closed","template":"elementor_header_footer","meta":{"_monsterinsights_skip_tracking":false,"_monsterinsights_sitenote_active":false,"_monsterinsights_sitenote_note":"","_monsterinsights_sitenote_category":0,"footnotes":""},"class_list":["post-21972","page","type-page","status-publish"],"_links":{"self":[{"href":"https:\/\/adesampa.com.br\/adeeditais\/wp-json\/wp\/v2\/pages\/21972","targetHints":{"allow":["GET"]}}],"collection":[{"href":"https:\/\/adesampa.com.br\/adeeditais\/wp-json\/wp\/v2\/pages"}],"about":[{"href":"https:\/\/adesampa.com.br\/adeeditais\/wp-json\/wp\/v2\/types\/page"}],"author":[{"embeddable":true,"href":"https:\/\/adesampa.com.br\/adeeditais\/wp-json\/wp\/v2\/users\/1"}],"replies":[{"embeddable":true,"href":"https:\/\/adesampa.com.br\/adeeditais\/wp-json\/wp\/v2\/comments?post=21972"}],"version-history":[{"count":0,"href":"https:\/\/adesampa.com.br\/adeeditais\/wp-json\/wp\/v2\/pages\/21972\/revisions"}],"wp:attachment":[{"href":"https:\/\/adesampa.com.br\/adeeditais\/wp-json\/wp\/v2\/media?parent=21972"}],"curies":[{"name":"wp","href":"https:\/\/api.w.org\/{rel}","templated":true}]}}