{"id":20377,"date":"2024-05-27T14:51:10","date_gmt":"2024-05-27T17:51:10","guid":{"rendered":"https:\/\/adesampa.com.br\/adeeditais\/?page_id=20377"},"modified":"2024-05-27T14:53:29","modified_gmt":"2024-05-27T17:53:29","slug":"edital-02-2024-chamamento-publico","status":"publish","type":"page","link":"https:\/\/adesampa.com.br\/adeeditais\/edital-02-2024-chamamento-publico\/","title":{"rendered":"Edital 02\/2024 \u2013 Chamamento P\u00fablico"},"content":{"rendered":"\t\t<div data-elementor-type=\"wp-page\" data-elementor-id=\"20377\" class=\"elementor elementor-20377\">\n\t\t\t\t\t\t<section class=\"elementor-section elementor-top-section elementor-element elementor-element-8a6eefa elementor-section-boxed elementor-section-height-default elementor-section-height-default\" data-id=\"8a6eefa\" data-element_type=\"section\" data-e-type=\"section\">\n\t\t\t\t\t\t<div class=\"elementor-container elementor-column-gap-default\">\n\t\t\t\t\t<div class=\"elementor-column elementor-col-100 elementor-top-column elementor-element elementor-element-01241fe\" data-id=\"01241fe\" data-element_type=\"column\" data-e-type=\"column\">\n\t\t\t<div class=\"elementor-widget-wrap elementor-element-populated\">\n\t\t\t\t\t\t<div class=\"elementor-element elementor-element-a0c1e85 elementor-widget elementor-widget-text-editor\" data-id=\"a0c1e85\" data-element_type=\"widget\" data-e-type=\"widget\" data-widget_type=\"text-editor.default\">\n\t\t\t\t<div class=\"elementor-widget-container\">\n\t\t\t\t\t\t\t\t\t<p><strong>Edital 02\/2024 &#8211; Chamamento P\u00fablico<\/strong><\/p><p><strong>OBJETO :<\/strong> <span class=\"fontstyle0\">Sele\u00e7\u00e3o de pessoas jur\u00eddicas de direito privado ou p\u00fablico, aut\u00e1rquico ou fundacional, de direito interno ou externo, visando \u00e0 conjuga\u00e7\u00e3o de esfor\u00e7os para a realiza\u00e7\u00e3o de programas, projetos e eventos tempor\u00e1rios realizados pela\u00a0<\/span><span class=\"fontstyle2\">ADE SAMPA<\/span><span class=\"fontstyle0\">, durante o ano de 2024 no munic\u00edpio de S\u00e3o Paulo, por meio de\u00a0<\/span><span class=\"fontstyle2\">patroc\u00ednio (em valores, bens ou servi\u00e7os), doa\u00e7\u00e3o de valores, bens, servi\u00e7os em detrimento do oferecimento de contrapartidas por parte da Ag\u00eancia S\u00e3o Paulo de Desenvolvimento \u2013 ADE SAMPA<\/span><span class=\"fontstyle0\">, nos termos dos artigos 4\u00ba, II e 7\u00ba, II da Lei Municipal n\u00ba 15.838 de 04 de julho de 2013.<\/span>\u00a0<\/p><p><strong>Edital \u2013<\/strong>\u00a0<strong><span style=\"color: #0000ff;\"><a style=\"color: #0000ff;\" href=\"https:\/\/adesampa.com.br\/adeeditais\/wp-content\/uploads\/2024\/01\/EDITAL___chamamento_com_patrocA_nio.pdf\">Clique aqui<\/a><\/span><\/strong><\/p><p><strong style=\"color: var( --e-global-color-text );\">Proposta da <span class=\"fontstyle0\">Pluxee Benef\u00edcios Brasil S.A<\/span> (27\/05\/2024) \u2013<\/strong><span style=\"color: var( --e-global-color-text );\">\u00a0<\/span><strong style=\"color: var( --e-global-color-text );\"><span style=\"color: #0000ff;\"><a style=\"color: #0000ff;\" href=\"https:\/\/adesampa.com.br\/adeeditais\/wp-content\/uploads\/2024\/05\/Carta_de_Intencao_PLUXEE_e_ADE_SAMPA_170520.pdf\">Clique aqui<\/a><\/span><\/strong><\/p><p>\u00a0<\/p>\t\t\t\t\t\t\t\t<\/div>\n\t\t\t\t<\/div>\n\t\t\t\t<div class=\"elementor-element elementor-element-a032e3e elementor-widget elementor-widget-spacer\" data-id=\"a032e3e\" data-element_type=\"widget\" data-e-type=\"widget\" data-widget_type=\"spacer.default\">\n\t\t\t\t<div class=\"elementor-widget-container\">\n\t\t\t\t\t\t\t<div class=\"elementor-spacer\">\n\t\t\t<div class=\"elementor-spacer-inner\"><\/div>\n\t\t<\/div>\n\t\t\t\t\t\t<\/div>\n\t\t\t\t<\/div>\n\t\t\t\t\t<\/div>\n\t\t<\/div>\n\t\t\t\t\t<\/div>\n\t\t<\/section>\n\t\t\t\t<\/div>\n\t\t","protected":false},"excerpt":{"rendered":"<p>Edital 02\/2024 &#8211; Chamamento P\u00fablico OBJETO : Sele\u00e7\u00e3o de pessoas&hellip;<\/p>\n<p> <a class=\"more-link\" href=\"https:\/\/adesampa.com.br\/adeeditais\/edital-02-2024-chamamento-publico\/\">Leia mais<\/a><\/p>\n","protected":false},"author":1,"featured_media":0,"parent":0,"menu_order":0,"comment_status":"closed","ping_status":"closed","template":"","meta":{"_monsterinsights_skip_tracking":false,"_monsterinsights_sitenote_active":false,"_monsterinsights_sitenote_note":"","_monsterinsights_sitenote_category":0,"footnotes":""},"class_list":["post-20377","page","type-page","status-publish"],"_links":{"self":[{"href":"https:\/\/adesampa.com.br\/adeeditais\/wp-json\/wp\/v2\/pages\/20377","targetHints":{"allow":["GET"]}}],"collection":[{"href":"https:\/\/adesampa.com.br\/adeeditais\/wp-json\/wp\/v2\/pages"}],"about":[{"href":"https:\/\/adesampa.com.br\/adeeditais\/wp-json\/wp\/v2\/types\/page"}],"author":[{"embeddable":true,"href":"https:\/\/adesampa.com.br\/adeeditais\/wp-json\/wp\/v2\/users\/1"}],"replies":[{"embeddable":true,"href":"https:\/\/adesampa.com.br\/adeeditais\/wp-json\/wp\/v2\/comments?post=20377"}],"version-history":[{"count":0,"href":"https:\/\/adesampa.com.br\/adeeditais\/wp-json\/wp\/v2\/pages\/20377\/revisions"}],"wp:attachment":[{"href":"https:\/\/adesampa.com.br\/adeeditais\/wp-json\/wp\/v2\/media?parent=20377"}],"curies":[{"name":"wp","href":"https:\/\/api.w.org\/{rel}","templated":true}]}}