{"id":16644,"date":"2023-03-15T14:09:33","date_gmt":"2023-03-15T17:09:33","guid":{"rendered":"https:\/\/adesampa.com.br\/adeeditais\/?page_id=16644"},"modified":"2026-01-16T15:53:26","modified_gmt":"2026-01-16T18:53:26","slug":"credenciamento","status":"publish","type":"page","link":"https:\/\/adesampa.com.br\/adeeditais\/credenciamento\/","title":{"rendered":"Credenciamento"},"content":{"rendered":"\t\t<div data-elementor-type=\"wp-page\" data-elementor-id=\"16644\" class=\"elementor elementor-16644\">\n\t\t\t\t\t\t<section class=\"elementor-section elementor-top-section elementor-element elementor-element-2895d10 elementor-section-boxed elementor-section-height-default elementor-section-height-default\" data-id=\"2895d10\" data-element_type=\"section\" data-e-type=\"section\" data-settings=\"{&quot;background_background&quot;:&quot;slideshow&quot;,&quot;background_slideshow_gallery&quot;:[{&quot;id&quot;:11698,&quot;url&quot;:&quot;https:\\\/\\\/adesampa.com.br\\\/adeeditais\\\/wp-content\\\/uploads\\\/2020\\\/05\\\/Editais07.jpg&quot;}],&quot;background_slideshow_loop&quot;:&quot;yes&quot;,&quot;background_slideshow_slide_duration&quot;:5000,&quot;background_slideshow_slide_transition&quot;:&quot;fade&quot;,&quot;background_slideshow_transition_duration&quot;:500}\">\n\t\t\t\t\t\t\t<div class=\"elementor-background-overlay\"><\/div>\n\t\t\t\t\t\t\t<div class=\"elementor-container elementor-column-gap-default\">\n\t\t\t\t\t<div class=\"elementor-column elementor-col-100 elementor-top-column elementor-element elementor-element-a3f3673\" data-id=\"a3f3673\" data-element_type=\"column\" data-e-type=\"column\">\n\t\t\t<div class=\"elementor-widget-wrap elementor-element-populated\">\n\t\t\t\t\t\t<div class=\"elementor-element elementor-element-d0877ce elementor-widget elementor-widget-heading\" data-id=\"d0877ce\" data-element_type=\"widget\" data-e-type=\"widget\" data-widget_type=\"heading.default\">\n\t\t\t\t<div class=\"elementor-widget-container\">\n\t\t\t\t\t<h2 class=\"elementor-heading-title elementor-size-default\">Credenciamento<\/h2>\t\t\t\t<\/div>\n\t\t\t\t<\/div>\n\t\t\t\t\t<\/div>\n\t\t<\/div>\n\t\t\t\t\t<\/div>\n\t\t<\/section>\n\t\t\t\t<section class=\"elementor-section elementor-top-section elementor-element elementor-element-96a247e elementor-section-boxed elementor-section-height-default elementor-section-height-default\" data-id=\"96a247e\" data-element_type=\"section\" data-e-type=\"section\">\n\t\t\t\t\t\t<div class=\"elementor-container elementor-column-gap-default\">\n\t\t\t\t\t<div class=\"elementor-column elementor-col-100 elementor-top-column elementor-element elementor-element-b17ada3\" data-id=\"b17ada3\" data-element_type=\"column\" data-e-type=\"column\">\n\t\t\t<div class=\"elementor-widget-wrap elementor-element-populated\">\n\t\t\t\t\t\t<div class=\"elementor-element elementor-element-49f386d elementor-widget elementor-widget-spacer\" data-id=\"49f386d\" data-element_type=\"widget\" data-e-type=\"widget\" data-widget_type=\"spacer.default\">\n\t\t\t\t<div class=\"elementor-widget-container\">\n\t\t\t\t\t\t\t<div class=\"elementor-spacer\">\n\t\t\t<div class=\"elementor-spacer-inner\"><\/div>\n\t\t<\/div>\n\t\t\t\t\t\t<\/div>\n\t\t\t\t<\/div>\n\t\t\t\t\t<\/div>\n\t\t<\/div>\n\t\t\t\t\t<\/div>\n\t\t<\/section>\n\t\t\t\t<section class=\"elementor-section elementor-top-section elementor-element elementor-element-7df5efc elementor-section-boxed elementor-section-height-default elementor-section-height-default\" data-id=\"7df5efc\" data-element_type=\"section\" data-e-type=\"section\">\n\t\t\t\t\t\t<div class=\"elementor-container elementor-column-gap-default\">\n\t\t\t\t\t<div class=\"elementor-column elementor-col-33 elementor-top-column elementor-element elementor-element-a7078b1\" data-id=\"a7078b1\" data-element_type=\"column\" data-e-type=\"column\">\n\t\t\t<div class=\"elementor-widget-wrap elementor-element-populated\">\n\t\t\t\t\t\t<div class=\"elementor-element elementor-element-7ea0dac elementor-position-top elementor-widget elementor-widget-image-box\" data-id=\"7ea0dac\" data-element_type=\"widget\" data-e-type=\"widget\" data-widget_type=\"image-box.default\">\n\t\t\t\t<div class=\"elementor-widget-container\">\n\t\t\t\t\t<div class=\"elementor-image-box-wrapper\"><figure class=\"elementor-image-box-img\"><a href=\"https:\/\/adesampa.com.br\/adeeditais\/edital-01-2026-credenciamento\/\" tabindex=\"-1\"><img decoding=\"async\" width=\"150\" height=\"150\" src=\"https:\/\/adesampa.com.br\/adeeditais\/wp-content\/uploads\/2020\/05\/email-1-150x150.png\" class=\"attachment-thumbnail size-thumbnail wp-image-11638\" alt=\"\" srcset=\"https:\/\/adesampa.com.br\/adeeditais\/wp-content\/uploads\/2020\/05\/email-1-150x150.png 150w, https:\/\/adesampa.com.br\/adeeditais\/wp-content\/uploads\/2020\/05\/email-1-300x300.png 300w, https:\/\/adesampa.com.br\/adeeditais\/wp-content\/uploads\/2020\/05\/email-1.png 512w\" sizes=\"(max-width: 150px) 100vw, 150px\" \/><\/a><\/figure><div class=\"elementor-image-box-content\"><h3 class=\"elementor-image-box-title\"><a href=\"https:\/\/adesampa.com.br\/adeeditais\/edital-01-2026-credenciamento\/\">Edital 01\/2026 - Credenciamento<\/a><\/h3><p class=\"elementor-image-box-description\">Credenciamento de institui\u00e7\u00f5es financeiras integrantes do Sistema Financeiro Nacional (SFN), fundos de investimento e Organiza\u00e7\u00f5es da Sociedade Civil de Interesse P\u00fablico interessados em realizar opera\u00e7\u00f5es de cr\u00e9dito para microempreendedores individuais, micro e pequenas empresas, startups, produtores rurais e cooperativas, lastreados com cartas de garantia outorgadas pela Sociedade Garantidora de Cr\u00e9dito (SGC) parceira, no \u00e2mbito do Programa de Cr\u00e9dito e Apoio ao Empreendedorismo (PMAE) do Munic\u00edpio de S\u00e3o Paulo, institu\u00eddo pela Lei Municipal n\u00ba 18.064\/2023 e regulamentado pelo Decreto Municipal n\u00ba 63.745\/2024.<\/p><\/div><\/div>\t\t\t\t<\/div>\n\t\t\t\t<\/div>\n\t\t\t\t\t<\/div>\n\t\t<\/div>\n\t\t\t\t<div class=\"elementor-column elementor-col-33 elementor-top-column elementor-element elementor-element-bef0e8c\" data-id=\"bef0e8c\" data-element_type=\"column\" data-e-type=\"column\">\n\t\t\t<div class=\"elementor-widget-wrap elementor-element-populated\">\n\t\t\t\t\t\t<div class=\"elementor-element elementor-element-4ed81d6 elementor-position-top elementor-widget elementor-widget-image-box\" data-id=\"4ed81d6\" data-element_type=\"widget\" data-e-type=\"widget\" data-widget_type=\"image-box.default\">\n\t\t\t\t<div class=\"elementor-widget-container\">\n\t\t\t\t\t<div class=\"elementor-image-box-wrapper\"><figure class=\"elementor-image-box-img\"><a href=\"https:\/\/adesampa.com.br\/adeeditais\/edital-31-2023-credenciamento\/\" tabindex=\"-1\"><img decoding=\"async\" width=\"150\" height=\"150\" src=\"https:\/\/adesampa.com.br\/adeeditais\/wp-content\/uploads\/2020\/05\/email-1-150x150.png\" class=\"attachment-thumbnail size-thumbnail wp-image-11638\" alt=\"\" srcset=\"https:\/\/adesampa.com.br\/adeeditais\/wp-content\/uploads\/2020\/05\/email-1-150x150.png 150w, https:\/\/adesampa.com.br\/adeeditais\/wp-content\/uploads\/2020\/05\/email-1-300x300.png 300w, https:\/\/adesampa.com.br\/adeeditais\/wp-content\/uploads\/2020\/05\/email-1.png 512w\" sizes=\"(max-width: 150px) 100vw, 150px\" \/><\/a><\/figure><div class=\"elementor-image-box-content\"><h3 class=\"elementor-image-box-title\"><a href=\"https:\/\/adesampa.com.br\/adeeditais\/edital-31-2023-credenciamento\/\">Edital 31\/2023 - Credenciamento<\/a><\/h3><p class=\"elementor-image-box-description\">A sele\u00e7\u00e3o de pessoas jur\u00eddicas de direito privado ou p\u00fablico, aut\u00e1rquico ou fundacional, de direito interno ou externo, visando \u00e0 realiza\u00e7\u00e3o de parcerias para a oferta de linhas de cr\u00e9dito, microcr\u00e9dito produtivo e outros produtos e servi\u00e7os financeiros a empreendedores informais, microempreendedores individuais, microempresas e empresas de pequeno porte, atendidas pela ADE SAMPA e direcionadas aos parceiros durante o ano de 2023 no Munic\u00edpio de S\u00e3o Paulo.<\/p><\/div><\/div>\t\t\t\t<\/div>\n\t\t\t\t<\/div>\n\t\t\t\t\t<\/div>\n\t\t<\/div>\n\t\t\t\t<div class=\"elementor-column elementor-col-33 elementor-top-column elementor-element elementor-element-c44f17b\" data-id=\"c44f17b\" data-element_type=\"column\" data-e-type=\"column\">\n\t\t\t<div class=\"elementor-widget-wrap elementor-element-populated\">\n\t\t\t\t\t\t<div class=\"elementor-element elementor-element-bcb4fb6 elementor-position-top elementor-widget elementor-widget-image-box\" data-id=\"bcb4fb6\" data-element_type=\"widget\" data-e-type=\"widget\" data-widget_type=\"image-box.default\">\n\t\t\t\t<div class=\"elementor-widget-container\">\n\t\t\t\t\t<div class=\"elementor-image-box-wrapper\"><figure class=\"elementor-image-box-img\"><a href=\"https:\/\/adesampa.com.br\/adeeditais\/edital-05-2023-credenciamento\/\" tabindex=\"-1\"><img decoding=\"async\" width=\"150\" height=\"150\" src=\"https:\/\/adesampa.com.br\/adeeditais\/wp-content\/uploads\/2020\/05\/email-1-150x150.png\" class=\"attachment-thumbnail size-thumbnail wp-image-11638\" alt=\"\" srcset=\"https:\/\/adesampa.com.br\/adeeditais\/wp-content\/uploads\/2020\/05\/email-1-150x150.png 150w, https:\/\/adesampa.com.br\/adeeditais\/wp-content\/uploads\/2020\/05\/email-1-300x300.png 300w, https:\/\/adesampa.com.br\/adeeditais\/wp-content\/uploads\/2020\/05\/email-1.png 512w\" sizes=\"(max-width: 150px) 100vw, 150px\" \/><\/a><\/figure><div class=\"elementor-image-box-content\"><h3 class=\"elementor-image-box-title\"><a href=\"https:\/\/adesampa.com.br\/adeeditais\/edital-05-2023-credenciamento\/\">Edital 05\/2023 - Credenciamento<\/a><\/h3><p class=\"elementor-image-box-description\">Credenciamento de especialistas, de diversas \u00e1reas do conhecimento, para futura contrata\u00e7\u00e3o como mentores\/consultores nos Programas e Projetos, conforme demanda, da Ag\u00eancia S\u00e3o Paulo de Desenvolvimento \u2013 ADE SAMPA.<\/p><\/div><\/div>\t\t\t\t<\/div>\n\t\t\t\t<\/div>\n\t\t\t\t\t<\/div>\n\t\t<\/div>\n\t\t\t\t\t<\/div>\n\t\t<\/section>\n\t\t\t\t<section class=\"elementor-section elementor-top-section elementor-element elementor-element-937689b elementor-section-boxed elementor-section-height-default elementor-section-height-default\" data-id=\"937689b\" data-element_type=\"section\" data-e-type=\"section\">\n\t\t\t\t\t\t<div class=\"elementor-container elementor-column-gap-default\">\n\t\t\t\t\t<div class=\"elementor-column elementor-col-100 elementor-top-column elementor-element elementor-element-5ed4805\" data-id=\"5ed4805\" data-element_type=\"column\" data-e-type=\"column\">\n\t\t\t<div class=\"elementor-widget-wrap elementor-element-populated\">\n\t\t\t\t\t\t<div class=\"elementor-element elementor-element-4d1bce5 elementor-alert-danger elementor-widget elementor-widget-alert\" data-id=\"4d1bce5\" data-element_type=\"widget\" data-e-type=\"widget\" data-widget_type=\"alert.default\">\n\t\t\t\t<div class=\"elementor-widget-container\">\n\t\t\t\t\t\t\t<div class=\"elementor-alert\" role=\"alert\">\n\n\t\t\t\t\t\t<span class=\"elementor-alert-title\">AVISO<\/span>\n\t\t\t\n\t\t\t\t\t\t<span class=\"elementor-alert-description\">Para efetuar o cadastramento, \u00e9 obrigat\u00f3rio a utiliza\u00e7\u00e3o de uma conta GMAIL, caso n\u00e3o possua uma, crie gratuitamente em www.gmail.com<br>A Sess\u00e3o P\u00fablica \u00e9 gravada e seu conte\u00fado ficar\u00e1 sob responsabilidade da Ag\u00eancia S\u00e3o Paulo de Desenvolvimento.<br> A participa\u00e7\u00e3o nos editais s\u00e3o regidos pelo Regulamento Interno para Licita\u00e7\u00f5es, Aliena\u00e7\u00f5es e Contratos da ADE SAMPA.<\/span>\n\t\t\t\n\t\t\t\t\t\t<button type=\"button\" class=\"elementor-alert-dismiss\" aria-label=\"Dispensar este alerta.\">\n\t\t\t\t\t\t\t\t\t<span aria-hidden=\"true\">&times;<\/span>\n\t\t\t\t\t\t\t<\/button>\n\t\t\t\n\t\t<\/div>\n\t\t\t\t\t\t<\/div>\n\t\t\t\t<\/div>\n\t\t\t\t\t<\/div>\n\t\t<\/div>\n\t\t\t\t\t<\/div>\n\t\t<\/section>\n\t\t\t\t<section class=\"elementor-section elementor-top-section elementor-element elementor-element-e8b8e14 elementor-section-boxed elementor-section-height-default elementor-section-height-default\" data-id=\"e8b8e14\" data-element_type=\"section\" data-e-type=\"section\">\n\t\t\t\t\t\t<div class=\"elementor-container elementor-column-gap-default\">\n\t\t\t\t\t<div class=\"elementor-column elementor-col-100 elementor-top-column elementor-element elementor-element-3686237\" data-id=\"3686237\" data-element_type=\"column\" data-e-type=\"column\">\n\t\t\t<div class=\"elementor-widget-wrap elementor-element-populated\">\n\t\t\t\t\t\t<div class=\"elementor-element elementor-element-4952e12 elementor-widget elementor-widget-spacer\" data-id=\"4952e12\" data-element_type=\"widget\" data-e-type=\"widget\" data-widget_type=\"spacer.default\">\n\t\t\t\t<div class=\"elementor-widget-container\">\n\t\t\t\t\t\t\t<div class=\"elementor-spacer\">\n\t\t\t<div class=\"elementor-spacer-inner\"><\/div>\n\t\t<\/div>\n\t\t\t\t\t\t<\/div>\n\t\t\t\t<\/div>\n\t\t\t\t\t<\/div>\n\t\t<\/div>\n\t\t\t\t\t<\/div>\n\t\t<\/section>\n\t\t\t\t<\/div>\n\t\t","protected":false},"excerpt":{"rendered":"<p>Credenciamento Edital 01\/2026 &#8211; Credenciamento Credenciamento de institui\u00e7\u00f5es financeiras integrantes&hellip;<\/p>\n<p> <a class=\"more-link\" href=\"https:\/\/adesampa.com.br\/adeeditais\/credenciamento\/\">Leia mais<\/a><\/p>\n","protected":false},"author":1,"featured_media":0,"parent":0,"menu_order":0,"comment_status":"closed","ping_status":"closed","template":"elementor_header_footer","meta":{"_monsterinsights_skip_tracking":false,"_monsterinsights_sitenote_active":false,"_monsterinsights_sitenote_note":"","_monsterinsights_sitenote_category":0,"footnotes":""},"class_list":["post-16644","page","type-page","status-publish"],"_links":{"self":[{"href":"https:\/\/adesampa.com.br\/adeeditais\/wp-json\/wp\/v2\/pages\/16644","targetHints":{"allow":["GET"]}}],"collection":[{"href":"https:\/\/adesampa.com.br\/adeeditais\/wp-json\/wp\/v2\/pages"}],"about":[{"href":"https:\/\/adesampa.com.br\/adeeditais\/wp-json\/wp\/v2\/types\/page"}],"author":[{"embeddable":true,"href":"https:\/\/adesampa.com.br\/adeeditais\/wp-json\/wp\/v2\/users\/1"}],"replies":[{"embeddable":true,"href":"https:\/\/adesampa.com.br\/adeeditais\/wp-json\/wp\/v2\/comments?post=16644"}],"version-history":[{"count":0,"href":"https:\/\/adesampa.com.br\/adeeditais\/wp-json\/wp\/v2\/pages\/16644\/revisions"}],"wp:attachment":[{"href":"https:\/\/adesampa.com.br\/adeeditais\/wp-json\/wp\/v2\/media?parent=16644"}],"curies":[{"name":"wp","href":"https:\/\/api.w.org\/{rel}","templated":true}]}}