{"id":16624,"date":"2024-02-06T10:29:03","date_gmt":"2024-02-06T13:29:03","guid":{"rendered":"https:\/\/adesampa.com.br\/adeeditais\/?page_id=16624"},"modified":"2025-01-09T13:17:15","modified_gmt":"2025-01-09T16:17:15","slug":"edital-01-2024-chamamento-publico","status":"publish","type":"page","link":"https:\/\/adesampa.com.br\/adeeditais\/edital-01-2024-chamamento-publico\/","title":{"rendered":"Edital 01\/2024 \u2013 Chamamento P\u00fablico"},"content":{"rendered":"\t\t<div data-elementor-type=\"wp-page\" data-elementor-id=\"16624\" class=\"elementor elementor-16624\">\n\t\t\t\t\t\t<section class=\"elementor-section elementor-top-section elementor-element elementor-element-8a6eefa elementor-section-boxed elementor-section-height-default elementor-section-height-default\" data-id=\"8a6eefa\" data-element_type=\"section\" data-e-type=\"section\">\n\t\t\t\t\t\t<div class=\"elementor-container elementor-column-gap-default\">\n\t\t\t\t\t<div class=\"elementor-column elementor-col-100 elementor-top-column elementor-element elementor-element-01241fe\" data-id=\"01241fe\" data-element_type=\"column\" data-e-type=\"column\">\n\t\t\t<div class=\"elementor-widget-wrap elementor-element-populated\">\n\t\t\t\t\t\t<div class=\"elementor-element elementor-element-a0c1e85 elementor-widget elementor-widget-text-editor\" data-id=\"a0c1e85\" data-element_type=\"widget\" data-e-type=\"widget\" data-widget_type=\"text-editor.default\">\n\t\t\t\t<div class=\"elementor-widget-container\">\n\t\t\t\t\t\t\t\t\t<p><strong>Edital 01\/2024 &#8211; Chamamento P\u00fablico<\/strong><\/p><p><strong>OBJETO :<\/strong> Sele\u00e7\u00e3o de pessoas jur\u00eddicas de direito privado ou p\u00fablico, aut\u00e1rquico ou fundacional, de direito interno ou externo, visando \u00e0 realiza\u00e7\u00e3o de parcerias, sem transfer\u00eancia de recursos financeiros entre as partes, para a execu\u00e7\u00e3o de projetos, eventos e atividades realizados pela Ag\u00eancia S\u00e3o Paulo de Desenvolvimento \u2013 ADE SAMPA, bem como atividades e a\u00e7\u00f5es ligadas \u00e0s atribui\u00e7\u00f5es legais da ADE SAMPA durante o ano de 2024<br \/>no munic\u00edpio de S\u00e3o Paulo.<\/p><p><strong>Edital \u2013<\/strong>\u00a0<strong><span style=\"color: #0000ff;\"><a style=\"color: #0000ff;\" href=\"https:\/\/adesampa.com.br\/adeeditais\/wp-content\/uploads\/2024\/02\/EDITAL___chamamento_sem_repasse__1_.pdf\">Clique aqui<\/a><\/span><\/strong><\/p><p><strong style=\"color: var( --e-global-color-text );\">Proposta do Instituto Empreende A\u00ed (06\/02\/2024) \u2013<\/strong><span style=\"color: var( --e-global-color-text );\">\u00a0<\/span><strong style=\"color: var( --e-global-color-text );\"><span style=\"color: #0000ff;\"><a style=\"color: #0000ff;\" href=\"https:\/\/adesampa.com.br\/adeeditais\/wp-content\/uploads\/2024\/02\/Carta-de-interesse-Empreende-ai.pdf\">Clique aqui<\/a><\/span><\/strong><\/p><p><strong style=\"color: var( --e-global-color-text );\">Proposta da Associa\u00e7\u00e3o Brasileira de Planejamento Financeiro &#8211; Planejar (07\/05\/2024) \u2013<\/strong><span style=\"color: var( --e-global-color-text );\">\u00a0<\/span><strong style=\"color: var( --e-global-color-text );\"><span style=\"color: #0000ff;\"><a style=\"color: #0000ff;\" href=\"https:\/\/adesampa.com.br\/adeeditais\/wp-content\/uploads\/2024\/05\/Proposta-Planejar.pdf\">Clique aqui<\/a><\/span><\/strong><\/p><p><strong style=\"color: var( --e-global-color-text );\">Proposta da Associa\u00e7\u00e3o Escola Superior de Propaganda e Marketing &#8211; ESPM (08\/05\/2024) \u2013<\/strong><span style=\"color: var( --e-global-color-text );\">\u00a0<\/span><strong style=\"color: var( --e-global-color-text );\"><span style=\"color: #0000ff;\"><a style=\"color: #0000ff;\" href=\"https:\/\/adesampa.com.br\/adeeditais\/wp-content\/uploads\/2024\/05\/AA___CURSO_ADM_ADE_SAMPA_ANEXO_III.docx__2_.pdf\">Clique aqui<\/a><\/span><\/strong><\/p><p><strong style=\"color: var( --e-global-color-text );\">Proposta da Ag\u00eancia Geek+ (22\/05\/2024) \u2013<\/strong><span style=\"color: var( --e-global-color-text );\">\u00a0<\/span><strong style=\"color: var( --e-global-color-text );\"><span style=\"color: #0000ff;\"><a style=\"color: #0000ff;\" href=\"https:\/\/adesampa.com.br\/adeeditais\/wp-content\/uploads\/2024\/05\/E_mail_de_ADESAMPA___Parceria_AdeSampa_e_Geek_____World_Cosplay_Summit.pdf\">Clique aqui<\/a><\/span><\/strong><\/p><p><strong style=\"color: var( --e-global-color-text );\">Proposta da Casa Causa Pr\u00e1ticas em Economia Circular (18\/07\/2024) \u2013<\/strong><span style=\"color: var( --e-global-color-text );\">\u00a0<\/span><strong style=\"color: var( --e-global-color-text );\"><span style=\"color: #0000ff;\"><a style=\"color: #0000ff;\" href=\"https:\/\/adesampa.com.br\/adeeditais\/wp-content\/uploads\/2024\/07\/Carta-de-Intencao-de-Parceria-ADESAMPA-050724_2.pdf\">Clique aqui<\/a><\/span><\/strong><\/p><p><strong style=\"color: var( --e-global-color-text );\">Proposta da <span class=\"fontstyle0\">Tr\u00easb\u00ea Delas<\/span> (29\/07\/2024) \u2013<\/strong><span style=\"color: var( --e-global-color-text );\">\u00a0<\/span><strong style=\"color: var( --e-global-color-text );\"><span style=\"color: #0000ff;\"><a style=\"color: #0000ff;\" href=\"https:\/\/adesampa.com.br\/adeeditais\/wp-content\/uploads\/2024\/09\/Carta-de-Intencao-EVF-AdeSampa.docx-3-1.pdf\">Clique aqui<\/a><\/span><\/strong><\/p><p><strong style=\"color: var( --e-global-color-text );\">Proposta da World Creativity Festival (08\/08\/2024) \u2013<\/strong><span style=\"color: var( --e-global-color-text );\">\u00a0<\/span><strong style=\"color: var( --e-global-color-text );\"><span style=\"color: #0000ff;\"><a style=\"color: #0000ff;\" href=\"https:\/\/adesampa.com.br\/adeeditais\/wp-content\/uploads\/2024\/08\/ANEXO-III-CARTA-DE-INTERESSE-PRECISA-PREENCHER-COM-TERMOS-WCF-E-ADE-SAMPA-conformidade.pdf\">Clique aqui<\/a><\/span><\/strong><\/p><p><strong style=\"color: var( --e-global-color-text );\">Proposta da Planejar (14\/10\/2024) \u2013<\/strong><span style=\"color: var( --e-global-color-text );\">\u00a0<\/span><strong style=\"color: var( --e-global-color-text );\"><span style=\"color: #0000ff;\"><a style=\"color: #0000ff;\" href=\"https:\/\/adesampa.com.br\/adeeditais\/wp-content\/uploads\/2024\/10\/Protocolo_de_Intencoes.pdf\">Clique aqui<\/a><\/span><\/strong><\/p><p><strong style=\"color: var( --e-global-color-text );\">Proposta da Febraban (16\/10\/2024) \u2013<\/strong><span style=\"color: var( --e-global-color-text );\">\u00a0<\/span><strong style=\"color: var( --e-global-color-text );\"><span style=\"color: #0000ff;\"><a style=\"color: #0000ff;\" href=\"https:\/\/adesampa.com.br\/adeeditais\/wp-content\/uploads\/2024\/10\/Modelo-de-Manifestacao-de-Interesse-para-envio-de-propostas-ADE-SAMPA-3.pdf\">Clique aqui<\/a><\/span><\/strong><\/p><p><strong style=\"color: var( --e-global-color-text );\">Proposta Santander (26\/11\/2024) \u2013<\/strong><span style=\"color: var( --e-global-color-text );\">\u00a0<\/span><strong style=\"color: var( --e-global-color-text );\"><span style=\"color: #0000ff;\"><a style=\"color: #0000ff;\" href=\"https:\/\/adesampa.com.br\/adeeditais\/wp-content\/uploads\/2024\/12\/Carta_de_intencao_ADE_Sampa___Santander_X__Avancardo_VF-1.pdf\">Clique aqui<\/a><\/span><\/strong><\/p><p><strong style=\"color: var( --e-global-color-text );\">Proposta OminiSmart (08\/01\/2025) \u2013<\/strong><span style=\"color: var( --e-global-color-text );\">\u00a0<\/span><strong style=\"color: var( --e-global-color-text );\"><span style=\"color: #0000ff;\"><a style=\"color: #0000ff;\" href=\"https:\/\/adesampa.com.br\/adeeditais\/wp-content\/uploads\/2025\/01\/Ominismart.pdf\">Clique aqui<\/a><\/span><\/strong><\/p>\t\t\t\t\t\t\t\t<\/div>\n\t\t\t\t<\/div>\n\t\t\t\t<div class=\"elementor-element elementor-element-a032e3e elementor-widget elementor-widget-spacer\" data-id=\"a032e3e\" data-element_type=\"widget\" data-e-type=\"widget\" data-widget_type=\"spacer.default\">\n\t\t\t\t<div class=\"elementor-widget-container\">\n\t\t\t\t\t\t\t<div class=\"elementor-spacer\">\n\t\t\t<div class=\"elementor-spacer-inner\"><\/div>\n\t\t<\/div>\n\t\t\t\t\t\t<\/div>\n\t\t\t\t<\/div>\n\t\t\t\t\t<\/div>\n\t\t<\/div>\n\t\t\t\t\t<\/div>\n\t\t<\/section>\n\t\t\t\t<\/div>\n\t\t","protected":false},"excerpt":{"rendered":"<p>Edital 01\/2024 &#8211; Chamamento P\u00fablico OBJETO : Sele\u00e7\u00e3o de pessoas&hellip;<\/p>\n<p> <a class=\"more-link\" href=\"https:\/\/adesampa.com.br\/adeeditais\/edital-01-2024-chamamento-publico\/\">Leia mais<\/a><\/p>\n","protected":false},"author":1,"featured_media":0,"parent":0,"menu_order":0,"comment_status":"closed","ping_status":"closed","template":"","meta":{"_monsterinsights_skip_tracking":false,"_monsterinsights_sitenote_active":false,"_monsterinsights_sitenote_note":"","_monsterinsights_sitenote_category":0,"footnotes":""},"class_list":["post-16624","page","type-page","status-publish"],"_links":{"self":[{"href":"https:\/\/adesampa.com.br\/adeeditais\/wp-json\/wp\/v2\/pages\/16624","targetHints":{"allow":["GET"]}}],"collection":[{"href":"https:\/\/adesampa.com.br\/adeeditais\/wp-json\/wp\/v2\/pages"}],"about":[{"href":"https:\/\/adesampa.com.br\/adeeditais\/wp-json\/wp\/v2\/types\/page"}],"author":[{"embeddable":true,"href":"https:\/\/adesampa.com.br\/adeeditais\/wp-json\/wp\/v2\/users\/1"}],"replies":[{"embeddable":true,"href":"https:\/\/adesampa.com.br\/adeeditais\/wp-json\/wp\/v2\/comments?post=16624"}],"version-history":[{"count":0,"href":"https:\/\/adesampa.com.br\/adeeditais\/wp-json\/wp\/v2\/pages\/16624\/revisions"}],"wp:attachment":[{"href":"https:\/\/adesampa.com.br\/adeeditais\/wp-json\/wp\/v2\/media?parent=16624"}],"curies":[{"name":"wp","href":"https:\/\/api.w.org\/{rel}","templated":true}]}}