{"id":16532,"date":"2023-03-03T12:27:56","date_gmt":"2023-03-03T15:27:56","guid":{"rendered":"https:\/\/adesampa.com.br\/adeeditais\/?page_id=16532"},"modified":"2023-12-14T18:15:16","modified_gmt":"2023-12-14T21:15:16","slug":"edital-03-2023-chamamento-publico","status":"publish","type":"page","link":"https:\/\/adesampa.com.br\/adeeditais\/edital-03-2023-chamamento-publico\/","title":{"rendered":"Edital 03\/2023 \u2013 Chamamento P\u00fablico"},"content":{"rendered":"\t\t<div data-elementor-type=\"wp-page\" data-elementor-id=\"16532\" class=\"elementor elementor-16532\">\n\t\t\t\t\t\t<section class=\"elementor-section elementor-top-section elementor-element elementor-element-8a6eefa elementor-section-boxed elementor-section-height-default elementor-section-height-default\" data-id=\"8a6eefa\" data-element_type=\"section\" data-e-type=\"section\">\n\t\t\t\t\t\t<div class=\"elementor-container elementor-column-gap-default\">\n\t\t\t\t\t<div class=\"elementor-column elementor-col-100 elementor-top-column elementor-element elementor-element-01241fe\" data-id=\"01241fe\" data-element_type=\"column\" data-e-type=\"column\">\n\t\t\t<div class=\"elementor-widget-wrap elementor-element-populated\">\n\t\t\t\t\t\t<div class=\"elementor-element elementor-element-a0c1e85 elementor-widget__width-initial elementor-widget elementor-widget-text-editor\" data-id=\"a0c1e85\" data-element_type=\"widget\" data-e-type=\"widget\" data-widget_type=\"text-editor.default\">\n\t\t\t\t<div class=\"elementor-widget-container\">\n\t\t\t\t\t\t\t\t\t<p><strong>Edital 03\/2023 &#8211; Chamamento P\u00fablico<\/strong><\/p><p><strong>OBJETO :<\/strong> Sele\u00e7\u00e3o de pessoas jur\u00eddicas de direito privado ou p\u00fablico, aut\u00e1rquico ou fundacional, de direito interno ou externo, visando \u00e0 realiza\u00e7\u00e3o de parcerias, sem transfer\u00eancia de recursos financeiros entre as partes, para a execu\u00e7\u00e3o de projetos, eventos e atividades realizados pela Ag\u00eancia S\u00e3o Paulo de Desenvolvimento \u2013 ADE SAMPA, bem como atividades e a\u00e7\u00f5es ligadas \u00e0s atribui\u00e7\u00f5es legais da ADE SAMPA durante o ano de 2023 no munic\u00edpio de S\u00e3o Paulo.<\/p><p><strong>Edital \u2013<\/strong>\u00a0<strong><span style=\"color: #0000ff;\"><a style=\"color: #0000ff;\" href=\"https:\/\/adesampa.com.br\/adeeditais\/wp-content\/uploads\/2023\/01\/Edital_no_03_2023___Chamamento___Parcerias_sem_transferencia_de_recursos_financeiros_.pdf\">Clique aqui<\/a><\/span><\/strong><\/p><p><strong style=\"color: var( --e-global-color-text );\">Proposta de SHOPEE (31\/01\/2023) \u2013<\/strong><span style=\"color: var( --e-global-color-text );\">\u00a0<\/span><strong style=\"color: var( --e-global-color-text );\"><span style=\"color: #0000ff;\"><a style=\"color: #0000ff;\" href=\"https:\/\/adesampa.com.br\/adeeditais\/wp-content\/uploads\/2023\/03\/20230131_Carta-de-intencao-Parceria_SHPS-n-Ade-Sampa-COILD-2.pdf\">Clique aqui<\/a><\/span><\/strong><\/p><p><strong style=\"color: var( --e-global-color-text );\">Proposta de PETFEA &#8211; Universidade de S\u00e3o Paulo &#8211; Faculdade de Economia, Administra\u00e7\u00e3o, Contabilidade e Atu\u00e1ria (10\/04\/2023) \u2013<\/strong><span style=\"color: var( --e-global-color-text );\">\u00a0<\/span><strong style=\"color: var( --e-global-color-text );\"><span style=\"color: #0000ff;\"><a style=\"color: #0000ff;\" href=\"https:\/\/adesampa.com.br\/adeeditais\/wp-content\/uploads\/2023\/07\/Oficio-ADE-SAMPA.pdf\">Clique aqui<\/a><\/span><\/strong><\/p><p><strong style=\"color: var( --e-global-color-text );\">Proposta de SVMA &#8211; Secretaria do Verde e Meio Ambiente B2F (20\/04\/2023) \u2013<\/strong><span style=\"color: var( --e-global-color-text );\">\u00a0<\/span><strong style=\"color: var( --e-global-color-text );\"><span style=\"color: #0000ff;\"><a style=\"color: #0000ff;\" href=\"https:\/\/adesampa.com.br\/adeeditais\/wp-content\/uploads\/2023\/05\/OFICIO-SVMA_CPA_DPA_02-23-Parceria-ADESAMPA-e-DPA.pdf\">Clique aqui<\/a><\/span><\/strong><\/p><p><strong style=\"color: var( --e-global-color-text );\">Proposta de B2F (02\/05\/2023) \u2013<\/strong><span style=\"color: var( --e-global-color-text );\">\u00a0<\/span><strong style=\"color: var( --e-global-color-text );\"><span style=\"color: #0000ff;\"><a style=\"color: #0000ff;\" href=\"https:\/\/adesampa.com.br\/adeeditais\/wp-content\/uploads\/2023\/05\/Parceria_B2F_e_Ade_Sampa.docx__1_.pdf\">Clique aqui<\/a><\/span><\/strong><\/p><p><span style=\"font-weight: bold; color: var( --e-global-color-text );\">Proposta de Engineering Media Foruns e Exposi\u00e7\u00f5es LTDA (31\/05\/2023) \u2013<\/span><span style=\"color: var( --e-global-color-text );\">\u00a0<\/span><span style=\"font-weight: bold; color: var( --e-global-color-text );\"><span style=\"color: #0000ff;\"><a style=\"color: #0000ff;\" href=\"https:\/\/adesampa.com.br\/adeeditais\/wp-content\/uploads\/2023\/05\/SEI_8710.2023_0000219_0.pdf\">Clique aqui<\/a><\/span><\/span><strong style=\"color: var( --e-global-color-text );\"><br \/><\/strong><\/p><p><span style=\"font-weight: bold; color: var( --e-global-color-text );\">Proposta da Alian\u00e7a Empreendedora (04\/08\/2023) \u2013<\/span><span style=\"color: var( --e-global-color-text );\">\u00a0<\/span><span style=\"font-weight: bold; color: var( --e-global-color-text );\"><span style=\"color: #0000ff;\"><a style=\"color: #0000ff;\" href=\"https:\/\/adesampa.com.br\/adeeditais\/wp-content\/uploads\/2023\/08\/carta-de-interesse-2023-agosto.pdf\">Clique aqui<\/a><\/span><\/span><\/p><p><span style=\"font-weight: bold; color: var( --e-global-color-text );\">Proposta da Empresa de Cinema e Audiovisual de S\u00e3o Paulo &#8211; Spcine (18\/10\/2023) \u2013<\/span><span style=\"color: var( --e-global-color-text );\">\u00a0<\/span><span style=\"font-weight: bold; color: var( --e-global-color-text );\"><span style=\"color: #0000ff;\"><a style=\"color: #0000ff;\" href=\"https:\/\/adesampa.com.br\/adeeditais\/wp-content\/uploads\/2023\/10\/2._SEI_Carta_de_intencao_Parceria_Amplifica_Cine_2.docx.pdf\">Clique aqui<\/a><\/span><\/span><\/p><p><span style=\"font-weight: bold; color: var( --e-global-color-text );\">Proposta de Regiane Camara Nigro ME (6\/11\/2023) \u2013<\/span><span style=\"color: var( --e-global-color-text );\">\u00a0<\/span><span style=\"font-weight: bold; color: var( --e-global-color-text );\"><span style=\"color: #0000ff;\"><a style=\"color: #0000ff;\" href=\"https:\/\/adesampa.com.br\/adeeditais\/wp-content\/uploads\/2023\/11\/Solicitacao-Parceria-Festival-da-Agricultura-Urbana.pdf\">Clique aqui<\/a><\/span><\/span><\/p><p><span style=\"font-weight: bold; color: var( --e-global-color-text );\">Proposta de <span class=\"fontstyle0\">Mezzegra Green Energy S A (<\/span>14\/12\/2023) \u2013<\/span><span style=\"color: var( --e-global-color-text );\">\u00a0<\/span><span style=\"font-weight: bold; color: var( --e-global-color-text );\"><span style=\"color: #0000ff;\"><a style=\"color: #0000ff;\" href=\"https:\/\/adesampa.com.br\/adeeditais\/wp-content\/uploads\/2023\/12\/Carta-de-intencao-de-Parceria-MGE.pdf\">Clique aqui<\/a><\/span><\/span><\/p>\t\t\t\t\t\t\t\t<\/div>\n\t\t\t\t<\/div>\n\t\t\t\t<div class=\"elementor-element elementor-element-a032e3e elementor-widget elementor-widget-spacer\" data-id=\"a032e3e\" data-element_type=\"widget\" data-e-type=\"widget\" data-widget_type=\"spacer.default\">\n\t\t\t\t<div class=\"elementor-widget-container\">\n\t\t\t\t\t\t\t<div class=\"elementor-spacer\">\n\t\t\t<div class=\"elementor-spacer-inner\"><\/div>\n\t\t<\/div>\n\t\t\t\t\t\t<\/div>\n\t\t\t\t<\/div>\n\t\t\t\t\t<\/div>\n\t\t<\/div>\n\t\t\t\t\t<\/div>\n\t\t<\/section>\n\t\t\t\t<\/div>\n\t\t","protected":false},"excerpt":{"rendered":"<p>Edital 03\/2023 &#8211; Chamamento P\u00fablico OBJETO : Sele\u00e7\u00e3o de pessoas&hellip;<\/p>\n<p> <a class=\"more-link\" href=\"https:\/\/adesampa.com.br\/adeeditais\/edital-03-2023-chamamento-publico\/\">Leia mais<\/a><\/p>\n","protected":false},"author":1,"featured_media":0,"parent":0,"menu_order":0,"comment_status":"closed","ping_status":"closed","template":"","meta":{"_monsterinsights_skip_tracking":false,"_monsterinsights_sitenote_active":false,"_monsterinsights_sitenote_note":"","_monsterinsights_sitenote_category":0,"footnotes":""},"class_list":["post-16532","page","type-page","status-publish"],"_links":{"self":[{"href":"https:\/\/adesampa.com.br\/adeeditais\/wp-json\/wp\/v2\/pages\/16532","targetHints":{"allow":["GET"]}}],"collection":[{"href":"https:\/\/adesampa.com.br\/adeeditais\/wp-json\/wp\/v2\/pages"}],"about":[{"href":"https:\/\/adesampa.com.br\/adeeditais\/wp-json\/wp\/v2\/types\/page"}],"author":[{"embeddable":true,"href":"https:\/\/adesampa.com.br\/adeeditais\/wp-json\/wp\/v2\/users\/1"}],"replies":[{"embeddable":true,"href":"https:\/\/adesampa.com.br\/adeeditais\/wp-json\/wp\/v2\/comments?post=16532"}],"version-history":[{"count":0,"href":"https:\/\/adesampa.com.br\/adeeditais\/wp-json\/wp\/v2\/pages\/16532\/revisions"}],"wp:attachment":[{"href":"https:\/\/adesampa.com.br\/adeeditais\/wp-json\/wp\/v2\/media?parent=16532"}],"curies":[{"name":"wp","href":"https:\/\/api.w.org\/{rel}","templated":true}]}}