{"id":16256,"date":"2022-12-22T12:53:49","date_gmt":"2022-12-22T15:53:49","guid":{"rendered":"https:\/\/adesampa.com.br\/adeeditais\/?page_id=16256"},"modified":"2022-12-22T13:00:11","modified_gmt":"2022-12-22T16:00:11","slug":"parceria-cti","status":"publish","type":"page","link":"https:\/\/adesampa.com.br\/adeeditais\/parceria-cti\/","title":{"rendered":"Parceria CT&#038;I"},"content":{"rendered":"\t\t<div data-elementor-type=\"wp-page\" data-elementor-id=\"16256\" class=\"elementor elementor-16256\">\n\t\t\t\t\t\t<section class=\"elementor-section elementor-top-section elementor-element elementor-element-dee901e elementor-section-boxed elementor-section-height-default elementor-section-height-default elementor-invisible\" data-id=\"dee901e\" data-element_type=\"section\" data-e-type=\"section\" data-settings=\"{&quot;animation&quot;:&quot;fadeInUp&quot;}\">\n\t\t\t\t\t\t<div class=\"elementor-container elementor-column-gap-default\">\n\t\t\t\t\t<div class=\"elementor-column elementor-col-100 elementor-top-column elementor-element elementor-element-fba8459\" data-id=\"fba8459\" data-element_type=\"column\" data-e-type=\"column\">\n\t\t\t<div class=\"elementor-widget-wrap elementor-element-populated\">\n\t\t\t\t\t\t<div class=\"elementor-element elementor-element-1cb1c27 elementor-tabs-view-horizontal elementor-widget elementor-widget-tabs\" data-id=\"1cb1c27\" data-element_type=\"widget\" data-e-type=\"widget\" data-widget_type=\"tabs.default\">\n\t\t\t\t<div class=\"elementor-widget-container\">\n\t\t\t\t\t\t\t<div class=\"elementor-tabs\">\n\t\t\t<div class=\"elementor-tabs-wrapper\" role=\"tablist\" >\n\t\t\t\t\t\t\t\t\t<div id=\"elementor-tab-title-3001\" class=\"elementor-tab-title elementor-tab-desktop-title\" aria-selected=\"true\" data-tab=\"1\" role=\"tab\" tabindex=\"0\" aria-controls=\"elementor-tab-content-3001\" aria-expanded=\"false\">MANUAL DE PROCEDIMENTOS PARA INSTAURA\u00c7\u00c3O DE PARCERIA PARA PESQUISA, DESENVOLVIMENTO E INOVA\u00c7\u00c3O SEGUNDO O MARCO DE CI\u00caNCIA, TECNOLOGIA E INOVA\u00c7\u00c3O<\/div>\n\t\t\t\t\t\t\t<\/div>\n\t\t\t<div class=\"elementor-tabs-content-wrapper\" role=\"tablist\" aria-orientation=\"vertical\">\n\t\t\t\t\t\t\t\t\t<div class=\"elementor-tab-title elementor-tab-mobile-title\" aria-selected=\"true\" data-tab=\"1\" role=\"tab\" tabindex=\"0\" aria-controls=\"elementor-tab-content-3001\" aria-expanded=\"false\">MANUAL DE PROCEDIMENTOS PARA INSTAURA\u00c7\u00c3O DE PARCERIA PARA PESQUISA, DESENVOLVIMENTO E INOVA\u00c7\u00c3O SEGUNDO O MARCO DE CI\u00caNCIA, TECNOLOGIA E INOVA\u00c7\u00c3O<\/div>\n\t\t\t\t\t<div id=\"elementor-tab-content-3001\" class=\"elementor-tab-content elementor-clearfix\" data-tab=\"1\" role=\"tabpanel\" aria-labelledby=\"elementor-tab-title-3001\" tabindex=\"0\" hidden=\"false\"><p><span style=\"color: #ffff00;\"><span style=\"color: #ffffff;\">Este Manual foi elaborado com base nas Leis Federais n\u00b0 10.973, de 2 de dezembro de 2004, n\u00ba 13.243, de 11 de janeiro 2016, Decreto Federal n\u00b0 9.283, de 7 de fevereiro de 2018 e no artigo 60\u00b0 do Regulamento Interno para Licita\u00e7\u00f5es e Contrata\u00e7\u00e3o de Bens, Servi\u00e7os, Obras e Aliena\u00e7\u00f5es da Ag\u00eancia S\u00e3o Paulo de Desenvolvimento &#8211; ADE SAMPA (RILAC) visando dar transpar\u00eancia aos processos de estabelecimento de parceria para pesquisa, desenvolvimento e inova\u00e7\u00e3o \u2013 de que trata a Se\u00e7\u00e3o III do Decreto Federal n\u00b0 9.283, de 7 de fevereiro de 2018.<\/span><\/span><\/p><p><strong><span style=\"color: #ffffff;\">MANUAL &#8211; <a style=\"color: #ffffff;\" href=\"https:\/\/adesampa.com.br\/adeeditais\/wp-content\/uploads\/2022\/12\/20221213___MANUAL_DE_PROCEDIMENTOS_DE_INSTAURACAO_DE_PARCERIA_PARA_PESQUISA__DESENVOLVIMENTO_E_INOVACAO.pdf\">Acesse aqui&#8230;<\/a><\/span><\/strong><b><strong><span style=\"color: #ffffff;\"><br \/><\/span><\/strong><\/b><\/p><\/div>\n\t\t\t\t\t\t\t<\/div>\n\t\t<\/div>\n\t\t\t\t\t\t<\/div>\n\t\t\t\t<\/div>\n\t\t\t\t\t<\/div>\n\t\t<\/div>\n\t\t\t\t\t<\/div>\n\t\t<\/section>\n\t\t\t\t<section class=\"elementor-section elementor-top-section elementor-element elementor-element-07dbce6 elementor-section-boxed elementor-section-height-default elementor-section-height-default\" data-id=\"07dbce6\" data-element_type=\"section\" data-e-type=\"section\">\n\t\t\t\t\t\t<div class=\"elementor-container elementor-column-gap-default\">\n\t\t\t\t\t<div class=\"elementor-column elementor-col-100 elementor-top-column elementor-element elementor-element-7ba0291\" data-id=\"7ba0291\" data-element_type=\"column\" data-e-type=\"column\">\n\t\t\t<div class=\"elementor-widget-wrap elementor-element-populated\">\n\t\t\t\t\t\t<div class=\"elementor-element elementor-element-1e0ee83 elementor-widget elementor-widget-spacer\" data-id=\"1e0ee83\" data-element_type=\"widget\" data-e-type=\"widget\" data-widget_type=\"spacer.default\">\n\t\t\t\t<div class=\"elementor-widget-container\">\n\t\t\t\t\t\t\t<div class=\"elementor-spacer\">\n\t\t\t<div class=\"elementor-spacer-inner\"><\/div>\n\t\t<\/div>\n\t\t\t\t\t\t<\/div>\n\t\t\t\t<\/div>\n\t\t\t\t\t<\/div>\n\t\t<\/div>\n\t\t\t\t\t<\/div>\n\t\t<\/section>\n\t\t\t\t<\/div>\n\t\t","protected":false},"excerpt":{"rendered":"<p>MANUAL DE PROCEDIMENTOS PARA INSTAURA\u00c7\u00c3O DE PARCERIA PARA PESQUISA, DESENVOLVIMENTO&hellip;<\/p>\n<p> <a class=\"more-link\" href=\"https:\/\/adesampa.com.br\/adeeditais\/parceria-cti\/\">Leia mais<\/a><\/p>\n","protected":false},"author":1,"featured_media":0,"parent":0,"menu_order":0,"comment_status":"closed","ping_status":"closed","template":"","meta":{"_monsterinsights_skip_tracking":false,"_monsterinsights_sitenote_active":false,"_monsterinsights_sitenote_note":"","_monsterinsights_sitenote_category":0,"footnotes":""},"class_list":["post-16256","page","type-page","status-publish"],"_links":{"self":[{"href":"https:\/\/adesampa.com.br\/adeeditais\/wp-json\/wp\/v2\/pages\/16256","targetHints":{"allow":["GET"]}}],"collection":[{"href":"https:\/\/adesampa.com.br\/adeeditais\/wp-json\/wp\/v2\/pages"}],"about":[{"href":"https:\/\/adesampa.com.br\/adeeditais\/wp-json\/wp\/v2\/types\/page"}],"author":[{"embeddable":true,"href":"https:\/\/adesampa.com.br\/adeeditais\/wp-json\/wp\/v2\/users\/1"}],"replies":[{"embeddable":true,"href":"https:\/\/adesampa.com.br\/adeeditais\/wp-json\/wp\/v2\/comments?post=16256"}],"version-history":[{"count":0,"href":"https:\/\/adesampa.com.br\/adeeditais\/wp-json\/wp\/v2\/pages\/16256\/revisions"}],"wp:attachment":[{"href":"https:\/\/adesampa.com.br\/adeeditais\/wp-json\/wp\/v2\/media?parent=16256"}],"curies":[{"name":"wp","href":"https:\/\/api.w.org\/{rel}","templated":true}]}}