{"id":15779,"date":"2022-10-14T11:59:18","date_gmt":"2022-10-14T14:59:18","guid":{"rendered":"https:\/\/adesampa.com.br\/adeeditais\/?page_id=15779"},"modified":"2022-10-14T12:07:57","modified_gmt":"2022-10-14T15:07:57","slug":"respostas-esclarecimentos-43-2022","status":"publish","type":"page","link":"https:\/\/adesampa.com.br\/adeeditais\/respostas-esclarecimentos-43-2022\/","title":{"rendered":"Respostas esclarecimentos 43\/2022"},"content":{"rendered":"\t\t<div data-elementor-type=\"wp-page\" data-elementor-id=\"15779\" class=\"elementor elementor-15779\">\n\t\t\t\t\t\t<section class=\"elementor-section elementor-top-section elementor-element elementor-element-25b2980 elementor-section-stretched elementor-section-boxed elementor-section-height-default elementor-section-height-default\" data-id=\"25b2980\" data-element_type=\"section\" data-e-type=\"section\" data-settings=\"{&quot;stretch_section&quot;:&quot;section-stretched&quot;,&quot;background_background&quot;:&quot;gradient&quot;}\">\n\t\t\t\t\t\t<div class=\"elementor-container elementor-column-gap-default\">\n\t\t\t\t\t<div class=\"elementor-column elementor-col-100 elementor-top-column elementor-element elementor-element-f0b6852\" data-id=\"f0b6852\" data-element_type=\"column\" data-e-type=\"column\">\n\t\t\t<div class=\"elementor-widget-wrap elementor-element-populated\">\n\t\t\t\t\t\t<div class=\"elementor-element elementor-element-2220de0 elementor-widget elementor-widget-text-editor\" data-id=\"2220de0\" data-element_type=\"widget\" data-e-type=\"widget\" data-widget_type=\"text-editor.default\">\n\t\t\t\t<div class=\"elementor-widget-container\">\n\t\t\t\t\t\t\t\t\t<p style=\"text-align: center;\"><span style=\"color: #ffffff;\"><strong>Respostas aos pedidos de esclarecimentos recebidos<\/strong><\/span><\/p>\t\t\t\t\t\t\t\t<\/div>\n\t\t\t\t<\/div>\n\t\t\t\t\t<\/div>\n\t\t<\/div>\n\t\t\t\t\t<\/div>\n\t\t<\/section>\n\t\t\t\t<section class=\"elementor-section elementor-top-section elementor-element elementor-element-86292e5 elementor-section-boxed elementor-section-height-default elementor-section-height-default\" data-id=\"86292e5\" data-element_type=\"section\" data-e-type=\"section\">\n\t\t\t\t\t\t<div class=\"elementor-container elementor-column-gap-default\">\n\t\t\t\t\t<div class=\"elementor-column elementor-col-100 elementor-top-column elementor-element elementor-element-a4196e7\" data-id=\"a4196e7\" data-element_type=\"column\" data-e-type=\"column\">\n\t\t\t<div class=\"elementor-widget-wrap elementor-element-populated\">\n\t\t\t\t\t\t<div class=\"elementor-element elementor-element-5781cf3 elementor-widget elementor-widget-spacer\" data-id=\"5781cf3\" data-element_type=\"widget\" data-e-type=\"widget\" data-widget_type=\"spacer.default\">\n\t\t\t\t<div class=\"elementor-widget-container\">\n\t\t\t\t\t\t\t<div class=\"elementor-spacer\">\n\t\t\t<div class=\"elementor-spacer-inner\"><\/div>\n\t\t<\/div>\n\t\t\t\t\t\t<\/div>\n\t\t\t\t<\/div>\n\t\t\t\t<div class=\"elementor-element elementor-element-717f36a elementor-widget elementor-widget-toggle\" data-id=\"717f36a\" data-element_type=\"widget\" data-e-type=\"widget\" data-widget_type=\"toggle.default\">\n\t\t\t\t<div class=\"elementor-widget-container\">\n\t\t\t\t\t\t\t<div class=\"elementor-toggle\">\n\t\t\t\t\t\t\t<div class=\"elementor-toggle-item\">\n\t\t\t\t\t<div id=\"elementor-tab-title-1191\" class=\"elementor-tab-title\" data-tab=\"1\" role=\"button\" aria-controls=\"elementor-tab-content-1191\" aria-expanded=\"false\">\n\t\t\t\t\t\t\t\t\t\t\t\t<span class=\"elementor-toggle-icon elementor-toggle-icon-left\" aria-hidden=\"true\">\n\t\t\t\t\t\t\t\t\t\t\t\t\t\t\t<span class=\"elementor-toggle-icon-closed\"><i class=\"fas fa-caret-right\"><\/i><\/span>\n\t\t\t\t\t\t\t\t<span class=\"elementor-toggle-icon-opened\"><i class=\"elementor-toggle-icon-opened fas fa-caret-up\"><\/i><\/span>\n\t\t\t\t\t\t\t\t\t\t\t\t\t<\/span>\n\t\t\t\t\t\t\t\t\t\t\t\t<a class=\"elementor-toggle-title\" tabindex=\"0\">Por que a pontua\u00e7\u00e3o da Topten.eco.br aparece zerada, visto que ao menos os crit\u00e9rios m\u00ednimos de comprova\u00e7\u00e3o de capacidade produtiva e rela\u00e7\u00f5es comerciais poderiam ter sido atingidos? A inscri\u00e7\u00e3o, feita de maneira digital, continha campos espec\u00edficos para envio dos documentos contendo a descri\u00e7\u00e3o detalhada da tecnologia utilizada pelo empreendimento, objetivo da participa\u00e7\u00e3o no evento e estrat\u00e9gia internacional\/metas pretendidas? No ato da inscri\u00e7\u00e3o nos foi solicitado e encontramos campos de envio apenas da documenta\u00e7\u00e3o do representante, da certid\u00e3o do CADIN e dos comprovantes de rela\u00e7\u00f5es comerciais e capacidade produtiva.<\/a>\n\t\t\t\t\t<\/div>\n\n\t\t\t\t\t<div id=\"elementor-tab-content-1191\" class=\"elementor-tab-content elementor-clearfix\" data-tab=\"1\" role=\"region\" aria-labelledby=\"elementor-tab-title-1191\"><p><b>Resposta: <\/b>No formul\u00e1rio de inscri\u00e7\u00e3o, havia um campo a ser preenchido,\u00a0O CAMPO DE PROJETOS, campo este de suprema import\u00e2ncia para viabiliza\u00e7\u00e3o de avalia\u00e7\u00e3o dentro dos crit\u00e9rios propostos pelo edital de chamamento\u00a0Edital 43\/2022 &#8211; WEBSUMMIT,\u00a0Conforme quadro abaixo:\u00a0<\/p><p><img fetchpriority=\"high\" decoding=\"async\" class=\"alignnone size-medium wp-image-15781\" src=\"https:\/\/adesampa.com.br\/adeeditais\/wp-content\/uploads\/2022\/10\/image-300x229.png\" alt=\"\" width=\"300\" height=\"229\" srcset=\"https:\/\/adesampa.com.br\/adeeditais\/wp-content\/uploads\/2022\/10\/image-300x229.png 300w, https:\/\/adesampa.com.br\/adeeditais\/wp-content\/uploads\/2022\/10\/image.png 568w\" sizes=\"(max-width: 300px) 100vw, 300px\" \/><\/p><p>No formul\u00e1rio, no campo de projetos, n\u00e3o foram encontradas respostas\u00a0 para avalia\u00e7\u00e3o dos crit\u00e9rios 1, 4 e 5, levando ao fim o resultado\u00a0final de n\u00e3o selecionado ao processo, que foi submetido inadequadamente.<\/p><\/div>\n\t\t\t\t<\/div>\n\t\t\t\t\t\t\t\t<\/div>\n\t\t\t\t\t\t<\/div>\n\t\t\t\t<\/div>\n\t\t\t\t\t<\/div>\n\t\t<\/div>\n\t\t\t\t\t<\/div>\n\t\t<\/section>\n\t\t\t\t<section class=\"elementor-section elementor-top-section elementor-element elementor-element-d60f4eb elementor-section-boxed elementor-section-height-default elementor-section-height-default\" data-id=\"d60f4eb\" data-element_type=\"section\" data-e-type=\"section\">\n\t\t\t\t\t\t<div class=\"elementor-container elementor-column-gap-default\">\n\t\t\t\t\t<div class=\"elementor-column elementor-col-100 elementor-top-column elementor-element elementor-element-3211999\" data-id=\"3211999\" data-element_type=\"column\" data-e-type=\"column\">\n\t\t\t<div class=\"elementor-widget-wrap elementor-element-populated\">\n\t\t\t\t\t\t<div class=\"elementor-element elementor-element-43cea03 elementor-widget elementor-widget-spacer\" data-id=\"43cea03\" data-element_type=\"widget\" data-e-type=\"widget\" data-widget_type=\"spacer.default\">\n\t\t\t\t<div class=\"elementor-widget-container\">\n\t\t\t\t\t\t\t<div class=\"elementor-spacer\">\n\t\t\t<div class=\"elementor-spacer-inner\"><\/div>\n\t\t<\/div>\n\t\t\t\t\t\t<\/div>\n\t\t\t\t<\/div>\n\t\t\t\t\t<\/div>\n\t\t<\/div>\n\t\t\t\t\t<\/div>\n\t\t<\/section>\n\t\t\t\t<\/div>\n\t\t","protected":false},"excerpt":{"rendered":"<p>Respostas aos pedidos de esclarecimentos recebidos Por que a pontua\u00e7\u00e3o&hellip;<\/p>\n<p> <a class=\"more-link\" href=\"https:\/\/adesampa.com.br\/adeeditais\/respostas-esclarecimentos-43-2022\/\">Leia mais<\/a><\/p>\n","protected":false},"author":1,"featured_media":0,"parent":0,"menu_order":0,"comment_status":"closed","ping_status":"closed","template":"","meta":{"_monsterinsights_skip_tracking":false,"_monsterinsights_sitenote_active":false,"_monsterinsights_sitenote_note":"","_monsterinsights_sitenote_category":0,"footnotes":""},"class_list":["post-15779","page","type-page","status-publish"],"_links":{"self":[{"href":"https:\/\/adesampa.com.br\/adeeditais\/wp-json\/wp\/v2\/pages\/15779","targetHints":{"allow":["GET"]}}],"collection":[{"href":"https:\/\/adesampa.com.br\/adeeditais\/wp-json\/wp\/v2\/pages"}],"about":[{"href":"https:\/\/adesampa.com.br\/adeeditais\/wp-json\/wp\/v2\/types\/page"}],"author":[{"embeddable":true,"href":"https:\/\/adesampa.com.br\/adeeditais\/wp-json\/wp\/v2\/users\/1"}],"replies":[{"embeddable":true,"href":"https:\/\/adesampa.com.br\/adeeditais\/wp-json\/wp\/v2\/comments?post=15779"}],"version-history":[{"count":0,"href":"https:\/\/adesampa.com.br\/adeeditais\/wp-json\/wp\/v2\/pages\/15779\/revisions"}],"wp:attachment":[{"href":"https:\/\/adesampa.com.br\/adeeditais\/wp-json\/wp\/v2\/media?parent=15779"}],"curies":[{"name":"wp","href":"https:\/\/api.w.org\/{rel}","templated":true}]}}