{"id":15597,"date":"2022-09-16T13:16:21","date_gmt":"2022-09-16T16:16:21","guid":{"rendered":"https:\/\/adesampa.com.br\/adeeditais\/?page_id=15597"},"modified":"2022-09-16T13:21:44","modified_gmt":"2022-09-16T16:21:44","slug":"edital-07-2019-concurso","status":"publish","type":"page","link":"https:\/\/adesampa.com.br\/adeeditais\/edital-07-2019-concurso\/","title":{"rendered":"Edital 07\/2019 \u2013 Concurso"},"content":{"rendered":"\t\t<div data-elementor-type=\"wp-page\" data-elementor-id=\"15597\" class=\"elementor elementor-15597\">\n\t\t\t\t\t\t<section class=\"elementor-section elementor-top-section elementor-element elementor-element-017b7e2 elementor-section-boxed elementor-section-height-default elementor-section-height-default\" data-id=\"017b7e2\" data-element_type=\"section\" data-e-type=\"section\">\n\t\t\t\t\t\t<div class=\"elementor-container elementor-column-gap-default\">\n\t\t\t\t\t<div class=\"elementor-column elementor-col-100 elementor-top-column elementor-element elementor-element-c90159c\" data-id=\"c90159c\" data-element_type=\"column\" data-e-type=\"column\">\n\t\t\t<div class=\"elementor-widget-wrap elementor-element-populated\">\n\t\t\t\t\t\t<div class=\"elementor-element elementor-element-6263785 elementor-widget elementor-widget-text-editor\" data-id=\"6263785\" data-element_type=\"widget\" data-e-type=\"widget\" data-widget_type=\"text-editor.default\">\n\t\t\t\t<div class=\"elementor-widget-container\">\n\t\t\t\t\t\t\t\t\t<h2><strong style=\"color: #000000; font-family: 'Times New Roman'; font-size: 24px;\">Edital 07\/2019 &#8211; Concurso \u2013 Sele\u00e7\u00e3o e credenciamento de organiza\u00e7\u00f5es para realiza\u00e7\u00e3o de cursos com metodologia pr\u00f3pria para empreendedores da periferia.<\/strong><\/h2><p>Edital \u2013\u00a0<strong><a href=\"https:\/\/adesampa.com.br\/adeeditais\/wp-content\/uploads\/2022\/09\/1Edital_007_2019-Chamamento-Publico.pdf\">Clique aqui<\/a><\/strong><\/p><p>1\u00aa retifica\u00e7\u00e3o do Edital \u2013\u00a0<strong><a href=\"https:\/\/adesampa.com.br\/adeeditais\/wp-content\/uploads\/2022\/09\/21__RETIFICACAO_DO_EDITAL_007_2019.pdf\">Clique aqui<\/a><\/strong><\/p><p>Ficha de cadastro \u2013\u00a0<strong><a href=\"https:\/\/adesampa.com.br\/adeeditais\/wp-content\/uploads\/2022\/09\/formularios-1.docx\">Clique aqui<\/a><\/strong><\/p><p>Resultado \u2013\u00a0<strong><a href=\"https:\/\/adesampa.com.br\/adeeditais\/wp-content\/uploads\/2022\/09\/4Resultado-Edital-007_2019.pdf\">Clique aqui<\/a><\/strong><\/p><p>Resultado de Recurso \u2013\u00a0EMPREENDE AI \u2013\u00a0<strong><a href=\"https:\/\/adesampa.com.br\/adeeditais\/wp-content\/uploads\/2022\/09\/5Julgamento-de-Recurso-proponente-EMPREENDE-AI-Edital-no-007_2019.pdf\">Clique aqui<\/a><\/strong><\/p><p>Resultado de Recurso \u2013 GAMAG \u2013\u00a0<strong><a href=\"https:\/\/adesampa.com.br\/adeeditais\/wp-content\/uploads\/2022\/09\/6Julgamento-de-Recurso-proponente-GAMAG-Edital-no-007_2019.pdf\">Clique aqui<\/a><\/strong><\/p><p>\u00a0<\/p>\t\t\t\t\t\t\t\t<\/div>\n\t\t\t\t<\/div>\n\t\t\t\t\t<\/div>\n\t\t<\/div>\n\t\t\t\t\t<\/div>\n\t\t<\/section>\n\t\t\t\t<\/div>\n\t\t","protected":false},"excerpt":{"rendered":"<p>Edital 07\/2019 &#8211; Concurso \u2013 Sele\u00e7\u00e3o e credenciamento de organiza\u00e7\u00f5es&hellip;<\/p>\n<p> <a class=\"more-link\" href=\"https:\/\/adesampa.com.br\/adeeditais\/edital-07-2019-concurso\/\">Leia mais<\/a><\/p>\n","protected":false},"author":1,"featured_media":0,"parent":0,"menu_order":0,"comment_status":"closed","ping_status":"closed","template":"","meta":{"_monsterinsights_skip_tracking":false,"_monsterinsights_sitenote_active":false,"_monsterinsights_sitenote_note":"","_monsterinsights_sitenote_category":0,"footnotes":""},"class_list":["post-15597","page","type-page","status-publish"],"_links":{"self":[{"href":"https:\/\/adesampa.com.br\/adeeditais\/wp-json\/wp\/v2\/pages\/15597","targetHints":{"allow":["GET"]}}],"collection":[{"href":"https:\/\/adesampa.com.br\/adeeditais\/wp-json\/wp\/v2\/pages"}],"about":[{"href":"https:\/\/adesampa.com.br\/adeeditais\/wp-json\/wp\/v2\/types\/page"}],"author":[{"embeddable":true,"href":"https:\/\/adesampa.com.br\/adeeditais\/wp-json\/wp\/v2\/users\/1"}],"replies":[{"embeddable":true,"href":"https:\/\/adesampa.com.br\/adeeditais\/wp-json\/wp\/v2\/comments?post=15597"}],"version-history":[{"count":0,"href":"https:\/\/adesampa.com.br\/adeeditais\/wp-json\/wp\/v2\/pages\/15597\/revisions"}],"wp:attachment":[{"href":"https:\/\/adesampa.com.br\/adeeditais\/wp-json\/wp\/v2\/media?parent=15597"}],"curies":[{"name":"wp","href":"https:\/\/api.w.org\/{rel}","templated":true}]}}