{"id":15521,"date":"2022-08-24T17:11:10","date_gmt":"2022-08-24T20:11:10","guid":{"rendered":"https:\/\/adesampa.com.br\/adeeditais\/?page_id=15521"},"modified":"2022-08-24T17:14:52","modified_gmt":"2022-08-24T20:14:52","slug":"edital-039-2019-selecao-publica-simplificada","status":"publish","type":"page","link":"https:\/\/adesampa.com.br\/adeeditais\/edital-039-2019-selecao-publica-simplificada\/","title":{"rendered":"Edital 039\/2019 \u2013 Sele\u00e7\u00e3o P\u00fablica Simplificada\u00a0"},"content":{"rendered":"\t\t<div data-elementor-type=\"wp-page\" data-elementor-id=\"15521\" class=\"elementor elementor-15521\">\n\t\t\t\t\t\t<section class=\"elementor-section elementor-top-section elementor-element elementor-element-292e44f elementor-section-stretched elementor-section-boxed elementor-section-height-default elementor-section-height-default\" data-id=\"292e44f\" data-element_type=\"section\" data-e-type=\"section\" data-settings=\"{&quot;stretch_section&quot;:&quot;section-stretched&quot;}\">\n\t\t\t\t\t\t<div class=\"elementor-container elementor-column-gap-default\">\n\t\t\t\t\t<div class=\"elementor-column elementor-col-100 elementor-top-column elementor-element elementor-element-ab74606\" data-id=\"ab74606\" data-element_type=\"column\" data-e-type=\"column\">\n\t\t\t<div class=\"elementor-widget-wrap elementor-element-populated\">\n\t\t\t\t\t\t<div class=\"elementor-element elementor-element-cd38d79 elementor-widget elementor-widget-text-editor\" data-id=\"cd38d79\" data-element_type=\"widget\" data-e-type=\"widget\" data-widget_type=\"text-editor.default\">\n\t\t\t\t<div class=\"elementor-widget-container\">\n\t\t\t\t\t\t\t\t\t<p><strong>Edital 039\/2019 \u2013 Sele\u00e7\u00e3o P\u00fablica Simplificada\u00a0<\/strong><\/p><p>Edital \u2013\u00a0<a href=\"https:\/\/adesampa.com.br\/adeeditais\/wp-content\/uploads\/2022\/08\/Edital_de_SELECAO_PUBLICA_SIMPLIFICADA_n__039_2019.docx.pdf\">Clique aqui<\/a><\/p><p>Inscri\u00e7\u00f5es \u2013\u00a0<a href=\"https:\/\/docs.google.com\/forms\/d\/e\/1FAIpQLSegRw-Gvtsl4xu_wXzZoZoLbNE6I4x-e4jGjrnHRoYUq6lLmA\/closedform\">Clique aqui<\/a><\/p><p>Resultado 1\u00aa Etapa \u2013\u00a0<a href=\"https:\/\/adesampa.com.br\/adeeditais\/wp-content\/uploads\/2022\/08\/1a-Etapa-Edital-039-2019.pdf\">Clique aqui<\/a><\/p><p>Resultado 2\u00aa Etapa \u2013\u00a0<a href=\"https:\/\/adesampa.com.br\/adeeditais\/wp-content\/uploads\/2022\/08\/RESULTADO-DA-ETAPA-2-PROVA-TECNICA-ADL.pdf\">Clique aqui<\/a>\u00a0\u2013\u00a0<b>Data da Entrevista Presencial\u00a0\u2013 Etapa 3 \u2013 alterada para 15\/10\/19<\/b><\/p><p>Resultado 3\u00aa Etapa \u2013\u00a0<a href=\"https:\/\/adesampa.com.br\/adeeditais\/wp-content\/uploads\/2022\/08\/RESULTADO-ETAPA-3-Entrevista-Final.pdf\">Clique aqui<\/a><\/p>\t\t\t\t\t\t\t\t<\/div>\n\t\t\t\t<\/div>\n\t\t\t\t\t<\/div>\n\t\t<\/div>\n\t\t\t\t\t<\/div>\n\t\t<\/section>\n\t\t\t\t<\/div>\n\t\t","protected":false},"excerpt":{"rendered":"<p>Edital 039\/2019 \u2013 Sele\u00e7\u00e3o P\u00fablica Simplificada\u00a0 Edital \u2013\u00a0Clique aqui Inscri\u00e7\u00f5es&hellip;<\/p>\n<p> <a class=\"more-link\" href=\"https:\/\/adesampa.com.br\/adeeditais\/edital-039-2019-selecao-publica-simplificada\/\">Leia mais<\/a><\/p>\n","protected":false},"author":1,"featured_media":0,"parent":0,"menu_order":0,"comment_status":"closed","ping_status":"closed","template":"","meta":{"_monsterinsights_skip_tracking":false,"_monsterinsights_sitenote_active":false,"_monsterinsights_sitenote_note":"","_monsterinsights_sitenote_category":0,"footnotes":""},"class_list":["post-15521","page","type-page","status-publish"],"_links":{"self":[{"href":"https:\/\/adesampa.com.br\/adeeditais\/wp-json\/wp\/v2\/pages\/15521","targetHints":{"allow":["GET"]}}],"collection":[{"href":"https:\/\/adesampa.com.br\/adeeditais\/wp-json\/wp\/v2\/pages"}],"about":[{"href":"https:\/\/adesampa.com.br\/adeeditais\/wp-json\/wp\/v2\/types\/page"}],"author":[{"embeddable":true,"href":"https:\/\/adesampa.com.br\/adeeditais\/wp-json\/wp\/v2\/users\/1"}],"replies":[{"embeddable":true,"href":"https:\/\/adesampa.com.br\/adeeditais\/wp-json\/wp\/v2\/comments?post=15521"}],"version-history":[{"count":0,"href":"https:\/\/adesampa.com.br\/adeeditais\/wp-json\/wp\/v2\/pages\/15521\/revisions"}],"wp:attachment":[{"href":"https:\/\/adesampa.com.br\/adeeditais\/wp-json\/wp\/v2\/media?parent=15521"}],"curies":[{"name":"wp","href":"https:\/\/api.w.org\/{rel}","templated":true}]}}