{"id":14992,"date":"2022-06-06T13:33:44","date_gmt":"2022-06-06T16:33:44","guid":{"rendered":"https:\/\/adesampa.com.br\/adeeditais\/?page_id=14992"},"modified":"2022-06-06T13:39:27","modified_gmt":"2022-06-06T16:39:27","slug":"edital-18-2022-esclarecimentos","status":"publish","type":"page","link":"https:\/\/adesampa.com.br\/adeeditais\/edital-18-2022-esclarecimentos\/","title":{"rendered":"Edital 18\/2022 &#8211; Esclarecimentos"},"content":{"rendered":"\t\t<div data-elementor-type=\"wp-page\" data-elementor-id=\"14992\" class=\"elementor elementor-14992\">\n\t\t\t\t\t\t<section class=\"elementor-section elementor-top-section elementor-element elementor-element-1b530d0 elementor-section-boxed elementor-section-height-default elementor-section-height-default\" data-id=\"1b530d0\" data-element_type=\"section\" data-e-type=\"section\">\n\t\t\t\t\t\t<div class=\"elementor-container elementor-column-gap-default\">\n\t\t\t\t\t<div class=\"elementor-column elementor-col-50 elementor-top-column elementor-element elementor-element-4185013\" data-id=\"4185013\" data-element_type=\"column\" data-e-type=\"column\">\n\t\t\t<div class=\"elementor-widget-wrap elementor-element-populated\">\n\t\t\t\t\t\t<div class=\"elementor-element elementor-element-863ad9f elementor-widget elementor-widget-text-editor\" data-id=\"863ad9f\" data-element_type=\"widget\" data-e-type=\"widget\" data-widget_type=\"text-editor.default\">\n\t\t\t\t<div class=\"elementor-widget-container\">\n\t\t\t\t\t\t\t\t\t<p><strong>Edital 18\/2022 &#8211; Esclarecimento<\/strong><\/p>\t\t\t\t\t\t\t\t<\/div>\n\t\t\t\t<\/div>\n\t\t\t\t\t<\/div>\n\t\t<\/div>\n\t\t\t\t<div class=\"elementor-column elementor-col-50 elementor-top-column elementor-element elementor-element-3b4420c\" data-id=\"3b4420c\" data-element_type=\"column\" data-e-type=\"column\">\n\t\t\t<div class=\"elementor-widget-wrap elementor-element-populated\">\n\t\t\t\t\t\t<div class=\"elementor-element elementor-element-f962808 elementor-widget elementor-widget-image\" data-id=\"f962808\" data-element_type=\"widget\" data-e-type=\"widget\" data-widget_type=\"image.default\">\n\t\t\t\t<div class=\"elementor-widget-container\">\n\t\t\t\t\t\t\t\t\t\t\t\t\t\t\t<img fetchpriority=\"high\" decoding=\"async\" width=\"766\" height=\"188\" src=\"https:\/\/adesampa.com.br\/adeeditais\/wp-content\/uploads\/2020\/09\/tela1.png\" class=\"attachment-large size-large wp-image-12067\" alt=\"\" srcset=\"https:\/\/adesampa.com.br\/adeeditais\/wp-content\/uploads\/2020\/09\/tela1.png 766w, https:\/\/adesampa.com.br\/adeeditais\/wp-content\/uploads\/2020\/09\/tela1-300x74.png 300w\" sizes=\"(max-width: 766px) 100vw, 766px\" \/>\t\t\t\t\t\t\t\t\t\t\t\t\t\t\t<\/div>\n\t\t\t\t<\/div>\n\t\t\t\t\t<\/div>\n\t\t<\/div>\n\t\t\t\t\t<\/div>\n\t\t<\/section>\n\t\t\t\t<section class=\"elementor-section elementor-top-section elementor-element elementor-element-d93b1d9 elementor-section-stretched elementor-section-boxed elementor-section-height-default elementor-section-height-default\" data-id=\"d93b1d9\" data-element_type=\"section\" data-e-type=\"section\" data-settings=\"{&quot;stretch_section&quot;:&quot;section-stretched&quot;}\">\n\t\t\t\t\t\t<div class=\"elementor-container elementor-column-gap-default\">\n\t\t\t\t\t<div class=\"elementor-column elementor-col-100 elementor-top-column elementor-element elementor-element-c8fc93f\" data-id=\"c8fc93f\" data-element_type=\"column\" data-e-type=\"column\">\n\t\t\t<div class=\"elementor-widget-wrap elementor-element-populated\">\n\t\t\t\t\t\t<div class=\"elementor-element elementor-element-5efd211 elementor-widget elementor-widget-toggle\" data-id=\"5efd211\" data-element_type=\"widget\" data-e-type=\"widget\" data-widget_type=\"toggle.default\">\n\t\t\t\t<div class=\"elementor-widget-container\">\n\t\t\t\t\t\t\t<div class=\"elementor-toggle\">\n\t\t\t\t\t\t\t<div class=\"elementor-toggle-item\">\n\t\t\t\t\t<div id=\"elementor-tab-title-9961\" class=\"elementor-tab-title\" data-tab=\"1\" role=\"button\" aria-controls=\"elementor-tab-content-9961\" aria-expanded=\"false\">\n\t\t\t\t\t\t\t\t\t\t\t\t<span class=\"elementor-toggle-icon elementor-toggle-icon-left\" aria-hidden=\"true\">\n\t\t\t\t\t\t\t\t\t\t\t\t\t\t\t<span class=\"elementor-toggle-icon-closed\"><i class=\"fas fa-caret-right\"><\/i><\/span>\n\t\t\t\t\t\t\t\t<span class=\"elementor-toggle-icon-opened\"><i class=\"elementor-toggle-icon-opened fas fa-caret-up\"><\/i><\/span>\n\t\t\t\t\t\t\t\t\t\t\t\t\t<\/span>\n\t\t\t\t\t\t\t\t\t\t\t\t<a class=\"elementor-toggle-title\" tabindex=\"0\">O objeto trata de fornecimento, por\u00e9m o contrato menciona instala\u00e7\u00e3o\/reinstala\u00e7\u00e3o; n\u00e3o h\u00e1 planta do local, nem men\u00e7\u00e3o de vistoria, cabos, conectores, miscel\u00e2neas. Dessa forma entendemos que o vencedor dever\u00e1 entregar os equipamentos, e a instala\u00e7\u00e3o\/reinstala\u00e7\u00e3o dos mesmos ser\u00e1 de responsabilidade da ADE SAMPA. Nosso entendimento est\u00e1 correto?<\/a>\n\t\t\t\t\t<\/div>\n\n\t\t\t\t\t<div id=\"elementor-tab-content-9961\" class=\"elementor-tab-content elementor-clearfix\" data-tab=\"1\" role=\"region\" aria-labelledby=\"elementor-tab-title-9961\"><p>Sim, est\u00e3o corretos, os equipamentos ser\u00e3o instalados e posicionados pela empresa que ir\u00e1 fazer a gest\u00e3o da sala de podcast.<\/p><\/div>\n\t\t\t\t<\/div>\n\t\t\t\t\t\t\t\t<\/div>\n\t\t\t\t\t\t<\/div>\n\t\t\t\t<\/div>\n\t\t\t\t\t<\/div>\n\t\t<\/div>\n\t\t\t\t\t<\/div>\n\t\t<\/section>\n\t\t\t\t<section class=\"elementor-section elementor-top-section elementor-element elementor-element-675eb1c elementor-section-boxed elementor-section-height-default elementor-section-height-default\" data-id=\"675eb1c\" data-element_type=\"section\" data-e-type=\"section\">\n\t\t\t\t\t\t<div class=\"elementor-container elementor-column-gap-default\">\n\t\t\t\t\t<div class=\"elementor-column elementor-col-100 elementor-top-column elementor-element elementor-element-76f27d4\" data-id=\"76f27d4\" data-element_type=\"column\" data-e-type=\"column\">\n\t\t\t<div class=\"elementor-widget-wrap elementor-element-populated\">\n\t\t\t\t\t\t<div class=\"elementor-element elementor-element-47cc7aa elementor-alert-danger elementor-widget elementor-widget-alert\" data-id=\"47cc7aa\" data-element_type=\"widget\" data-e-type=\"widget\" data-widget_type=\"alert.default\">\n\t\t\t\t<div class=\"elementor-widget-container\">\n\t\t\t\t\t\t\t<div class=\"elementor-alert\" role=\"alert\">\n\n\t\t\t\t\t\t<span class=\"elementor-alert-title\">Aviso<\/span>\n\t\t\t\n\t\t\t\t\t\t<span class=\"elementor-alert-description\">Para efetuar o cadastramento, \u00e9 obrigat\u00f3rio a utiliza\u00e7\u00e3o de uma conta GMAIL, caso n\u00e3o possua uma, crie gratuitamente em www.gmail.com<br>A Sess\u00e3o P\u00fablica \u00e9 gravada e seu conte\u00fado ficar\u00e1 sob responsabilidade da Ag\u00eancia S\u00e3o Paulo de Desenvolvimento.<br> A participa\u00e7\u00e3o nos editais s\u00e3o regidos pelo Regulamento Interno para Licita\u00e7\u00f5es, Aliena\u00e7\u00f5es e Contratos da ADE SAMPA.\n<\/span>\n\t\t\t\n\t\t\t\t\t\t<button type=\"button\" class=\"elementor-alert-dismiss\" aria-label=\"Dispensar este alerta.\">\n\t\t\t\t\t\t\t\t\t<span aria-hidden=\"true\">&times;<\/span>\n\t\t\t\t\t\t\t<\/button>\n\t\t\t\n\t\t<\/div>\n\t\t\t\t\t\t<\/div>\n\t\t\t\t<\/div>\n\t\t\t\t\t<\/div>\n\t\t<\/div>\n\t\t\t\t\t<\/div>\n\t\t<\/section>\n\t\t\t\t<section class=\"elementor-section elementor-top-section elementor-element elementor-element-7615ea8 elementor-section-boxed elementor-section-height-default elementor-section-height-default\" data-id=\"7615ea8\" data-element_type=\"section\" data-e-type=\"section\">\n\t\t\t\t\t\t<div class=\"elementor-container elementor-column-gap-default\">\n\t\t\t\t\t<div class=\"elementor-column elementor-col-100 elementor-top-column elementor-element elementor-element-9c08d62\" data-id=\"9c08d62\" data-element_type=\"column\" data-e-type=\"column\">\n\t\t\t<div class=\"elementor-widget-wrap elementor-element-populated\">\n\t\t\t\t\t\t<div class=\"elementor-element elementor-element-200b5f9 elementor-widget elementor-widget-html\" data-id=\"200b5f9\" data-element_type=\"widget\" data-e-type=\"widget\" data-widget_type=\"html.default\">\n\t\t\t\t<div class=\"elementor-widget-container\">\n\t\t\t\t\t<!--Start of Tawk.to Script-->\r\n<script type=\"text\/javascript\">\r\nvar Tawk_API=Tawk_API||{}, Tawk_LoadStart=new Date();\r\n(function(){\r\nvar s1=document.createElement(\"script\"),s0=document.getElementsByTagName(\"script\")[0];\r\ns1.async=true;\r\ns1.src='https:\/\/embed.tawk.to\/5ec3de508ee2956d73a29570\/default';\r\ns1.charset='UTF-8';\r\ns1.setAttribute('crossorigin','*');\r\ns0.parentNode.insertBefore(s1,s0);\r\n})();\r\n<\/script>\r\n<!--End of Tawk.to Script-->\t\t\t\t<\/div>\n\t\t\t\t<\/div>\n\t\t\t\t\t<\/div>\n\t\t<\/div>\n\t\t\t\t\t<\/div>\n\t\t<\/section>\n\t\t\t\t<\/div>\n\t\t","protected":false},"excerpt":{"rendered":"<p>Edital 18\/2022 &#8211; Esclarecimento O objeto trata de fornecimento, por\u00e9m&hellip;<\/p>\n<p> <a class=\"more-link\" href=\"https:\/\/adesampa.com.br\/adeeditais\/edital-18-2022-esclarecimentos\/\">Leia mais<\/a><\/p>\n","protected":false},"author":1,"featured_media":0,"parent":0,"menu_order":0,"comment_status":"closed","ping_status":"closed","template":"elementor_header_footer","meta":{"_monsterinsights_skip_tracking":false,"_monsterinsights_sitenote_active":false,"_monsterinsights_sitenote_note":"","_monsterinsights_sitenote_category":0,"footnotes":""},"class_list":["post-14992","page","type-page","status-publish"],"_links":{"self":[{"href":"https:\/\/adesampa.com.br\/adeeditais\/wp-json\/wp\/v2\/pages\/14992","targetHints":{"allow":["GET"]}}],"collection":[{"href":"https:\/\/adesampa.com.br\/adeeditais\/wp-json\/wp\/v2\/pages"}],"about":[{"href":"https:\/\/adesampa.com.br\/adeeditais\/wp-json\/wp\/v2\/types\/page"}],"author":[{"embeddable":true,"href":"https:\/\/adesampa.com.br\/adeeditais\/wp-json\/wp\/v2\/users\/1"}],"replies":[{"embeddable":true,"href":"https:\/\/adesampa.com.br\/adeeditais\/wp-json\/wp\/v2\/comments?post=14992"}],"version-history":[{"count":0,"href":"https:\/\/adesampa.com.br\/adeeditais\/wp-json\/wp\/v2\/pages\/14992\/revisions"}],"wp:attachment":[{"href":"https:\/\/adesampa.com.br\/adeeditais\/wp-json\/wp\/v2\/media?parent=14992"}],"curies":[{"name":"wp","href":"https:\/\/api.w.org\/{rel}","templated":true}]}}