{"id":14529,"date":"2022-03-02T14:46:54","date_gmt":"2022-03-02T17:46:54","guid":{"rendered":"http:\/\/adesampa.com.br\/adeeditais\/?page_id=14529"},"modified":"2022-03-02T14:52:05","modified_gmt":"2022-03-02T17:52:05","slug":"edital-52-2019-chamamento","status":"publish","type":"page","link":"https:\/\/adesampa.com.br\/adeeditais\/edital-52-2019-chamamento\/","title":{"rendered":"Edital 52\/2019 \u2013 Chamamento"},"content":{"rendered":"\t\t<div data-elementor-type=\"wp-page\" data-elementor-id=\"14529\" class=\"elementor elementor-14529\">\n\t\t\t\t\t\t<section class=\"elementor-section elementor-top-section elementor-element elementor-element-017b7e2 elementor-section-boxed elementor-section-height-default elementor-section-height-default\" data-id=\"017b7e2\" data-element_type=\"section\" data-e-type=\"section\">\n\t\t\t\t\t\t<div class=\"elementor-container elementor-column-gap-default\">\n\t\t\t\t\t<div class=\"elementor-column elementor-col-100 elementor-top-column elementor-element elementor-element-c90159c\" data-id=\"c90159c\" data-element_type=\"column\" data-e-type=\"column\">\n\t\t\t<div class=\"elementor-widget-wrap elementor-element-populated\">\n\t\t\t\t\t\t<div class=\"elementor-element elementor-element-6263785 elementor-widget elementor-widget-text-editor\" data-id=\"6263785\" data-element_type=\"widget\" data-e-type=\"widget\" data-widget_type=\"text-editor.default\">\n\t\t\t\t<div class=\"elementor-widget-container\">\n\t\t\t\t\t\t\t\t\t<h2><strong>Edital 52\/2019 \u2013 Chamamento P\u00fablico<\/strong><\/h2><p>Edital \u2013\u00a0<strong><a href=\"https:\/\/adesampa.com.br\/adeeditais\/wp-content\/uploads\/2022\/03\/Edital-VAI-TEC-5-VFinal-20dez19-1-1.pdf\">Clique aqui<\/a><\/strong><\/p><p>Retifica\u00e7\u00e3o do Edital \u2013\u00a0<strong><a href=\"https:\/\/adesampa.com.br\/adeeditais\/wp-content\/uploads\/2022\/03\/Edital-VAI-TEC-5-Mar-24-empresas.docx-2.pdf\">Clique aqui<\/a><\/strong><\/p><p>Comunicado 1 \u2013\u00a0<strong><a href=\"https:\/\/adesampa.com.br\/adeeditais\/wp-content\/uploads\/2022\/03\/Comunicado-Reabertura-de-Inscricoes-VAI-TEC-5-3.pdf\">Clique aqui<\/a><\/strong><\/p><p>Lista de inscritos (por ordem de inscri\u00e7\u00e3o) \u2013\u00a0<strong><a href=\"https:\/\/adesampa.com.br\/adeeditais\/wp-content\/uploads\/2022\/03\/LISTA-DE-TODAS-AS-INSCRICOES-4.pdf\">Clique aqui<\/a><\/strong><\/p><p>Resultado parcial \u2013\u00a0<strong><a href=\"https:\/\/adesampa.com.br\/adeeditais\/wp-content\/uploads\/2022\/03\/ATA-PRIMEIRA-SELECAO-DOS-PROJETOS-5.pdf\">Clique aqui<\/a><\/strong><\/p><p>Comunicado \u2013 Pitches \u2013\u00a0<strong><a href=\"https:\/\/adesampa.com.br\/adeeditais\/wp-content\/uploads\/2022\/03\/Comunicado-Vai-Tec-5-Pitch-1-6.pdf\">Clique aqui<\/a><\/strong><\/p><p>Comunicado de atualiza\u00e7\u00e3o no processo de sele\u00e7\u00e3o do Programa de Acelera\u00e7\u00e3o VAI TEC \u2013\u00a0<strong><a href=\"https:\/\/adesampa.com.br\/adeeditais\/wp-content\/uploads\/2022\/03\/Comunicado-de-atualizacao-no-processo-de-selecao-do-Programa-de-Aceleracao-VAI-TEC-7.pdf\">Clique aqui<\/a><\/strong><\/p><p>Ata \u2013 Primeira fase de sele\u00e7\u00e3o dos projetos \u2013\u00a0\u00a0<strong><a href=\"https:\/\/adesampa.com.br\/adeeditais\/wp-content\/uploads\/2022\/03\/ATA-PRIMEIRA-FASE-DE-SELECAO-DOS-PROJETOS-8.pdf\">Clique aqui<\/a><\/strong><\/p><p>Comunicado \u2013 Pitches \u2013\u00a0<strong><a href=\"https:\/\/adesampa.com.br\/adeeditais\/wp-content\/uploads\/2022\/03\/Comunicado-Vai-Tec-5-Pitch-novo-agendamento-9.pdf\">Clique aqui<\/a><\/strong><\/p><p>Comunicado 2 \u2013 Pitches \u2013\u00a0<strong><a href=\"https:\/\/adesampa.com.br\/adeeditais\/wp-content\/uploads\/2022\/03\/Comunicado-Vai-Tec-5-Adiamento-dos-Pitches-10.pdf\">Clique aqui<\/a><\/strong><\/p><p>Comunicado 2 \u2013 Pitches (errata) \u2013\u00a0<strong><a href=\"https:\/\/adesampa.com.br\/adeeditais\/wp-content\/uploads\/2022\/03\/Comunicado-Vai-Tec-5-Adiamento-dos-Pitches-1-11.pdf\">Clique aqui<\/a><\/strong><\/p>\t\t\t\t\t\t\t\t<\/div>\n\t\t\t\t<\/div>\n\t\t\t\t\t<\/div>\n\t\t<\/div>\n\t\t\t\t\t<\/div>\n\t\t<\/section>\n\t\t\t\t<\/div>\n\t\t","protected":false},"excerpt":{"rendered":"<p>Edital 52\/2019 \u2013 Chamamento P\u00fablico Edital \u2013&nbsp;Clique aqui Retifica\u00e7\u00e3o do&hellip;<\/p>\n<p> <a class=\"more-link\" href=\"https:\/\/adesampa.com.br\/adeeditais\/edital-52-2019-chamamento\/\">Leia mais<\/a><\/p>\n","protected":false},"author":1,"featured_media":0,"parent":0,"menu_order":0,"comment_status":"closed","ping_status":"closed","template":"","meta":{"_monsterinsights_skip_tracking":false,"_monsterinsights_sitenote_active":false,"_monsterinsights_sitenote_note":"","_monsterinsights_sitenote_category":0,"footnotes":""},"class_list":["post-14529","page","type-page","status-publish"],"_links":{"self":[{"href":"https:\/\/adesampa.com.br\/adeeditais\/wp-json\/wp\/v2\/pages\/14529","targetHints":{"allow":["GET"]}}],"collection":[{"href":"https:\/\/adesampa.com.br\/adeeditais\/wp-json\/wp\/v2\/pages"}],"about":[{"href":"https:\/\/adesampa.com.br\/adeeditais\/wp-json\/wp\/v2\/types\/page"}],"author":[{"embeddable":true,"href":"https:\/\/adesampa.com.br\/adeeditais\/wp-json\/wp\/v2\/users\/1"}],"replies":[{"embeddable":true,"href":"https:\/\/adesampa.com.br\/adeeditais\/wp-json\/wp\/v2\/comments?post=14529"}],"version-history":[{"count":0,"href":"https:\/\/adesampa.com.br\/adeeditais\/wp-json\/wp\/v2\/pages\/14529\/revisions"}],"wp:attachment":[{"href":"https:\/\/adesampa.com.br\/adeeditais\/wp-json\/wp\/v2\/media?parent=14529"}],"curies":[{"name":"wp","href":"https:\/\/api.w.org\/{rel}","templated":true}]}}