{"id":14493,"date":"2022-02-25T15:25:48","date_gmt":"2022-02-25T18:25:48","guid":{"rendered":"http:\/\/adesampa.com.br\/adeeditais\/?page_id=14493"},"modified":"2022-02-25T15:30:12","modified_gmt":"2022-02-25T18:30:12","slug":"edital-13-2020-concurso-2","status":"publish","type":"page","link":"https:\/\/adesampa.com.br\/adeeditais\/edital-13-2020-concurso-2\/","title":{"rendered":"Edital 13\/2020 \u2013 Concurso"},"content":{"rendered":"\t\t<div data-elementor-type=\"wp-page\" data-elementor-id=\"14493\" class=\"elementor elementor-14493\">\n\t\t\t\t\t\t<section class=\"elementor-section elementor-top-section elementor-element elementor-element-017b7e2 elementor-section-boxed elementor-section-height-default elementor-section-height-default\" data-id=\"017b7e2\" data-element_type=\"section\" data-e-type=\"section\">\n\t\t\t\t\t\t<div class=\"elementor-container elementor-column-gap-default\">\n\t\t\t\t\t<div class=\"elementor-column elementor-col-100 elementor-top-column elementor-element elementor-element-c90159c\" data-id=\"c90159c\" data-element_type=\"column\" data-e-type=\"column\">\n\t\t\t<div class=\"elementor-widget-wrap elementor-element-populated\">\n\t\t\t\t\t\t<div class=\"elementor-element elementor-element-6263785 elementor-widget elementor-widget-text-editor\" data-id=\"6263785\" data-element_type=\"widget\" data-e-type=\"widget\" data-widget_type=\"text-editor.default\">\n\t\t\t\t<div class=\"elementor-widget-container\">\n\t\t\t\t\t\t\t\t\t<h2><strong>Edital 13\/2020 \u2013 Concurso<\/strong><\/h2><p>Edital \u2013\u00a0<strong><a href=\"https:\/\/adesampa.com.br\/adeeditais\/wp-content\/uploads\/2022\/02\/Edital-de-Concurso-no-013_2020-_-COVID-19_1.pdf\">Clique aqui<\/a><\/strong><\/p><p>Comunicado \u2013\u00a0<strong><a href=\"https:\/\/adesampa.com.br\/adeeditais\/wp-content\/uploads\/2022\/02\/Comunicado-Concurso-COVID-_2.pdf\">Clique aqui<\/a><\/strong><\/p><p>Comunicado \u2013\u00a0<strong><a href=\"https:\/\/adesampa.com.br\/adeeditais\/wp-content\/uploads\/2022\/02\/Comunicado-prorrogacao-resultado-COVID-19_3.pdf\">Clique aqui<\/a><\/strong><\/p><p>Resultado \u2013\u00a0<strong><a href=\"https:\/\/adesampa.com.br\/adeeditais\/wp-content\/uploads\/2022\/02\/Resultado-do-edital-Covid-19_4.pdf\">Clique aqui<\/a><\/strong><\/p><p>Republica\u00e7\u00e3o de resultados \u2013\u00a0<strong><a href=\"https:\/\/adesampa.com.br\/adeeditais\/wp-content\/uploads\/2022\/02\/Resultado-do-edital-Covid-19-2_5.pdf\">Clique aqui<\/a><\/strong><\/p><h2><strong>Recursos<\/strong><\/h2><p>Assina Tecnologia Gest\u00e3o em Sa\u00fade Ltda \u2013\u00a0<strong><a href=\"https:\/\/adesampa.com.br\/adeeditais\/wp-content\/uploads\/2022\/02\/Julgamento-de-recurso-Edital013_2020-Bruno-Carvalho-Assina-Tecnologia-_6.pdf\">Julgamento<\/a><\/strong><\/p><p>Instituto Hacker de Tecnologia \u2013\u00a0<strong><a href=\"https:\/\/adesampa.com.br\/adeeditais\/wp-content\/uploads\/2022\/02\/Julgamento-de-recurso-Edital013_2020-Allan-Instituto-Hacker-_7.pdf\">Julgamento<\/a><\/strong><\/p><p>Clube da Preta \u2013\u00a0<strong><a href=\"https:\/\/adesampa.com.br\/adeeditais\/wp-content\/uploads\/2022\/02\/Julgamento-de-recurso-Edital013_2020-Clube-da-Preta_8.pdf\">Julgamento<\/a><\/strong><\/p><h2><strong>Homologa\u00e7\u00e3o<\/strong><\/h2><p>Homologa\u00e7\u00e3o e Adjudica\u00e7\u00e3o \u2013\u00a0<strong><a href=\"https:\/\/adesampa.com.br\/adeeditais\/wp-content\/uploads\/2022\/02\/DESPACHO-DE-HOMOLOGACAO-Edital-013_2020_9.pdf\">Clique aqui<\/a><\/strong><\/p>\t\t\t\t\t\t\t\t<\/div>\n\t\t\t\t<\/div>\n\t\t\t\t\t<\/div>\n\t\t<\/div>\n\t\t\t\t\t<\/div>\n\t\t<\/section>\n\t\t\t\t<\/div>\n\t\t","protected":false},"excerpt":{"rendered":"<p>Edital 13\/2020 \u2013 Concurso Edital \u2013&nbsp;Clique aqui Comunicado \u2013&nbsp;Clique aqui&hellip;<\/p>\n<p> <a class=\"more-link\" href=\"https:\/\/adesampa.com.br\/adeeditais\/edital-13-2020-concurso-2\/\">Leia mais<\/a><\/p>\n","protected":false},"author":1,"featured_media":0,"parent":0,"menu_order":0,"comment_status":"closed","ping_status":"closed","template":"","meta":{"_monsterinsights_skip_tracking":false,"_monsterinsights_sitenote_active":false,"_monsterinsights_sitenote_note":"","_monsterinsights_sitenote_category":0,"footnotes":""},"class_list":["post-14493","page","type-page","status-publish"],"_links":{"self":[{"href":"https:\/\/adesampa.com.br\/adeeditais\/wp-json\/wp\/v2\/pages\/14493","targetHints":{"allow":["GET"]}}],"collection":[{"href":"https:\/\/adesampa.com.br\/adeeditais\/wp-json\/wp\/v2\/pages"}],"about":[{"href":"https:\/\/adesampa.com.br\/adeeditais\/wp-json\/wp\/v2\/types\/page"}],"author":[{"embeddable":true,"href":"https:\/\/adesampa.com.br\/adeeditais\/wp-json\/wp\/v2\/users\/1"}],"replies":[{"embeddable":true,"href":"https:\/\/adesampa.com.br\/adeeditais\/wp-json\/wp\/v2\/comments?post=14493"}],"version-history":[{"count":0,"href":"https:\/\/adesampa.com.br\/adeeditais\/wp-json\/wp\/v2\/pages\/14493\/revisions"}],"wp:attachment":[{"href":"https:\/\/adesampa.com.br\/adeeditais\/wp-json\/wp\/v2\/media?parent=14493"}],"curies":[{"name":"wp","href":"https:\/\/api.w.org\/{rel}","templated":true}]}}