{"id":14276,"date":"2022-01-26T09:18:41","date_gmt":"2022-01-26T12:18:41","guid":{"rendered":"http:\/\/adesampa.com.br\/adeeditais\/?page_id=14276"},"modified":"2022-01-27T21:04:03","modified_gmt":"2022-01-28T00:04:03","slug":"edital-02-2021-propostas","status":"publish","type":"page","link":"https:\/\/adesampa.com.br\/adeeditais\/edital-02-2021-propostas\/","title":{"rendered":"Edital 02\/2021 &#8211; propostas"},"content":{"rendered":"\t\t<div data-elementor-type=\"wp-page\" data-elementor-id=\"14276\" class=\"elementor elementor-14276\">\n\t\t\t\t\t\t<section class=\"elementor-section elementor-top-section elementor-element elementor-element-1b530d0 elementor-section-boxed elementor-section-height-default elementor-section-height-default\" data-id=\"1b530d0\" data-element_type=\"section\" data-e-type=\"section\">\n\t\t\t\t\t\t<div class=\"elementor-container elementor-column-gap-default\">\n\t\t\t\t\t<div class=\"elementor-column elementor-col-50 elementor-top-column elementor-element elementor-element-4185013\" data-id=\"4185013\" data-element_type=\"column\" data-e-type=\"column\">\n\t\t\t<div class=\"elementor-widget-wrap elementor-element-populated\">\n\t\t\t\t\t\t<div class=\"elementor-element elementor-element-863ad9f elementor-widget elementor-widget-text-editor\" data-id=\"863ad9f\" data-element_type=\"widget\" data-e-type=\"widget\" data-widget_type=\"text-editor.default\">\n\t\t\t\t<div class=\"elementor-widget-container\">\n\t\t\t\t\t\t\t\t\t<p><strong>Edital 02\/2021 &#8211; Chamamento<\/strong><\/p>\t\t\t\t\t\t\t\t<\/div>\n\t\t\t\t<\/div>\n\t\t\t\t\t<\/div>\n\t\t<\/div>\n\t\t\t\t<div class=\"elementor-column elementor-col-50 elementor-top-column elementor-element elementor-element-3b4420c\" data-id=\"3b4420c\" data-element_type=\"column\" data-e-type=\"column\">\n\t\t\t<div class=\"elementor-widget-wrap elementor-element-populated\">\n\t\t\t\t\t\t<div class=\"elementor-element elementor-element-a741994 elementor-widget elementor-widget-image\" data-id=\"a741994\" data-element_type=\"widget\" data-e-type=\"widget\" data-widget_type=\"image.default\">\n\t\t\t\t<div class=\"elementor-widget-container\">\n\t\t\t\t\t\t\t\t\t\t\t\t\t\t\t<img fetchpriority=\"high\" decoding=\"async\" width=\"763\" height=\"190\" src=\"https:\/\/adesampa.com.br\/adeeditais\/wp-content\/uploads\/2021\/10\/a1.png\" class=\"attachment-large size-large wp-image-13812\" alt=\"\" srcset=\"https:\/\/adesampa.com.br\/adeeditais\/wp-content\/uploads\/2021\/10\/a1.png 763w, https:\/\/adesampa.com.br\/adeeditais\/wp-content\/uploads\/2021\/10\/a1-300x75.png 300w\" sizes=\"(max-width: 763px) 100vw, 763px\" \/>\t\t\t\t\t\t\t\t\t\t\t\t\t\t\t<\/div>\n\t\t\t\t<\/div>\n\t\t\t\t\t<\/div>\n\t\t<\/div>\n\t\t\t\t\t<\/div>\n\t\t<\/section>\n\t\t\t\t<section class=\"elementor-section elementor-top-section elementor-element elementor-element-46810ad elementor-section-stretched elementor-section-boxed elementor-section-height-default elementor-section-height-default\" data-id=\"46810ad\" data-element_type=\"section\" data-e-type=\"section\" data-settings=\"{&quot;stretch_section&quot;:&quot;section-stretched&quot;}\">\n\t\t\t\t\t\t<div class=\"elementor-container elementor-column-gap-default\">\n\t\t\t\t\t<div class=\"elementor-column elementor-col-100 elementor-top-column elementor-element elementor-element-ef4f623\" data-id=\"ef4f623\" data-element_type=\"column\" data-e-type=\"column\">\n\t\t\t<div class=\"elementor-widget-wrap elementor-element-populated\">\n\t\t\t\t\t\t<div class=\"elementor-element elementor-element-2cbe952 elementor-widget elementor-widget-text-editor\" data-id=\"2cbe952\" data-element_type=\"widget\" data-e-type=\"widget\" data-widget_type=\"text-editor.default\">\n\t\t\t\t<div class=\"elementor-widget-container\">\n\t\t\t\t\t\t\t\t\t<p><strong>Edital 02\/2021 \u2013 Chamamento P\u00fablico<\/strong><\/p><p><strong>OBJETO :<\/strong> Sele\u00e7\u00e3o de pessoas jur\u00eddicas de direito privado ou p\u00fablico, aut\u00e1rquico ou fundacional, de direito interno ou externo, visando \u00e0 realiza\u00e7\u00e3o de parcerias para a execu\u00e7\u00e3o de projetos, eventos e atividades realizados pela ADE SAMPA, durante o ano de 2021 no munic\u00edpio de S\u00e3o Paulo<\/p><p><strong>Edital \u2013<\/strong>\u00a0<strong><a href=\"https:\/\/adesampa.com.br\/adeeditais\/wp-content\/uploads\/2021\/01\/Edital-parcerias-2021.pdf\">Clique aqui<\/a><\/strong><\/p><p><strong>Proposta de Patroc\u00ednio IFOOD (24\/01\/2022) \u2013<\/strong>\u00a0<strong><a href=\"https:\/\/adesampa.com.br\/adeeditais\/wp-content\/uploads\/2022\/01\/Carta_de_Interesse_Parceria___Hackatona_ADE_SAMPA_e_IFOOD.docx__1_.pdf\">Clique aqui<\/a><\/strong><\/p><p><strong>Proposta de Patroc\u00ednio LOJAS MARISA (24\/01\/2022) \u2013<\/strong>\u00a0<strong><a href=\"https:\/\/adesampa.com.br\/adeeditais\/wp-content\/uploads\/2022\/01\/Proposta_de_Parceria___Hackatona_ADE_SAMPA_MarisaVF.docx.pdf\">Clique aqui<\/a><\/strong><\/p><p><strong>Proposta de Patroc\u00ednio AWS (30\/11\/2021) \u2013<\/strong>\u00a0<strong><a href=\"https:\/\/adesampa.com.br\/adeeditais\/wp-content\/uploads\/2022\/01\/AWS_mail.pdf\">Clique aqui<\/a><\/strong><\/p>\t\t\t\t\t\t\t\t<\/div>\n\t\t\t\t<\/div>\n\t\t\t\t<div class=\"elementor-element elementor-element-ea412df elementor-widget elementor-widget-spacer\" data-id=\"ea412df\" data-element_type=\"widget\" data-e-type=\"widget\" data-widget_type=\"spacer.default\">\n\t\t\t\t<div class=\"elementor-widget-container\">\n\t\t\t\t\t\t\t<div class=\"elementor-spacer\">\n\t\t\t<div class=\"elementor-spacer-inner\"><\/div>\n\t\t<\/div>\n\t\t\t\t\t\t<\/div>\n\t\t\t\t<\/div>\n\t\t\t\t\t<\/div>\n\t\t<\/div>\n\t\t\t\t\t<\/div>\n\t\t<\/section>\n\t\t\t\t<\/div>\n\t\t","protected":false},"excerpt":{"rendered":"<p>Edital 02\/2021 &#8211; Chamamento Edital 02\/2021 \u2013 Chamamento P\u00fablico OBJETO&hellip;<\/p>\n<p> <a class=\"more-link\" href=\"https:\/\/adesampa.com.br\/adeeditais\/edital-02-2021-propostas\/\">Leia mais<\/a><\/p>\n","protected":false},"author":1,"featured_media":0,"parent":0,"menu_order":0,"comment_status":"closed","ping_status":"closed","template":"elementor_header_footer","meta":{"_monsterinsights_skip_tracking":false,"_monsterinsights_sitenote_active":false,"_monsterinsights_sitenote_note":"","_monsterinsights_sitenote_category":0,"footnotes":""},"class_list":["post-14276","page","type-page","status-publish"],"_links":{"self":[{"href":"https:\/\/adesampa.com.br\/adeeditais\/wp-json\/wp\/v2\/pages\/14276","targetHints":{"allow":["GET"]}}],"collection":[{"href":"https:\/\/adesampa.com.br\/adeeditais\/wp-json\/wp\/v2\/pages"}],"about":[{"href":"https:\/\/adesampa.com.br\/adeeditais\/wp-json\/wp\/v2\/types\/page"}],"author":[{"embeddable":true,"href":"https:\/\/adesampa.com.br\/adeeditais\/wp-json\/wp\/v2\/users\/1"}],"replies":[{"embeddable":true,"href":"https:\/\/adesampa.com.br\/adeeditais\/wp-json\/wp\/v2\/comments?post=14276"}],"version-history":[{"count":0,"href":"https:\/\/adesampa.com.br\/adeeditais\/wp-json\/wp\/v2\/pages\/14276\/revisions"}],"wp:attachment":[{"href":"https:\/\/adesampa.com.br\/adeeditais\/wp-json\/wp\/v2\/media?parent=14276"}],"curies":[{"name":"wp","href":"https:\/\/api.w.org\/{rel}","templated":true}]}}