{"id":13325,"date":"2021-06-30T16:17:12","date_gmt":"2021-06-30T19:17:12","guid":{"rendered":"http:\/\/adesampa.com.br\/adeeditais\/?page_id=13325"},"modified":"2021-07-05T12:47:05","modified_gmt":"2021-07-05T15:47:05","slug":"respostas-25-2021","status":"publish","type":"page","link":"https:\/\/adesampa.com.br\/adeeditais\/respostas-25-2021\/","title":{"rendered":"Respostas 25\/2021"},"content":{"rendered":"\t\t<div data-elementor-type=\"wp-page\" data-elementor-id=\"13325\" class=\"elementor elementor-13325\">\n\t\t\t\t\t\t<section class=\"elementor-section elementor-top-section elementor-element elementor-element-25b2980 elementor-section-stretched elementor-section-boxed elementor-section-height-default elementor-section-height-default\" data-id=\"25b2980\" data-element_type=\"section\" data-e-type=\"section\" data-settings=\"{&quot;stretch_section&quot;:&quot;section-stretched&quot;,&quot;background_background&quot;:&quot;gradient&quot;}\">\n\t\t\t\t\t\t<div class=\"elementor-container elementor-column-gap-default\">\n\t\t\t\t\t<div class=\"elementor-column elementor-col-100 elementor-top-column elementor-element elementor-element-f0b6852\" data-id=\"f0b6852\" data-element_type=\"column\" data-e-type=\"column\">\n\t\t\t<div class=\"elementor-widget-wrap elementor-element-populated\">\n\t\t\t\t\t\t<div class=\"elementor-element elementor-element-2220de0 elementor-widget elementor-widget-text-editor\" data-id=\"2220de0\" data-element_type=\"widget\" data-e-type=\"widget\" data-widget_type=\"text-editor.default\">\n\t\t\t\t<div class=\"elementor-widget-container\">\n\t\t\t\t\t\t\t\t\t<p style=\"text-align: center;\"><span style=\"color: #ffffff;\"><strong>Respostas aos pedidos de esclarecimentos recebidos<\/strong><\/span><\/p>\t\t\t\t\t\t\t\t<\/div>\n\t\t\t\t<\/div>\n\t\t\t\t\t<\/div>\n\t\t<\/div>\n\t\t\t\t\t<\/div>\n\t\t<\/section>\n\t\t\t\t<section class=\"elementor-section elementor-top-section elementor-element elementor-element-86292e5 elementor-section-boxed elementor-section-height-default elementor-section-height-default\" data-id=\"86292e5\" data-element_type=\"section\" data-e-type=\"section\">\n\t\t\t\t\t\t<div class=\"elementor-container elementor-column-gap-default\">\n\t\t\t\t\t<div class=\"elementor-column elementor-col-100 elementor-top-column elementor-element elementor-element-a4196e7\" data-id=\"a4196e7\" data-element_type=\"column\" data-e-type=\"column\">\n\t\t\t<div class=\"elementor-widget-wrap elementor-element-populated\">\n\t\t\t\t\t\t<div class=\"elementor-element elementor-element-5781cf3 elementor-widget elementor-widget-spacer\" data-id=\"5781cf3\" data-element_type=\"widget\" data-e-type=\"widget\" data-widget_type=\"spacer.default\">\n\t\t\t\t<div class=\"elementor-widget-container\">\n\t\t\t\t\t\t\t<div class=\"elementor-spacer\">\n\t\t\t<div class=\"elementor-spacer-inner\"><\/div>\n\t\t<\/div>\n\t\t\t\t\t\t<\/div>\n\t\t\t\t<\/div>\n\t\t\t\t<div class=\"elementor-element elementor-element-717f36a elementor-widget elementor-widget-toggle\" data-id=\"717f36a\" data-element_type=\"widget\" data-e-type=\"widget\" data-widget_type=\"toggle.default\">\n\t\t\t\t<div class=\"elementor-widget-container\">\n\t\t\t\t\t\t\t<div class=\"elementor-toggle\">\n\t\t\t\t\t\t\t<div class=\"elementor-toggle-item\">\n\t\t\t\t\t<div id=\"elementor-tab-title-1191\" class=\"elementor-tab-title\" data-tab=\"1\" role=\"button\" aria-controls=\"elementor-tab-content-1191\" aria-expanded=\"false\">\n\t\t\t\t\t\t\t\t\t\t\t\t<span class=\"elementor-toggle-icon elementor-toggle-icon-left\" aria-hidden=\"true\">\n\t\t\t\t\t\t\t\t\t\t\t\t\t\t\t<span class=\"elementor-toggle-icon-closed\"><i class=\"fas fa-caret-right\"><\/i><\/span>\n\t\t\t\t\t\t\t\t<span class=\"elementor-toggle-icon-opened\"><i class=\"elementor-toggle-icon-opened fas fa-caret-up\"><\/i><\/span>\n\t\t\t\t\t\t\t\t\t\t\t\t\t<\/span>\n\t\t\t\t\t\t\t\t\t\t\t\t<a class=\"elementor-toggle-title\" tabindex=\"0\">Boa tarde! Gostaria de saber se a participa\u00e7\u00e3o poder\u00e1 ser feita atrav\u00e9s de Cons\u00f3rcio de empresas. Obrigada.<\/a>\n\t\t\t\t\t<\/div>\n\n\t\t\t\t\t<div id=\"elementor-tab-content-1191\" class=\"elementor-tab-content elementor-clearfix\" data-tab=\"1\" role=\"region\" aria-labelledby=\"elementor-tab-title-1191\"><p><b>Resposta:<\/b><\/p><p>N\u00e3o. A previs\u00e3o de participa\u00e7\u00e3o em cons\u00f3rcio n\u00e3o \u00e9 permitida a menos que esteja expresso no edital.<\/p><p><b>\u00a0<\/b><\/p><\/div>\n\t\t\t\t<\/div>\n\t\t\t\t\t\t\t<div class=\"elementor-toggle-item\">\n\t\t\t\t\t<div id=\"elementor-tab-title-1192\" class=\"elementor-tab-title\" data-tab=\"2\" role=\"button\" aria-controls=\"elementor-tab-content-1192\" aria-expanded=\"false\">\n\t\t\t\t\t\t\t\t\t\t\t\t<span class=\"elementor-toggle-icon elementor-toggle-icon-left\" aria-hidden=\"true\">\n\t\t\t\t\t\t\t\t\t\t\t\t\t\t\t<span class=\"elementor-toggle-icon-closed\"><i class=\"fas fa-caret-right\"><\/i><\/span>\n\t\t\t\t\t\t\t\t<span class=\"elementor-toggle-icon-opened\"><i class=\"elementor-toggle-icon-opened fas fa-caret-up\"><\/i><\/span>\n\t\t\t\t\t\t\t\t\t\t\t\t\t<\/span>\n\t\t\t\t\t\t\t\t\t\t\t\t<a class=\"elementor-toggle-title\" tabindex=\"0\">N\u00f3s da Empreende A\u00ed, CNPJ: 26.054.363\/0001-01, gostar\u00edamos de solicitar esclarecimentos sobre as empresas que podem participar do referido Edital de Concurso N\u00ba 025\/2021. No Item 3: \"Condi\u00e7\u00f5es de Participa\u00e7\u00e3o\", sub item 3.1: \u201cEst\u00e3o habilitadas a participar do presente Concurso pessoas jur\u00eddicas de pequeno porte (Microempresa, Empresa de Pequeno Porte e Cooperativas que n\u00e3o ultrapassem o limite de receita anual bruta definido no inciso II do \u201ccaput\u201d do Artigo 3\u00ba da Lei Complementar Federal n\u00ba123, de 14 de dezembro de 2006 e suas atualiza\u00e7\u00f5es, associa\u00e7\u00f5es, organiza\u00e7\u00f5es da sociedade civil e institui\u00e7\u00f5es sem fins lucrativos.\u201d . Neste caso, entendemos que somente as empresas que n\u00e3o ultrapassem o faturamento bruto de R$ 4, 8 milh\u00f5es, poderiam participar do referido Edital. Entendemos tamb\u00e9m, nesta mesma linha de racioc\u00ednio, que caso a empresa participante tenha atrav\u00e9s de um de seus s\u00f3cios, a participa\u00e7\u00e3o em outra empresa, e na soma de ambas ultrapassem o faturamento bruto R$ 4, 8 milh\u00f5es, sua participa\u00e7\u00e3o tamb\u00e9m deveria ser impossibilitada. Caso esta interpreta\u00e7\u00e3o esteja correta, \u00e9 poss\u00edvel esta comiss\u00e3o solicitar das empresas participantes o balan\u00e7o patrimonial, comprovando assim, que as mesmas n\u00e3o ultrapassam o limite de faturamento bruto anual acima citado? Agradecemos.<\/a>\n\t\t\t\t\t<\/div>\n\n\t\t\t\t\t<div id=\"elementor-tab-content-1192\" class=\"elementor-tab-content elementor-clearfix\" data-tab=\"2\" role=\"region\" aria-labelledby=\"elementor-tab-title-1192\"><p><span style=\"font-weight: 400;\">Considerando o pedido de esclarecimentos feito, a ADE SAMPA informa que, no uso de seu poder de autotutela, retificar\u00e1 a cl\u00e1usula 3.1 do edital para melhor especificar as condi\u00e7\u00f5es de participa\u00e7\u00e3o no concurso em quest\u00e3o.\u00a0<\/span><\/p><p><span style=\"font-weight: 400;\">Pedimos que acompanhem a retifica\u00e7\u00e3o e demais atualiza\u00e7\u00f5es referentes ao editao no site adesampa.com.br\/adeeditais na aba relativa ao edital 025\/2021. <\/span><\/p><\/div>\n\t\t\t\t<\/div>\n\t\t\t\t\t\t\t\t<\/div>\n\t\t\t\t\t\t<\/div>\n\t\t\t\t<\/div>\n\t\t\t\t\t<\/div>\n\t\t<\/div>\n\t\t\t\t\t<\/div>\n\t\t<\/section>\n\t\t\t\t<section class=\"elementor-section elementor-top-section elementor-element elementor-element-f9b6dad elementor-section-boxed elementor-section-height-default elementor-section-height-default\" data-id=\"f9b6dad\" data-element_type=\"section\" data-e-type=\"section\">\n\t\t\t\t\t\t<div class=\"elementor-container elementor-column-gap-default\">\n\t\t\t\t\t<div class=\"elementor-column elementor-col-100 elementor-top-column elementor-element elementor-element-6b43b4b\" data-id=\"6b43b4b\" data-element_type=\"column\" data-e-type=\"column\">\n\t\t\t<div class=\"elementor-widget-wrap elementor-element-populated\">\n\t\t\t\t\t\t<div class=\"elementor-element elementor-element-b0759f5 elementor-widget elementor-widget-spacer\" data-id=\"b0759f5\" data-element_type=\"widget\" data-e-type=\"widget\" data-widget_type=\"spacer.default\">\n\t\t\t\t<div class=\"elementor-widget-container\">\n\t\t\t\t\t\t\t<div class=\"elementor-spacer\">\n\t\t\t<div class=\"elementor-spacer-inner\"><\/div>\n\t\t<\/div>\n\t\t\t\t\t\t<\/div>\n\t\t\t\t<\/div>\n\t\t\t\t\t<\/div>\n\t\t<\/div>\n\t\t\t\t\t<\/div>\n\t\t<\/section>\n\t\t\t\t<\/div>\n\t\t","protected":false},"excerpt":{"rendered":"<p>Respostas aos pedidos de esclarecimentos recebidos Boa tarde! Gostaria de&hellip;<\/p>\n<p> <a class=\"more-link\" href=\"https:\/\/adesampa.com.br\/adeeditais\/respostas-25-2021\/\">Leia mais<\/a><\/p>\n","protected":false},"author":1,"featured_media":0,"parent":0,"menu_order":0,"comment_status":"closed","ping_status":"closed","template":"","meta":{"_monsterinsights_skip_tracking":false,"_monsterinsights_sitenote_active":false,"_monsterinsights_sitenote_note":"","_monsterinsights_sitenote_category":0,"footnotes":""},"class_list":["post-13325","page","type-page","status-publish"],"_links":{"self":[{"href":"https:\/\/adesampa.com.br\/adeeditais\/wp-json\/wp\/v2\/pages\/13325","targetHints":{"allow":["GET"]}}],"collection":[{"href":"https:\/\/adesampa.com.br\/adeeditais\/wp-json\/wp\/v2\/pages"}],"about":[{"href":"https:\/\/adesampa.com.br\/adeeditais\/wp-json\/wp\/v2\/types\/page"}],"author":[{"embeddable":true,"href":"https:\/\/adesampa.com.br\/adeeditais\/wp-json\/wp\/v2\/users\/1"}],"replies":[{"embeddable":true,"href":"https:\/\/adesampa.com.br\/adeeditais\/wp-json\/wp\/v2\/comments?post=13325"}],"version-history":[{"count":0,"href":"https:\/\/adesampa.com.br\/adeeditais\/wp-json\/wp\/v2\/pages\/13325\/revisions"}],"wp:attachment":[{"href":"https:\/\/adesampa.com.br\/adeeditais\/wp-json\/wp\/v2\/media?parent=13325"}],"curies":[{"name":"wp","href":"https:\/\/api.w.org\/{rel}","templated":true}]}}