{"id":13152,"date":"2021-03-12T17:17:18","date_gmt":"2021-03-12T20:17:18","guid":{"rendered":"http:\/\/adesampa.com.br\/adeeditais\/?page_id=13152"},"modified":"2021-06-01T11:08:30","modified_gmt":"2021-06-01T14:08:30","slug":"respostas-15-2021","status":"publish","type":"page","link":"https:\/\/adesampa.com.br\/adeeditais\/respostas-15-2021\/","title":{"rendered":"Respostas 15\/2021"},"content":{"rendered":"\t\t<div data-elementor-type=\"wp-page\" data-elementor-id=\"13152\" class=\"elementor elementor-13152\">\n\t\t\t\t\t\t<section class=\"elementor-section elementor-top-section elementor-element elementor-element-25b2980 elementor-section-stretched elementor-section-boxed elementor-section-height-default elementor-section-height-default\" data-id=\"25b2980\" data-element_type=\"section\" data-e-type=\"section\" data-settings=\"{&quot;stretch_section&quot;:&quot;section-stretched&quot;,&quot;background_background&quot;:&quot;gradient&quot;}\">\n\t\t\t\t\t\t<div class=\"elementor-container elementor-column-gap-default\">\n\t\t\t\t\t<div class=\"elementor-column elementor-col-100 elementor-top-column elementor-element elementor-element-f0b6852\" data-id=\"f0b6852\" data-element_type=\"column\" data-e-type=\"column\">\n\t\t\t<div class=\"elementor-widget-wrap elementor-element-populated\">\n\t\t\t\t\t\t<div class=\"elementor-element elementor-element-2220de0 elementor-widget elementor-widget-text-editor\" data-id=\"2220de0\" data-element_type=\"widget\" data-e-type=\"widget\" data-widget_type=\"text-editor.default\">\n\t\t\t\t<div class=\"elementor-widget-container\">\n\t\t\t\t\t\t\t\t\t<p style=\"text-align: center;\"><span style=\"color: #ffffff;\"><strong>Respostas aos pedidos de esclarecimentos recebidos<\/strong><\/span><\/p>\t\t\t\t\t\t\t\t<\/div>\n\t\t\t\t<\/div>\n\t\t\t\t\t<\/div>\n\t\t<\/div>\n\t\t\t\t\t<\/div>\n\t\t<\/section>\n\t\t\t\t<section class=\"elementor-section elementor-top-section elementor-element elementor-element-86292e5 elementor-section-boxed elementor-section-height-default elementor-section-height-default\" data-id=\"86292e5\" data-element_type=\"section\" data-e-type=\"section\">\n\t\t\t\t\t\t<div class=\"elementor-container elementor-column-gap-default\">\n\t\t\t\t\t<div class=\"elementor-column elementor-col-100 elementor-top-column elementor-element elementor-element-a4196e7\" data-id=\"a4196e7\" data-element_type=\"column\" data-e-type=\"column\">\n\t\t\t<div class=\"elementor-widget-wrap elementor-element-populated\">\n\t\t\t\t\t\t<div class=\"elementor-element elementor-element-5781cf3 elementor-widget elementor-widget-spacer\" data-id=\"5781cf3\" data-element_type=\"widget\" data-e-type=\"widget\" data-widget_type=\"spacer.default\">\n\t\t\t\t<div class=\"elementor-widget-container\">\n\t\t\t\t\t\t\t<div class=\"elementor-spacer\">\n\t\t\t<div class=\"elementor-spacer-inner\"><\/div>\n\t\t<\/div>\n\t\t\t\t\t\t<\/div>\n\t\t\t\t<\/div>\n\t\t\t\t<div class=\"elementor-element elementor-element-717f36a elementor-widget elementor-widget-toggle\" data-id=\"717f36a\" data-element_type=\"widget\" data-e-type=\"widget\" data-widget_type=\"toggle.default\">\n\t\t\t\t<div class=\"elementor-widget-container\">\n\t\t\t\t\t\t\t<div class=\"elementor-toggle\">\n\t\t\t\t\t\t\t<div class=\"elementor-toggle-item\">\n\t\t\t\t\t<div id=\"elementor-tab-title-1191\" class=\"elementor-tab-title\" data-tab=\"1\" role=\"button\" aria-controls=\"elementor-tab-content-1191\" aria-expanded=\"false\">\n\t\t\t\t\t\t\t\t\t\t\t\t<span class=\"elementor-toggle-icon elementor-toggle-icon-left\" aria-hidden=\"true\">\n\t\t\t\t\t\t\t\t\t\t\t\t\t\t\t<span class=\"elementor-toggle-icon-closed\"><i class=\"fas fa-caret-right\"><\/i><\/span>\n\t\t\t\t\t\t\t\t<span class=\"elementor-toggle-icon-opened\"><i class=\"elementor-toggle-icon-opened fas fa-caret-up\"><\/i><\/span>\n\t\t\t\t\t\t\t\t\t\t\t\t\t<\/span>\n\t\t\t\t\t\t\t\t\t\t\t\t<a class=\"elementor-toggle-title\" tabindex=\"0\">No formul\u00e1rio de inscri\u00e7\u00e3o solicita no Anexo 03 o Comprovante de atua\u00e7\u00e3o no munic\u00edpio de S\u00e3o Paulo (PDF). Estamos entendendo que o estatuto social da empresa, que tem o proponente principal como s\u00f3cio, ser\u00e1 o suficiente para esta comprova\u00e7\u00e3o. Solicitamos confirmar entendimento.<\/a>\n\t\t\t\t\t<\/div>\n\n\t\t\t\t\t<div id=\"elementor-tab-content-1191\" class=\"elementor-tab-content elementor-clearfix\" data-tab=\"1\" role=\"region\" aria-labelledby=\"elementor-tab-title-1191\"><p><b>Resposta:<\/b><\/p><p><span style=\"font-weight: 400;\">Sim, qualquer documento que comprove que as atividades da proponente sejam realizadas no munic\u00edpio \u00e9 v\u00e1lido.<\/span><\/p><p><b>\u00a0<\/b><\/p><\/div>\n\t\t\t\t<\/div>\n\t\t\t\t\t\t\t<div class=\"elementor-toggle-item\">\n\t\t\t\t\t<div id=\"elementor-tab-title-1192\" class=\"elementor-tab-title\" data-tab=\"2\" role=\"button\" aria-controls=\"elementor-tab-content-1192\" aria-expanded=\"false\">\n\t\t\t\t\t\t\t\t\t\t\t\t<span class=\"elementor-toggle-icon elementor-toggle-icon-left\" aria-hidden=\"true\">\n\t\t\t\t\t\t\t\t\t\t\t\t\t\t\t<span class=\"elementor-toggle-icon-closed\"><i class=\"fas fa-caret-right\"><\/i><\/span>\n\t\t\t\t\t\t\t\t<span class=\"elementor-toggle-icon-opened\"><i class=\"elementor-toggle-icon-opened fas fa-caret-up\"><\/i><\/span>\n\t\t\t\t\t\t\t\t\t\t\t\t\t<\/span>\n\t\t\t\t\t\t\t\t\t\t\t\t<a class=\"elementor-toggle-title\" tabindex=\"0\">Tenho uma d\u00favida com rela\u00e7\u00e3o ao seguinte ponto do edital 4.1.3. Empresas com atua\u00e7\u00e3o comprovada no Munic\u00edpio de S\u00e3o Paulo. A comprova\u00e7\u00e3o se dar\u00e1 por meio de envio de documentos que atestem experi\u00eancia com trabalhos desenvolvidos em territ\u00f3rio municipal. Para pessoas f\u00edsicas ser\u00e1 necess\u00e1rio comprovante de resid\u00eancia no munic\u00edpio de S\u00e3o Paulo;  Somos uma startup em fase de valida\u00e7\u00e3o, mas toda nossa opera\u00e7\u00e3o est\u00e1 estruturada para ocorrer no munic\u00edpio de S\u00e3o Paulo, mas ainda n\u00e3o estamos operando fisicamente na cidade. Devido \u00e0 pandemia, n\u00e3o estou residindo em S\u00e3o Paulo para economizar nos custos mensais.  Como consigo comprovar minha atua\u00e7\u00e3o no territ\u00f3rio municipal de S\u00e3o Paulo? Tenho que abrir uma MEI na cidade de S\u00e3o Paulo?  Emitir uma NF de servi\u00e7o no munic\u00edpio? <\/a>\n\t\t\t\t\t<\/div>\n\n\t\t\t\t\t<div id=\"elementor-tab-content-1192\" class=\"elementor-tab-content elementor-clearfix\" data-tab=\"2\" role=\"region\" aria-labelledby=\"elementor-tab-title-1192\"><p><span style=\"font-weight: 400;\">Qualquer documento oficial (cart\u00e3o CNPJ, contrato social, estatuto, NFs, certid\u00e3o de MEI etc)\u00a0 que conste o endere\u00e7o da empresa \u00e9 v\u00e1lido para a comprova\u00e7\u00e3o.<\/span><\/p><\/div>\n\t\t\t\t<\/div>\n\t\t\t\t\t\t\t<div class=\"elementor-toggle-item\">\n\t\t\t\t\t<div id=\"elementor-tab-title-1193\" class=\"elementor-tab-title\" data-tab=\"3\" role=\"button\" aria-controls=\"elementor-tab-content-1193\" aria-expanded=\"false\">\n\t\t\t\t\t\t\t\t\t\t\t\t<span class=\"elementor-toggle-icon elementor-toggle-icon-left\" aria-hidden=\"true\">\n\t\t\t\t\t\t\t\t\t\t\t\t\t\t\t<span class=\"elementor-toggle-icon-closed\"><i class=\"fas fa-caret-right\"><\/i><\/span>\n\t\t\t\t\t\t\t\t<span class=\"elementor-toggle-icon-opened\"><i class=\"elementor-toggle-icon-opened fas fa-caret-up\"><\/i><\/span>\n\t\t\t\t\t\t\t\t\t\t\t\t\t<\/span>\n\t\t\t\t\t\t\t\t\t\t\t\t<a class=\"elementor-toggle-title\" tabindex=\"0\">No item 8.3 n\u00e3o ficou claro para mim quanto aos 70% de presen\u00e7a ser presencial ou somente online durante a pandemia. E se, caso seja presencial, os postos destinados ser\u00e3o separados uns dos outros, preservando o distanciamento\u2026<\/a>\n\t\t\t\t\t<\/div>\n\n\t\t\t\t\t<div id=\"elementor-tab-content-1193\" class=\"elementor-tab-content elementor-clearfix\" data-tab=\"3\" role=\"region\" aria-labelledby=\"elementor-tab-title-1193\"><p><span style=\"font-weight: 400;\">O Hub Green Sampa \u00e9 um espa\u00e7o f\u00edsico operado dentro da Pra\u00e7a Victor Civita na cidade de S\u00e3o Paulo. Todas as atividades do hub foram transferidas para o formato online devido \u00e0 pandemia do coronav\u00edrus. Os 70% de presen\u00e7a mencionados neste edital s\u00e3o para todas as atividades deste ciclo de acelera\u00e7\u00e3o do Green Sampa, sejam elas no formato online ou presencial. Estamos acompanhando e seguindo todas as orienta\u00e7\u00f5es do poder p\u00fablico e somente retomaremos as atividades presenciais quando for autorizado, seguindo todas as orienta\u00e7\u00f5es de seguran\u00e7a.<\/span><\/p><\/div>\n\t\t\t\t<\/div>\n\t\t\t\t\t\t\t<div class=\"elementor-toggle-item\">\n\t\t\t\t\t<div id=\"elementor-tab-title-1194\" class=\"elementor-tab-title\" data-tab=\"4\" role=\"button\" aria-controls=\"elementor-tab-content-1194\" aria-expanded=\"false\">\n\t\t\t\t\t\t\t\t\t\t\t\t<span class=\"elementor-toggle-icon elementor-toggle-icon-left\" aria-hidden=\"true\">\n\t\t\t\t\t\t\t\t\t\t\t\t\t\t\t<span class=\"elementor-toggle-icon-closed\"><i class=\"fas fa-caret-right\"><\/i><\/span>\n\t\t\t\t\t\t\t\t<span class=\"elementor-toggle-icon-opened\"><i class=\"elementor-toggle-icon-opened fas fa-caret-up\"><\/i><\/span>\n\t\t\t\t\t\t\t\t\t\t\t\t\t<\/span>\n\t\t\t\t\t\t\t\t\t\t\t\t<a class=\"elementor-toggle-title\" tabindex=\"0\">H\u00e1 um erro no edital 15-2021 ADE Sampa. 6.4 diz \"Os crit\u00e9rios de avalia\u00e7\u00e3o do projeto v\u00e3o de 0 a 41 pontos conforme tabela 1...Ser\u00e3o selecionados os projetos que alcan\u00e7arem as melhores notas.\" Ao consultar tabela 1 percebemos que a pontua\u00e7\u00e3o m\u00e1xima poss\u00edvel \u00e9 47 (e n\u00e3o 41). Desta forma projetos que alcan\u00e7arem 41 pontos podem ser requeridos \u00e0 classifica\u00e7\u00e3o sem que necessariamente tenham obtido as maiores notas. Requer cancelamento do processo e corre\u00e7\u00e3o do edital para prosseguir.<\/a>\n\t\t\t\t\t<\/div>\n\n\t\t\t\t\t<div id=\"elementor-tab-content-1194\" class=\"elementor-tab-content elementor-clearfix\" data-tab=\"4\" role=\"region\" aria-labelledby=\"elementor-tab-title-1194\"><p><span style=\"font-weight: 400;\">De acordo com a publica\u00e7\u00e3o da 2\u00aa RETIFICA\u00c7\u00c3O DO EDITAL 015\/2021, realizamos a altera\u00e7\u00e3o desta informa\u00e7\u00e3o. Agradecemos sua colabora\u00e7\u00e3o.<\/span><\/p><\/div>\n\t\t\t\t<\/div>\n\t\t\t\t\t\t\t<div class=\"elementor-toggle-item\">\n\t\t\t\t\t<div id=\"elementor-tab-title-1195\" class=\"elementor-tab-title\" data-tab=\"5\" role=\"button\" aria-controls=\"elementor-tab-content-1195\" aria-expanded=\"false\">\n\t\t\t\t\t\t\t\t\t\t\t\t<span class=\"elementor-toggle-icon elementor-toggle-icon-left\" aria-hidden=\"true\">\n\t\t\t\t\t\t\t\t\t\t\t\t\t\t\t<span class=\"elementor-toggle-icon-closed\"><i class=\"fas fa-caret-right\"><\/i><\/span>\n\t\t\t\t\t\t\t\t<span class=\"elementor-toggle-icon-opened\"><i class=\"elementor-toggle-icon-opened fas fa-caret-up\"><\/i><\/span>\n\t\t\t\t\t\t\t\t\t\t\t\t\t<\/span>\n\t\t\t\t\t\t\t\t\t\t\t\t<a class=\"elementor-toggle-title\" tabindex=\"0\">A inscri\u00e7\u00e3o da solu\u00e7\u00e3o PegLev \u00e9 da empresa AcquaPix representada por Audrin Pereira pelo e-mail audrincp@gmail.com, talvez eu tenha submetido a inscri\u00e7\u00e3o pelo e-mail acquapixweb@gmail.com que foi momentaneamente desabilitado, pode considerar essa inscri\u00e7\u00e3o do PegLev como submetida por Audrin com estas respectivas informa\u00e7\u00f5es?  Se a resposta da pergunta anterioir for n\u00e3o, eu deverei me inscrever de novo?<\/a>\n\t\t\t\t\t<\/div>\n\n\t\t\t\t\t<div id=\"elementor-tab-content-1195\" class=\"elementor-tab-content elementor-clearfix\" data-tab=\"5\" role=\"region\" aria-labelledby=\"elementor-tab-title-1195\"><p><span style=\"font-weight: 400;\">Como as inscri\u00e7\u00f5es foram prorrogadas at\u00e9 dia 4 de junho, orientamos que voc\u00eas realizem novamente a inscri\u00e7\u00e3o com os dados que estejam v\u00e1lidos. No caso de inscri\u00e7\u00f5es repetidas, por exemplo, vamos considerar a \u00faltima inscri\u00e7\u00e3o feita pela empresa.<\/span><\/p><\/div>\n\t\t\t\t<\/div>\n\t\t\t\t\t\t\t<div class=\"elementor-toggle-item\">\n\t\t\t\t\t<div id=\"elementor-tab-title-1196\" class=\"elementor-tab-title\" data-tab=\"6\" role=\"button\" aria-controls=\"elementor-tab-content-1196\" aria-expanded=\"false\">\n\t\t\t\t\t\t\t\t\t\t\t\t<span class=\"elementor-toggle-icon elementor-toggle-icon-left\" aria-hidden=\"true\">\n\t\t\t\t\t\t\t\t\t\t\t\t\t\t\t<span class=\"elementor-toggle-icon-closed\"><i class=\"fas fa-caret-right\"><\/i><\/span>\n\t\t\t\t\t\t\t\t<span class=\"elementor-toggle-icon-opened\"><i class=\"elementor-toggle-icon-opened fas fa-caret-up\"><\/i><\/span>\n\t\t\t\t\t\t\t\t\t\t\t\t\t<\/span>\n\t\t\t\t\t\t\t\t\t\t\t\t<a class=\"elementor-toggle-title\" tabindex=\"0\">Startups com propostas alinhadas com o edital, por\u00e9m, com sede fora da cidade de S\u00e3o Paulo,  podem participar?<\/a>\n\t\t\t\t\t<\/div>\n\n\t\t\t\t\t<div id=\"elementor-tab-content-1196\" class=\"elementor-tab-content elementor-clearfix\" data-tab=\"6\" role=\"region\" aria-labelledby=\"elementor-tab-title-1196\"><p><span style=\"font-weight: 400;\">Sim, desde que tenham atua\u00e7\u00e3o comprovada no Munic\u00edpio de S\u00e3o Paulo. Segundo o Edital desta Chamada P\u00fablica, no item 4. DAS CONDI\u00c7\u00d5ES DE PARTICIPA\u00c7\u00c3O, poder\u00e3o participar: 4.1.3. Empresas com atua\u00e7\u00e3o comprovada no Munic\u00edpio de S\u00e3o Paulo. A comprova\u00e7\u00e3o se dar\u00e1 por meio de envio de documentos que atestem experi\u00eancia com trabalhos desenvolvidos em territ\u00f3rio municipal.<\/span><\/p><\/div>\n\t\t\t\t<\/div>\n\t\t\t\t\t\t\t\t<\/div>\n\t\t\t\t\t\t<\/div>\n\t\t\t\t<\/div>\n\t\t\t\t\t<\/div>\n\t\t<\/div>\n\t\t\t\t\t<\/div>\n\t\t<\/section>\n\t\t\t\t<section class=\"elementor-section elementor-top-section elementor-element elementor-element-f9b6dad elementor-section-boxed elementor-section-height-default elementor-section-height-default\" data-id=\"f9b6dad\" data-element_type=\"section\" data-e-type=\"section\">\n\t\t\t\t\t\t<div class=\"elementor-container elementor-column-gap-default\">\n\t\t\t\t\t<div class=\"elementor-column elementor-col-100 elementor-top-column elementor-element elementor-element-6b43b4b\" data-id=\"6b43b4b\" data-element_type=\"column\" data-e-type=\"column\">\n\t\t\t<div class=\"elementor-widget-wrap elementor-element-populated\">\n\t\t\t\t\t\t<div class=\"elementor-element elementor-element-b0759f5 elementor-widget elementor-widget-spacer\" data-id=\"b0759f5\" data-element_type=\"widget\" data-e-type=\"widget\" data-widget_type=\"spacer.default\">\n\t\t\t\t<div class=\"elementor-widget-container\">\n\t\t\t\t\t\t\t<div class=\"elementor-spacer\">\n\t\t\t<div class=\"elementor-spacer-inner\"><\/div>\n\t\t<\/div>\n\t\t\t\t\t\t<\/div>\n\t\t\t\t<\/div>\n\t\t\t\t\t<\/div>\n\t\t<\/div>\n\t\t\t\t\t<\/div>\n\t\t<\/section>\n\t\t\t\t<\/div>\n\t\t","protected":false},"excerpt":{"rendered":"<p>Respostas aos pedidos de esclarecimentos recebidos No formul\u00e1rio de inscri\u00e7\u00e3o&hellip;<\/p>\n<p> <a class=\"more-link\" href=\"https:\/\/adesampa.com.br\/adeeditais\/respostas-15-2021\/\">Leia mais<\/a><\/p>\n","protected":false},"author":1,"featured_media":0,"parent":0,"menu_order":0,"comment_status":"closed","ping_status":"closed","template":"","meta":{"_monsterinsights_skip_tracking":false,"_monsterinsights_sitenote_active":false,"_monsterinsights_sitenote_note":"","_monsterinsights_sitenote_category":0,"footnotes":""},"class_list":["post-13152","page","type-page","status-publish"],"_links":{"self":[{"href":"https:\/\/adesampa.com.br\/adeeditais\/wp-json\/wp\/v2\/pages\/13152","targetHints":{"allow":["GET"]}}],"collection":[{"href":"https:\/\/adesampa.com.br\/adeeditais\/wp-json\/wp\/v2\/pages"}],"about":[{"href":"https:\/\/adesampa.com.br\/adeeditais\/wp-json\/wp\/v2\/types\/page"}],"author":[{"embeddable":true,"href":"https:\/\/adesampa.com.br\/adeeditais\/wp-json\/wp\/v2\/users\/1"}],"replies":[{"embeddable":true,"href":"https:\/\/adesampa.com.br\/adeeditais\/wp-json\/wp\/v2\/comments?post=13152"}],"version-history":[{"count":0,"href":"https:\/\/adesampa.com.br\/adeeditais\/wp-json\/wp\/v2\/pages\/13152\/revisions"}],"wp:attachment":[{"href":"https:\/\/adesampa.com.br\/adeeditais\/wp-json\/wp\/v2\/media?parent=13152"}],"curies":[{"name":"wp","href":"https:\/\/api.w.org\/{rel}","templated":true}]}}