{"id":12197,"date":"2020-10-16T13:29:03","date_gmt":"2020-10-16T16:29:03","guid":{"rendered":"http:\/\/adesampa.com.br\/adeeditais\/?page_id=12197"},"modified":"2020-11-05T13:09:18","modified_gmt":"2020-11-05T15:09:18","slug":"edital-053-2019-credenciamento-de-parceiros","status":"publish","type":"page","link":"https:\/\/adesampa.com.br\/adeeditais\/edital-053-2019-credenciamento-de-parceiros\/","title":{"rendered":"Edital 053\/2019 \u2013 Credenciamento de Parceiros"},"content":{"rendered":"\t\t<div data-elementor-type=\"wp-page\" data-elementor-id=\"12197\" class=\"elementor elementor-12197\">\n\t\t\t\t\t\t<section class=\"elementor-section elementor-top-section elementor-element elementor-element-8a6eefa elementor-section-boxed elementor-section-height-default elementor-section-height-default\" data-id=\"8a6eefa\" data-element_type=\"section\" data-e-type=\"section\">\n\t\t\t\t\t\t<div class=\"elementor-container elementor-column-gap-default\">\n\t\t\t\t\t<div class=\"elementor-column elementor-col-100 elementor-top-column elementor-element elementor-element-01241fe\" data-id=\"01241fe\" data-element_type=\"column\" data-e-type=\"column\">\n\t\t\t<div class=\"elementor-widget-wrap elementor-element-populated\">\n\t\t\t\t\t\t<div class=\"elementor-element elementor-element-a0c1e85 elementor-widget elementor-widget-text-editor\" data-id=\"a0c1e85\" data-element_type=\"widget\" data-e-type=\"widget\" data-widget_type=\"text-editor.default\">\n\t\t\t\t<div class=\"elementor-widget-container\">\n\t\t\t\t\t\t\t\t\t<p><strong>Edital 53\/2019 &#8211; Credenciamento de Parceiros<\/strong><\/p><p><strong>OBJETO :<\/strong>\u00a0Sele\u00e7\u00e3o de pessoas jur\u00eddicas de direito privado ou p\u00fablico, aut\u00e1rquico ou fundacional, de direito interno ou externo, visando \u00e0 realiza\u00e7\u00e3o de parcerias para a oferta de microcr\u00e9dito produtivo a microempreendedores individuais, microempresas e empresas de pequeno porte, acessadas pela ADE SAMPA e endere\u00e7adas aos parceiros fornecedores de microcr\u00e9dito durante o ano de 2020 no Munic\u00edpio de S\u00e3o Paulo.<\/p><p><strong>Edital \u2013<\/strong>\u00a0<strong><span style=\"color: #0000ff;\"><a style=\"color: #0000ff;\" href=\"http:\/\/adesampa.com.br\/wp-content\/uploads\/2019\/12\/Edital-n%C2%BA-053_2019-Microcre%CC%81dito-26.12-VR.pdf\">Clique aqui<\/a><\/span><\/strong><\/p><p><strong>1\u00ba Retifica\u00e7\u00e3o do Edital \u2013<\/strong>\u00a0<strong><span style=\"color: #0000ff;\"><a style=\"color: #0000ff;\" href=\"http:\/\/adesampa.com.br\/wp-content\/uploads\/2020\/01\/1%C2%AA-RETIFICA%C3%87%C3%83O-DO-EDITAL-053_2019.pdf\">Clique aqui<\/a><\/span><\/strong><\/p><p><strong>2\u00ba Retifica\u00e7\u00e3o do Edital \u2013<\/strong>\u00a0<span style=\"color: #0000ff;\"><strong><a style=\"color: #0000ff;\" href=\"http:\/\/adesampa.com.br\/wp-content\/uploads\/2020\/05\/2%C2%AA-RETIFICA%C3%87%C3%83O-DO-EDITAL-053_2019.pdf\">Clique aqui<\/a><\/strong><\/span><\/p><p><strong>3\u00ba Retifica\u00e7\u00e3o do Edital \u2013<\/strong>\u00a0<span style=\"color: #0000ff;\"><strong><a style=\"color: #0000ff;\" href=\"https:\/\/adesampa.com.br\/adeeditais\/wp-content\/uploads\/2020\/11\/Rerratificacao-Edital-no-053_2019-Microcredito-26.12-VR.pdf\">Clique aqui<\/a><\/strong><\/span><\/p>\t\t\t\t\t\t\t\t<\/div>\n\t\t\t\t<\/div>\n\t\t\t\t<div class=\"elementor-element elementor-element-a032e3e elementor-widget elementor-widget-spacer\" data-id=\"a032e3e\" data-element_type=\"widget\" data-e-type=\"widget\" data-widget_type=\"spacer.default\">\n\t\t\t\t<div class=\"elementor-widget-container\">\n\t\t\t\t\t\t\t<div class=\"elementor-spacer\">\n\t\t\t<div class=\"elementor-spacer-inner\"><\/div>\n\t\t<\/div>\n\t\t\t\t\t\t<\/div>\n\t\t\t\t<\/div>\n\t\t\t\t\t<\/div>\n\t\t<\/div>\n\t\t\t\t\t<\/div>\n\t\t<\/section>\n\t\t\t\t<\/div>\n\t\t","protected":false},"excerpt":{"rendered":"<p>Edital 53\/2019 &#8211; Credenciamento de Parceiros OBJETO :\u00a0Sele\u00e7\u00e3o de pessoas&hellip;<\/p>\n<p> <a class=\"more-link\" href=\"https:\/\/adesampa.com.br\/adeeditais\/edital-053-2019-credenciamento-de-parceiros\/\">Leia mais<\/a><\/p>\n","protected":false},"author":1,"featured_media":0,"parent":0,"menu_order":0,"comment_status":"closed","ping_status":"closed","template":"","meta":{"_monsterinsights_skip_tracking":false,"_monsterinsights_sitenote_active":false,"_monsterinsights_sitenote_note":"","_monsterinsights_sitenote_category":0,"footnotes":""},"class_list":["post-12197","page","type-page","status-publish"],"_links":{"self":[{"href":"https:\/\/adesampa.com.br\/adeeditais\/wp-json\/wp\/v2\/pages\/12197","targetHints":{"allow":["GET"]}}],"collection":[{"href":"https:\/\/adesampa.com.br\/adeeditais\/wp-json\/wp\/v2\/pages"}],"about":[{"href":"https:\/\/adesampa.com.br\/adeeditais\/wp-json\/wp\/v2\/types\/page"}],"author":[{"embeddable":true,"href":"https:\/\/adesampa.com.br\/adeeditais\/wp-json\/wp\/v2\/users\/1"}],"replies":[{"embeddable":true,"href":"https:\/\/adesampa.com.br\/adeeditais\/wp-json\/wp\/v2\/comments?post=12197"}],"version-history":[{"count":0,"href":"https:\/\/adesampa.com.br\/adeeditais\/wp-json\/wp\/v2\/pages\/12197\/revisions"}],"wp:attachment":[{"href":"https:\/\/adesampa.com.br\/adeeditais\/wp-json\/wp\/v2\/media?parent=12197"}],"curies":[{"name":"wp","href":"https:\/\/api.w.org\/{rel}","templated":true}]}}